{"id":99,"date":"2026-01-24T09:46:39","date_gmt":"2026-01-24T12:46:39","guid":{"rendered":"https:\/\/www.ccs.ufpb.br\/ppgcn\/?page_id=99"},"modified":"2026-03-25T07:51:12","modified_gmt":"2026-03-25T10:51:12","slug":"laboratorio-de-fisiologia","status":"publish","type":"page","link":"https:\/\/www.ccs.ufpb.br\/ppgcn\/laboratorio-de-fisiologia\/","title":{"rendered":"Laborat\u00f3rio de Fisiologia"},"content":{"rendered":"\n<p><strong>Pesquisador Respons\u00e1vel:<\/strong> Prof.\u00ba Dr.\u00ba Vin\u00edcius Jos\u00e9 Baccin Martins (E-mail: viniciusjbmartins@gmail.com)<\/p>\n\n\n\n<p><strong>Corpo T\u00e9cnico:&nbsp;<\/strong> Francisco Ant\u00f4nio de Oliveira J\u00fanior e Marcelino Rodrigues Vieira (junior.ltf@gmail.com)<\/p>\n\n\n\n<p><strong>Contato institucional:<\/strong> &nbsp;&#8211;<\/p>\n\n\n\n<p><strong>Localiza\u00e7\u00e3o:<\/strong> Centro de Ci\u00eancias da Sa\u00fade &#8211; CCS\/UFPB (Campus I). Cidade Universit\u00e1ria s\/n, Castelo Branco, Jo\u00e3o Pessoa- PB. CEP:58051-900.<\/p>\n\n\n\n<p><strong>Principais atividades:<\/strong> Processamento e armazenamento de amostras de sangue, e an\u00e1lise de bioqu\u00edmica b\u00e1sica.<\/p>\n\n\n\n<p><strong>Equipamentos:<\/strong> Leitor ELISA, espectrofot\u00f4metro, centr\u00edfugas.<\/p>\n","protected":false},"excerpt":{"rendered":"<p>Pesquisador Respons\u00e1vel: Prof.\u00ba Dr.\u00ba Vin\u00edcius Jos\u00e9 Baccin Martins (E-mail: viniciusjbmartins@gmail.com) Corpo T\u00e9cnico:&nbsp; Francisco Ant\u00f4nio de [&hellip;]<\/p>\n","protected":false},"author":47,"featured_media":0,"parent":0,"menu_order":0,"comment_status":"closed","ping_status":"closed","template":"","meta":{"footnotes":""},"class_list":["post-99","page","type-page","status-publish","hentry"],"_links":{"self":[{"href":"https:\/\/www.ccs.ufpb.br\/ppgcn\/wp-json\/wp\/v2\/pages\/99","targetHints":{"allow":["GET"]}}],"collection":[{"href":"https:\/\/www.ccs.ufpb.br\/ppgcn\/wp-json\/wp\/v2\/pages"}],"about":[{"href":"https:\/\/www.ccs.ufpb.br\/ppgcn\/wp-json\/wp\/v2\/types\/page"}],"author":[{"embeddable":true,"href":"https:\/\/www.ccs.ufpb.br\/ppgcn\/wp-json\/wp\/v2\/users\/47"}],"replies":[{"embeddable":true,"href":"https:\/\/www.ccs.ufpb.br\/ppgcn\/wp-json\/wp\/v2\/comments?post=99"}],"version-history":[{"count":7,"href":"https:\/\/www.ccs.ufpb.br\/ppgcn\/wp-json\/wp\/v2\/pages\/99\/revisions"}],"predecessor-version":[{"id":788,"href":"https:\/\/www.ccs.ufpb.br\/ppgcn\/wp-json\/wp\/v2\/pages\/99\/revisions\/788"}],"wp:attachment":[{"href":"https:\/\/www.ccs.ufpb.br\/ppgcn\/wp-json\/wp\/v2\/media?parent=99"}],"curies":[{"name":"wp","href":"https:\/\/api.w.org\/{rel}","templated":true}]}}