{"id":81,"date":"2026-01-24T09:39:15","date_gmt":"2026-01-24T12:39:15","guid":{"rendered":"https:\/\/www.ccs.ufpb.br\/ppgcn\/?page_id=81"},"modified":"2026-04-09T07:54:17","modified_gmt":"2026-04-09T10:54:17","slug":"boas-praticas-em-pesquisa","status":"publish","type":"page","link":"https:\/\/www.ccs.ufpb.br\/ppgcn\/boas-praticas-em-pesquisa\/","title":{"rendered":"Boas pr\u00e1ticas em pesquisa"},"content":{"rendered":"\n<p><a href=\"https:\/\/sig-arq.ufpb.br\/arquivos\/202519412083188095714906da5b20219\/Resolucao_CONSEPE_57_2025_Integridade_academica.pdf\">Resolu\u00e7\u00e3o 57\/2025 Integridade acad\u00eamica UFPB<\/a><\/p>\n\n\n\n<p><\/p>\n\n\n\n<p><strong>Confirma tamb\u00e9m:<\/strong><\/p>\n\n\n\n<p><a href=\"https:\/\/sig-arq.ufpb.br\/arquivos\/2025231060501c7816423f8b1bb2b4cb6\/FAPESP_Codigo_de_Boas_Praticas_Cientificas.pdf\">C\u00f3digo de boas pr\u00e1ticas cient\u00edficas (FAPESP)<\/a><\/p>\n\n\n\n<p><a href=\"https:\/\/sig-arq.ufpb.br\/arquivos\/20252491112b5c7816456005e83ee7318\/icmje_recommendations_update_2025.pdf\">ICMJE Recommendations update 2025<\/a><\/p>\n\n\n\n<p><a href=\"http:\/\/memoria2.cnpq.br\/web\/guest\/view\/-\/journal_content\/56_INSTANCE_0oED\/10157\/23142775?COMPANY_ID=10132\"><strong>Portaria 2664\/2026<\/strong> de 6 de mar\u00e7o de 2026 &#8211; Pol\u00edtica de Integridade na Atividade Cient\u00edfica do CNPq<\/a><\/p>\n\n\n\n<p><a href=\"https:\/\/sig-arq.ufpb.br\/arquivos\/2025017091fcd57816400bda281afa8f2\/ABC_Rigor_integridade_pesquisa.pdf\">Rigor e Integridade na Condu\u00e7\u00e3o da Pesquisa Cient\u00edfica<\/a><\/p>\n\n\n\n<p><a href=\"https:\/\/sig-arq.ufpb.br\/arquivos\/2026096226edde86019780b59380bee56\/referencial-oficial-pt.pdf\"><strong>Referencial para desenvolvimento e uso respons\u00e1veis de Intelig\u00eancia<\/strong> <strong>Artificial na educa\u00e7\u00e3o<\/strong><\/a><\/p>\n\n\n\n<p><\/p>\n\n\n\n<p><\/p>\n\n\n\n<p><\/p>\n\n\n\n<p><\/p>\n","protected":false},"excerpt":{"rendered":"<p>Resolu\u00e7\u00e3o 57\/2025 Integridade acad\u00eamica UFPB Confirma tamb\u00e9m: C\u00f3digo de boas pr\u00e1ticas cient\u00edficas (FAPESP) ICMJE Recommendations [&hellip;]<\/p>\n","protected":false},"author":47,"featured_media":0,"parent":0,"menu_order":0,"comment_status":"closed","ping_status":"closed","template":"","meta":{"footnotes":""},"class_list":["post-81","page","type-page","status-publish","hentry"],"_links":{"self":[{"href":"https:\/\/www.ccs.ufpb.br\/ppgcn\/wp-json\/wp\/v2\/pages\/81","targetHints":{"allow":["GET"]}}],"collection":[{"href":"https:\/\/www.ccs.ufpb.br\/ppgcn\/wp-json\/wp\/v2\/pages"}],"about":[{"href":"https:\/\/www.ccs.ufpb.br\/ppgcn\/wp-json\/wp\/v2\/types\/page"}],"author":[{"embeddable":true,"href":"https:\/\/www.ccs.ufpb.br\/ppgcn\/wp-json\/wp\/v2\/users\/47"}],"replies":[{"embeddable":true,"href":"https:\/\/www.ccs.ufpb.br\/ppgcn\/wp-json\/wp\/v2\/comments?post=81"}],"version-history":[{"count":7,"href":"https:\/\/www.ccs.ufpb.br\/ppgcn\/wp-json\/wp\/v2\/pages\/81\/revisions"}],"predecessor-version":[{"id":988,"href":"https:\/\/www.ccs.ufpb.br\/ppgcn\/wp-json\/wp\/v2\/pages\/81\/revisions\/988"}],"wp:attachment":[{"href":"https:\/\/www.ccs.ufpb.br\/ppgcn\/wp-json\/wp\/v2\/media?parent=81"}],"curies":[{"name":"wp","href":"https:\/\/api.w.org\/{rel}","templated":true}]}}