{"id":79,"date":"2026-01-24T09:39:03","date_gmt":"2026-01-24T12:39:03","guid":{"rendered":"https:\/\/www.ccs.ufpb.br\/ppgcn\/?page_id=79"},"modified":"2026-04-27T08:11:36","modified_gmt":"2026-04-27T11:11:36","slug":"formularios","status":"publish","type":"page","link":"https:\/\/www.ccs.ufpb.br\/ppgcn\/formularios\/","title":{"rendered":"Formul\u00e1rios"},"content":{"rendered":"\n<div class=\"wp-block-file\"><a id=\"wp-block-file--media-4bdcd151-2c13-42f2-9673-3b95ce8745fa\" href=\"https:\/\/www.ccs.ufpb.br\/ppgcn\/wp-content\/uploads\/sites\/21\/sites\/425\/2026\/02\/PPGCN_Formulario_Avaliacao_de_Exame_de_Qualificacao_de_Dissertacao.docx\">Formul\u00e1rio de avalia\u00e7\u00e3o de exame de qualifica\u00e7\u00e3o de disserta\u00e7\u00e3o (examinador\/a)<\/a><a href=\"https:\/\/www.ccs.ufpb.br\/ppgcn\/wp-content\/uploads\/sites\/21\/sites\/425\/2026\/02\/PPGCN_Formulario_Avaliacao_de_Exame_de_Qualificacao_de_Dissertacao.docx\" class=\"wp-block-file__button wp-element-button\" download aria-describedby=\"wp-block-file--media-4bdcd151-2c13-42f2-9673-3b95ce8745fa\">Baixar<\/a><\/div>\n\n\n\n<div class=\"wp-block-file\"><a id=\"wp-block-file--media-a483d29e-6558-4a30-9a40-7e7c11115a8b\" href=\"https:\/\/www.ccs.ufpb.br\/ppgcn\/wp-content\/uploads\/sites\/21\/sites\/425\/2026\/02\/PPGCN_Formulario_Avaliacao_de_Exame_de_Qualificacao_de_Tese.docx\">Formul\u00e1rio de avalia\u00e7\u00e3o de exame de qualifica\u00e7\u00e3o de tese (examinador\/a)<\/a><a href=\"https:\/\/www.ccs.ufpb.br\/ppgcn\/wp-content\/uploads\/sites\/21\/sites\/425\/2026\/02\/PPGCN_Formulario_Avaliacao_de_Exame_de_Qualificacao_de_Tese.docx\" class=\"wp-block-file__button wp-element-button\" download aria-describedby=\"wp-block-file--media-a483d29e-6558-4a30-9a40-7e7c11115a8b\">Baixar<\/a><\/div>\n\n\n\n<div class=\"wp-block-file\"><a id=\"wp-block-file--media-55ecdcfb-c996-49d2-9243-5b6c5a481d78\" href=\"https:\/\/www.ccs.ufpb.br\/ppgcn\/wp-content\/uploads\/sites\/21\/sites\/425\/2026\/04\/Formulario_de_Avaliacao_do_Estagio_a_docencia_2026-1.docx\"><strong><strong>Formul\u00e1rio de avalia\u00e7\u00e3o do est\u00e1gio em doc\u00eancia ou de solicita\u00e7\u00e3o de dispensa<\/strong><\/strong><\/a><a href=\"https:\/\/www.ccs.ufpb.br\/ppgcn\/wp-content\/uploads\/sites\/21\/sites\/425\/2026\/04\/Formulario_de_Avaliacao_do_Estagio_a_docencia_2026-1.docx\" class=\"wp-block-file__button wp-element-button\" download aria-describedby=\"wp-block-file--media-55ecdcfb-c996-49d2-9243-5b6c5a481d78\">Baixar<\/a><\/div>\n\n\n\n<div class=\"wp-block-file\"><a id=\"wp-block-file--media-93088b95-73e2-4141-ab79-303d3d34b2a0\" href=\"https:\/\/www.ccs.ufpb.br\/ppgcn\/wp-content\/uploads\/sites\/21\/sites\/425\/2026\/03\/CADASTRO_POS_DOUTORADO_PPGCN.docx\">Formul\u00e1rio de cadastro de residente p\u00f3s-doutoral<\/a><a href=\"https:\/\/www.ccs.ufpb.br\/ppgcn\/wp-content\/uploads\/sites\/21\/sites\/425\/2026\/03\/CADASTRO_POS_DOUTORADO_PPGCN.docx\" class=\"wp-block-file__button wp-element-button\" download aria-describedby=\"wp-block-file--media-93088b95-73e2-4141-ab79-303d3d34b2a0\">Baixar<\/a><\/div>\n\n\n\n<div class=\"wp-block-file\"><a id=\"wp-block-file--media-b178c898-ec84-48c7-a0d3-e957ef87a75a\" href=\"https:\/\/www.ccs.ufpb.br\/ppgcn\/wp-content\/uploads\/sites\/21\/sites\/425\/2026\/02\/PPGCN_RELATORIO-DE-QUALIFICACAO-DO-PROJETO-DE-TESE.docx\">Relat\u00f3rio de qualifica\u00e7\u00e3o de projeto de tese<\/a><a href=\"https:\/\/www.ccs.ufpb.br\/ppgcn\/wp-content\/uploads\/sites\/21\/sites\/425\/2026\/02\/PPGCN_RELATORIO-DE-QUALIFICACAO-DO-PROJETO-DE-TESE.docx\" class=\"wp-block-file__button wp-element-button\" download aria-describedby=\"wp-block-file--media-b178c898-ec84-48c7-a0d3-e957ef87a75a\">Baixar<\/a><\/div>\n\n\n\n<div class=\"wp-block-file\"><a id=\"wp-block-file--media-afbc87a1-fd2e-4325-8afc-eed7ece476d2\" href=\"https:\/\/www.ccs.ufpb.br\/ppgcn\/wp-content\/uploads\/sites\/21\/sites\/425\/2026\/03\/Formularios_Solicitacao_PRORROGACAO_2026-11.docx\">Formul\u00e1rio de solicita\u00e7\u00e3o de prorroga\u00e7\u00e3o de defesa<\/a><a href=\"https:\/\/www.ccs.ufpb.br\/ppgcn\/wp-content\/uploads\/sites\/21\/sites\/425\/2026\/03\/Formularios_Solicitacao_PRORROGACAO_2026-11.docx\" class=\"wp-block-file__button wp-element-button\" download aria-describedby=\"wp-block-file--media-afbc87a1-fd2e-4325-8afc-eed7ece476d2\">Baixar<\/a><\/div>\n\n\n\n<div class=\"wp-block-file\"><a id=\"wp-block-file--media-71818513-dbb0-41c7-8095-9e690f6fe281\" href=\"https:\/\/www.ccs.ufpb.br\/ppgcn\/wp-content\/uploads\/sites\/21\/sites\/425\/2026\/03\/Formularios_Solicitacao-defesa-ou-qualificacao_2026.docx\">Formul\u00e1rio de solicita\u00e7\u00e3o de defesa\/pr\u00e9-banca de mestrado\/qualifica\u00e7\u00e3o de doutorado<\/a><a href=\"https:\/\/www.ccs.ufpb.br\/ppgcn\/wp-content\/uploads\/sites\/21\/sites\/425\/2026\/03\/Formularios_Solicitacao-defesa-ou-qualificacao_2026.docx\" class=\"wp-block-file__button wp-element-button\" download aria-describedby=\"wp-block-file--media-71818513-dbb0-41c7-8095-9e690f6fe281\">Baixar<\/a><\/div>\n\n\n\n<p><a href=\"https:\/\/forms.gle\/L881kPLn3TNQqBAu5\">Formul\u00e1rio de avalia\u00e7\u00e3o de disciplinas (preenchimento ao final de cada semestre)<\/a><\/p>\n\n\n\n<h2 class=\"wp-block-heading\"><div class=\"linha-header\">Declara\u00e7\u00f5es e Requerimentos<\/div><\/h2>\n\n\n\n<div class=\"wp-block-file\"><a id=\"wp-block-file--media-592806d6-1d73-49ae-9ef0-c776a4a8b6c4\" href=\"https:\/\/www.ccs.ufpb.br\/ppgcn\/wp-content\/uploads\/sites\/21\/sites\/425\/2026\/02\/PPGCN_Anuncia_de_Co-orientao.docx\">Declara\u00e7\u00e3o de aceite de coorienta\u00e7\u00e3o<\/a><a href=\"https:\/\/www.ccs.ufpb.br\/ppgcn\/wp-content\/uploads\/sites\/21\/sites\/425\/2026\/02\/PPGCN_Anuncia_de_Co-orientao.docx\" class=\"wp-block-file__button wp-element-button\" download aria-describedby=\"wp-block-file--media-592806d6-1d73-49ae-9ef0-c776a4a8b6c4\">Baixar<\/a><\/div>\n\n\n\n<div class=\"wp-block-file\"><a id=\"wp-block-file--media-946104d4-2796-4df2-8f40-fc330976b804\" href=\"https:\/\/www.ccs.ufpb.br\/ppgcn\/wp-content\/uploads\/sites\/21\/sites\/425\/2026\/02\/PPGCN_Anuncia_de_orientao.docx\">Declara\u00e7\u00e3o de aceite de orienta\u00e7\u00e3o<\/a><a href=\"https:\/\/www.ccs.ufpb.br\/ppgcn\/wp-content\/uploads\/sites\/21\/sites\/425\/2026\/02\/PPGCN_Anuncia_de_orientao.docx\" class=\"wp-block-file__button wp-element-button\" download aria-describedby=\"wp-block-file--media-946104d4-2796-4df2-8f40-fc330976b804\">Baixar<\/a><\/div>\n\n\n\n<div class=\"wp-block-file\"><a id=\"wp-block-file--media-a7958468-5b20-4cd4-a3c6-01d70f9fd893\" href=\"https:\/\/www.ccs.ufpb.br\/ppgcn\/wp-content\/uploads\/sites\/21\/sites\/425\/2026\/02\/PPGCN_DECLARAO_DE_NOTA-DISSERTAO_I_II.docx\">Declara\u00e7\u00e3o de nota de Disserta\u00e7\u00e3o I e II<\/a><a href=\"https:\/\/www.ccs.ufpb.br\/ppgcn\/wp-content\/uploads\/sites\/21\/sites\/425\/2026\/02\/PPGCN_DECLARAO_DE_NOTA-DISSERTAO_I_II.docx\" class=\"wp-block-file__button wp-element-button\" download aria-describedby=\"wp-block-file--media-a7958468-5b20-4cd4-a3c6-01d70f9fd893\">Baixar<\/a><\/div>\n\n\n\n<div class=\"wp-block-file\"><a id=\"wp-block-file--media-d2b54271-d250-4c45-80d6-973406aac174\" href=\"https:\/\/www.ccs.ufpb.br\/ppgcn\/wp-content\/uploads\/sites\/21\/sites\/425\/2026\/02\/PPGCN_DECLARAO_DE_NOTA-TESE_I_II_III_IV.docx\">Declara\u00e7\u00e3o de nota de Tese I, II, III e IV<\/a><a href=\"https:\/\/www.ccs.ufpb.br\/ppgcn\/wp-content\/uploads\/sites\/21\/sites\/425\/2026\/02\/PPGCN_DECLARAO_DE_NOTA-TESE_I_II_III_IV.docx\" class=\"wp-block-file__button wp-element-button\" download aria-describedby=\"wp-block-file--media-d2b54271-d250-4c45-80d6-973406aac174\">Baixar<\/a><\/div>\n\n\n\n<div class=\"wp-block-file\"><a id=\"wp-block-file--media-a645c8cc-b2b6-4594-b821-c9fbb31ec9ff\" href=\"https:\/\/www.ccs.ufpb.br\/ppgcn\/wp-content\/uploads\/sites\/21\/sites\/425\/2026\/02\/PPGCN_REQUERIMENTO-DE-ACEITE-DE-ALUNOA-ESPECIAL.docx\">Requerimento de aceite de aluno(a) especial<\/a><a href=\"https:\/\/www.ccs.ufpb.br\/ppgcn\/wp-content\/uploads\/sites\/21\/sites\/425\/2026\/02\/PPGCN_REQUERIMENTO-DE-ACEITE-DE-ALUNOA-ESPECIAL.docx\" class=\"wp-block-file__button wp-element-button\" download aria-describedby=\"wp-block-file--media-a645c8cc-b2b6-4594-b821-c9fbb31ec9ff\">Baixar<\/a><\/div>\n\n\n\n<div class=\"wp-block-file\"><a id=\"wp-block-file--media-b82af2d7-7baa-4336-9004-10ae8fd0ddaa\" href=\"https:\/\/www.ccs.ufpb.br\/ppgcn\/wp-content\/uploads\/sites\/21\/sites\/425\/2026\/02\/PPGCN_REQUERIMENTO-DE-EQUIVALENCIA-DE-DISCIPLINA.docx\">Requerimento de aproveitamento de cr\u00e9ditos por equival\u00eancia de disciplina <\/a><a href=\"https:\/\/www.ccs.ufpb.br\/ppgcn\/wp-content\/uploads\/sites\/21\/sites\/425\/2026\/02\/PPGCN_REQUERIMENTO-DE-EQUIVALENCIA-DE-DISCIPLINA.docx\" class=\"wp-block-file__button wp-element-button\" download aria-describedby=\"wp-block-file--media-b82af2d7-7baa-4336-9004-10ae8fd0ddaa\">Baixar<\/a><\/div>\n\n\n\n<div class=\"wp-block-file\"><a id=\"wp-block-file--media-e71826d9-9964-44b4-ab14-bbf5c7549aa0\" href=\"https:\/\/www.ccs.ufpb.br\/ppgcn\/wp-content\/uploads\/sites\/21\/sites\/425\/2026\/02\/PPGCN_Requerimento_de_Solicitacao_de_Trancamento_Cancelamento_de_DISCIPLINA.docx\">Requerimento de solicita\u00e7\u00e3o de trancamento de disciplina<\/a><a href=\"https:\/\/www.ccs.ufpb.br\/ppgcn\/wp-content\/uploads\/sites\/21\/sites\/425\/2026\/02\/PPGCN_Requerimento_de_Solicitacao_de_Trancamento_Cancelamento_de_DISCIPLINA.docx\" class=\"wp-block-file__button wp-element-button\" download aria-describedby=\"wp-block-file--media-e71826d9-9964-44b4-ab14-bbf5c7549aa0\">Baixar<\/a><\/div>\n\n\n\n<div class=\"wp-block-file\"><a id=\"wp-block-file--media-156a5d51-13dd-4e7d-aa82-30194ff75c00\" href=\"https:\/\/www.ccs.ufpb.br\/ppgcn\/wp-content\/uploads\/sites\/21\/sites\/425\/2026\/02\/PPGCN_Requerimento_de_Solicitacao_de_Trancamento_Cancelamento_de_Matricula.docx\">Requerimento de solicita\u00e7\u00e3o de trancamento ou cancelamento de matr\u00edcula<\/a><a href=\"https:\/\/www.ccs.ufpb.br\/ppgcn\/wp-content\/uploads\/sites\/21\/sites\/425\/2026\/02\/PPGCN_Requerimento_de_Solicitacao_de_Trancamento_Cancelamento_de_Matricula.docx\" class=\"wp-block-file__button wp-element-button\" download aria-describedby=\"wp-block-file--media-156a5d51-13dd-4e7d-aa82-30194ff75c00\">Baixar<\/a><\/div>\n\n\n\n<div class=\"wp-block-file\"><a id=\"wp-block-file--media-ed88fe57-107c-405b-a524-3ecaf876499f\" href=\"https:\/\/www.ccs.ufpb.br\/ppgcn\/wp-content\/uploads\/sites\/21\/sites\/425\/2026\/02\/PPGCN_Solicitacao-de-Dispensa-de-Estagio-a-Docencia.docx\">Solicita\u00e7\u00e3o de dispensa de est\u00e1gio \u00e0 doc\u00eancia<\/a><a href=\"https:\/\/www.ccs.ufpb.br\/ppgcn\/wp-content\/uploads\/sites\/21\/sites\/425\/2026\/02\/PPGCN_Solicitacao-de-Dispensa-de-Estagio-a-Docencia.docx\" class=\"wp-block-file__button wp-element-button\" download aria-describedby=\"wp-block-file--media-ed88fe57-107c-405b-a524-3ecaf876499f\">Baixar<\/a><\/div>\n\n\n\n<p><\/p>\n\n\n\n<p><strong>Outros links \u00fateis:<\/strong><\/p>\n\n\n\n<p><a href=\"https:\/\/www.biblioteca.ufpb.br\/\">Biblioteca Central UFPB<\/a><\/p>\n\n\n\n<p><a href=\"https:\/\/www.ccs.ufpb.br\/biblioteca\">Biblioteca setorial CCS<\/a><\/p>\n\n\n\n<p><\/p>\n","protected":false},"excerpt":{"rendered":"<p>Formul\u00e1rio de avalia\u00e7\u00e3o de disciplinas (preenchimento ao final de cada semestre) Declara\u00e7\u00f5es e Requerimentos Outros [&hellip;]<\/p>\n","protected":false},"author":47,"featured_media":0,"parent":0,"menu_order":0,"comment_status":"closed","ping_status":"closed","template":"","meta":{"footnotes":""},"class_list":["post-79","page","type-page","status-publish","hentry"],"_links":{"self":[{"href":"https:\/\/www.ccs.ufpb.br\/ppgcn\/wp-json\/wp\/v2\/pages\/79","targetHints":{"allow":["GET"]}}],"collection":[{"href":"https:\/\/www.ccs.ufpb.br\/ppgcn\/wp-json\/wp\/v2\/pages"}],"about":[{"href":"https:\/\/www.ccs.ufpb.br\/ppgcn\/wp-json\/wp\/v2\/types\/page"}],"author":[{"embeddable":true,"href":"https:\/\/www.ccs.ufpb.br\/ppgcn\/wp-json\/wp\/v2\/users\/47"}],"replies":[{"embeddable":true,"href":"https:\/\/www.ccs.ufpb.br\/ppgcn\/wp-json\/wp\/v2\/comments?post=79"}],"version-history":[{"count":16,"href":"https:\/\/www.ccs.ufpb.br\/ppgcn\/wp-json\/wp\/v2\/pages\/79\/revisions"}],"predecessor-version":[{"id":1056,"href":"https:\/\/www.ccs.ufpb.br\/ppgcn\/wp-json\/wp\/v2\/pages\/79\/revisions\/1056"}],"wp:attachment":[{"href":"https:\/\/www.ccs.ufpb.br\/ppgcn\/wp-json\/wp\/v2\/media?parent=79"}],"curies":[{"name":"wp","href":"https:\/\/api.w.org\/{rel}","templated":true}]}}