{"id":77,"date":"2026-01-24T09:38:54","date_gmt":"2026-01-24T12:38:54","guid":{"rendered":"https:\/\/www.ccs.ufpb.br\/ppgcn\/?page_id=77"},"modified":"2026-04-13T08:36:42","modified_gmt":"2026-04-13T11:36:42","slug":"resolucoes","status":"publish","type":"page","link":"https:\/\/www.ccs.ufpb.br\/ppgcn\/resolucoes\/","title":{"rendered":"Resolu\u00e7\u00f5es"},"content":{"rendered":"\n<div class=\"wp-block-file\"><a id=\"wp-block-file--media-479baab9-6710-4f74-9027-2f10a674c499\" href=\"https:\/\/www.ccs.ufpb.br\/ppgcn\/wp-content\/uploads\/sites\/21\/sites\/425\/2026\/04\/Res._Consuni_n_06.2026.pdf\">RESOLU\u00c7\u00c3O N\u00ba 02\/2026 &#8211; Revoga a Resolu\u00e7\u00e3o n\u00ba 22\/2024, que alterou a Resolu\u00e7\u00e3o n\u00ba 08\/2019 e a Resolu\u00e7\u00e3o n\u00ba 05\/2017, e d\u00e1 nova reda\u00e7\u00e3o ao Regulamento do Pr\u00eamio Lenilde Duarte de S\u00e1 de Teses <\/a><a href=\"https:\/\/www.ccs.ufpb.br\/ppgcn\/wp-content\/uploads\/sites\/21\/sites\/425\/2026\/04\/Res._Consuni_n_06.2026.pdf\" class=\"wp-block-file__button wp-element-button\" download aria-describedby=\"wp-block-file--media-479baab9-6710-4f74-9027-2f10a674c499\">Baixar<\/a><\/div>\n\n\n\n<div class=\"wp-block-file\"><a id=\"wp-block-file--media-168273e3-ff58-4e83-8e8c-2e95e617fae1\" href=\"https:\/\/www.ccs.ufpb.br\/ppgcn\/wp-content\/uploads\/sites\/21\/sites\/425\/2026\/04\/Res._n._02.2026_Consepe-1.pdf\"><strong>RESOLU\u00c7\u00c3O N\u00ba 02\/2026 &#8211;<\/strong> Revoga a Resolu\u00e7\u00e3o n\u00ba 26\/99 do CONSEPE e aprova a<br>nova regulamenta\u00e7\u00e3o que disciplina o Est\u00e1gio em Doc\u00eancia <\/a><a href=\"https:\/\/www.ccs.ufpb.br\/ppgcn\/wp-content\/uploads\/sites\/21\/sites\/425\/2026\/04\/Res._n._02.2026_Consepe-1.pdf\" class=\"wp-block-file__button wp-element-button\" download aria-describedby=\"wp-block-file--media-168273e3-ff58-4e83-8e8c-2e95e617fae1\">Baixar<\/a><\/div>\n\n\n\n<p><strong>RESOLU\u00c7\u00c3O N\u00ba 26\/2025 &#8211;<\/strong> <a href=\"https:\/\/sig-arq.ufpb.br\/arquivos\/20251101915a5980956802d81215ec86b\/Resolucao_CONSEPE_26_2025_ALTERA_CONSEPE_54_2024.pdf\">Altera o Regulamento Geral dos Programas de P\u00f3s-Gradua\u00e7\u00e3o Stricto Sensu da Universidade Federal da Para\u00edba, aprovado pela Resolu\u00e7\u00e3o Consepe n\u00ba 54\/2024<\/a><\/p>\n\n\n\n<p><strong>RESOLU\u00c7\u00c3O N\u00ba 54\/2024<\/strong> &#8211; <a href=\"https:\/\/sig-arq.ufpb.br\/arquivos\/2025107169c4ea809567468847a37e627\/Resolucao_CONSEPE_54_2024_NOVA_RESOLUCAO_POS_GRADUACAO.pdf\">Regulamento Geral dos Programas de P\u00f3s-Gradua\u00e7\u00e3o stricto sensu da Universidade Federal da Para\u00edba<\/a><\/p>\n\n\n\n<p><strong>RESOLU\u00c7\u00c3O N\u00ba 06\/2024<\/strong> &#8211; <a href=\"https:\/\/sig-arq.ufpb.br\/arquivos\/2024041119a32764418631da049930324\/Resoluo_Consepe_n_06.2024.pdf\">Ac\u00famulo de bolsas de mestrado, doutorado e p\u00f3s-doutorado com atividade remunerada ou outros rendimentos<\/a><\/p>\n\n\n\n<p><strong>RESOLU\u00c7\u00c3O N\u00ba 06\/2019<\/strong> &#8211; <a href=\"https:\/\/sig-arq.ufpb.br\/arquivos\/20221000886950449334364d09a75e150\/Resolucao_06_2019_RES_NOVA_alterada_pela_57_2019.pdf\">Regulamento e \u00e0 Estrutura Acad\u00eamica do Programa de P\u00f3s-gradua\u00e7\u00e3o Strictu Sensu em Ci\u00eancias da Nutri\u00e7\u00e3o<\/a><\/p>\n\n\n\n<h2 class=\"wp-block-heading\"><div class=\"linha-header\"><\/div><\/h2>\n\n\n\n<p><strong>Aten\u00e7\u00e3o:<\/strong> A Resolu\u00e7\u00e3o n\u00ba 06\/2019, que disp\u00f5e sobre o Regulamento e a Estrutura Acad\u00eamica do Programa de P\u00f3s-Gradua\u00e7\u00e3o Stricto Sensu em Ci\u00eancias da Nutri\u00e7\u00e3o, encontra-se atualmente em processo de atualiza\u00e7\u00e3o, com o objetivo de adequa\u00e7\u00e3o \u00e0s diretrizes institucionais vigentes e ao novo regimento interno do Programa, ainda em tramita\u00e7\u00e3o. Recomenda-se que a comunidade acad\u00eamica acompanhe as comunica\u00e7\u00f5es oficiais para acesso \u00e0 vers\u00e3o atualizada assim que for publicada.<\/p>\n","protected":false},"excerpt":{"rendered":"<p>RESOLU\u00c7\u00c3O N\u00ba 26\/2025 &#8211; Altera o Regulamento Geral dos Programas de P\u00f3s-Gradua\u00e7\u00e3o Stricto Sensu da [&hellip;]<\/p>\n","protected":false},"author":47,"featured_media":0,"parent":0,"menu_order":0,"comment_status":"closed","ping_status":"closed","template":"","meta":{"footnotes":""},"class_list":["post-77","page","type-page","status-publish","hentry"],"_links":{"self":[{"href":"https:\/\/www.ccs.ufpb.br\/ppgcn\/wp-json\/wp\/v2\/pages\/77","targetHints":{"allow":["GET"]}}],"collection":[{"href":"https:\/\/www.ccs.ufpb.br\/ppgcn\/wp-json\/wp\/v2\/pages"}],"about":[{"href":"https:\/\/www.ccs.ufpb.br\/ppgcn\/wp-json\/wp\/v2\/types\/page"}],"author":[{"embeddable":true,"href":"https:\/\/www.ccs.ufpb.br\/ppgcn\/wp-json\/wp\/v2\/users\/47"}],"replies":[{"embeddable":true,"href":"https:\/\/www.ccs.ufpb.br\/ppgcn\/wp-json\/wp\/v2\/comments?post=77"}],"version-history":[{"count":7,"href":"https:\/\/www.ccs.ufpb.br\/ppgcn\/wp-json\/wp\/v2\/pages\/77\/revisions"}],"predecessor-version":[{"id":1022,"href":"https:\/\/www.ccs.ufpb.br\/ppgcn\/wp-json\/wp\/v2\/pages\/77\/revisions\/1022"}],"wp:attachment":[{"href":"https:\/\/www.ccs.ufpb.br\/ppgcn\/wp-json\/wp\/v2\/media?parent=77"}],"curies":[{"name":"wp","href":"https:\/\/api.w.org\/{rel}","templated":true}]}}