{"id":75,"date":"2026-01-24T09:38:43","date_gmt":"2026-01-24T12:38:43","guid":{"rendered":"https:\/\/www.ccs.ufpb.br\/ppgcn\/?page_id=75"},"modified":"2026-04-13T10:08:12","modified_gmt":"2026-04-13T13:08:12","slug":"normas-e-manuais","status":"publish","type":"page","link":"https:\/\/www.ccs.ufpb.br\/ppgcn\/normas-e-manuais\/","title":{"rendered":"Normas e manuais"},"content":{"rendered":"\n<p><strong>Normativas<\/strong><\/p>\n\n\n\n<p><strong>NORMA N\u00ba 1\/2024 &#8211; PPGCN &#8211;<\/strong> <a href=\"https:\/\/sig-arq.ufpb.br\/arquivos\/202423113549ae65842074332fc3bbec8\/Norma_01_2024_Normas_Qualificacao_Defesa_PPGCN.pdf\">Norma para a solicita\u00e7\u00e3o de qualifica\u00e7\u00e3o ou defesa no Programa de P\u00f3s-Gradua\u00e7\u00e3o em Ci\u00eancias da Nutri\u00e7\u00e3o (CCS\/UFPB)<\/a><\/p>\n\n\n\n<p><strong>NORMA N\u00ba 2\/2024 &#8211; PPGCN <\/strong><a href=\"https:\/\/sig-arq.ufpb.br\/arquivos\/2024127074e98a67425048ea04ac59064\/NORMA_2_2024_GESTAO_BOLSA_PPGCN.pdf\">Normas para a gest\u00e3o de bolsas de estudo dos discentes de mestrado e doutorado regularmente matriculados no programa de P\u00f3s-Gradua\u00e7\u00e3o em Ci\u00eancias da Nutri\u00e7\u00e3o (CCS\/UFPB)<\/a><\/p>\n\n\n\n<div class=\"wp-block-file\"><a id=\"wp-block-file--media-e7a0e9ea-e391-4ea3-810e-7338263c34ae\" href=\"https:\/\/www.ccs.ufpb.br\/ppgcn\/wp-content\/uploads\/sites\/21\/sites\/425\/2026\/04\/Normativa_noticias_13_04_26-1.pdf\">Instru\u00e7\u00e3o normativa para <strong>submiss\u00e3o e divulga\u00e7\u00e3o de not\u00edcias no site do PPGCN\/UFPB<\/strong><\/a><a href=\"https:\/\/www.ccs.ufpb.br\/ppgcn\/wp-content\/uploads\/sites\/21\/sites\/425\/2026\/04\/Normativa_noticias_13_04_26-1.pdf\" class=\"wp-block-file__button wp-element-button\" download aria-describedby=\"wp-block-file--media-e7a0e9ea-e391-4ea3-810e-7338263c34ae\">Baixar<\/a><\/div>\n\n\n\n<p><\/p>\n\n\n\n<p><strong>Manuais<\/strong><\/p>\n\n\n\n<p><strong>Resolu\u00e7\u00e3o n\u00ba 06\/2019<\/strong><\/p>\n\n\n\n<p><a href=\"https:\/\/sig-arq.ufpb.br\/arquivos\/20240440259c736356159bf8b7415be14\/Manual_do_ps-graduando_2.pdf\">Manual do\/a p\u00f3s-graduando\/a<\/a><\/p>\n\n\n\n<p><a href=\"https:\/\/sig-arq.ufpb.br\/arquivos\/202107216899022852331ee5378aff361\/Manual_de_elaborao_de_tese_PPGCN_2021.pdf\">Manual de Elabora\u00e7\u00e3o de Tese: normas e regulamenta\u00e7\u00e3o<\/a> <\/p>\n\n\n\n<p><a href=\"https:\/\/sig-arq.ufpb.br\/arquivos\/20212430861a902852322b0a0455e74ea\/Manual_de_elaborao_de_dissertao_PPGCN_2021.pdf\">Manual de Elabora\u00e7\u00e3o de Disserta\u00e7\u00e3o: normas e regulamenta\u00e7\u00e3o<\/a> <\/p>\n\n\n\n<p><a href=\"https:\/\/sig-arq.ufpb.br\/arquivos\/2021233161a5ea28523349d5dc8c403a6\/Manual_de_elaborao_de_projeto_de_tese_para_qualificao_PPGCN_2021.pdf\">Manual de Elabora\u00e7\u00e3o do Projeto de Tese para Qualifica\u00e7\u00e3o<\/a> <\/p>\n\n\n\n<p><strong>Aten\u00e7\u00e3o:<\/strong> Os manuais e normas disponibilizados nesta p\u00e1gina encontram-se em processo de revis\u00e3o e atualiza\u00e7\u00e3o, com vistas \u00e0 adequa\u00e7\u00e3o ao novo Regimento Geral da Universidade Federal da Para\u00edba e ao novo regimento interno do Programa de P\u00f3s-Gradua\u00e7\u00e3o em Ci\u00eancias da Nutri\u00e7\u00e3o (PPGCN), que ainda est\u00e1 em tramita\u00e7\u00e3o. Recomenda-se que os(as) discentes e docentes acompanhem as atualiza\u00e7\u00f5es, pois poder\u00e3o ocorrer ajustes nos documentos vigentes.<\/p>\n\n\n\n<p><strong>Novo Regimento (atualmente em tramita\u00e7\u00e3o nas inst\u00e2ncias superiores)<\/strong><\/p>\n\n\n\n<div class=\"wp-block-file\"><a id=\"wp-block-file--media-97d63e5f-ba34-4c87-9ba8-b429541e3db7\" href=\"https:\/\/www.ccs.ufpb.br\/ppgcn\/wp-content\/uploads\/sites\/21\/sites\/425\/2026\/03\/Manual_dissertacao_tese_PPGCN-2.pdf\">Manual de elabora\u00e7\u00e3o de Disserta\u00e7\u00e3o e Tese e Volume de Qualifica\u00e7\u00e3o<\/a><a href=\"https:\/\/www.ccs.ufpb.br\/ppgcn\/wp-content\/uploads\/sites\/21\/sites\/425\/2026\/03\/Manual_dissertacao_tese_PPGCN-2.pdf\" class=\"wp-block-file__button wp-element-button\" download aria-describedby=\"wp-block-file--media-97d63e5f-ba34-4c87-9ba8-b429541e3db7\">Baixar<\/a><\/div>\n\n\n\n<div class=\"wp-block-file\"><a id=\"wp-block-file--media-94dbb4eb-8905-4bc0-8f45-1175c94fcfeb\" href=\"https:\/\/www.ccs.ufpb.br\/ppgcn\/wp-content\/uploads\/sites\/21\/sites\/425\/2026\/03\/Template_dissertacao_tese_PPGCN.docx\">Template padr\u00e3o para Disserta\u00e7\u00e3o\/Tese e Volume de Qualifica\u00e7\u00e3o<\/a><a href=\"https:\/\/www.ccs.ufpb.br\/ppgcn\/wp-content\/uploads\/sites\/21\/sites\/425\/2026\/03\/Template_dissertacao_tese_PPGCN.docx\" class=\"wp-block-file__button wp-element-button\" download aria-describedby=\"wp-block-file--media-94dbb4eb-8905-4bc0-8f45-1175c94fcfeb\">Baixar<\/a><\/div>\n\n\n\n<p><\/p>\n\n\n\n<div class=\"wp-block-file\"><a id=\"wp-block-file--media-755c2d30-1390-407f-b30c-3d4a18c541fb\" href=\"https:\/\/www.ccs.ufpb.br\/ppgcn\/wp-content\/uploads\/sites\/21\/sites\/425\/2026\/03\/ENCAMINHAMENTO-DE-PROCESSOS-PPGCN-1.pdf\">Guia para Submiss\u00e3o de Processos via SIPAC <\/a><a href=\"https:\/\/www.ccs.ufpb.br\/ppgcn\/wp-content\/uploads\/sites\/21\/sites\/425\/2026\/03\/ENCAMINHAMENTO-DE-PROCESSOS-PPGCN-1.pdf\" class=\"wp-block-file__button wp-element-button\" download aria-describedby=\"wp-block-file--media-755c2d30-1390-407f-b30c-3d4a18c541fb\">Baixar<\/a><\/div>\n\n\n\n<div class=\"wp-block-file\"><a id=\"wp-block-file--media-32926573-eb32-44b7-8f97-3240c282c170\" href=\"https:\/\/www.ccs.ufpb.br\/ppgcn\/wp-content\/uploads\/sites\/21\/sites\/425\/2026\/04\/Acesso_SIGAA-1-1.pdf\">Passo a passo para acesso ao SIGAA por alunos(as) especiais<\/a><a href=\"https:\/\/www.ccs.ufpb.br\/ppgcn\/wp-content\/uploads\/sites\/21\/sites\/425\/2026\/04\/Acesso_SIGAA-1-1.pdf\" class=\"wp-block-file__button wp-element-button\" download aria-describedby=\"wp-block-file--media-32926573-eb32-44b7-8f97-3240c282c170\">Baixar<\/a><\/div>\n\n\n\n<p><strong>Outros arquivos institucionais para download<\/strong>:<\/p>\n\n\n\n<div class=\"wp-block-file\"><a id=\"wp-block-file--media-61bdb0a0-bc28-407e-bf4a-3429c8784d2a\" href=\"https:\/\/www.ccs.ufpb.br\/ppgcn\/wp-content\/uploads\/sites\/21\/sites\/425\/2026\/02\/Word-5.docx\">Timbrado<\/a><a href=\"https:\/\/www.ccs.ufpb.br\/ppgcn\/wp-content\/uploads\/sites\/21\/sites\/425\/2026\/02\/Word-5.docx\" class=\"wp-block-file__button wp-element-button\" download aria-describedby=\"wp-block-file--media-61bdb0a0-bc28-407e-bf4a-3429c8784d2a\">Baixar<\/a><\/div>\n\n\n\n<div class=\"wp-block-file\"><a id=\"wp-block-file--media-c3f321d8-216e-43c4-9ed6-96021a4e86f7\" href=\"https:\/\/www.ccs.ufpb.br\/ppgcn\/wp-content\/uploads\/sites\/21\/sites\/425\/2026\/02\/PPGCN-png-05-scaled.png\">Logo preferencial (fundo transparente)<\/a><a href=\"https:\/\/www.ccs.ufpb.br\/ppgcn\/wp-content\/uploads\/sites\/21\/sites\/425\/2026\/02\/PPGCN-png-05-scaled.png\" class=\"wp-block-file__button wp-element-button\" download aria-describedby=\"wp-block-file--media-c3f321d8-216e-43c4-9ed6-96021a4e86f7\">Baixar<\/a><\/div>\n\n\n\n<div class=\"wp-block-file\"><a id=\"wp-block-file--media-c2c10006-8771-42a8-a80d-8f1e2637ec10\" href=\"https:\/\/www.ccs.ufpb.br\/ppgcn\/wp-content\/uploads\/sites\/21\/sites\/425\/2026\/02\/PPGCN-png-04-scaled.png\">Logo preferencial (fundo verde)<\/a><a href=\"https:\/\/www.ccs.ufpb.br\/ppgcn\/wp-content\/uploads\/sites\/21\/sites\/425\/2026\/02\/PPGCN-png-04-scaled.png\" class=\"wp-block-file__button wp-element-button\" download aria-describedby=\"wp-block-file--media-c2c10006-8771-42a8-a80d-8f1e2637ec10\">Baixar<\/a><\/div>\n\n\n\n<div class=\"wp-block-file\"><a id=\"wp-block-file--media-109dbd3e-5e4d-46d4-82bc-5575ca838fa1\" href=\"https:\/\/www.ccs.ufpb.br\/ppgcn\/wp-content\/uploads\/sites\/21\/sites\/425\/2026\/02\/PPGCN-png-02-scaled.png\">Logo do Programa \u2013 formato vertical (fundo verde)<\/a><a href=\"https:\/\/www.ccs.ufpb.br\/ppgcn\/wp-content\/uploads\/sites\/21\/sites\/425\/2026\/02\/PPGCN-png-02-scaled.png\" class=\"wp-block-file__button wp-element-button\" download aria-describedby=\"wp-block-file--media-109dbd3e-5e4d-46d4-82bc-5575ca838fa1\">Baixar<\/a><\/div>\n\n\n\n<div class=\"wp-block-file\"><a id=\"wp-block-file--media-7581ccdf-873f-4011-b4e3-10e8ab356e9b\" href=\"https:\/\/www.ccs.ufpb.br\/ppgcn\/wp-content\/uploads\/sites\/21\/sites\/425\/2026\/02\/PPGCN-png-03-scaled.png\">Logo do Programa \u2013 formato vertical (fundo transparente)<\/a><a href=\"https:\/\/www.ccs.ufpb.br\/ppgcn\/wp-content\/uploads\/sites\/21\/sites\/425\/2026\/02\/PPGCN-png-03-scaled.png\" class=\"wp-block-file__button wp-element-button\" download aria-describedby=\"wp-block-file--media-7581ccdf-873f-4011-b4e3-10e8ab356e9b\">Baixar<\/a><\/div>\n\n\n\n<div class=\"wp-block-file\"><a id=\"wp-block-file--media-a3d2c082-8cad-416f-be29-3f5117ca1bc4\" href=\"https:\/\/www.ccs.ufpb.br\/ppgcn\/wp-content\/uploads\/sites\/21\/sites\/425\/2026\/02\/PPGCN-png-06-scaled.png\">Logo do Programa \u2013 s\u00edmbolo isolado letra verde (fundo verde)<\/a><a href=\"https:\/\/www.ccs.ufpb.br\/ppgcn\/wp-content\/uploads\/sites\/21\/sites\/425\/2026\/02\/PPGCN-png-06-scaled.png\" class=\"wp-block-file__button wp-element-button\" download aria-describedby=\"wp-block-file--media-a3d2c082-8cad-416f-be29-3f5117ca1bc4\">Baixar<\/a><\/div>\n\n\n\n<div class=\"wp-block-file\"><a id=\"wp-block-file--media-323d695c-4cda-464a-9b33-97aa3699ce2f\" href=\"https:\/\/www.ccs.ufpb.br\/ppgcn\/wp-content\/uploads\/sites\/21\/sites\/425\/2026\/02\/PPGCN-png-08-scaled.png\">Logo do Programa \u2013 s\u00edmbolo isolado letra verde (fundo transparente)<\/a><a href=\"https:\/\/www.ccs.ufpb.br\/ppgcn\/wp-content\/uploads\/sites\/21\/sites\/425\/2026\/02\/PPGCN-png-08-scaled.png\" class=\"wp-block-file__button wp-element-button\" download aria-describedby=\"wp-block-file--media-323d695c-4cda-464a-9b33-97aa3699ce2f\">Baixar<\/a><\/div>\n\n\n\n<div class=\"wp-block-file\"><a id=\"wp-block-file--media-49ae0f5b-5fff-4466-9394-9be970ca2238\" href=\"https:\/\/www.ccs.ufpb.br\/ppgcn\/wp-content\/uploads\/sites\/21\/sites\/425\/2026\/02\/PPGCN-png-07-scaled.png\">Logo do Programa \u2013 s\u00edmbolo isolado letra branca (fundo transparente)<\/a><a href=\"https:\/\/www.ccs.ufpb.br\/ppgcn\/wp-content\/uploads\/sites\/21\/sites\/425\/2026\/02\/PPGCN-png-07-scaled.png\" class=\"wp-block-file__button wp-element-button\" download aria-describedby=\"wp-block-file--media-49ae0f5b-5fff-4466-9394-9be970ca2238\">Baixar<\/a><\/div>\n\n\n\n<div class=\"wp-block-file\"><a id=\"wp-block-file--media-e92226ae-1dfd-4d33-9330-ed378e196c63\" href=\"https:\/\/www.ccs.ufpb.br\/ppgcn\/wp-content\/uploads\/sites\/21\/sites\/425\/2026\/02\/PPGCN-png-10-1-scaled.png\">Logo do Programa \u2013 s\u00edmbolo isolado com elementos gr\u00e1ficos verde (fundo transparente)<\/a><a href=\"https:\/\/www.ccs.ufpb.br\/ppgcn\/wp-content\/uploads\/sites\/21\/sites\/425\/2026\/02\/PPGCN-png-10-1-scaled.png\" class=\"wp-block-file__button wp-element-button\" download aria-describedby=\"wp-block-file--media-e92226ae-1dfd-4d33-9330-ed378e196c63\">Baixar<\/a><\/div>\n\n\n\n<div class=\"wp-block-file\"><a id=\"wp-block-file--media-a4ed8d6c-1c6a-4af4-af00-52a5906dfe27\" href=\"https:\/\/www.ccs.ufpb.br\/ppgcn\/wp-content\/uploads\/sites\/21\/sites\/425\/2026\/02\/PPGCN-png-10-scaled.png\">Logo do Programa \u2013 s\u00edmbolo isolado com elementos gr\u00e1ficos branco (fundo transparente)<\/a><a href=\"https:\/\/www.ccs.ufpb.br\/ppgcn\/wp-content\/uploads\/sites\/21\/sites\/425\/2026\/02\/PPGCN-png-10-scaled.png\" class=\"wp-block-file__button wp-element-button\" download aria-describedby=\"wp-block-file--media-a4ed8d6c-1c6a-4af4-af00-52a5906dfe27\">Baixar<\/a><\/div>\n\n\n\n<div class=\"wp-block-file\"><a id=\"wp-block-file--media-31407a02-0c73-4233-a115-a802343f623c\" href=\"https:\/\/www.ccs.ufpb.br\/ppgcn\/wp-content\/uploads\/sites\/21\/sites\/425\/2026\/02\/PPGCN-png-09-scaled.png\">Logo do Programa \u2013 s\u00edmbolo isolado com elementos gr\u00e1ficos verde (fundo verde)<\/a><a href=\"https:\/\/www.ccs.ufpb.br\/ppgcn\/wp-content\/uploads\/sites\/21\/sites\/425\/2026\/02\/PPGCN-png-09-scaled.png\" class=\"wp-block-file__button wp-element-button\" download aria-describedby=\"wp-block-file--media-31407a02-0c73-4233-a115-a802343f623c\">Baixar<\/a><\/div>\n\n\n\n<div class=\"wp-block-file\"><a id=\"wp-block-file--media-63a1de0b-dfa9-426c-beab-27f671a72de3\" href=\"https:\/\/www.ccs.ufpb.br\/ppgcn\/wp-content\/uploads\/sites\/21\/sites\/425\/2026\/02\/PPGCN-png-13-scaled.png\">Logo \u2013 vers\u00e3o institucional para rodap\u00e9<\/a><a href=\"https:\/\/www.ccs.ufpb.br\/ppgcn\/wp-content\/uploads\/sites\/21\/sites\/425\/2026\/02\/PPGCN-png-13-scaled.png\" class=\"wp-block-file__button wp-element-button\" download aria-describedby=\"wp-block-file--media-63a1de0b-dfa9-426c-beab-27f671a72de3\">Baixar<\/a><\/div>\n\n\n\n<p><\/p>\n","protected":false},"excerpt":{"rendered":"<p>Normativas NORMA N\u00ba 1\/2024 &#8211; PPGCN &#8211; Norma para a solicita\u00e7\u00e3o de qualifica\u00e7\u00e3o ou defesa [&hellip;]<\/p>\n","protected":false},"author":47,"featured_media":0,"parent":0,"menu_order":0,"comment_status":"closed","ping_status":"closed","template":"","meta":{"footnotes":""},"class_list":["post-75","page","type-page","status-publish","hentry"],"_links":{"self":[{"href":"https:\/\/www.ccs.ufpb.br\/ppgcn\/wp-json\/wp\/v2\/pages\/75","targetHints":{"allow":["GET"]}}],"collection":[{"href":"https:\/\/www.ccs.ufpb.br\/ppgcn\/wp-json\/wp\/v2\/pages"}],"about":[{"href":"https:\/\/www.ccs.ufpb.br\/ppgcn\/wp-json\/wp\/v2\/types\/page"}],"author":[{"embeddable":true,"href":"https:\/\/www.ccs.ufpb.br\/ppgcn\/wp-json\/wp\/v2\/users\/47"}],"replies":[{"embeddable":true,"href":"https:\/\/www.ccs.ufpb.br\/ppgcn\/wp-json\/wp\/v2\/comments?post=75"}],"version-history":[{"count":22,"href":"https:\/\/www.ccs.ufpb.br\/ppgcn\/wp-json\/wp\/v2\/pages\/75\/revisions"}],"predecessor-version":[{"id":1028,"href":"https:\/\/www.ccs.ufpb.br\/ppgcn\/wp-json\/wp\/v2\/pages\/75\/revisions\/1028"}],"wp:attachment":[{"href":"https:\/\/www.ccs.ufpb.br\/ppgcn\/wp-json\/wp\/v2\/media?parent=75"}],"curies":[{"name":"wp","href":"https:\/\/api.w.org\/{rel}","templated":true}]}}