{"id":65,"date":"2026-01-24T09:24:39","date_gmt":"2026-01-24T12:24:39","guid":{"rendered":"https:\/\/www.ccs.ufpb.br\/ppgcn\/?page_id=65"},"modified":"2026-05-07T14:21:26","modified_gmt":"2026-05-07T17:21:26","slug":"professor-visitante-e-pos-doutorado","status":"publish","type":"page","link":"https:\/\/www.ccs.ufpb.br\/ppgcn\/professor-visitante-e-pos-doutorado\/","title":{"rendered":"Professor visitante, P\u00f3s-doutorado e outros Editais"},"content":{"rendered":"\n<p><strong>Professor visitante<\/strong><\/p>\n\n\n\n<p><a href=\"https:\/\/progep.ufpb.br\/progep\/contents\/concursos\/docentes\/edital-no-46-processo-seletivo-simplificado-para-contratacao-de-professor-visitante\">EDITAL N\u00ba 46, DE 31 DE MAR\u00c7O DE 2026 PROCESSO SELETIVO SIMPLIFICADO PARA PROFESSOR VISITANTE<\/a><\/p>\n\n\n\n<div class=\"wp-block-file\"><a id=\"wp-block-file--media-421fff5b-8a63-4210-8dcf-1604eacb8841\" href=\"https:\/\/www.ccs.ufpb.br\/ppgcn\/wp-content\/uploads\/sites\/21\/sites\/425\/2026\/04\/EDITAL46COMPLETOPROCESSOSELETIVOSIMPLIFICADOPARACONTRATAODEPROFESSORVISITANTEVISITANTE.pdf\">EDITAL 46\/2026 Completo &#8211; professor visitante<\/a><a href=\"https:\/\/www.ccs.ufpb.br\/ppgcn\/wp-content\/uploads\/sites\/21\/sites\/425\/2026\/04\/EDITAL46COMPLETOPROCESSOSELETIVOSIMPLIFICADOPARACONTRATAODEPROFESSORVISITANTEVISITANTE.pdf\" class=\"wp-block-file__button wp-element-button\" download aria-describedby=\"wp-block-file--media-421fff5b-8a63-4210-8dcf-1604eacb8841\">Baixar<\/a><\/div>\n\n\n\n<div class=\"wp-block-file\"><a id=\"wp-block-file--media-9c8303e8-7c51-4b01-a43a-04febf2d69d2\" href=\"https:\/\/www.ccs.ufpb.br\/ppgcn\/wp-content\/uploads\/sites\/21\/sites\/425\/2026\/04\/EXTRATOEDITAL46PROCESSOSELETIVOVISITANTEDOU62P.989901.04.2026.pdf\">Extrato edital 46\/2026 professor visitante<\/a><a href=\"https:\/\/www.ccs.ufpb.br\/ppgcn\/wp-content\/uploads\/sites\/21\/sites\/425\/2026\/04\/EXTRATOEDITAL46PROCESSOSELETIVOVISITANTEDOU62P.989901.04.2026.pdf\" class=\"wp-block-file__button wp-element-button\" download aria-describedby=\"wp-block-file--media-9c8303e8-7c51-4b01-a43a-04febf2d69d2\">Baixar<\/a><\/div>\n\n\n\n<div class=\"wp-block-file\"><a id=\"wp-block-file--media-3e5743d7-9b05-4f1d-a28a-75b8334f4f98\" href=\"https:\/\/www.ccs.ufpb.br\/ppgcn\/wp-content\/uploads\/sites\/21\/sites\/425\/2026\/04\/BANCA_CRONOGRAMA_COMPLEMENTAR_VISITATNE_PPGCN.pdf\">Banca e cronograma complementar<\/a><a href=\"https:\/\/www.ccs.ufpb.br\/ppgcn\/wp-content\/uploads\/sites\/21\/sites\/425\/2026\/04\/BANCA_CRONOGRAMA_COMPLEMENTAR_VISITATNE_PPGCN.pdf\" class=\"wp-block-file__button wp-element-button\" download aria-describedby=\"wp-block-file--media-3e5743d7-9b05-4f1d-a28a-75b8334f4f98\">Baixar<\/a><\/div>\n\n\n\n<div class=\"wp-block-file\"><a id=\"wp-block-file--media-ac81df64-0b21-477d-86f0-ad3a69ae82a9\" href=\"https:\/\/www.ccs.ufpb.br\/ppgcn\/wp-content\/uploads\/sites\/21\/sites\/425\/2026\/04\/NOVOREQUERIMENTODEINSCRIOVISITANTE.docx\">Requerimento de inscri\u00e7\u00e3o professor visitante<\/a><a href=\"https:\/\/www.ccs.ufpb.br\/ppgcn\/wp-content\/uploads\/sites\/21\/sites\/425\/2026\/04\/NOVOREQUERIMENTODEINSCRIOVISITANTE.docx\" class=\"wp-block-file__button wp-element-button\" download aria-describedby=\"wp-block-file--media-ac81df64-0b21-477d-86f0-ad3a69ae82a9\">Baixar<\/a><\/div>\n\n\n\n<div class=\"wp-block-file\"><a id=\"wp-block-file--media-cf2704d6-06ee-4bea-84b8-424fb1062213\" href=\"https:\/\/www.ccs.ufpb.br\/ppgcn\/wp-content\/uploads\/sites\/21\/sites\/425\/2026\/04\/TERMODEAUTODECLARAO1.doc\">Termo de auto declara\u00e7\u00e3o<\/a><a href=\"https:\/\/www.ccs.ufpb.br\/ppgcn\/wp-content\/uploads\/sites\/21\/sites\/425\/2026\/04\/TERMODEAUTODECLARAO1.doc\" class=\"wp-block-file__button wp-element-button\" download aria-describedby=\"wp-block-file--media-cf2704d6-06ee-4bea-84b8-424fb1062213\">Baixar<\/a><\/div>\n\n\n\n<div class=\"wp-block-file\"><a id=\"wp-block-file--media-4fffd82b-1476-43d4-9ed2-7ef2003494c3\" href=\"https:\/\/www.ccs.ufpb.br\/ppgcn\/wp-content\/uploads\/sites\/21\/sites\/425\/2026\/04\/APPLICATIONFORM.docx\">Application form<\/a><a href=\"https:\/\/www.ccs.ufpb.br\/ppgcn\/wp-content\/uploads\/sites\/21\/sites\/425\/2026\/04\/APPLICATIONFORM.docx\" class=\"wp-block-file__button wp-element-button\" download aria-describedby=\"wp-block-file--media-4fffd82b-1476-43d4-9ed2-7ef2003494c3\">Baixar<\/a><\/div>\n\n\n\n<div class=\"wp-block-file\"><a id=\"wp-block-file--media-dfd96f7c-a5f5-4207-9391-70300cb54ab9\" href=\"https:\/\/www.ccs.ufpb.br\/ppgcn\/wp-content\/uploads\/sites\/21\/sites\/425\/2026\/04\/SELFDECLARATIONSTATEMENT.doc\">Self declaration statement<\/a><a href=\"https:\/\/www.ccs.ufpb.br\/ppgcn\/wp-content\/uploads\/sites\/21\/sites\/425\/2026\/04\/SELFDECLARATIONSTATEMENT.doc\" class=\"wp-block-file__button wp-element-button\" download aria-describedby=\"wp-block-file--media-dfd96f7c-a5f5-4207-9391-70300cb54ab9\">Baixar<\/a><\/div>\n\n\n\n<div class=\"wp-block-file\"><a id=\"wp-block-file--media-f65312f1-d12d-4855-a399-439598e8f7cd\" href=\"https:\/\/www.ccs.ufpb.br\/ppgcn\/wp-content\/uploads\/sites\/21\/sites\/425\/2026\/04\/Preenchimento_GRU_VISITANTE.pdf\">Preenchimento GRU Edital VISITANTE<\/a><a href=\"https:\/\/www.ccs.ufpb.br\/ppgcn\/wp-content\/uploads\/sites\/21\/sites\/425\/2026\/04\/Preenchimento_GRU_VISITANTE.pdf\" class=\"wp-block-file__button wp-element-button\" download aria-describedby=\"wp-block-file--media-f65312f1-d12d-4855-a399-439598e8f7cd\">Baixar<\/a><\/div>\n\n\n\n<div class=\"wp-block-file\"><a id=\"wp-block-file--media-911b9259-806f-4ea0-a490-5de95976f943\" href=\"https:\/\/www.ccs.ufpb.br\/ppgcn\/wp-content\/uploads\/sites\/21\/sites\/425\/2026\/04\/Deferimento_Lista_de_Inscritos_EDITAL_VISITANTE_DIVULGADO_assinado-1.pdf\">Homologa\u00e7\u00e3o dos Candidatos EDITAL VISITANTE<\/a><a href=\"https:\/\/www.ccs.ufpb.br\/ppgcn\/wp-content\/uploads\/sites\/21\/sites\/425\/2026\/04\/Deferimento_Lista_de_Inscritos_EDITAL_VISITANTE_DIVULGADO_assinado-1.pdf\" class=\"wp-block-file__button wp-element-button\" download aria-describedby=\"wp-block-file--media-911b9259-806f-4ea0-a490-5de95976f943\">Baixar<\/a><\/div>\n\n\n\n<div class=\"wp-block-file\"><a id=\"wp-block-file--media-c9f7563d-65a5-4c8c-82e4-bdbc223a6856\" href=\"https:\/\/www.ccs.ufpb.br\/ppgcn\/wp-content\/uploads\/sites\/21\/sites\/425\/2026\/05\/PORTARIA_41_2026_CCS-DC8948752415117066581.pdf\">Nova composi\u00e7\u00e3o da banca examinadora ap\u00f3s homologa\u00e7\u00e3o dos candidatos<\/a><a href=\"https:\/\/www.ccs.ufpb.br\/ppgcn\/wp-content\/uploads\/sites\/21\/sites\/425\/2026\/05\/PORTARIA_41_2026_CCS-DC8948752415117066581.pdf\" class=\"wp-block-file__button wp-element-button\" download aria-describedby=\"wp-block-file--media-c9f7563d-65a5-4c8c-82e4-bdbc223a6856\">Baixar<\/a><\/div>\n\n\n\n<p><\/p>\n\n\n\n<p><\/p>\n\n\n\n<p><strong>P\u00f3s-Doutorado<\/strong><\/p>\n\n\n\n<p><a href=\"https:\/\/sig-arq.ufpb.br\/arquivos\/2026228010cd55836364119c17ee5583d\/CHAMADA_SIMPLIFICADA_VAGA_POS_DOC_Final.pdf\">CHAMADA SIMPLIFICADA n\u00b0 01\/2026 PARA VAGA DE P\u00d3S-DOUTORADO NO PROGRAMA DE P\u00d3S-GRADUA\u00c7\u00c3O EM CI\u00caNCIAS DA NUTRI\u00c7\u00c3O (PPGCN\/UFPB)<\/a><\/p>\n\n\n\n<p><a href=\"https:\/\/sig-arq.ufpb.br\/arquivos\/2026152112878a84549480c5613705b0d\/RESULTADO_PRELIMINAR.docx.pdf\">Resultado Preliminar \u2013 Chamada Simplificada n\u00ba 01\/2026<\/a><\/p>\n\n\n\n<p><a href=\"https:\/\/sig-arq.ufpb.br\/arquivos\/20260441262d61846226852cce658a1a1\/RESULTADO_PRELIMINAR.docx_1.pdf\">Resultado Final \u2013 Chamada Simplificada n\u00ba 01\/2026<\/a><\/p>\n\n\n\n<p><\/p>\n\n\n\n<p><strong>Pr\u00eamio Capes de Tese<\/strong><\/p>\n\n\n\n<p>Edi\u00e7\u00e3o 2026<\/p>\n\n\n\n<div class=\"wp-block-file\"><a id=\"wp-block-file--media-0c9aa0ce-78f2-47a0-8419-33c0e8ce3260\" href=\"https:\/\/www.ccs.ufpb.br\/ppgcn\/wp-content\/uploads\/sites\/21\/sites\/425\/2026\/05\/Chamada_PCT_2026_PPGCN_publicado-1.pdf\">Chamada Interna Pr\u00eamio Capes de Tese<\/a><a href=\"https:\/\/www.ccs.ufpb.br\/ppgcn\/wp-content\/uploads\/sites\/21\/sites\/425\/2026\/05\/Chamada_PCT_2026_PPGCN_publicado-1.pdf\" class=\"wp-block-file__button wp-element-button\" download aria-describedby=\"wp-block-file--media-0c9aa0ce-78f2-47a0-8419-33c0e8ce3260\">Baixar<\/a><\/div>\n\n\n\n<p><\/p>\n","protected":false},"excerpt":{"rendered":"<p>Professor visitante EDITAL N\u00ba 46, DE 31 DE MAR\u00c7O DE 2026 PROCESSO SELETIVO SIMPLIFICADO PARA [&hellip;]<\/p>\n","protected":false},"author":47,"featured_media":0,"parent":0,"menu_order":0,"comment_status":"closed","ping_status":"closed","template":"","meta":{"footnotes":""},"class_list":["post-65","page","type-page","status-publish","hentry"],"_links":{"self":[{"href":"https:\/\/www.ccs.ufpb.br\/ppgcn\/wp-json\/wp\/v2\/pages\/65","targetHints":{"allow":["GET"]}}],"collection":[{"href":"https:\/\/www.ccs.ufpb.br\/ppgcn\/wp-json\/wp\/v2\/pages"}],"about":[{"href":"https:\/\/www.ccs.ufpb.br\/ppgcn\/wp-json\/wp\/v2\/types\/page"}],"author":[{"embeddable":true,"href":"https:\/\/www.ccs.ufpb.br\/ppgcn\/wp-json\/wp\/v2\/users\/47"}],"replies":[{"embeddable":true,"href":"https:\/\/www.ccs.ufpb.br\/ppgcn\/wp-json\/wp\/v2\/comments?post=65"}],"version-history":[{"count":19,"href":"https:\/\/www.ccs.ufpb.br\/ppgcn\/wp-json\/wp\/v2\/pages\/65\/revisions"}],"predecessor-version":[{"id":1157,"href":"https:\/\/www.ccs.ufpb.br\/ppgcn\/wp-json\/wp\/v2\/pages\/65\/revisions\/1157"}],"wp:attachment":[{"href":"https:\/\/www.ccs.ufpb.br\/ppgcn\/wp-json\/wp\/v2\/media?parent=65"}],"curies":[{"name":"wp","href":"https:\/\/api.w.org\/{rel}","templated":true}]}}