{"id":59,"date":"2026-01-24T09:24:08","date_gmt":"2026-01-24T12:24:08","guid":{"rendered":"https:\/\/www.ccs.ufpb.br\/ppgcn\/?page_id=59"},"modified":"2026-03-18T17:14:54","modified_gmt":"2026-03-18T20:14:54","slug":"mestrado","status":"publish","type":"page","link":"https:\/\/www.ccs.ufpb.br\/ppgcn\/mestrado\/","title":{"rendered":"Mestrado e Doutorado"},"content":{"rendered":"\n<p><a href=\"https:\/\/sigaa.ufpb.br\/sigaa\/public\/programa\/processo_seletivo.jsf?lc=pt_BR&amp;id=1887\">Acompanhe clicando aqui nossos processos seletivos<\/a><\/p>\n\n\n\n<hr class=\"wp-block-separator has-alpha-channel-opacity\" \/>\n\n\n\n<p><\/p>\n\n\n\n<p><strong>Informa\u00e7\u00f5es gerais sobre nossos processos de admiss\u00e3o<\/strong><\/p>\n\n\n\n<p>Poder\u00e3o inscrever-se para a sele\u00e7\u00e3o de entrada nos cursos de mestrado e doutorado do PPGCN candidatos portadores de diplomas de curso de n\u00edvel superior e de mestrado, respectivamente, reconhecidos pelo Minist\u00e9rio da Educa\u00e7\u00e3o.<\/p>\n\n\n\n<p>As inscri\u00e7\u00f5es dos candidatos concluintes de cursos de gradua\u00e7\u00e3o ou de mestrado nos processos de sele\u00e7\u00e3o do PPGCN ser\u00e3o asseguradas na forma disposta no Regulamento Geral dos Programas de P\u00f3s-Gradua\u00e7\u00e3o&nbsp;<em>Stricto Sensu&nbsp;<\/em>da UFPB.<\/p>\n\n\n\n<p>Os candidatos concluintes de cursos de gradua\u00e7\u00e3o ou de mestrado de que trata o&nbsp;<em>caput&nbsp;<\/em>deste artigo dever\u00e3o apresentar declara\u00e7\u00e3o emitida pela coordena\u00e7\u00e3o do seu curso que ateste a possibilidade de sua conclus\u00e3o antes do in\u00edcio da data da primeira matr\u00edcula em disciplinas do PPGCN.<\/p>\n\n\n\n<p>O colegiado do programa fixar\u00e1, fazendo constar no edital de sele\u00e7\u00e3o, os prazos e o n\u00famero de vagas, com base na capacidade de orienta\u00e7\u00e3o de trabalho final dos docentes permanentes e rela\u00e7\u00e3o orientando-orientador, considerando as recomenda\u00e7\u00f5es da CAPES, fluxo de entrada e sa\u00edda de discentes nos \u00faltimos anos e capacidade de pesquisa instalada do programa.<\/p>\n\n\n\n<p>Para a inscri\u00e7\u00e3o dos candidatos no processo seletivo do PPGCN ser\u00e1 exigido:<\/p>\n\n\n\n<p>I \u2013 certificado de conclus\u00e3o do curso de gradua\u00e7\u00e3o ou de mestrado, ou de concluinte, na hip\u00f3tese da concess\u00e3o nos temos do \u00a71\u00ba e 2\u00ba do Artigo 18 do presente Regulamento;<\/p>\n\n\n\n<p>II \u2013&nbsp;<em>Curriculum vitae<\/em>, confeccionado obrigatoriamente no modelo Lattes, instru\u00eddo da documenta\u00e7\u00e3o comprobat\u00f3ria;<\/p>\n\n\n\n<p>III \u2013 preenchimento de formul\u00e1rio de inscri\u00e7\u00e3o (on-line) fornecido pela secretaria do programa, acompanhado de fotografia 3&#215;4 (tr\u00eas por quatro);<\/p>\n\n\n\n<p>IV \u2013 c\u00f3pia de identidade, do CPF ou do registro geral de estrangeiro, para os candidatos brasileiros ou n\u00e3o, respectivamente;<\/p>\n\n\n\n<p>V \u2013 comprovante de dep\u00f3sito da taxa de inscri\u00e7\u00e3o.<\/p>\n\n\n\n<p>Os pedidos de inscri\u00e7\u00e3o dever\u00e3o ser analisados pela secretaria do PPGCN, cabendo ao coordenador, \u00e0 vista da regularidade da documenta\u00e7\u00e3o apresentada, o deferimento ou indeferimento da inscri\u00e7\u00e3o do candidato.<\/p>\n\n\n\n<p>A inscri\u00e7\u00e3o ser\u00e1 efetuada pelo candidato, conforme especifica\u00e7\u00f5es contidas em Chamada P\u00fablica de Sele\u00e7\u00e3o.<\/p>\n\n\n\n<p>O processo de sele\u00e7\u00e3o para ingresso de discentes nos cursos do PPGCN estar\u00e1 a cargo de uma comiss\u00e3o de professores aprovada pelo colegiado do programa e designada por portaria. As regras do exame de sele\u00e7\u00e3o para ingresso e matr\u00edcula no PPGCN ser\u00e3o definidos a cada processo seletivo pelo colegiado do programa, constando na Chamada P\u00fablica de Sele\u00e7\u00e3o as etapas previstas para o ingresso mencionado, inclusive os crit\u00e9rios de avalia\u00e7\u00e3o.<\/p>\n\n\n\n<p><strong>&nbsp;<\/strong>Para inscri\u00e7\u00e3o no processo de sele\u00e7\u00e3o dos cursos de mestrado e doutorado o PPGCN ser\u00e1 exigido comprovante de capacidade de leitura e interpreta\u00e7\u00e3o em l\u00edngua Inglesa emitido nos \u00faltimos dois anos. Adicionalmente, o candidato que for aprovado e classificado para ingresso no curso de doutorado ter\u00e1 um prazo m\u00e1ximo de 24 meses, ap\u00f3s a matr\u00edcula no Curso, para apresentar certificado de profici\u00eancia em uma segunda L\u00edngua Estrangeira (Espanhol ou Franc\u00eas). Para os candidatos estrangeiros, ser\u00e1 exigido no ato da inscri\u00e7\u00e3o, al\u00e9m do comprovante de capacidade de leitura de l\u00edngua inglesa, certificado de profici\u00eancia em l\u00edngua portuguesa. Os pontos de corte e tipos de documentos aceitos para comprova\u00e7\u00e3o de capacidade de leitura e interpreta\u00e7\u00e3o em l\u00edngua estrangeira, bem como da profici\u00eancia em l\u00edngua portuguesa, ser\u00e3o especificados na Chamada P\u00fablica de Sele\u00e7\u00e3o.<\/p>\n\n\n\n<p>&nbsp;&nbsp;<\/p>\n","protected":false},"excerpt":{"rendered":"<p>Acompanhe clicando aqui nossos processos seletivos Informa\u00e7\u00f5es gerais sobre nossos processos de admiss\u00e3o Poder\u00e3o inscrever-se [&hellip;]<\/p>\n","protected":false},"author":47,"featured_media":0,"parent":0,"menu_order":0,"comment_status":"closed","ping_status":"closed","template":"","meta":{"footnotes":""},"class_list":["post-59","page","type-page","status-publish","hentry"],"_links":{"self":[{"href":"https:\/\/www.ccs.ufpb.br\/ppgcn\/wp-json\/wp\/v2\/pages\/59","targetHints":{"allow":["GET"]}}],"collection":[{"href":"https:\/\/www.ccs.ufpb.br\/ppgcn\/wp-json\/wp\/v2\/pages"}],"about":[{"href":"https:\/\/www.ccs.ufpb.br\/ppgcn\/wp-json\/wp\/v2\/types\/page"}],"author":[{"embeddable":true,"href":"https:\/\/www.ccs.ufpb.br\/ppgcn\/wp-json\/wp\/v2\/users\/47"}],"replies":[{"embeddable":true,"href":"https:\/\/www.ccs.ufpb.br\/ppgcn\/wp-json\/wp\/v2\/comments?post=59"}],"version-history":[{"count":4,"href":"https:\/\/www.ccs.ufpb.br\/ppgcn\/wp-json\/wp\/v2\/pages\/59\/revisions"}],"predecessor-version":[{"id":612,"href":"https:\/\/www.ccs.ufpb.br\/ppgcn\/wp-json\/wp\/v2\/pages\/59\/revisions\/612"}],"wp:attachment":[{"href":"https:\/\/www.ccs.ufpb.br\/ppgcn\/wp-json\/wp\/v2\/media?parent=59"}],"curies":[{"name":"wp","href":"https:\/\/api.w.org\/{rel}","templated":true}]}}