{"id":57,"date":"2026-01-24T09:23:55","date_gmt":"2026-01-24T12:23:55","guid":{"rendered":"https:\/\/www.ccs.ufpb.br\/ppgcn\/?page_id=57"},"modified":"2026-02-09T11:38:31","modified_gmt":"2026-02-09T14:38:31","slug":"academico","status":"publish","type":"page","link":"https:\/\/www.ccs.ufpb.br\/ppgcn\/academico\/","title":{"rendered":"Acad\u00eamico"},"content":{"rendered":"\n<figure class=\"wp-block-table\"><table class=\"has-fixed-layout\"><tbody><tr><td><strong>M\u00eas<\/strong><\/td><td><strong>Data<\/strong><\/td><\/tr><tr><td><strong>FEVEREIRO<\/strong><\/td><\/tr><tr><td><strong>Solicita\u00e7\u00e3o de matr\u00edcula como aluno\/a especial (e-mail)<\/strong><\/td><td><strong>09\/02\/2026 a 20\/02\/2026<\/strong><\/td><\/tr><tr><td><strong>Pedido de aproveitamento* de cr\u00e9ditos por&nbsp;equival\u00eancia<\/strong><\/td><td><strong>09\/02\/2026 a 20\/02\/2026<\/strong><\/td><\/tr><tr><td><strong>Reuni\u00e3o Colegiado<\/strong><\/td><td><strong>27\/02\/2026<\/strong><\/td><\/tr><tr><td><strong>MAR\u00c7O<\/strong><\/td><\/tr><tr><td><strong>Matr\u00edcula dos ingressantes (SIGAA)<\/strong><\/td><td><strong>02\/03\/2025 a 06\/03\/2026<\/strong><\/td><\/tr><tr><td><strong>Matr\u00edcula veteranos\/as (SIGAA)<\/strong><\/td><td><strong>02\/03\/2025 a&nbsp;<\/strong><strong>06\/03\/2026<\/strong><\/td><\/tr><tr><td><strong>Matr\u00edcula aluno\/a especial (presencial)<\/strong><\/td><td><strong>02\/03\/2025 a 06\/03\/2026<\/strong><\/td><\/tr><tr><td><strong>In\u00edcio do Per\u00edodo Letivo 2026.1<\/strong><strong><\/strong><\/td><td><strong>09\/03\/2026<\/strong><strong><\/strong><\/td><\/tr><tr><td><strong>Ajuste de matr\u00edcula (presencial)<\/strong><\/td><td><strong>09\/03\/2026 a 13\/02\/2026<\/strong><\/td><\/tr><tr><td><strong>Reuni\u00e3o Colegiado<\/strong><\/td><td><strong>27\/03\/2026<\/strong><\/td><\/tr><tr><td><strong>ABRIL<\/strong><\/td><\/tr><tr><td><strong>Per\u00edodo de trancamento de matr\u00edcula (presencial)<\/strong><\/td><td><strong>13\/04\/2026 a 17\/04\/2026<\/strong><\/td><\/tr><tr><td><strong>Reuni\u00e3o Colegiado<\/strong><\/td><td><strong>24\/04\/2026<\/strong><\/td><\/tr><tr><td><strong>MAIO<\/strong><strong><\/strong><\/td><\/tr><tr><td><strong>Reuni\u00e3o Colegiado<\/strong><\/td><td><strong>29\/05\/2026<\/strong><\/td><\/tr><tr><td><strong>JUNHO<\/strong><strong><\/strong><\/td><\/tr><tr><td><strong>Reuni\u00e3o Colegiado<\/strong><\/td><td><strong>19\/06\/2026<\/strong><\/td><\/tr><tr><td><strong>JULHO<\/strong><\/td><\/tr><tr><td><strong>T\u00e9rmino do Per\u00edodo Letivo 2026.1<\/strong><strong><\/strong><\/td><td><strong>10\/07\/2026<\/strong><strong><\/strong><\/td><\/tr><tr><td><strong>Registro de m\u00e9dias finais e consolida\u00e7\u00e3o&nbsp; (SIGAA)<\/strong><strong><\/strong><\/td><td><strong>At\u00e9 17\/07\/2026<\/strong><strong><\/strong><\/td><\/tr><tr><td><strong>Solicita\u00e7\u00e3o de matr\u00edcula como aluno\/a especial (e-mail)<\/strong><\/td><td><strong>10\/07\/2026 a 17\/07\/2026<\/strong><\/td><\/tr><tr><td><strong>Pedido de aproveitamento* de cr\u00e9ditos por&nbsp;equival\u00eancia<\/strong><\/td><td><strong>10\/07\/2026 a 17\/07\/2026<\/strong><\/td><\/tr><tr><td><strong>Recesso<\/strong><\/td><td><strong>18\/07\/2026 a 02\/08\/2026<\/strong><\/td><\/tr><tr><td><strong>Reuni\u00e3o Colegiado<\/strong><\/td><td><strong>31\/07\/2026<\/strong><\/td><\/tr><tr><td><strong>AGOSTO<\/strong><\/td><\/tr><tr><td><strong>Solicita\u00e7\u00e3o de matr\u00edcula veteranos\/as (SIGAA)<\/strong><\/td><td><strong>03\/08\/2026 a 07\/08\/2026<\/strong><\/td><\/tr><tr><td><strong>Matr\u00edcula aluno\/a especial (presencial)<\/strong><\/td><td><strong>03\/08\/2026 a 07\/08\/2026<\/strong><\/td><\/tr><tr><td><strong>In\u00edcio do Per\u00edodo Letivo 2026.2<\/strong><strong><\/strong><\/td><td><strong>10\/08\/2026<\/strong><strong><\/strong><\/td><\/tr><tr><td><strong>Ajuste de matr\u00edcula (presencial)<\/strong><\/td><td><strong>10\/08\/2026 a 14\/08\/2026<\/strong><\/td><\/tr><tr><td><strong>Reuni\u00e3o Colegiado<\/strong><\/td><td><strong>28\/08\/2026<\/strong><\/td><\/tr><tr><td><strong>SETEMBRO<\/strong><\/td><\/tr><tr><td><strong>Per\u00edodo de trancamento de matr\u00edcula (presencial)<\/strong><\/td><td><strong>08\/09\/2026 a 14\/09\/2026<\/strong><\/td><\/tr><tr><td><strong>Reuni\u00e3o Colegiado<\/strong><\/td><td><strong>25\/09\/2026<\/strong><\/td><\/tr><tr><td><strong>OUTUBRO<\/strong><\/td><\/tr><tr><td><strong>Reuni\u00e3o Colegiado<\/strong><strong><\/strong><\/td><td><strong>30\/10\/2026<\/strong><\/td><\/tr><tr><td><strong>NOVEMBRO<\/strong><\/td><\/tr><tr><td><strong>Reuni\u00e3o Colegiado<\/strong><\/td><td><strong>27\/11\/2026<\/strong><\/td><\/tr><tr><td><strong>DEZEMBRO<\/strong><\/td><\/tr><tr><td><strong>Reuni\u00e3o Colegiado<\/strong><\/td><td><strong>11\/12\/2026<\/strong><\/td><\/tr><tr><td><strong>T\u00e9rmino do Per\u00edodo Letivo 2026.2<\/strong><strong><\/strong><\/td><td><strong>11\/12\/2026<\/strong><strong><\/strong><\/td><\/tr><tr><td><strong>Registro de m\u00e9dias finais e consolida\u00e7\u00e3o&nbsp; (SIGAA)<\/strong><strong><\/strong><\/td><td><strong>At\u00e9 18\/12\/2026<\/strong><strong><\/strong><\/td><\/tr><\/tbody><\/table><\/figure>\n\n\n\n<p>Nota: *Aproveitamento de cr\u00e9ditos fluxo cont\u00ednuo (e-mail)<\/p>\n","protected":false},"excerpt":{"rendered":"<p>M\u00eas Data FEVEREIRO Solicita\u00e7\u00e3o de matr\u00edcula como aluno\/a especial (e-mail) 09\/02\/2026 a 20\/02\/2026 Pedido de [&hellip;]<\/p>\n","protected":false},"author":47,"featured_media":0,"parent":0,"menu_order":0,"comment_status":"closed","ping_status":"closed","template":"","meta":{"footnotes":""},"class_list":["post-57","page","type-page","status-publish","hentry"],"_links":{"self":[{"href":"https:\/\/www.ccs.ufpb.br\/ppgcn\/wp-json\/wp\/v2\/pages\/57","targetHints":{"allow":["GET"]}}],"collection":[{"href":"https:\/\/www.ccs.ufpb.br\/ppgcn\/wp-json\/wp\/v2\/pages"}],"about":[{"href":"https:\/\/www.ccs.ufpb.br\/ppgcn\/wp-json\/wp\/v2\/types\/page"}],"author":[{"embeddable":true,"href":"https:\/\/www.ccs.ufpb.br\/ppgcn\/wp-json\/wp\/v2\/users\/47"}],"replies":[{"embeddable":true,"href":"https:\/\/www.ccs.ufpb.br\/ppgcn\/wp-json\/wp\/v2\/comments?post=57"}],"version-history":[{"count":2,"href":"https:\/\/www.ccs.ufpb.br\/ppgcn\/wp-json\/wp\/v2\/pages\/57\/revisions"}],"predecessor-version":[{"id":160,"href":"https:\/\/www.ccs.ufpb.br\/ppgcn\/wp-json\/wp\/v2\/pages\/57\/revisions\/160"}],"wp:attachment":[{"href":"https:\/\/www.ccs.ufpb.br\/ppgcn\/wp-json\/wp\/v2\/media?parent=57"}],"curies":[{"name":"wp","href":"https:\/\/api.w.org\/{rel}","templated":true}]}}