{"id":53,"date":"2026-01-24T09:23:35","date_gmt":"2026-01-24T12:23:35","guid":{"rendered":"https:\/\/www.ccs.ufpb.br\/ppgcn\/?page_id=53"},"modified":"2026-03-18T17:13:41","modified_gmt":"2026-03-18T20:13:41","slug":"mapa-de-oferta","status":"publish","type":"page","link":"https:\/\/www.ccs.ufpb.br\/ppgcn\/mapa-de-oferta\/","title":{"rendered":"Mapa de oferta"},"content":{"rendered":"\n<div class=\"wp-block-file\"><a id=\"wp-block-file--media-1fb6ba92-ba4e-46f3-9070-a0967fa551e9\" href=\"https:\/\/www.ccs.ufpb.br\/ppgcn\/wp-content\/uploads\/sites\/21\/sites\/425\/2026\/02\/Blocagem-2026_1-1.docx\">Mapa de oferta 2026.1 <\/a><a href=\"https:\/\/www.ccs.ufpb.br\/ppgcn\/wp-content\/uploads\/sites\/21\/sites\/425\/2026\/02\/Blocagem-2026_1-1.docx\" class=\"wp-block-file__button wp-element-button\" download aria-describedby=\"wp-block-file--media-1fb6ba92-ba4e-46f3-9070-a0967fa551e9\">Baixar<\/a><\/div>\n\n\n\n<div class=\"wp-block-file\"><a id=\"wp-block-file--media-70077d57-3bc6-412f-8e09-6b6affed02ad\" href=\"https:\/\/www.ccs.ufpb.br\/ppgcn\/wp-content\/uploads\/sites\/21\/sites\/425\/2026\/02\/Disciplina-integrada-2026_programa-preliminar.docx\">Conhe\u00e7a a <strong>Disciplina Integrada em Nutri\u00e7\u00e3o: Sistemas alimentares e sa\u00fade &#8211; F\u00f3rum de Coordenadores de PPG<\/strong><\/a><a href=\"https:\/\/www.ccs.ufpb.br\/ppgcn\/wp-content\/uploads\/sites\/21\/sites\/425\/2026\/02\/Disciplina-integrada-2026_programa-preliminar.docx\" class=\"wp-block-file__button wp-element-button\" download aria-describedby=\"wp-block-file--media-70077d57-3bc6-412f-8e09-6b6affed02ad\">Baixar<\/a><\/div>\n\n\n\n<p><\/p>\n","protected":false},"excerpt":{"rendered":"","protected":false},"author":47,"featured_media":0,"parent":0,"menu_order":0,"comment_status":"closed","ping_status":"closed","template":"","meta":{"footnotes":""},"class_list":["post-53","page","type-page","status-publish","hentry"],"_links":{"self":[{"href":"https:\/\/www.ccs.ufpb.br\/ppgcn\/wp-json\/wp\/v2\/pages\/53","targetHints":{"allow":["GET"]}}],"collection":[{"href":"https:\/\/www.ccs.ufpb.br\/ppgcn\/wp-json\/wp\/v2\/pages"}],"about":[{"href":"https:\/\/www.ccs.ufpb.br\/ppgcn\/wp-json\/wp\/v2\/types\/page"}],"author":[{"embeddable":true,"href":"https:\/\/www.ccs.ufpb.br\/ppgcn\/wp-json\/wp\/v2\/users\/47"}],"replies":[{"embeddable":true,"href":"https:\/\/www.ccs.ufpb.br\/ppgcn\/wp-json\/wp\/v2\/comments?post=53"}],"version-history":[{"count":7,"href":"https:\/\/www.ccs.ufpb.br\/ppgcn\/wp-json\/wp\/v2\/pages\/53\/revisions"}],"predecessor-version":[{"id":611,"href":"https:\/\/www.ccs.ufpb.br\/ppgcn\/wp-json\/wp\/v2\/pages\/53\/revisions\/611"}],"wp:attachment":[{"href":"https:\/\/www.ccs.ufpb.br\/ppgcn\/wp-json\/wp\/v2\/media?parent=53"}],"curies":[{"name":"wp","href":"https:\/\/api.w.org\/{rel}","templated":true}]}}