{"id":47,"date":"2026-01-24T09:22:38","date_gmt":"2026-01-24T12:22:38","guid":{"rendered":"https:\/\/www.ccs.ufpb.br\/ppgcn\/?page_id=47"},"modified":"2026-03-27T13:29:30","modified_gmt":"2026-03-27T16:29:30","slug":"planejamento-estrategico","status":"publish","type":"page","link":"https:\/\/www.ccs.ufpb.br\/ppgcn\/planejamento-estrategico\/","title":{"rendered":"Planejamento estrat\u00e9gico"},"content":{"rendered":"\n<p>O Planejamento Estrat\u00e9gico do PPGCN\/UFPB foi constru\u00eddo de forma participativa e alinhada ao <a href=\"https:\/\/drive.ufpb.br\/s\/7HHRqJa5RoaNo7N\">Plano de Desenvolvimento Institucional da UFPB<\/a> e \u00e0s diretrizes da \u00e1rea de avalia\u00e7\u00e3o. O processo iniciou com a defini\u00e7\u00e3o da miss\u00e3o, vis\u00e3o, valores e voca\u00e7\u00e3o do Programa, seguido pela cria\u00e7\u00e3o de uma comiss\u00e3o respons\u00e1vel por conduzir as etapas de diagn\u00f3stico, planejamento e monitoramento.<\/p>\n\n\n\n<p>A partir de uma an\u00e1lise situacional baseada em indicadores e documentos institucionais, foram definidos objetivos estrat\u00e9gicos, metas de curto, m\u00e9dio e longo prazo e a\u00e7\u00f5es para o per\u00edodo de 2025 a 2032, com foco na qualifica\u00e7\u00e3o cont\u00ednua e consolida\u00e7\u00e3o da excel\u00eancia do Programa.<\/p>\n\n\n\n<p>Os objetivos est\u00e3o organizados em tr\u00eas dimens\u00f5es principais: (1) Programa, com \u00eanfase no fortalecimento da governan\u00e7a, infraestrutura, corpo docente e processos de gest\u00e3o; (2) Forma\u00e7\u00e3o e Produ\u00e7\u00e3o Intelectual, voltada \u00e0 qualifica\u00e7\u00e3o da forma\u00e7\u00e3o discente, amplia\u00e7\u00e3o da produ\u00e7\u00e3o cient\u00edfica e internacionaliza\u00e7\u00e3o; e (3) Impacto, com foco na amplia\u00e7\u00e3o da visibilidade, parcerias estrat\u00e9gicas e contribui\u00e7\u00e3o social do Programa.<\/p>\n\n\n\n<p>Esse planejamento orienta o desenvolvimento do PPGCN\/UFPB de forma integrada, buscando elevar sua qualidade acad\u00eamica, relev\u00e2ncia cient\u00edfica e impacto social.<\/p>\n\n\n\n<div class=\"wp-block-file\"><a id=\"wp-block-file--media-34d6d142-7ea4-4526-9c9e-e05d7f44d4da\" href=\"https:\/\/www.ccs.ufpb.br\/ppgcn\/wp-content\/uploads\/sites\/21\/sites\/425\/2026\/03\/Autoavaliacao_Planejamento_Estrategico_PPGCN_2025_2029_27.03.26_aprovado-em-colegiado-1.pdf\">Para baixar o documento completo do Planejamento Estrat\u00e9gico clique aqui<\/a><a href=\"https:\/\/www.ccs.ufpb.br\/ppgcn\/wp-content\/uploads\/sites\/21\/sites\/425\/2026\/03\/Autoavaliacao_Planejamento_Estrategico_PPGCN_2025_2029_27.03.26_aprovado-em-colegiado-1.pdf\" class=\"wp-block-file__button wp-element-button\" download aria-describedby=\"wp-block-file--media-34d6d142-7ea4-4526-9c9e-e05d7f44d4da\">Baixar<\/a><\/div>\n","protected":false},"excerpt":{"rendered":"<p>O Planejamento Estrat\u00e9gico do PPGCN\/UFPB foi constru\u00eddo de forma participativa e alinhada ao Plano de [&hellip;]<\/p>\n","protected":false},"author":47,"featured_media":0,"parent":0,"menu_order":0,"comment_status":"closed","ping_status":"closed","template":"","meta":{"footnotes":""},"class_list":["post-47","page","type-page","status-publish","hentry"],"_links":{"self":[{"href":"https:\/\/www.ccs.ufpb.br\/ppgcn\/wp-json\/wp\/v2\/pages\/47","targetHints":{"allow":["GET"]}}],"collection":[{"href":"https:\/\/www.ccs.ufpb.br\/ppgcn\/wp-json\/wp\/v2\/pages"}],"about":[{"href":"https:\/\/www.ccs.ufpb.br\/ppgcn\/wp-json\/wp\/v2\/types\/page"}],"author":[{"embeddable":true,"href":"https:\/\/www.ccs.ufpb.br\/ppgcn\/wp-json\/wp\/v2\/users\/47"}],"replies":[{"embeddable":true,"href":"https:\/\/www.ccs.ufpb.br\/ppgcn\/wp-json\/wp\/v2\/comments?post=47"}],"version-history":[{"count":3,"href":"https:\/\/www.ccs.ufpb.br\/ppgcn\/wp-json\/wp\/v2\/pages\/47\/revisions"}],"predecessor-version":[{"id":877,"href":"https:\/\/www.ccs.ufpb.br\/ppgcn\/wp-json\/wp\/v2\/pages\/47\/revisions\/877"}],"wp:attachment":[{"href":"https:\/\/www.ccs.ufpb.br\/ppgcn\/wp-json\/wp\/v2\/media?parent=47"}],"curies":[{"name":"wp","href":"https:\/\/api.w.org\/{rel}","templated":true}]}}