{"id":30,"date":"2026-01-24T09:18:33","date_gmt":"2026-01-24T12:18:33","guid":{"rendered":"https:\/\/www.ccs.ufpb.br\/ppgcn\/?page_id=30"},"modified":"2026-03-18T17:10:49","modified_gmt":"2026-03-18T20:10:49","slug":"composicao-do-colegiado","status":"publish","type":"page","link":"https:\/\/www.ccs.ufpb.br\/ppgcn\/composicao-do-colegiado\/","title":{"rendered":"Composi\u00e7\u00e3o do colegiado"},"content":{"rendered":"\n<p>VINICIUS JOS\u00c9 BACCIN MARTINS (Presidente)<\/p>\n\n\n\n<p>MARIANA SOUZA LOPES (Vice-Presidente)<\/p>\n\n\n\n<figure class=\"wp-block-table\"><table class=\"has-fixed-layout\"><thead><tr><th colspan=\"2\"><strong>Professores\/as Permanentes<\/strong><\/th><\/tr><tr><th><strong>Titulares<\/strong><\/th><th><strong>Suplente<\/strong><\/th><\/tr><\/thead><tbody><tr><td>JOS\u00c9 LUIZ DE BRITO ALVES<\/td><td>RAFAELA LIRA FORMIGACAVALCANTI DE LIMA<\/td><\/tr><tr><td>DARLENE CAMATI PERSUHN<\/td><td>POLIANA DE ARA\u00daJO PALMEIRA<\/td><\/tr><tr><td>JAILANE DE SOUZA AQUINO&nbsp;<\/td><td>THATYANE MARIANO RODRIGUES DE ALBUQUERQUE<\/td><\/tr><tr><td>KATARYNE \u00c1RABE RIM\u00c1 DE&nbsp; OLIVEIRA<\/td><td>FILLIPE DE OLIVEIRA PEREIRA<\/td><\/tr><tr><td>ESTEF\u00c2NIA FERNANDES GARCIA<\/td><td>MARIA ELIEIDY GOMES DE OLIVEIRA<\/td><\/tr><tr><td><\/td><td><\/td><\/tr><tr><td colspan=\"2\"><strong>Professores\/as Colaboradores<\/strong><\/td><\/tr><tr><td>MARIA DA CONCEI\u00c7\u00c3O RODRIGUES GON\u00c7ALVES<\/td><td>ALEXANDRE S\u00c9RGIO SILVA<\/td><\/tr><tr><td>CELENE ATA\u00cdDE CORDEIRO RIBEIRO<\/td><td>NO\u00c1DIA PRISCILA ARAUJO RODRIGUES<\/td><\/tr><tr><td colspan=\"2\"><strong>Representante do corpo t\u00e9cnico-administrativo<\/strong><\/td><\/tr><tr><td>CARLOS FERNADO DA SILVA<\/td><td><\/td><\/tr><tr><td colspan=\"2\"><strong>Representante Discente no Curso de Doutorado<\/strong><\/td><\/tr><tr><td>SABRINA RADAMES FERREIRA DA SILVA<\/td><td>TALITA SILVEIRA QUEIROGA<\/td><\/tr><tr><td colspan=\"2\"><strong>Representante Discente no Curso de Mestrado<\/strong><\/td><\/tr><tr><td>MARIA CLARA SOUZA DE OLIVEIRA<\/td><td>DANIELLA DE OLIVEIRA COUTINHO<\/td><\/tr><\/tbody><\/table><\/figure>\n","protected":false},"excerpt":{"rendered":"<p>VINICIUS JOS\u00c9 BACCIN MARTINS (Presidente) MARIANA SOUZA LOPES (Vice-Presidente) Professores\/as Permanentes Titulares Suplente JOS\u00c9 LUIZ [&hellip;]<\/p>\n","protected":false},"author":47,"featured_media":0,"parent":0,"menu_order":0,"comment_status":"closed","ping_status":"closed","template":"","meta":{"footnotes":""},"class_list":["post-30","page","type-page","status-publish","hentry"],"_links":{"self":[{"href":"https:\/\/www.ccs.ufpb.br\/ppgcn\/wp-json\/wp\/v2\/pages\/30","targetHints":{"allow":["GET"]}}],"collection":[{"href":"https:\/\/www.ccs.ufpb.br\/ppgcn\/wp-json\/wp\/v2\/pages"}],"about":[{"href":"https:\/\/www.ccs.ufpb.br\/ppgcn\/wp-json\/wp\/v2\/types\/page"}],"author":[{"embeddable":true,"href":"https:\/\/www.ccs.ufpb.br\/ppgcn\/wp-json\/wp\/v2\/users\/47"}],"replies":[{"embeddable":true,"href":"https:\/\/www.ccs.ufpb.br\/ppgcn\/wp-json\/wp\/v2\/comments?post=30"}],"version-history":[{"count":4,"href":"https:\/\/www.ccs.ufpb.br\/ppgcn\/wp-json\/wp\/v2\/pages\/30\/revisions"}],"predecessor-version":[{"id":608,"href":"https:\/\/www.ccs.ufpb.br\/ppgcn\/wp-json\/wp\/v2\/pages\/30\/revisions\/608"}],"wp:attachment":[{"href":"https:\/\/www.ccs.ufpb.br\/ppgcn\/wp-json\/wp\/v2\/media?parent=30"}],"curies":[{"name":"wp","href":"https:\/\/api.w.org\/{rel}","templated":true}]}}