{"id":20,"date":"2026-01-24T09:17:45","date_gmt":"2026-01-24T12:17:45","guid":{"rendered":"https:\/\/www.ccs.ufpb.br\/ppgcn\/?page_id=20"},"modified":"2026-03-31T09:23:08","modified_gmt":"2026-03-31T12:23:08","slug":"apresentacao","status":"publish","type":"page","link":"https:\/\/www.ccs.ufpb.br\/ppgcn\/apresentacao\/","title":{"rendered":"Apresenta\u00e7\u00e3o"},"content":{"rendered":"\n<p>Em setembro do ano de 2003, o Programa de P\u00f3s-gradua\u00e7\u00e3o em Ci\u00eancias da Nutri\u00e7\u00e3o (PPGCN) &#8211; Conceito <strong>CAPES 6<\/strong>, vinculado ao Centro de Ci\u00eancias da Sa\u00fade (CCS) da Universidade Federal da Para\u00edba (UFPB) foi recomendado pelo Conselho T\u00e9cnico Cient\u00edfico da Coordena\u00e7\u00e3o de Aperfei\u00e7oamento de Pessoal de N\u00edvel Superior (CAPES), sendo inserido no Sistema Nacional de P\u00f3s-gradua\u00e7\u00e3o. No ano de 2003, o PPGCN iniciou suas atividades com o Curso de Mestrado em Ci\u00eancias da Nutri\u00e7\u00e3o, sendo que no ano de 2013 ocorreu o in\u00edcio das atividades do Curso de Doutorado em Ci\u00eancias da Nutri\u00e7\u00e3o da UFPB. As origens hist\u00f3ricas do PPGCN remontam \u00e0s a\u00e7\u00f5es do Departamento de Nutri\u00e7\u00e3o\/CCS\/UFPB, embora ao longo de seu funcionamento o PPGCN tenha primado pela autonomia nas suas a\u00e7\u00f5es atrav\u00e9s do seu corpo docente formado por pesquisadores oriundos de diversos departamentos da institui\u00e7\u00e3o, possibilitando, assim, o desenvolvimento de estudos com abordagens multi e transdisciplinares, resultando em um incremento da qualidade dos produtos gerados.<\/p>\n\n\n\n<p>Os egressos do PPGCN\/CCS\/UFPB t\u00eam sido absorvidos em institui\u00e7\u00f5es de ensino superior, em institui\u00e7\u00f5es de pesquisa, em \u00f3rg\u00e3os de gest\u00e3o em Sa\u00fade e Nutri\u00e7\u00e3o, bem como em institui\u00e7\u00f5es de assist\u00eancia em Sa\u00fade e Nutri\u00e7\u00e3o, revelando uma dimens\u00e3o social do programa e uma colabora\u00e7\u00e3o ao desenvolvimento cient\u00edfico e tecnol\u00f3gico regional e nacional. Ressalta-se tamb\u00e9m, que o PPGCN\/CCS\/UFPB t\u00eam, ao longo de sua hist\u00f3ria, se dedicado a contribuir com o avan\u00e7o social e econ\u00f4mico do Nordeste do Brasil, de modo que parte consider\u00e1vel dos estudos de pesquisa b\u00e1sica e aplicada desenvolvidos pelos seus docentes e discentes tem se relacionado com a resolu\u00e7\u00e3o de problemas espec\u00edficos da regi\u00e3o.<\/p>\n\n\n\n<p>O PPGCN\/UFPB possui a disponibilidade de bolsas de estudo para discentes em n\u00edvel mestrado e doutorado. O n\u00famero de bolsas disponibilizado para o programa \u00e9 determinado pelas ag\u00eancias nacionais (CAPES\/CNPQ). H\u00e1 ainda a possibilidade de bolsa de estudo pela Funda\u00e7\u00e3o de Amparo \u00e0 Pesquisa do Estado da Para\u00edba. O n\u00famero de bolsas de estudo \u00e9 limitado e a depender do n\u00famero de vagas ofertadas, nem todos os p\u00f3s-graduandos podem obt\u00ea-las. Assim, o programa prioriza bolsas de estudo para discentes com dedica\u00e7\u00e3o exclusiva, desta forma auxiliando na manuten\u00e7\u00e3o dos discentes sem v\u00ednculo empregat\u00edcio.<\/p>\n\n\n\n<h4 class=\"wp-block-heading\">Coordena\u00e7\u00e3o do Programa<\/h4>\n\n\n\n<p><a href=\"https:\/\/sigaa.ufpb.br\/sigaa\/public\/docente\/portal.jsf?siape=2294188\">VINICIUS JOSE BACCIN MARTINS<\/a> <\/p>\n\n\n\n<p><a href=\"https:\/\/sigaa.ufpb.br\/sigaa\/public\/docente\/portal.jsf?siape=3305510\">MARIANA SOUZA LOPES<\/a><\/p>\n\n\n\n<ul id=\"coordenadores\" class=\"wp-block-list\"><\/ul>\n\n\n\n<p class=\"has-medium-font-size\"><strong>Grupo Gestor<\/strong><\/p>\n\n\n\n<p><a href=\"https:\/\/sigaa.ufpb.br\/sigaa\/public\/docente\/portal.jsf?siape=2294188\">VINICIUS JOSE BACCIN MARTINS<\/a><\/p>\n\n\n\n<p><a href=\"https:\/\/sigaa.ufpb.br\/sigaa\/public\/docente\/portal.jsf?siape=3305510\">MARIANA SOUZA LOPES<\/a><\/p>\n\n\n\n<p><strong><a href=\"http:\/\/buscatextual.cnpq.br\/buscatextual\/visualizacv.do?id=K4216644A8\">JOSE LUIZ DE BRITO ALVES<\/a><\/strong><\/p>\n\n\n\n<p><strong><a href=\"http:\/\/lattes.cnpq.br\/1572879054255587\">MARIA ELIEIDY GOMES DE OLIVEIRA<\/a><\/strong><\/p>\n","protected":false},"excerpt":{"rendered":"<p>Em setembro do ano de 2003, o Programa de P\u00f3s-gradua\u00e7\u00e3o em Ci\u00eancias da Nutri\u00e7\u00e3o (PPGCN) [&hellip;]<\/p>\n","protected":false},"author":47,"featured_media":0,"parent":0,"menu_order":0,"comment_status":"closed","ping_status":"closed","template":"","meta":{"footnotes":""},"class_list":["post-20","page","type-page","status-publish","hentry"],"_links":{"self":[{"href":"https:\/\/www.ccs.ufpb.br\/ppgcn\/wp-json\/wp\/v2\/pages\/20","targetHints":{"allow":["GET"]}}],"collection":[{"href":"https:\/\/www.ccs.ufpb.br\/ppgcn\/wp-json\/wp\/v2\/pages"}],"about":[{"href":"https:\/\/www.ccs.ufpb.br\/ppgcn\/wp-json\/wp\/v2\/types\/page"}],"author":[{"embeddable":true,"href":"https:\/\/www.ccs.ufpb.br\/ppgcn\/wp-json\/wp\/v2\/users\/47"}],"replies":[{"embeddable":true,"href":"https:\/\/www.ccs.ufpb.br\/ppgcn\/wp-json\/wp\/v2\/comments?post=20"}],"version-history":[{"count":9,"href":"https:\/\/www.ccs.ufpb.br\/ppgcn\/wp-json\/wp\/v2\/pages\/20\/revisions"}],"predecessor-version":[{"id":914,"href":"https:\/\/www.ccs.ufpb.br\/ppgcn\/wp-json\/wp\/v2\/pages\/20\/revisions\/914"}],"wp:attachment":[{"href":"https:\/\/www.ccs.ufpb.br\/ppgcn\/wp-json\/wp\/v2\/media?parent=20"}],"curies":[{"name":"wp","href":"https:\/\/api.w.org\/{rel}","templated":true}]}}