{"id":121,"date":"2026-01-24T09:48:43","date_gmt":"2026-01-24T12:48:43","guid":{"rendered":"https:\/\/www.ccs.ufpb.br\/ppgcn\/?page_id=121"},"modified":"2026-02-17T11:19:37","modified_gmt":"2026-02-17T14:19:37","slug":"convenios-e-parcerias","status":"publish","type":"page","link":"https:\/\/www.ccs.ufpb.br\/ppgcn\/convenios-e-parcerias\/","title":{"rendered":"Conv\u00eanios e parcerias"},"content":{"rendered":"\n<hr class=\"wp-block-separator has-alpha-channel-opacity\" \/>\n\n\n<div class=\"wp-block-image\">\n<figure class=\"aligncenter size-full\"><img loading=\"lazy\" decoding=\"async\" width=\"250\" height=\"167\" src=\"https:\/\/www.ccs.ufpb.br\/ppgcn\/wp-content\/uploads\/sites\/21\/sites\/425\/2026\/02\/download-2.png\" alt=\"\" class=\"wp-image-438\" \/><\/figure>\n<\/div>\n\n\n<p><strong>Projeto:\u00a0Coopera\u00e7\u00e3o Brasil-Fran\u00e7a para avalia\u00e7\u00e3o translacional de probi\u00f3ticos e prebi\u00f3ticos. Projeto de pesquisa aprovado no edital 32\/2022 da Coordena\u00e7\u00e3o de Aperfei\u00e7oamento de Pessoal de N\u00edvel Superior (CAPES\/COFECUB).<\/strong><\/p>\n\n\n\n<p><strong>Docentes do PPGCN\/UFPB:<\/strong>&nbsp;Prof.\u00aa Dr.\u00aa Marciane Magnani, Prof.\u00ba Dr.\u00ba Jos\u00e9 Luiz de Brito Alves e Prof.\u00aa Dr.\u00aa Jailane de Souza Aquino.<\/p>\n\n\n\n<p><strong>Pesquisadores internacionais:<\/strong>&nbsp;Hubert Vidal, C\u00e9cile Vors, Marie-Caroline Michalski e Nazare Julie-Anne (Fran\u00e7a).<\/p>\n\n\n\n<hr class=\"wp-block-separator has-alpha-channel-opacity\" \/>\n\n\n<div class=\"wp-block-image\">\n<figure class=\"aligncenter size-full\"><img decoding=\"async\" src=\"https:\/\/www.ccs.ufpb.br\/ppgcn\/wp-content\/uploads\/sites\/21\/sites\/425\/2026\/02\/images-2.png\" alt=\"\" class=\"wp-image-439\" \/><\/figure>\n<\/div>\n\n\n<p><strong>Projeto:\u00a0Comportamento de Salmonella enterica e norov\u00edrus (NoV) em vegetais minimamente processados e materiais de embalagens prim\u00e1rias em fun\u00e7\u00e3o da umidade relativa e temperatura de armazenamento. Projeto de pesquisa aprovado na chamada 09\/2021 do Conselho Nacional de Desenvolvimento Cient\u00edfico e Tecnol\u00f3gico (CNPq).<\/strong><\/p>\n\n\n\n<p><strong>Docente do PPGCN\/UFPB:<\/strong>&nbsp;Prof.\u00aa Dr.\u00aa Marciane Magnani.<\/p>\n\n\n\n<p><strong>Pesquisador internacional:<\/strong>&nbsp;Donald Schaffner (Estados Unidos).<\/p>\n\n\n\n<p><strong>Projeto:\u00a0IFMSA &#8211; International Federation of Medical Students&#8217; Association Projects.<\/strong><\/p>\n\n\n\n<p><strong>Pesquisadores internacionais<\/strong>: Sarah Schott (Estados Unidos).<\/p>\n\n\n\n<p><strong>Docentes do PPGCN\/UFPB:&nbsp;<\/strong>Prof.\u00aa Dr.\u00aa Marciane Magnani, Profa. Jaialane de Souza Aquino.<\/p>\n\n\n\n<p><strong>Projeto:\u00a0Pathways to scale up integrated early childhood development programs (Award Number: R00HD097301).<\/strong><\/p>\n\n\n\n<p>Docentes do PPGCN\/UFPB:\u00a0Poliana de Ara\u00fajo Palmeira.<\/p>\n\n\n\n<p>Pesquisadores Internacionais:\u00a0Gabriela Buccini e Rafael P\u00e9rez-Escamilla (Estados Unidos).<\/p>\n\n\n\n<p><a href=\"https:\/\/taggs.hhs.gov\/Detail\/AwardDetail?arg_AwardNum=R00HD097301&amp;arg_ProgOfficeCode=50\">Saiba mais<\/a><\/p>\n\n\n\n<hr class=\"wp-block-separator has-alpha-channel-opacity\" \/>\n\n\n<div class=\"wp-block-image\">\n<figure class=\"aligncenter size-full\"><img loading=\"lazy\" decoding=\"async\" width=\"250\" height=\"143\" src=\"https:\/\/www.ccs.ufpb.br\/ppgcn\/wp-content\/uploads\/sites\/21\/sites\/425\/2026\/02\/download-1-1.png\" alt=\"\" class=\"wp-image-441\" \/><\/figure>\n<\/div>\n\n\n<p><strong>Projeto:<\/strong>&nbsp;Bebida de palma (Opuntia ficus-indica) com potencial prebi\u00f3tico: elabora\u00e7\u00e3o, vida de prateleira, bioatividade e efeitos sobre o eixo intestino-c\u00e9rebro de ratos com obesidade. Projeto de pesquisa aprovado na chamada 09\/2021 do CNPq.<\/p>\n\n\n\n<p><strong>Docente do PPGCN\/UFPB:<\/strong>&nbsp;Prof.\u00aa Dr.\u00aa Jailane de Souza Aquino e Marciane Magnani.<\/p>\n\n\n\n<p><strong>Pesquisadores internacionais:<\/strong>&nbsp;Omar Guzman-Quevedo e H\u00e9ctor Bernardo Escalona Buend\u00eda (M\u00e9xico).<\/p>\n\n\n\n<hr class=\"wp-block-separator has-alpha-channel-opacity\" \/>\n\n\n\n<hr class=\"wp-block-separator has-alpha-channel-opacity\" \/>\n\n\n\n<div class=\"wp-block-columns is-layout-flex wp-container-core-columns-is-layout-9d6595d7 wp-block-columns-is-layout-flex\">\n<div class=\"wp-block-column is-layout-flow wp-block-column-is-layout-flow\">\n<figure class=\"wp-block-image size-full\"><img decoding=\"async\" src=\"https:\/\/www.ccs.ufpb.br\/ppgcn\/wp-content\/uploads\/sites\/21\/sites\/425\/2026\/02\/download-3.png\" alt=\"\" class=\"wp-image-451\" \/><\/figure>\n<\/div>\n\n\n\n<div class=\"wp-block-column is-layout-flow wp-block-column-is-layout-flow\">\n<figure class=\"wp-block-image size-full\"><img loading=\"lazy\" decoding=\"async\" width=\"275\" height=\"183\" src=\"https:\/\/www.ccs.ufpb.br\/ppgcn\/wp-content\/uploads\/sites\/21\/sites\/425\/2026\/02\/download-4.png\" alt=\"\" class=\"wp-image-452\" \/><\/figure>\n<\/div>\n\n\n\n<div class=\"wp-block-column is-layout-flow wp-block-column-is-layout-flow\">\n<figure class=\"wp-block-image size-full\"><img loading=\"lazy\" decoding=\"async\" width=\"275\" height=\"183\" src=\"https:\/\/www.ccs.ufpb.br\/ppgcn\/wp-content\/uploads\/sites\/21\/sites\/425\/2026\/02\/download-5.png\" alt=\"\" class=\"wp-image-453\" \/><\/figure>\n<\/div>\n<\/div>\n\n\n\n<div class=\"wp-block-columns is-layout-flex wp-container-core-columns-is-layout-9d6595d7 wp-block-columns-is-layout-flex\">\n<div class=\"wp-block-column is-layout-flow wp-block-column-is-layout-flow\">\n<figure class=\"wp-block-image size-full\"><img loading=\"lazy\" decoding=\"async\" width=\"284\" height=\"177\" src=\"https:\/\/www.ccs.ufpb.br\/ppgcn\/wp-content\/uploads\/sites\/21\/sites\/425\/2026\/02\/download-7.png\" alt=\"\" class=\"wp-image-454\" \/><\/figure>\n<\/div>\n\n\n\n<div class=\"wp-block-column is-layout-flow wp-block-column-is-layout-flow\">\n<figure class=\"wp-block-image size-full\"><img loading=\"lazy\" decoding=\"async\" width=\"318\" height=\"159\" src=\"https:\/\/www.ccs.ufpb.br\/ppgcn\/wp-content\/uploads\/sites\/21\/sites\/425\/2026\/02\/download-6.png\" alt=\"\" class=\"wp-image-455\" srcset=\"https:\/\/www.ccs.ufpb.br\/ppgcn\/wp-content\/uploads\/sites\/21\/sites\/425\/2026\/02\/download-6.png 318w, https:\/\/www.ccs.ufpb.br\/ppgcn\/wp-content\/uploads\/sites\/21\/sites\/425\/2026\/02\/download-6-300x150.png 300w\" sizes=\"auto, (max-width: 318px) 100vw, 318px\" \/><\/figure>\n<\/div>\n\n\n\n<div class=\"wp-block-column is-layout-flow wp-block-column-is-layout-flow\"><\/div>\n<\/div>\n\n\n\n<p><\/p>\n\n\n\n<p><strong>Projeto:\u00a0Red Iberoamericana de Innovaci\u00f3n para la Sostenibilidad de la Cadena de Valor de Alimentos Vegetales. &#8211; Projeto Red Cyted P322RT0019.<\/strong><\/p>\n\n\n\n<p><strong>Docente do PPGCN\/UFPB:<\/strong>&nbsp;Evandro Leite de Souza.<\/p>\n\n\n\n<p><strong>Pesquisadores internacionais:<\/strong>&nbsp;Maria Cecilia Puppo (Argentina), Luc\u00eda Cassani (Espanha), Paula Cristina Machado Ferreira Castilho (Portugal), Jesus Simal-Gandara (Espanha) \/ Alejandra Medrano (Uruguai) Rolando Cifuentes (Guatemala) e Hector Gomez Gomez (Honduras).<\/p>\n\n\n\n<hr class=\"wp-block-separator has-alpha-channel-opacity\" \/>\n\n\n<div class=\"wp-block-image\">\n<figure class=\"aligncenter size-full\"><img loading=\"lazy\" decoding=\"async\" width=\"275\" height=\"183\" src=\"https:\/\/www.ccs.ufpb.br\/ppgcn\/wp-content\/uploads\/sites\/21\/sites\/425\/2026\/02\/images-3.png\" alt=\"\" class=\"wp-image-448\" \/><\/figure>\n<\/div>\n\n\n<p><strong>Projeto:<\/strong>&nbsp;Rede de coopera\u00e7\u00e3o internacional para investiga\u00e7\u00e3o de novos nutrac\u00eauticos com alvo na modula\u00e7\u00e3o do microbioma intestinal e de seus potenciais impactos na s\u00edndrome metab\u00f3lica &#8211; Projeto aprovado na Chamada P\u00fablica MCTI\/CNPq n 12\/2023 Apoio a Projetos Internacionais de Pesquisa Cient\u00edfica, Tecnol\u00f3gica e de Inova\u00e7\u00e3o &#8211; Faixa 1: Projeto em Coopera\u00e7\u00e3o (Processo 441379\/2023-0).<\/p>\n\n\n\n<p><strong>Docentes do PPGCN\/UFPB:<\/strong>&nbsp;Evandro Leite de Souza e Jos\u00e9 Luiz de Brito Alves<\/p>\n\n\n\n<p><strong>Pesquisadores Internacionais:<\/strong>&nbsp;Vincenzina Fusco, Francesca Fanelli e Linda Monaci (It\u00e1lia)<\/p>\n\n\n\n<hr class=\"wp-block-separator has-alpha-channel-opacity\" \/>\n\n\n<div class=\"wp-block-image\">\n<figure class=\"aligncenter size-full\"><img loading=\"lazy\" decoding=\"async\" width=\"303\" height=\"166\" src=\"https:\/\/www.ccs.ufpb.br\/ppgcn\/wp-content\/uploads\/sites\/21\/sites\/425\/2026\/02\/download-2-1.png\" alt=\"\" class=\"wp-image-445\" srcset=\"https:\/\/www.ccs.ufpb.br\/ppgcn\/wp-content\/uploads\/sites\/21\/sites\/425\/2026\/02\/download-2-1.png 303w, https:\/\/www.ccs.ufpb.br\/ppgcn\/wp-content\/uploads\/sites\/21\/sites\/425\/2026\/02\/download-2-1-300x164.png 300w\" sizes=\"auto, (max-width: 303px) 100vw, 303px\" \/><\/figure>\n<\/div>\n\n\n<p><strong>Projeto:\u00a0Efic\u00e1cia de monoterpenos como alternativa para el control de hongos contaminantes de alimentos productores de aflatoxinas. Projeto aprovado pelo CONACYT, Paraguai.<\/strong><\/p>\n\n\n\n<p><strong>Docentes do PPGCN\/UFPB:<\/strong>&nbsp;Fillipe de Oliveira Pereira<\/p>\n\n\n\n<p><strong>Pesquisadores Internacionais:<\/strong>&nbsp;Juliana Moura Mendes Arrua, Cinthia Carolina Cazal Mart\u00ednez e Andrea Alejandra Arr\u00faa Alvarenga (Paraguai).<\/p>\n\n\n\n<p><a href=\"https:\/\/cemit.una.py\/bioprosnat\/\">Saiba mais<\/a><\/p>\n\n\n\n<hr class=\"wp-block-separator has-alpha-channel-opacity\" \/>\n\n\n\n<p><\/p>\n","protected":false},"excerpt":{"rendered":"<p>Projeto:\u00a0Coopera\u00e7\u00e3o Brasil-Fran\u00e7a para avalia\u00e7\u00e3o translacional de probi\u00f3ticos e prebi\u00f3ticos. Projeto de pesquisa aprovado no edital [&hellip;]<\/p>\n","protected":false},"author":47,"featured_media":0,"parent":0,"menu_order":0,"comment_status":"closed","ping_status":"closed","template":"","meta":{"footnotes":""},"class_list":["post-121","page","type-page","status-publish","hentry"],"_links":{"self":[{"href":"https:\/\/www.ccs.ufpb.br\/ppgcn\/wp-json\/wp\/v2\/pages\/121","targetHints":{"allow":["GET"]}}],"collection":[{"href":"https:\/\/www.ccs.ufpb.br\/ppgcn\/wp-json\/wp\/v2\/pages"}],"about":[{"href":"https:\/\/www.ccs.ufpb.br\/ppgcn\/wp-json\/wp\/v2\/types\/page"}],"author":[{"embeddable":true,"href":"https:\/\/www.ccs.ufpb.br\/ppgcn\/wp-json\/wp\/v2\/users\/47"}],"replies":[{"embeddable":true,"href":"https:\/\/www.ccs.ufpb.br\/ppgcn\/wp-json\/wp\/v2\/comments?post=121"}],"version-history":[{"count":10,"href":"https:\/\/www.ccs.ufpb.br\/ppgcn\/wp-json\/wp\/v2\/pages\/121\/revisions"}],"predecessor-version":[{"id":457,"href":"https:\/\/www.ccs.ufpb.br\/ppgcn\/wp-json\/wp\/v2\/pages\/121\/revisions\/457"}],"wp:attachment":[{"href":"https:\/\/www.ccs.ufpb.br\/ppgcn\/wp-json\/wp\/v2\/media?parent=121"}],"curies":[{"name":"wp","href":"https:\/\/api.w.org\/{rel}","templated":true}]}}