{"id":119,"date":"2026-01-24T09:48:33","date_gmt":"2026-01-24T12:48:33","guid":{"rendered":"https:\/\/www.ccs.ufpb.br\/ppgcn\/?page_id=119"},"modified":"2026-03-31T13:49:56","modified_gmt":"2026-03-31T16:49:56","slug":"mobilidade-internacional","status":"publish","type":"page","link":"https:\/\/www.ccs.ufpb.br\/ppgcn\/mobilidade-internacional\/","title":{"rendered":"Mobilidade internacional"},"content":{"rendered":"\n<h2 class=\"wp-block-heading\"><div class=\"linha-header\">Discentes, egressos ou docentes em mobilidade internacional<\/div><\/h2>\n\n\n\n<p>Conhe\u00e7a discentes, egressos e docentes em mobilidade internacional, destacando suas experi\u00eancias acad\u00eamicas e contribui\u00e7\u00f5es para a internacionaliza\u00e7\u00e3o do programa.<\/p>\n\n\n\n<details class=\"wp-block-details is-layout-flow wp-block-details-is-layout-flow\"><summary><strong>Quadri\u00eanio 2025-2028<\/strong><\/summary>\n<p><\/p>\n\n\n\n<p>Em 2025, a Professora Jailane de Souza Aquino realizou miss\u00e3o de trabalho no exterior no per\u00edodo de 08 a 27\/10\/2025, na Universit\u00e9 Claude Bernard Lyon 1 \u2013 CarMeN Laboratoire (Cardiovasculaire, M\u00e9tabolisme, Diab\u00e9tologie et Nutrition), na Fran\u00e7a.<\/p>\n\n\n\n<div class=\"wp-block-media-text is-stacked-on-mobile\"><figure class=\"wp-block-media-text__media\"><img loading=\"lazy\" decoding=\"async\" width=\"446\" height=\"453\" src=\"https:\/\/www.ccs.ufpb.br\/ppgcn\/wp-content\/uploads\/sites\/21\/sites\/425\/2026\/03\/Jaila-1.jpg\" alt=\"\" class=\"wp-image-849 size-full\" srcset=\"https:\/\/www.ccs.ufpb.br\/ppgcn\/wp-content\/uploads\/sites\/21\/sites\/425\/2026\/03\/Jaila-1.jpg 446w, https:\/\/www.ccs.ufpb.br\/ppgcn\/wp-content\/uploads\/sites\/21\/sites\/425\/2026\/03\/Jaila-1-295x300.jpg 295w\" sizes=\"auto, (max-width: 446px) 100vw, 446px\" \/><\/figure><div class=\"wp-block-media-text__content\">\n<p>&#8220;<em>A miss\u00e3o cient\u00edfica realizada em Lyon fortaleceu significativamente a coopera\u00e7\u00e3o internacional entre o LANEX\/UFPB e o CarMeN\/ Universit\u00e9 Claude Bernard, promovendo avan\u00e7os relevantes em pesquisas sobre prebi\u00f3ticos. As atividades desenvolvidas ampliaram a forma\u00e7\u00e3o acad\u00eamica e impulsionaram produ\u00e7\u00f5es cient\u00edficas, contribuindo diretamente para a internacionaliza\u00e7\u00e3o institucional no PPGN&#8221;.<\/em><\/p>\n\n\n\n<p class=\"has-text-align-right\"><strong>Jailane de Souza Aquino<\/strong><\/p>\n<\/div><\/div>\n\n\n\n<div class=\"wp-block-columns is-layout-flex wp-container-core-columns-is-layout-9d6595d7 wp-block-columns-is-layout-flex\">\n<div class=\"wp-block-column is-layout-flow wp-block-column-is-layout-flow\">\n<figure class=\"wp-block-image size-full is-resized\"><img loading=\"lazy\" decoding=\"async\" width=\"566\" height=\"419\" src=\"https:\/\/www.ccs.ufpb.br\/ppgcn\/wp-content\/uploads\/sites\/21\/sites\/425\/2026\/03\/Jaila-2.jpg\" alt=\"\" class=\"wp-image-850\" style=\"aspect-ratio:1.3508424776638484;width:323px;height:auto\" srcset=\"https:\/\/www.ccs.ufpb.br\/ppgcn\/wp-content\/uploads\/sites\/21\/sites\/425\/2026\/03\/Jaila-2.jpg 566w, https:\/\/www.ccs.ufpb.br\/ppgcn\/wp-content\/uploads\/sites\/21\/sites\/425\/2026\/03\/Jaila-2-300x222.jpg 300w\" sizes=\"auto, (max-width: 566px) 100vw, 566px\" \/><\/figure>\n<\/div>\n\n\n\n<div class=\"wp-block-column is-layout-flow wp-block-column-is-layout-flow\">\n<figure class=\"wp-block-image size-full\"><img loading=\"lazy\" decoding=\"async\" width=\"563\" height=\"385\" src=\"https:\/\/www.ccs.ufpb.br\/ppgcn\/wp-content\/uploads\/sites\/21\/sites\/425\/2026\/03\/Jaila-3.jpg\" alt=\"\" class=\"wp-image-851\" srcset=\"https:\/\/www.ccs.ufpb.br\/ppgcn\/wp-content\/uploads\/sites\/21\/sites\/425\/2026\/03\/Jaila-3.jpg 563w, https:\/\/www.ccs.ufpb.br\/ppgcn\/wp-content\/uploads\/sites\/21\/sites\/425\/2026\/03\/Jaila-3-300x205.jpg 300w\" sizes=\"auto, (max-width: 563px) 100vw, 563px\" \/><\/figure>\n<\/div>\n<\/div>\n\n\n\n<p><\/p>\n<\/details>\n\n\n\n<details class=\"wp-block-details is-layout-flow wp-block-details-is-layout-flow\"><summary><strong>Quadri\u00eanio 2020-2024<\/strong><\/summary>\n<p><\/p>\n\n\n\n<p>No ano de 2022, a discente Maria Augusta Correa Barroso Magno Viana realizou Doutorado Sandu\u00edche no Exterior (vig\u00eancia setembro\/2022 &#8211; fevereiro\/2023) na <em>McGill University Health Centre<\/em>, Montreal, Canada, sob supervis\u00e3o do Prof. Hugo Ramiro Melgar-Qui\u00f1ozes.<\/p>\n\n\n\n<p>No ano de 2023, o discente Paulo C\u00e9sar Trindade da Costa realizou Doutorado Sandu\u00edche no Exterior (vig\u00eancia entre outubro\/2023 &#8211; setembro\/2024) no Laboratoire CarMeN (Cardiovasculaire, M\u00e9tabolisme, Diab\u00e8te et Nutrition), da <em>Universit\u00e9 Claude Bernard Lyon<\/em> 1, sob supervis\u00e3o do Prof. Hubert Vidal. <\/p>\n\n\n\n<div class=\"wp-block-media-text is-stacked-on-mobile\" style=\"grid-template-columns:26% auto\"><figure class=\"wp-block-media-text__media\"><img loading=\"lazy\" decoding=\"async\" width=\"282\" height=\"436\" src=\"https:\/\/www.ccs.ufpb.br\/ppgcn\/wp-content\/uploads\/sites\/21\/sites\/425\/2026\/03\/1cd879bb-b877-47b9-a642-ddcb70da2c41-1.jpeg\" alt=\"\" class=\"wp-image-694 size-full\" srcset=\"https:\/\/www.ccs.ufpb.br\/ppgcn\/wp-content\/uploads\/sites\/21\/sites\/425\/2026\/03\/1cd879bb-b877-47b9-a642-ddcb70da2c41-1.jpeg 282w, https:\/\/www.ccs.ufpb.br\/ppgcn\/wp-content\/uploads\/sites\/21\/sites\/425\/2026\/03\/1cd879bb-b877-47b9-a642-ddcb70da2c41-1-194x300.jpeg 194w\" sizes=\"auto, (max-width: 282px) 100vw, 282px\" \/><\/figure><div class=\"wp-block-media-text__content\">\n<p><\/p>\n\n\n\n<p>\u201c<em>O doutorado sandu\u00edche foi uma experi\u00eancia extremamente enriquecedora, que me proporcionou aprendizado junto a pesquisadores de destaque na \u00e1rea de ci\u00eancias \u00f4micas, especialmente em gen\u00f4mica e metabol\u00f4mica. A viv\u00eancia internacional ampliou minha vis\u00e3o cient\u00edfica e cultural, al\u00e9m de fortalecer minha forma\u00e7\u00e3o acad\u00eamica. Recomendo fortemente essa experi\u00eancia a todos os estudantes do PPGCN<\/em>.\u201d<\/p>\n\n\n\n<p class=\"has-text-align-right\"><strong>Paulo C\u00e9sar Trindade da Costa<\/strong><\/p>\n<\/div><\/div>\n\n\n\n<p>Neste ano&nbsp;a doutoranda Mariana Andrea Diaz, pesquisadora do Laborat\u00f3rio de Biocontrol de Citrus (PROIMI \u2013 CONICET &#8211; Argentina; https:\/\/proimi.conicet.gov.ar\/laboratorio-de-biocontrol-de-citrus\/ \u2013 Tucum\u00e3\/Argentina), realizou miss\u00e3o com dura\u00e7\u00e3o de tr\u00eas meses (julho \u2013 setembro) no Laborat\u00f3rio de Microbiologia e Bioqu\u00edmica de Alimentos (Depto. de Nutri\u00e7\u00e3o\/CCS\/UFPB), sob a supervis\u00e3o do Prof. Evandro L. de Souza.&nbsp;<\/p>\n\n\n\n<figure class=\"wp-block-image size-large\"><img loading=\"lazy\" decoding=\"async\" width=\"1024\" height=\"768\" src=\"https:\/\/www.ccs.ufpb.br\/ppgcn\/wp-content\/uploads\/sites\/21\/sites\/425\/2026\/03\/WhatsApp-Image-2026-03-23-at-16.40.45-1024x768.jpeg\" alt=\"\" class=\"wp-image-735\" srcset=\"https:\/\/www.ccs.ufpb.br\/ppgcn\/wp-content\/uploads\/sites\/21\/sites\/425\/2026\/03\/WhatsApp-Image-2026-03-23-at-16.40.45-1024x768.jpeg 1024w, https:\/\/www.ccs.ufpb.br\/ppgcn\/wp-content\/uploads\/sites\/21\/sites\/425\/2026\/03\/WhatsApp-Image-2026-03-23-at-16.40.45-300x225.jpeg 300w, https:\/\/www.ccs.ufpb.br\/ppgcn\/wp-content\/uploads\/sites\/21\/sites\/425\/2026\/03\/WhatsApp-Image-2026-03-23-at-16.40.45-768x576.jpeg 768w, https:\/\/www.ccs.ufpb.br\/ppgcn\/wp-content\/uploads\/sites\/21\/sites\/425\/2026\/03\/WhatsApp-Image-2026-03-23-at-16.40.45-1536x1152.jpeg 1536w, https:\/\/www.ccs.ufpb.br\/ppgcn\/wp-content\/uploads\/sites\/21\/sites\/425\/2026\/03\/WhatsApp-Image-2026-03-23-at-16.40.45.jpeg 1600w\" sizes=\"auto, (max-width: 1024px) 100vw, 1024px\" \/><\/figure>\n\n\n\n<p><\/p>\n\n\n\n<p>Em 2024, o discente Jackson Silva Lima Laurentino iniciou doutoramento sandu\u00edche por meio do programa de bolsas da Embaixada da Fran\u00e7a no Brasil,&nbsp;no INRAE (France&#8217;s National Research Institute for Agriculture, Food and Environment) sob a supervis\u00e3o do pesquisador Pierre Levasseur.&nbsp;Os discentes Jos\u00e9 Patroc\u00ednio Ribeiro Cruz Neto e Maria Leticia da Veiga Dutra iniciaram o doutoramento Sanduiche no Exterior no Laboratoire CarMeN, sob subervis\u00e3o do Prof. Hubert Vidal.&nbsp;<\/p>\n\n\n\n<div class=\"wp-block-media-text is-stacked-on-mobile\"><figure class=\"wp-block-media-text__media\"><img loading=\"lazy\" decoding=\"async\" width=\"768\" height=\"1024\" src=\"https:\/\/www.ccs.ufpb.br\/ppgcn\/wp-content\/uploads\/sites\/21\/sites\/425\/2026\/03\/qPCR-768x1024.jpeg\" alt=\"\" class=\"wp-image-868 size-full\" srcset=\"https:\/\/www.ccs.ufpb.br\/ppgcn\/wp-content\/uploads\/sites\/21\/sites\/425\/2026\/03\/qPCR-768x1024.jpeg 768w, https:\/\/www.ccs.ufpb.br\/ppgcn\/wp-content\/uploads\/sites\/21\/sites\/425\/2026\/03\/qPCR-225x300.jpeg 225w, https:\/\/www.ccs.ufpb.br\/ppgcn\/wp-content\/uploads\/sites\/21\/sites\/425\/2026\/03\/qPCR-1152x1536.jpeg 1152w, https:\/\/www.ccs.ufpb.br\/ppgcn\/wp-content\/uploads\/sites\/21\/sites\/425\/2026\/03\/qPCR.jpeg 1200w\" sizes=\"auto, (max-width: 768px) 100vw, 768px\" \/><\/figure><div class=\"wp-block-media-text__content\">\n<p>&#8220;<em>O per\u00edodo sob supervis\u00e3o do Dr. Hubert Vidal no laborat\u00f3rio CarMeN foi rico em aprendizados acad\u00eamicos, cient\u00edficos e t\u00e9cnicos. No referido laborat\u00f3rio tive a oportunidade de aprender t\u00e9cnicas como RT-qPCR, sequenciamento 16S rRNA e metabol\u00f4mica. O aprendizado dessas t\u00e9cnicas foram de grande valia para minha forma\u00e7\u00e3o t\u00e9cnica, al\u00e9m de contribuir substancialmente com a qualidade da minha tese. Al\u00e9m disso, as reuni\u00f5es cient\u00edficas realizadas semanalmente com toda a equipe do laborat\u00f3rio contribu\u00edram muito para o avan\u00e7o do meu entendimento sobre ci\u00eancia e pesquisa. Por fim, a viv\u00eancia de imers\u00e3o&nbsp;em outro pa\u00eds e outra cultura me tornaram um ser humano melhor e com uma vis\u00e3o amplificada de mundo&#8221;.&nbsp;<\/em><\/p>\n\n\n\n<p class=\"has-text-align-right\"><strong>Jos\u00e9 Patrocinio Ribeiro Cruz Neto&nbsp;<\/strong><\/p>\n<\/div><\/div>\n\n\n\n<div class=\"wp-block-media-text has-media-on-the-right is-stacked-on-mobile\"><div class=\"wp-block-media-text__content\">\n<p>&#8220;<em>Minha experi\u00eancia no doutorado sandu\u00edche no laborat\u00f3rio CarMeN foi extremamente enriquecedora, permitindo o aprendizado de novas t\u00e9cnicas de an\u00e1lise e o aprimoramento em an\u00e1lises de dados mais complexas. Durante esse per\u00edodo na Fran\u00e7a, tive a orienta\u00e7\u00e3o do Prof. Dr. Hubert Vidal, com quem aprendi muito e ampliei minha forma\u00e7\u00e3o cient\u00edfica. Al\u00e9m disso, apresentei resultados do meu projeto de tese em semin\u00e1rios promovidos pelo laborat\u00f3rio. Foi uma viv\u00eancia de grande crescimento profissional e pessoal<\/em>&#8220;.<\/p>\n\n\n\n<p class=\"has-text-align-center\"><strong>Maria Let\u00edcia da Veiga Dutra<\/strong><\/p>\n<\/div><figure class=\"wp-block-media-text__media\"><img loading=\"lazy\" decoding=\"async\" width=\"1024\" height=\"768\" src=\"https:\/\/www.ccs.ufpb.br\/ppgcn\/wp-content\/uploads\/sites\/21\/sites\/425\/2026\/03\/929a8c22-35e4-4f09-95fa-6ddd2ce7d65d-1024x768.jpg\" alt=\"\" class=\"wp-image-718 size-full\" srcset=\"https:\/\/www.ccs.ufpb.br\/ppgcn\/wp-content\/uploads\/sites\/21\/sites\/425\/2026\/03\/929a8c22-35e4-4f09-95fa-6ddd2ce7d65d-1024x768.jpg 1024w, https:\/\/www.ccs.ufpb.br\/ppgcn\/wp-content\/uploads\/sites\/21\/sites\/425\/2026\/03\/929a8c22-35e4-4f09-95fa-6ddd2ce7d65d-300x225.jpg 300w, https:\/\/www.ccs.ufpb.br\/ppgcn\/wp-content\/uploads\/sites\/21\/sites\/425\/2026\/03\/929a8c22-35e4-4f09-95fa-6ddd2ce7d65d-768x576.jpg 768w, https:\/\/www.ccs.ufpb.br\/ppgcn\/wp-content\/uploads\/sites\/21\/sites\/425\/2026\/03\/929a8c22-35e4-4f09-95fa-6ddd2ce7d65d-1536x1152.jpg 1536w, https:\/\/www.ccs.ufpb.br\/ppgcn\/wp-content\/uploads\/sites\/21\/sites\/425\/2026\/03\/929a8c22-35e4-4f09-95fa-6ddd2ce7d65d-2048x1536.jpg 2048w\" sizes=\"auto, (max-width: 1024px) 100vw, 1024px\" \/><\/figure><\/div>\n\n\n\n<p>Ainda em 2024 a discente Jade Morais Alves, iniciou doutoramento Sandu\u00edche no Exterior na College of Biotechnology of the Universidade Cat\u00f3lica Portuguesa (ESB-UCP), sob supervis\u00e3o da Profa. Maria Manuela Estevez Pintado.&nbsp;<\/p>\n\n\n\n<div class=\"wp-block-media-text has-media-on-the-right is-stacked-on-mobile\" style=\"grid-template-columns:auto 34%\"><div class=\"wp-block-media-text__content\">\n<p>&#8220;<em>Minha experi\u00eancia na UCP, sob orienta\u00e7\u00e3o da Professora Manuela Pintado e mentoria da Dra. Adma Melo, foi incr\u00edvel, desafiadora e promissora. Tive acesso a uma infraestrutura que me permitiu realizar, de forma aut\u00f4noma, an\u00e1lises que n\u00e3o seriam poss\u00edveis no meu laborat\u00f3rio de origem, conduzindo experimentos integralmente sem necessidade de terceiriza\u00e7\u00e3o. O contato com um ambiente acad\u00eamico internacional ampliou minha vis\u00e3o sobre ci\u00eancia e possibilidades de carreira, e a intera\u00e7\u00e3o com doutorandos de outros pa\u00edses foi culturalmente enriquecedora. Esse per\u00edodo contribuiu para meu amadurecimento acad\u00eamico e desenvolvimento pessoal, foi um sonho realizado<\/em>.&#8221;<\/p>\n\n\n\n<p class=\"has-text-align-right\"><strong>Jade Morais Alves<\/strong><\/p>\n<\/div><figure class=\"wp-block-media-text__media\"><img loading=\"lazy\" decoding=\"async\" width=\"768\" height=\"1024\" src=\"https:\/\/www.ccs.ufpb.br\/ppgcn\/wp-content\/uploads\/sites\/21\/sites\/425\/2026\/03\/WhatsApp-Image-2026-03-23-at-13.31.30-768x1024.jpeg\" alt=\"\" class=\"wp-image-708 size-full\" srcset=\"https:\/\/www.ccs.ufpb.br\/ppgcn\/wp-content\/uploads\/sites\/21\/sites\/425\/2026\/03\/WhatsApp-Image-2026-03-23-at-13.31.30-768x1024.jpeg 768w, https:\/\/www.ccs.ufpb.br\/ppgcn\/wp-content\/uploads\/sites\/21\/sites\/425\/2026\/03\/WhatsApp-Image-2026-03-23-at-13.31.30-225x300.jpeg 225w, https:\/\/www.ccs.ufpb.br\/ppgcn\/wp-content\/uploads\/sites\/21\/sites\/425\/2026\/03\/WhatsApp-Image-2026-03-23-at-13.31.30-1152x1536.jpeg 1152w, https:\/\/www.ccs.ufpb.br\/ppgcn\/wp-content\/uploads\/sites\/21\/sites\/425\/2026\/03\/WhatsApp-Image-2026-03-23-at-13.31.30.jpeg 1200w\" sizes=\"auto, (max-width: 768px) 100vw, 768px\" \/><\/figure><\/div>\n\n\n\n<p>A Professora Dr.\u00aa Rafaela Lira Formiga Cavalcanti de Lima, realizou Est\u00e1gio de P\u00f3s-doutorado no Exterior na Yale School of Public Health\/Estados Unidos em 2023\/2024.<\/p>\n\n\n\n<div class=\"wp-block-media-text is-stacked-on-mobile\"><figure class=\"wp-block-media-text__media\"><img loading=\"lazy\" decoding=\"async\" width=\"768\" height=\"1024\" src=\"https:\/\/www.ccs.ufpb.br\/ppgcn\/wp-content\/uploads\/sites\/21\/sites\/425\/2026\/03\/Rafa_Lira-768x1024.png\" alt=\"\" class=\"wp-image-918 size-full\" srcset=\"https:\/\/www.ccs.ufpb.br\/ppgcn\/wp-content\/uploads\/sites\/21\/sites\/425\/2026\/03\/Rafa_Lira-768x1024.png 768w, https:\/\/www.ccs.ufpb.br\/ppgcn\/wp-content\/uploads\/sites\/21\/sites\/425\/2026\/03\/Rafa_Lira-225x300.png 225w, https:\/\/www.ccs.ufpb.br\/ppgcn\/wp-content\/uploads\/sites\/21\/sites\/425\/2026\/03\/Rafa_Lira.png 886w\" sizes=\"auto, (max-width: 768px) 100vw, 768px\" \/><\/figure><div class=\"wp-block-media-text__content\">\n<p>&#8220;<em>Realizar o p\u00f3s-doutorado sob a orienta\u00e7\u00e3o do Professor Rafael P\u00e9rez-Escamilla, autoridade mundial em seguran\u00e7a alimentar e nutricional, impulsionou minha trajet\u00f3ria cient\u00edfica e docente no Brasil. A experi\u00eancia em Yale n\u00e3o apenas aprimorou minhas habilidades de pesquisa, como tamb\u00e9m estreitou os la\u00e7os institucionais entre a UFPB e a Universidade de Yale, promovendo a mobilidade acad\u00eamica e a produ\u00e7\u00e3o de conhecimento&#8221;.<\/em><\/p>\n\n\n\n<p class=\"has-text-align-right\"><strong>Rafaela Lira Formiga Cavalcanti de Lima<\/strong><\/p>\n<\/div><\/div>\n\n\n\n<p>O Professor Rodrigo Pinheiro de Toledo Vianna&nbsp;realizou est\u00e1gio de professor visitante junto ao Departamento de Nutri\u00e7\u00e3o Humana da McGill University e Margaret A. Gilliam Institute for Global Food Security, Quebec, Canad\u00e1.&nbsp;<\/p>\n\n\n\n<p>A Professora Marciane Magnani realizou miss\u00e3o de trabalho no exterior no per\u00edodo 28\/10\/2023 a 11\/11\/2023 na Universit\u00e9 Claude Bernard \u2013 Laboratoire CarMeN &#8211; UMR 1060 (INSERM, INRAE, Univ Lyon1).&nbsp;<\/p>\n\n\n\n<figure class=\"wp-block-image size-large\"><img loading=\"lazy\" decoding=\"async\" width=\"1024\" height=\"768\" src=\"https:\/\/www.ccs.ufpb.br\/ppgcn\/wp-content\/uploads\/sites\/21\/sites\/425\/2026\/03\/68a6701d-fb8e-49d1-95d9-74e2ae941831-2-1024x768.jpg\" alt=\"\" class=\"wp-image-728\" srcset=\"https:\/\/www.ccs.ufpb.br\/ppgcn\/wp-content\/uploads\/sites\/21\/sites\/425\/2026\/03\/68a6701d-fb8e-49d1-95d9-74e2ae941831-2-1024x768.jpg 1024w, https:\/\/www.ccs.ufpb.br\/ppgcn\/wp-content\/uploads\/sites\/21\/sites\/425\/2026\/03\/68a6701d-fb8e-49d1-95d9-74e2ae941831-2-300x225.jpg 300w, https:\/\/www.ccs.ufpb.br\/ppgcn\/wp-content\/uploads\/sites\/21\/sites\/425\/2026\/03\/68a6701d-fb8e-49d1-95d9-74e2ae941831-2-768x576.jpg 768w, https:\/\/www.ccs.ufpb.br\/ppgcn\/wp-content\/uploads\/sites\/21\/sites\/425\/2026\/03\/68a6701d-fb8e-49d1-95d9-74e2ae941831-2.jpg 1280w\" sizes=\"auto, (max-width: 1024px) 100vw, 1024px\" \/><\/figure>\n\n\n\n<p><\/p>\n\n\n\n<p>O Professor Jos\u00e9 Luiz de Brito Alves realizou miss\u00e3o de trabalho no exterior no per\u00edodo 28\/11\/2023 a 14\/12\/2023 na Universit\u00e9 Claude Bernard \u2013 Laboratoire CarMeN &#8211; UMR 1060 (INSERM, INRAE, Univ Lyon1). A miss\u00e3o de trabalho faz parte do projeto de Coopera\u00e7\u00e3o Brasil-Fran\u00e7a para avalia\u00e7\u00e3o translacional de probi\u00f3ticos e prebi\u00f3ticos (Projeto n\u00b0 88881.711922\/2022-01, CAPES COFECUB). Durante a miss\u00e3o, o Prof. Jos\u00e9 Luiz realizou an\u00e1lises de express\u00e3o g\u00eanica e western blot, participou de reuni\u00f5es cient\u00edficas com a equipe francesa para discutir o andamento dos experimentos vinculados ao projeto e ministrou uma palestra acerca dos trabalhos desenvolvidos e em desenvolvimento da equipe brasileira.&nbsp;&nbsp;<br><\/p>\n\n\n\n<p>A Professora Poliana de Ara\u00fajo Paulmeira realizou miss\u00e3o no exterior no M\u00e9xico para participa\u00e7\u00e3o na reuniao cient\u00edfica \u201c<em>Use of data on the experience of food and water insecurity to improve science and policies in Latin America and the Caribbean<\/em>\u201d que reuniu pesquisadores de pa\u00edses das Am\u00e9ricas na Cidade do M\u00e9xico, nos dias 20 e 21 de abril de 2023.&nbsp;<\/p>\n\n\n\n<p>O PPGCN\/UFPB recebeu miss\u00e3o de trabalho do Prof. Hubert Vidal no per\u00edodo de 31\/05\/2024 a 14\/06\/2024. A miss\u00e3o de trabalho faz parte do projeto de Coopera\u00e7\u00e3o Brasil-Fran\u00e7a para avalia\u00e7\u00e3o translacional de probi\u00f3ticos e prebi\u00f3ticos (Projeto n\u00b0 88881.711922\/2022-01, CAPES COFECUB).<\/p>\n\n\n\n<p>Nos dias 02 e 03 de outubro de 2023, o Prof. Evandro Leite de Souza participou do \u201cSemin\u00e1rio Internacional da Red Iberoamericana de Innovaci\u00f3n para la sostenibilidad de la cadena de valor de alimentos\u201d (Ibero-Circular;<a href=\"https:\/\/www.cyted.org\/IBERO-CIRCULAR\"> https:\/\/www.cyted.org\/IBERO-CIRCULAR<\/a>; C\u00f3digo da rede: 323RT0142 \u2013 Linha tem\u00e1tica: Desarollo industrial), o qual \u00e9 um projeto aprovado pela Chamada CYTED (Ciencia y Tecnologia para el Desarollo), que ocorreu na cidade de Buenos Aires (Argentina). No semin\u00e1rio o Prof. Evandro L. de Souza apresentou a palestra intitulada \u201cCircular economy approach to investigate new functional products targeting the gut microbiota\u201d. A rede Ibero-Circular \u00e9 coordenada pela Prof. Maria Cecilia Puppo (Universidad de La Plata \u2013 Argentina;<strong> Centro de Investigaci\u00f3n y Desarrollo en Criotecnolog\u00eda de Alimentos \u2013 CIDCA\/Conicet \u2013 La Plata, Argentina)&nbsp; <\/strong>e envolve pesquisadores de oito diferentes pa\u00edses (Argentina, Brasil, Chile, Espanha, Uruguai, Portugal, Honduras e Nicar\u00e1gua), tendo como objetivo contribuir com a recupera\u00e7\u00e3o econ\u00f4mica por meio e mecanismos de coopera\u00e7\u00e3o cient\u00edfico-tecnol\u00f3gica associados a cadeia de valor de alimentos vegetais, com foco em hortifrut\u00edcolas, que gerem resultados transfer\u00edveis para a sociedade.<\/p>\n<\/details>\n","protected":false},"excerpt":{"rendered":"<p>Discentes, egressos ou docentes em mobilidade internacional Conhe\u00e7a discentes, egressos e docentes em mobilidade internacional, [&hellip;]<\/p>\n","protected":false},"author":47,"featured_media":0,"parent":0,"menu_order":0,"comment_status":"closed","ping_status":"closed","template":"","meta":{"footnotes":""},"class_list":["post-119","page","type-page","status-publish","hentry"],"_links":{"self":[{"href":"https:\/\/www.ccs.ufpb.br\/ppgcn\/wp-json\/wp\/v2\/pages\/119","targetHints":{"allow":["GET"]}}],"collection":[{"href":"https:\/\/www.ccs.ufpb.br\/ppgcn\/wp-json\/wp\/v2\/pages"}],"about":[{"href":"https:\/\/www.ccs.ufpb.br\/ppgcn\/wp-json\/wp\/v2\/types\/page"}],"author":[{"embeddable":true,"href":"https:\/\/www.ccs.ufpb.br\/ppgcn\/wp-json\/wp\/v2\/users\/47"}],"replies":[{"embeddable":true,"href":"https:\/\/www.ccs.ufpb.br\/ppgcn\/wp-json\/wp\/v2\/comments?post=119"}],"version-history":[{"count":22,"href":"https:\/\/www.ccs.ufpb.br\/ppgcn\/wp-json\/wp\/v2\/pages\/119\/revisions"}],"predecessor-version":[{"id":920,"href":"https:\/\/www.ccs.ufpb.br\/ppgcn\/wp-json\/wp\/v2\/pages\/119\/revisions\/920"}],"wp:attachment":[{"href":"https:\/\/www.ccs.ufpb.br\/ppgcn\/wp-json\/wp\/v2\/media?parent=119"}],"curies":[{"name":"wp","href":"https:\/\/api.w.org\/{rel}","templated":true}]}}