{"id":103,"date":"2026-01-24T09:47:08","date_gmt":"2026-01-24T12:47:08","guid":{"rendered":"https:\/\/www.ccs.ufpb.br\/ppgcn\/?page_id=103"},"modified":"2026-03-25T16:23:18","modified_gmt":"2026-03-25T19:23:18","slug":"laboratorio-de-nutricao-experimental-lanex","status":"publish","type":"page","link":"https:\/\/www.ccs.ufpb.br\/ppgcn\/laboratorio-de-nutricao-experimental-lanex\/","title":{"rendered":"Laborat\u00f3rio de Nutri\u00e7\u00e3o Experimental &#8211; LANEX"},"content":{"rendered":"\n<p><strong>Pesquisadora respons\u00e1vel:<\/strong> Prof.\u00aa Dr.\u00aa Jailane de Souza Aquino (email: jailane.aquino@academico.ufpb.br)<\/p>\n\n\n\n<p><strong>Corpo T\u00e9cnico:<\/strong> Rosianne Assis de Sousa e Danielle Melo de Souza Toscano<\/p>\n\n\n\n<p><strong>Contato institucional:<\/strong> \u00a0\u260e\ufe0f (83) 3048-8543 \ud83d\udce9 lanexufpb@outlook.com<\/p>\n\n\n\n<p><strong>Localiza\u00e7\u00e3o:<\/strong> Centro de Ci\u00eancias da Sa\u00fade &#8211; CCS\/UFPB (Campus I). Cidade Universit\u00e1ria s\/n, Castelo Branco, Jo\u00e3o Pessoa- PB. CEP:58051-900.<\/p>\n\n\n\n<p><strong>Atividades desenvolvidas no lanex:<\/strong> realiza\u00e7\u00e3o de ensaios experimentais envolvendo ratos wistar, ensaios de comportamento em ratos, an\u00e1lises bioqu\u00edmicas.&nbsp;<\/p>\n\n\n\n<p><strong>Principais equipamentos do lanex:<\/strong> Gaiolas metab\u00f3licas, Gaiolas de polietileno, bebedouros, exaustores, instrumento de programa\u00e7\u00e3o do ciclo claro-escuro, termo higr\u00f4metro para controle de temperatura e umidade, estufa com circula\u00e7\u00e3o de ar para secagem de ra\u00e7\u00e3o, mesa inox, geladeiras, freezer, balan\u00e7a anal\u00edtica, mesa para eutan\u00e1sia, contensores, glicos\u00edmetros, agitadores de tubos, dessecador, estufa de secagem e esteriliza\u00e7\u00e3o, pH\u00e2metro, refrat\u00f4metro, cilindros adaptados para exerc\u00edcios f\u00edsicos, aparato campo aberto, aparato labirinto em cruz elevado, analisador bioqu\u00edmico automatizado, espectrofot\u00f4metro, banho ultrass\u00f4nico, banho-maria e homogeneizador de amostras etc.<\/p>\n\n\n\n<p><a href=\"https:\/\/instagram.com\/lanex_ufpb?igshid=YmMyMTA2M2Y=\">Saiba mais<\/a><\/p>\n","protected":false},"excerpt":{"rendered":"<p>Pesquisadora respons\u00e1vel: Prof.\u00aa Dr.\u00aa Jailane de Souza Aquino (email: jailane.aquino@academico.ufpb.br) Corpo T\u00e9cnico: Rosianne Assis de [&hellip;]<\/p>\n","protected":false},"author":47,"featured_media":0,"parent":0,"menu_order":0,"comment_status":"closed","ping_status":"closed","template":"","meta":{"footnotes":""},"class_list":["post-103","page","type-page","status-publish","hentry"],"_links":{"self":[{"href":"https:\/\/www.ccs.ufpb.br\/ppgcn\/wp-json\/wp\/v2\/pages\/103","targetHints":{"allow":["GET"]}}],"collection":[{"href":"https:\/\/www.ccs.ufpb.br\/ppgcn\/wp-json\/wp\/v2\/pages"}],"about":[{"href":"https:\/\/www.ccs.ufpb.br\/ppgcn\/wp-json\/wp\/v2\/types\/page"}],"author":[{"embeddable":true,"href":"https:\/\/www.ccs.ufpb.br\/ppgcn\/wp-json\/wp\/v2\/users\/47"}],"replies":[{"embeddable":true,"href":"https:\/\/www.ccs.ufpb.br\/ppgcn\/wp-json\/wp\/v2\/comments?post=103"}],"version-history":[{"count":5,"href":"https:\/\/www.ccs.ufpb.br\/ppgcn\/wp-json\/wp\/v2\/pages\/103\/revisions"}],"predecessor-version":[{"id":847,"href":"https:\/\/www.ccs.ufpb.br\/ppgcn\/wp-json\/wp\/v2\/pages\/103\/revisions\/847"}],"wp:attachment":[{"href":"https:\/\/www.ccs.ufpb.br\/ppgcn\/wp-json\/wp\/v2\/media?parent=103"}],"curies":[{"name":"wp","href":"https:\/\/api.w.org\/{rel}","templated":true}]}}