{"id":101,"date":"2026-01-24T09:46:57","date_gmt":"2026-01-24T12:46:57","guid":{"rendered":"https:\/\/www.ccs.ufpb.br\/ppgcn\/?page_id=101"},"modified":"2026-03-25T08:36:00","modified_gmt":"2026-03-25T11:36:00","slug":"laboratorio-de-microbiologia-e-bioquimica-dos-alimentos","status":"publish","type":"page","link":"https:\/\/www.ccs.ufpb.br\/ppgcn\/laboratorio-de-microbiologia-e-bioquimica-dos-alimentos\/","title":{"rendered":"Laborat\u00f3rio de Microbiologia e Bioqu\u00edmica dos Alimentos &#8211; LMBA"},"content":{"rendered":"\n<p><strong>Pesquisador Respons\u00e1vel:<\/strong> Prof.\u00ba Dr.\u00ba Evandro Leite de Souza (e-mail: els@academico.ufpb.br)&nbsp;<\/p>\n\n\n\n<p><strong>Pesquisadoras Colaboradoras::<\/strong> Prof.\u00aa  Dr.\u00aa  Kataryne Arabe Rima de Oliveira (e-mail:katarynearabe_@hotmail.com) e Prof.\u00aa  Dr.\u00aa Thatyane Mariano de Albuquereque (E-mail:thaty_mra@hotmail.com)&nbsp;<\/p>\n\n\n\n<p><strong>Corpo T\u00e9cnico:<\/strong> S\u00f4nia Paula Alexandrino de Oliveira e Helo\u00edsa Maria Almeida do Nascimento.<\/p>\n\n\n\n<p><strong>Contato institucional:<\/strong> \u00a0\u260e\ufe0f (83) 32167807  \ud83d\udce9 labmicrodn.ufpb@gmail.com  <\/p>\n\n\n\n<p><strong>Localiza\u00e7\u00e3o:<\/strong> Centro de Ci\u00eancias da Sa\u00fade &#8211; CCS\/UFPB (Campus I). Cidade Universit\u00e1ria s\/n, Castelo Branco, Jo\u00e3o Pessoa- PB. CEP:58051-900.<\/p>\n\n\n\n<p><strong>Principais atividades:<\/strong> An\u00e1lise de qualidade higi\u00eanico sanit\u00e1ria de alimentos e \u00e1gua; An\u00e1lise de caracteriza\u00e7\u00e3o de alimentos; Avalia\u00e7\u00e3o da vida de prateleira de alimentos; Avalia\u00e7\u00e3o de atividade antioxidante; Floresc\u00eancia de hibridiza\u00e7\u00e3o in situ acoplada a citometria de fluxo; Digest\u00e3o gastointestinal simulada; Fermenta\u00e7\u00e3o col\u00f4nia; Isolamento e caracteriza\u00e7\u00e3o de bact\u00e9rias potencialmente probioticas; Avalia\u00e7\u00e3o de dano microbiano celular via citometria de fluxo; Avalia\u00e7\u00e3o de subst\u00e2ncias e microrganismos antimicrobiana e antif\u00fangicas.<\/p>\n\n\n\n<p><strong>Equipamentos dispon\u00edveis:<\/strong> Fluxo laminar; Citometro de fluxo; Liofilizador; Leitor de microplaca de 96 po\u00e7os; Estufas de incuba\u00e7\u00e3o; Estufa speaker; Autoclaves, Freezers, Espectrofot\u00f4metro e centrifuga.<\/p>\n\n\n\n<p><a href=\"https:\/\/www.instagram.com\/lmba.ufpb\/?igshid=YmMyMTA2M2Y%3D\">Saiba mais<\/a><\/p>\n","protected":false},"excerpt":{"rendered":"<p>Pesquisador Respons\u00e1vel: Prof.\u00ba Dr.\u00ba Evandro Leite de Souza (e-mail: els@academico.ufpb.br)&nbsp; Pesquisadoras Colaboradoras:: Prof.\u00aa Dr.\u00aa Kataryne [&hellip;]<\/p>\n","protected":false},"author":47,"featured_media":0,"parent":0,"menu_order":0,"comment_status":"closed","ping_status":"closed","template":"","meta":{"footnotes":""},"class_list":["post-101","page","type-page","status-publish","hentry"],"_links":{"self":[{"href":"https:\/\/www.ccs.ufpb.br\/ppgcn\/wp-json\/wp\/v2\/pages\/101","targetHints":{"allow":["GET"]}}],"collection":[{"href":"https:\/\/www.ccs.ufpb.br\/ppgcn\/wp-json\/wp\/v2\/pages"}],"about":[{"href":"https:\/\/www.ccs.ufpb.br\/ppgcn\/wp-json\/wp\/v2\/types\/page"}],"author":[{"embeddable":true,"href":"https:\/\/www.ccs.ufpb.br\/ppgcn\/wp-json\/wp\/v2\/users\/47"}],"replies":[{"embeddable":true,"href":"https:\/\/www.ccs.ufpb.br\/ppgcn\/wp-json\/wp\/v2\/comments?post=101"}],"version-history":[{"count":9,"href":"https:\/\/www.ccs.ufpb.br\/ppgcn\/wp-json\/wp\/v2\/pages\/101\/revisions"}],"predecessor-version":[{"id":801,"href":"https:\/\/www.ccs.ufpb.br\/ppgcn\/wp-json\/wp\/v2\/pages\/101\/revisions\/801"}],"wp:attachment":[{"href":"https:\/\/www.ccs.ufpb.br\/ppgcn\/wp-json\/wp\/v2\/media?parent=101"}],"curies":[{"name":"wp","href":"https:\/\/api.w.org\/{rel}","templated":true}]}}