{"id":67,"date":"2024-03-14T11:41:31","date_gmt":"2024-03-14T14:41:31","guid":{"rendered":"https:\/\/www.ccs.ufpb.br\/lmba\/?page_id=67"},"modified":"2025-03-30T21:05:10","modified_gmt":"2025-03-31T00:05:10","slug":"documentos","status":"publish","type":"page","link":"https:\/\/www.ccs.ufpb.br\/lmba\/documentos\/","title":{"rendered":"Documentos"},"content":{"rendered":"\n<p><strong>NORMAS E REGRAS GERAIS DE FUNCIONAMENTO E UTILIZA\u00c7\u00c3O MULTIUSU\u00c1RIA DO &nbsp;LABORAT\u00d3RIO DE MICROBIOLOGIA E BIOQU\u00cdMICA DE ALIMENTOS \u2013 DEPARTAMENTO DE NUTRI\u00c7\u00c3O \u2013 CENTRO DE CI\u00caNCIAS DA SA\u00daDE \u2013 UNIVERSIDADE FEDERAL DA PARA\u00cdBA<\/strong><\/p>\n\n\n\n<div data-wp-interactive=\"core\/file\" class=\"wp-block-file alignleft\"><object data-wp-bind--hidden=\"!state.hasPdfPreview\" hidden class=\"wp-block-file__embed\" data=\"https:\/\/www.ccs.ufpb.br\/lmba\/wp-content\/uploads\/sites\/21\/sites\/157\/2024\/07\/LMBA-Normas-multiusuario-certidao-DN.pdf\" type=\"application\/pdf\" style=\"width:100%;height:600px\" aria-label=\"Incorporado de LMBA-Normas-multiusuario-certidao-DN.\"><\/object><a id=\"wp-block-file--media-22900079-a92b-45ee-9a65-03d18bc36c3c\" href=\"https:\/\/www.ccs.ufpb.br\/lmba\/wp-content\/uploads\/sites\/21\/sites\/157\/2024\/07\/LMBA-Normas-multiusuario-certidao-DN.pdf\">LMBA-Normas-multiusuario-certidao-DN<\/a><a href=\"https:\/\/www.ccs.ufpb.br\/lmba\/wp-content\/uploads\/sites\/21\/sites\/157\/2024\/07\/LMBA-Normas-multiusuario-certidao-DN.pdf\" class=\"wp-block-file__button wp-element-button\" download aria-describedby=\"wp-block-file--media-22900079-a92b-45ee-9a65-03d18bc36c3c\">Baixar<\/a><\/div>\n\n\n\n<h2 class=\"wp-block-heading\"><div class=\"linha-header\">Portaria &#8211; Membros do Comit\u00ea de Usu\u00e1rios &#8211; LMBA DN CCS UFPB<\/div><\/h2>\n\n\n\n<div data-wp-interactive=\"core\/file\" class=\"wp-block-file\"><object data-wp-bind--hidden=\"!state.hasPdfPreview\" hidden class=\"wp-block-file__embed\" data=\"https:\/\/www.ccs.ufpb.br\/lmba\/wp-content\/uploads\/sites\/21\/sites\/157\/2025\/03\/Portaria-Membros-do-Comite-de-Usuarios-LMBA-DN-CCS-UFPB.pdf\" type=\"application\/pdf\" style=\"width:100%;height:600px\" aria-label=\"Incorporado de Portaria - Membros do Comit\u00ea de Usu\u00e1rios - LMBA DN CCS UFPB.\"><\/object><a id=\"wp-block-file--media-200842f0-7522-4c9b-b580-8c075bf3240b\" href=\"https:\/\/www.ccs.ufpb.br\/lmba\/wp-content\/uploads\/sites\/21\/sites\/157\/2025\/03\/Portaria-Membros-do-Comite-de-Usuarios-LMBA-DN-CCS-UFPB.pdf\">Portaria &#8211; Membros do Comit\u00ea de Usu\u00e1rios &#8211; LMBA DN CCS UFPB<\/a><a href=\"https:\/\/www.ccs.ufpb.br\/lmba\/wp-content\/uploads\/sites\/21\/sites\/157\/2025\/03\/Portaria-Membros-do-Comite-de-Usuarios-LMBA-DN-CCS-UFPB.pdf\" class=\"wp-block-file__button wp-element-button\" download aria-describedby=\"wp-block-file--media-200842f0-7522-4c9b-b580-8c075bf3240b\">Baixar<\/a><\/div>\n","protected":false},"excerpt":{"rendered":"<p>NORMAS E REGRAS GERAIS DE FUNCIONAMENTO E UTILIZA\u00c7\u00c3O MULTIUSU\u00c1RIA DO &nbsp;LABORAT\u00d3RIO DE MICROBIOLOGIA E BIOQU\u00cdMICA [&hellip;]<\/p>\n","protected":false},"author":96,"featured_media":0,"parent":0,"menu_order":0,"comment_status":"closed","ping_status":"closed","template":"","meta":{"footnotes":""},"class_list":["post-67","page","type-page","status-publish","hentry"],"_links":{"self":[{"href":"https:\/\/www.ccs.ufpb.br\/lmba\/wp-json\/wp\/v2\/pages\/67","targetHints":{"allow":["GET"]}}],"collection":[{"href":"https:\/\/www.ccs.ufpb.br\/lmba\/wp-json\/wp\/v2\/pages"}],"about":[{"href":"https:\/\/www.ccs.ufpb.br\/lmba\/wp-json\/wp\/v2\/types\/page"}],"author":[{"embeddable":true,"href":"https:\/\/www.ccs.ufpb.br\/lmba\/wp-json\/wp\/v2\/users\/96"}],"replies":[{"embeddable":true,"href":"https:\/\/www.ccs.ufpb.br\/lmba\/wp-json\/wp\/v2\/comments?post=67"}],"version-history":[{"count":12,"href":"https:\/\/www.ccs.ufpb.br\/lmba\/wp-json\/wp\/v2\/pages\/67\/revisions"}],"predecessor-version":[{"id":512,"href":"https:\/\/www.ccs.ufpb.br\/lmba\/wp-json\/wp\/v2\/pages\/67\/revisions\/512"}],"wp:attachment":[{"href":"https:\/\/www.ccs.ufpb.br\/lmba\/wp-json\/wp\/v2\/media?parent=67"}],"curies":[{"name":"wp","href":"https:\/\/api.w.org\/{rel}","templated":true}]}}