{"id":41,"date":"2024-03-13T11:05:27","date_gmt":"2024-03-13T14:05:27","guid":{"rendered":"https:\/\/www.ccs.ufpb.br\/lmba\/?page_id=41"},"modified":"2024-03-21T10:01:31","modified_gmt":"2024-03-21T13:01:31","slug":"remicrons","status":"publish","type":"page","link":"https:\/\/www.ccs.ufpb.br\/lmba\/remicrons\/","title":{"rendered":"ReMicroNS"},"content":{"rendered":"\n<p><strong>Rede de Pesquisa em Microbioma Intestinal, Nutri\u00e7\u00e3o e Sa\u00fade <\/strong>(<a><strong>ReMicroNS<\/strong><\/a>)<\/p>\n\n\n\n<hr class=\"wp-block-separator has-alpha-channel-opacity\" \/>\n\n\n\n<details class=\"wp-block-details is-layout-flow wp-block-details-is-layout-flow\"><summary>Apresenta\u00e7\u00e3o<\/summary>\n<p>O microbioma intestinal (MI) tem papel importante nos efeitos fisiol\u00f3gicos da dieta e na regula\u00e7\u00e3o da sa\u00fade dos indiv\u00edduos, existindo efeitos bilaterais decorrentes da intera\u00e7\u00e3o entre MI e dieta. O MI \u00e9 considerado como alvo para a preven\u00e7\u00e3o e tratamento de doen\u00e7as cr\u00f4nicas n\u00e3o transmiss\u00edveis (DCNT) de elevada morbimortalidade e como reposit\u00f3rio de componentes bioativos e biomarcadores para o risco dessas doen\u00e7as, possibilitando a expans\u00e3o de abordagens profil\u00e1ticas e terap\u00eauticas avan\u00e7adas. No Brasil ainda s\u00e3o escassas as iniciativas de coopera\u00e7\u00e3o entre diferentes grupos de pesquisa para o desenvolvimento de investiga\u00e7\u00f5es de forma integrada que possibilitem a gera\u00e7\u00e3o de informa\u00e7\u00f5es na fronteira do conhecimento sobre a rela\u00e7\u00e3o entre MI, nutri\u00e7\u00e3o e sa\u00fade, com foco principal na preven\u00e7\u00e3o e tratamento de DCNT de relev\u00e2ncia para a sa\u00fade p\u00fablica. A Rede de Pesquisa em Microbioma Intestinal, Nutri\u00e7\u00e3o e Sa\u00fade (ReMicroNS) desenvolve pesquisas de alto impacto cient\u00edfico e tecnol\u00f3gico para a gera\u00e7\u00e3o de conhecimentos, solu\u00e7\u00f5es e produtos inovadores baseados no MI e suas repercuss\u00f5es na sa\u00fade e bem-estar. A rede de pesquisa agrega expertises complementares por meio de pesquisadores de diferentes institui\u00e7\u00f5es nacionais com ampla rede de colabora\u00e7\u00e3o internacional, sendo pensada como uma iniciativa estrat\u00e9gica para a proje\u00e7\u00e3o do Brasil em estudos aplicados ao MI, que se apresenta como \u00e1rea relevante de pesquisa, desenvolvimento e inova\u00e7\u00e3o em todo o mundo. As a\u00e7\u00f5es da ReMicroNS buscam obter conhecimentos sobre a participa\u00e7\u00e3o do MI como causa principal ou mediador de DCNT alvo, sua contribui\u00e7\u00e3o para a incid\u00eancia e progress\u00e3o dessas doen\u00e7as em combina\u00e7\u00e3o com outros fatores biol\u00f3gicos e ambientais, bem como dos benef\u00edcios decorrentes de interven\u00e7\u00f5es e produtos aplicados ao MI por meio da integra\u00e7\u00e3o de laborat\u00f3rios multiusu\u00e1rios de investiga\u00e7\u00e3o, com vistas a transla\u00e7\u00e3o para as pr\u00e1ticas do cuidado em sa\u00fade e de transfer\u00eancia para o setor produtivo.<\/p>\n\n\n\n<p>A cria\u00e7\u00e3o da ReMicroNS se caracteriza como importante iniciativa no cen\u00e1rio nacional, visto que a comunidade cient\u00edfica e o setor produtivo t\u00eam destacadamente reconhecido a modula\u00e7\u00e3o do MI como parte importante da mudan\u00e7a de paradigma das abordagens de assist\u00eancia e promo\u00e7\u00e3o da sa\u00fade no contexto individual e coletivo e para o bem-estar social e econ\u00f4mico da popula\u00e7\u00e3o, tendo dispendido grande aten\u00e7\u00e3o ao tema em a\u00e7\u00f5es de educa\u00e7\u00e3o, dissemina\u00e7\u00e3o e divulga\u00e7\u00e3o cient\u00edfica.<\/p>\n<\/details>\n\n\n\n<p><\/p>\n\n\n\n<details class=\"wp-block-details is-layout-flow wp-block-details-is-layout-flow\"><summary>Objetivos<\/summary>\n<p>Objetivo Geral<\/p>\n\n\n\n<p>Desenvolver pesquisas de elevado impacto cient\u00edfico e tecnol\u00f3gico para a gera\u00e7\u00e3o de conhecimentos, solu\u00e7\u00f5es e produtos inovadores aplicados ao microbioma intestinal e seus desfechos na sa\u00fade e bem-estar humano.&nbsp;&nbsp;&nbsp;&nbsp;&nbsp;&nbsp;&nbsp;<\/p>\n\n\n\n<details class=\"wp-block-details is-layout-flow wp-block-details-is-layout-flow\"><summary>Objetivos Espec\u00edficos<\/summary>\n<p>Investigar a influ\u00eancia do microbioma intestinal (MI) sobre condi\u00e7\u00f5es de sa\u00fade e incid\u00eancia e progresso de doen\u00e7as cr\u00f4nicas n\u00e3o transmiss\u00edveis (DCNT) e os mecanismos subjacentes.<\/p>\n\n\n\n<p>Desenvolver estrat\u00e9gias de interven\u00e7\u00e3o nutricional e produtos aplicados ao MI para a promo\u00e7\u00e3o da sa\u00fade e\/ou tratamento de DCNT com elevada morbimortalidade e impacto na sa\u00fade p\u00fablica.<\/p>\n\n\n\n<p>Investigar potenciais progn\u00f3sticos e marcadores diagn\u00f3sticos baseados no MI para DCNT alvo.<\/p>\n\n\n\n<p>Investigar e desenvolver bioprodutos e bioterap\u00eauticos com potencial de uso como insumos de alto valor agregado ativos na modula\u00e7\u00e3o ben\u00e9fica do MI.<\/p>\n\n\n\n<p>Translacionar os resultados obtidos com informa\u00e7\u00f5es aplic\u00e1veis \u00e0s pr\u00e1ticas de assist\u00eancia em sa\u00fade e para ado\u00e7\u00e3o de estrat\u00e9gias nutricionais e h\u00e1bitos de estilo de vida que tenham impactos positivos sobre o MI.<\/p>\n\n\n\n<p>Proporcionar e explorar oportunidades de coopera\u00e7\u00e3o com diferentes setores industriais para o desenvolvimento de benef\u00edcios sociais e econ\u00f4micos por meio de estrat\u00e9gias e produtos destinados para a assist\u00eancia em sa\u00fade e bem-estar.<\/p>\n\n\n\n<p>Fornecer subs\u00eddios para institui\u00e7\u00f5es de pesquisa e setor produtivo por meio da forma\u00e7\u00e3o de recursos humanos com elevada qualifica\u00e7\u00e3o e disponibiliza\u00e7\u00e3o de laborat\u00f3rios multiusu\u00e1rios de investiga\u00e7\u00e3o em \u00e1rea emergente em pesquisa, desenvolvimento e inova\u00e7\u00e3o.<\/p>\n\n\n\n<p>Divulgar e disseminar o conhecimento cient\u00edfico gerado sobre MI, nutri\u00e7\u00e3o, sa\u00fade e bem-estar para a sociedade.<\/p>\n<\/details>\n<\/details>\n\n\n\n<p><\/p>\n\n\n\n<details class=\"wp-block-details is-layout-flow wp-block-details-is-layout-flow\"><summary>Metas<\/summary>\n<p>Estabelecer uma rede integrada por pesquisadores de diferentes institui\u00e7\u00f5es nacionais com forma\u00e7\u00f5es e expertises complementares, visando o desenvolvimento de estudos de elevado impacto cient\u00edfico e tecnol\u00f3gico relacionados com a interface microbioma intestinal (MI), nutri\u00e7\u00e3o e sa\u00fade. Ampliar a forma\u00e7\u00e3o de recursos humanos especializados e altamente capacitados, priorizando o estado da arte e o uso de m\u00e9todos avan\u00e7ados de investiga\u00e7\u00e3o aplicados \u00e0 pesquisa, desenvolvimento e inova\u00e7\u00e3o na interface MI, nutri\u00e7\u00e3o e sa\u00fade. Desenvolver bioprodutos e bioterap\u00eauticos com alvo na modula\u00e7\u00e3o ben\u00e9fica do MI. Criar um reposit\u00f3rio de insumos biotecnol\u00f3gicos com alvo no MI. Estabelecer parcerias com setores industriais, governamentais e n\u00e3o-governamentais para o desenvolvimento e transfer\u00eancia de estrat\u00e9gias, solu\u00e7\u00f5es, produtos e processos com foco na modula\u00e7\u00e3o do MI e promo\u00e7\u00e3o da sa\u00fade e bem-estar. Desenvolver e executar estrat\u00e9gias e a\u00e7\u00f5es de divulga\u00e7\u00e3o e dissemina\u00e7\u00e3o do conhecimento cient\u00edfico sobre MI, nutri\u00e7\u00e3o, sa\u00fade e bem-estar. Ampliar a rede de colabora\u00e7\u00e3o internacional com grupos de pesquisas de excel\u00eancia nas \u00e1reas de atua\u00e7\u00e3o da RePiMicroNS.&nbsp;&nbsp; &nbsp;&nbsp;&nbsp;&nbsp;<\/p>\n<\/details>\n\n\n\n<p><\/p>\n\n\n\n<details class=\"wp-block-details is-layout-flow wp-block-details-is-layout-flow\"><summary>\u00c1reas Tem\u00e1ticas de Pesquisa<\/summary>\n<p>Estabelecer uma rede integrada por pesquisadores de diferentes institui\u00e7\u00f5es nacionais com forma\u00e7\u00f5es e expertises complementares, visando o desenvolvimento de estudos de elevado impacto cient\u00edfico e tecnol\u00f3gico relacionados com a interface microbioma intestinal (MI), nutri\u00e7\u00e3o e sa\u00fade.<\/p>\n\n\n\n<p>Ampliar a forma\u00e7\u00e3o de recursos humanos especializados e altamente capacitados, priorizando o estado da arte e o uso de m\u00e9todos avan\u00e7ados de investiga\u00e7\u00e3o aplicados \u00e0 pesquisa, desenvolvimento e inova\u00e7\u00e3o na interface MI, nutri\u00e7\u00e3o e sa\u00fade.<\/p>\n\n\n\n<p>Desenvolver bioprodutos e bioterap\u00eauticos com alvo na modula\u00e7\u00e3o ben\u00e9fica do MI.<\/p>\n\n\n\n<p>Criar um reposit\u00f3rio de insumos biotecnol\u00f3gicos com alvo no MI.<\/p>\n\n\n\n<p>Estabelecer parcerias com setores industriais, governamentais e n\u00e3o-governamentais para o desenvolvimento e transfer\u00eancia de estrat\u00e9gias, solu\u00e7\u00f5es, produtos e processos com foco na modula\u00e7\u00e3o do MI e promo\u00e7\u00e3o da sa\u00fade e bem-estar.<\/p>\n\n\n\n<p>Desenvolver e executar estrat\u00e9gias e a\u00e7\u00f5es de divulga\u00e7\u00e3o e dissemina\u00e7\u00e3o do conhecimento cient\u00edfico sobre MI, nutri\u00e7\u00e3o, sa\u00fade e bem-estar.<\/p>\n\n\n\n<p>Ampliar a rede de colabora\u00e7\u00e3o internacional com grupos de pesquisas de excel\u00eancia nas \u00e1reas de atua\u00e7\u00e3o da RePiMicroNS.<\/p>\n<\/details>\n\n\n\n<p>&nbsp;&nbsp; &nbsp;&nbsp;&nbsp;&nbsp;<\/p>\n\n\n\n<h2 class=\"wp-block-heading\"><div class=\"linha-header\"><a id=\"_msocom_1\"><\/a><\/div><\/h2>\n\n\n\n<p><\/p>\n","protected":false},"excerpt":{"rendered":"<p>Rede de Pesquisa em Microbioma Intestinal, Nutri\u00e7\u00e3o e Sa\u00fade (ReMicroNS) &nbsp;&nbsp; &nbsp;&nbsp;&nbsp;&nbsp;<\/p>\n","protected":false},"author":47,"featured_media":0,"parent":0,"menu_order":0,"comment_status":"closed","ping_status":"closed","template":"","meta":{"footnotes":""},"class_list":["post-41","page","type-page","status-publish","hentry"],"_links":{"self":[{"href":"https:\/\/www.ccs.ufpb.br\/lmba\/wp-json\/wp\/v2\/pages\/41","targetHints":{"allow":["GET"]}}],"collection":[{"href":"https:\/\/www.ccs.ufpb.br\/lmba\/wp-json\/wp\/v2\/pages"}],"about":[{"href":"https:\/\/www.ccs.ufpb.br\/lmba\/wp-json\/wp\/v2\/types\/page"}],"author":[{"embeddable":true,"href":"https:\/\/www.ccs.ufpb.br\/lmba\/wp-json\/wp\/v2\/users\/47"}],"replies":[{"embeddable":true,"href":"https:\/\/www.ccs.ufpb.br\/lmba\/wp-json\/wp\/v2\/comments?post=41"}],"version-history":[{"count":11,"href":"https:\/\/www.ccs.ufpb.br\/lmba\/wp-json\/wp\/v2\/pages\/41\/revisions"}],"predecessor-version":[{"id":184,"href":"https:\/\/www.ccs.ufpb.br\/lmba\/wp-json\/wp\/v2\/pages\/41\/revisions\/184"}],"wp:attachment":[{"href":"https:\/\/www.ccs.ufpb.br\/lmba\/wp-json\/wp\/v2\/media?parent=41"}],"curies":[{"name":"wp","href":"https:\/\/api.w.org\/{rel}","templated":true}]}}