{"id":36,"date":"2024-03-13T11:04:57","date_gmt":"2024-03-13T14:04:57","guid":{"rendered":"https:\/\/www.ccs.ufpb.br\/lmba\/?page_id=36"},"modified":"2026-02-12T16:20:25","modified_gmt":"2026-02-12T19:20:25","slug":"agendamentos","status":"publish","type":"page","link":"https:\/\/www.ccs.ufpb.br\/lmba\/agendamentos\/","title":{"rendered":"AGENDAMENTOS"},"content":{"rendered":"\n<div class=\"wp-block-group\"><div class=\"wp-block-group__inner-container is-layout-constrained wp-block-group-is-layout-constrained\">\n<p><strong>AGENDA DE EQUIPAMENTOS<\/strong><\/p>\n\n\n\n<p>Para agendar o uso de algum equipamento LMBA, acesse o link <strong>dispon\u00edvel e visualize sua disponibilidade.<\/strong><\/p>\n\n\n\n<p class=\"has-text-align-center\"><a href=\"https:\/\/calendar.google.com\/calendar?authuser=0\" target=\"_blank\" rel=\"noreferrer noopener\">https:\/\/calendar.google.com\/calendar?authuser=0<\/a><\/p>\n\n\n\n<p class=\"has-text-align-left\">Alguns equipamentos possuem agenda restrita, sendo a marca\u00e7\u00e3o de hor\u00e1rios realizada exclusivamente pela equipe t\u00e9cnica. Para isso, entre em contato via WhatsApp informando: nome do equipamento, data e hor\u00e1rio de utiliza\u00e7\u00e3o e nome do aluno respons\u00e1vel.<\/p>\n<\/div><\/div>\n\n\n\n<div class=\"wp-block-group\"><div class=\"wp-block-group__inner-container is-layout-constrained wp-block-group-is-layout-constrained\">\n<p><strong>SOLICITA\u00c7\u00c3O DE USO DE EQUIPAMENTO<\/strong> <\/p>\n\n\n\n<p>Para usu\u00e1rios externos que desejam solicitar o uso que algum equipamento LMBA <\/p>\n\n\n\n<p class=\"has-text-align-center\"><a href=\"https:\/\/docs.google.com\/forms\/d\/e\/1FAIpQLSeXUmfPtA0LPqcBcM5-zRMwsoUo9HuRcD_HCS3toohrBRDAqg\/viewform?usp=sharing\">Clique aqui para solicitar<\/a><\/p>\n<\/div><\/div>\n\n\n\n<p><\/p>\n","protected":false},"excerpt":{"rendered":"<p>AGENDA DE EQUIPAMENTOS Para agendar o uso de algum equipamento LMBA, acesse o link dispon\u00edvel [&hellip;]<\/p>\n","protected":false},"author":47,"featured_media":0,"parent":0,"menu_order":0,"comment_status":"closed","ping_status":"closed","template":"","meta":{"footnotes":""},"class_list":["post-36","page","type-page","status-publish","hentry"],"_links":{"self":[{"href":"https:\/\/www.ccs.ufpb.br\/lmba\/wp-json\/wp\/v2\/pages\/36","targetHints":{"allow":["GET"]}}],"collection":[{"href":"https:\/\/www.ccs.ufpb.br\/lmba\/wp-json\/wp\/v2\/pages"}],"about":[{"href":"https:\/\/www.ccs.ufpb.br\/lmba\/wp-json\/wp\/v2\/types\/page"}],"author":[{"embeddable":true,"href":"https:\/\/www.ccs.ufpb.br\/lmba\/wp-json\/wp\/v2\/users\/47"}],"replies":[{"embeddable":true,"href":"https:\/\/www.ccs.ufpb.br\/lmba\/wp-json\/wp\/v2\/comments?post=36"}],"version-history":[{"count":18,"href":"https:\/\/www.ccs.ufpb.br\/lmba\/wp-json\/wp\/v2\/pages\/36\/revisions"}],"predecessor-version":[{"id":563,"href":"https:\/\/www.ccs.ufpb.br\/lmba\/wp-json\/wp\/v2\/pages\/36\/revisions\/563"}],"wp:attachment":[{"href":"https:\/\/www.ccs.ufpb.br\/lmba\/wp-json\/wp\/v2\/media?parent=36"}],"curies":[{"name":"wp","href":"https:\/\/api.w.org\/{rel}","templated":true}]}}