{"id":34,"date":"2024-03-13T11:04:31","date_gmt":"2024-03-13T14:04:31","guid":{"rendered":"https:\/\/www.ccs.ufpb.br\/lmba\/?page_id=34"},"modified":"2024-03-21T09:58:51","modified_gmt":"2024-03-21T12:58:51","slug":"link-pnipe-mcti","status":"publish","type":"page","link":"https:\/\/www.ccs.ufpb.br\/lmba\/link-pnipe-mcti\/","title":{"rendered":"Link PNIPE MCTI"},"content":{"rendered":"\n<p>O Laborat\u00f3rio de Microbiologia e Bioqu\u00edmica de Alimentos\/Departamento de Nutri\u00e7\u00e3o\/UFPB (LMBA\/UFPB), cadastrado e publicizado na Plataforma Nacional de Infraestrutura de Pesquisa MCTI (PNIPE) (<a href=\"https:\/\/pnipe.mcti.gov.br\/laboratory\/19169\">https:\/\/pnipe.mcti.gov.br\/laboratory\/19169<\/a>) funciona em car\u00e1ter multiusu\u00e1rio com o compartilhamento de sua infraestrutura de equipamentos com diversos grupos de pesquisadores da UFPB e de outras institui\u00e7\u00f5es nacionais. O laborat\u00f3rio possui um comit\u00ea gestor, formado pelos docentes\/pesquisadores Evandro Leite de Souza (PhD), Jos\u00e9 Luiz de Brito Alves (PhD) e Maria Elieidy Gomes de Oliveira (PhD), pela servidora t\u00e9cnica de laborat\u00f3rio S\u00f4nia de Paula Alexandrino de Oliveira (PhD) e pelo representante dos discentes (mestrado\/doutorado) usu\u00e1rios do laborat\u00f3rio, com Portaria emitida pelo Departamento de Nutri\u00e7\u00e3o\/Centro de Ci\u00eancias da Sa\u00fade\/UFPB, caracterizando o respaldo institucional por parte da unidade de v\u00ednculo direto do laborat\u00f3rio.<\/p>\n\n\n\n<p>O comit\u00ea gestor realiza reuni\u00f5es programadas para discuss\u00e3o das a\u00e7\u00f5es de manuten\u00e7\u00e3o (preventiva\/corretiva) dos equipamentos e ajustes da pol\u00edtica de uso. O laborat\u00f3rio possui uma agenda digital disponibilizada em nuvem aos usu\u00e1rios para marca\u00e7\u00e3o da utiliza\u00e7\u00e3o dos equipamentos dispon\u00edveis e solicita\u00e7\u00e3o de apoio t\u00e9cnico para a realiza\u00e7\u00e3o das an\u00e1lises previstas. Para conseguir o primeiro acesso a agenda digital, o usu\u00e1rio deve enviar e-mail com tal solicita\u00e7\u00e3o para o destinat\u00e1rio \u201c<strong>labmicrodn.ufpb@gmail.com<\/strong>\u201d, de modo que ap\u00f3s o cadastro do e-mail o acesso do usu\u00e1rio a agenda torna-se permanente. Ainda, h\u00e1 a possibilidade de solicitar o acesso a agenda digital dos equipamentos do laborat\u00f3rio por meio do canal de WhatsApp pr\u00f3prio do laborat\u00f3rio (<strong>83 32167807<\/strong>).<br><\/p>\n\n\n\n<details class=\"wp-block-details is-layout-flow wp-block-details-is-layout-flow\"><summary>Informa\u00e7\u00f5es gerais relacionadas a pol\u00edtica\/regras do compartilhamento multiusu\u00e1rio da infraestrutura do LMBA\/UFPB.<\/summary>\n<p>Podem ter acesso aos servi\u00e7os e\/ou ao uso multiusu\u00e1rio da infraestrutura do LMBA\/UFPB: I. Docentes, pesquisadores, t\u00e9cnicos, alunos de p\u00f3s-Gradua\u00e7\u00e3o e de gradua\u00e7\u00e3o vinculados \u00e0 UFPB, que estejam desenvolvendo projetos de pesquisa\/tecnol\u00f3gicos, ensino ou extens\u00e3o; II. Docentes, pesquisadores, t\u00e9cnicos, alunos de p\u00f3s-Gradua\u00e7\u00e3o e de gradua\u00e7\u00e3o vinculados a outras institui\u00e7\u00f5es de ensino superior, que estejam desenvolvendo projetos de pesquisa\/tecnol\u00f3gicos, ensino ou extens\u00e3o; III. Pesquisadores e t\u00e9cnicos vinculados ao setor p\u00fablico ou privado, que estejam desenvolvendo projetos de pesquisa ou extens\u00e3o; IV. Comunidade externa com necessidades de an\u00e1lises conforme suas especificidades.<\/p>\n\n\n\n<p>Regras gerais adotadas para utiliza\u00e7\u00e3o multiusu\u00e1ria do LMBA\/UFPB: Os equipamentos existentes no LMBA\/UFPB estar\u00e3o disponibilizados para o solicitante, conforme as regras abaixo: I. Os experimentos\/an\u00e1lises ser\u00e3o realizados por t\u00e9cnicos\/pesquisadores respons\u00e1veis pelos equipamentos, salvo os casos em que o operador interno ou externo tiver autoriza\u00e7\u00e3o pr\u00e9via do Comit\u00ea Gestor do Laborat\u00f3rio, bem como conhecimento e dom\u00ednio dos equipamentos para oper\u00e1-los; II. A solicita\u00e7\u00e3o de utiliza\u00e7\u00e3o do(s) equipamento(s) ser\u00e1 analisado pela Equipe t\u00e9cnica do Laborat\u00f3rio quanto \u00e0 sua viabilidade t\u00e9cnica em rela\u00e7\u00e3o aos equipamentos e materiais dispon\u00edveis; III. As solicita\u00e7\u00f5es rejeitadas poder\u00e3o ser reencaminhadas \u00e0 Equipe t\u00e9cnica do Laborat\u00f3rio para reconsidera\u00e7\u00e3o desde que devidamente justificados e fundamentados da sua viabilidade t\u00e9cnica; IV. Os projetos de pesquisa da UFPB ser\u00e3o priorit\u00e1rios em rela\u00e7\u00e3o aos projetos de outras institui\u00e7\u00f5es. A prioridade de realiza\u00e7\u00e3o dos experimentos dar-se-\u00e1 aos projetos de doutorado, mestrado, especializa\u00e7\u00e3o, trabalho de conclus\u00e3o de curso, inicia\u00e7\u00e3o cient\u00edfica ou extens\u00e3o. Casos espec\u00edficos ser\u00e3o julgados pelo Comit\u00ea Gestor; V. Os usu\u00e1rios s\u00e3o respons\u00e1veis por trazer e usar os equipamentos de prote\u00e7\u00e3o individual (EPI) nas depend\u00eancias do Laborat\u00f3rio; VI. \u00c9 permitido aos usu\u00e1rios trazer material, acess\u00f3rios ou equipamento particular para auxiliar no desenvolvimento das atividades realizadas no Laborat\u00f3rio, desde que se responsabilizem pessoalmente pelo seu uso.<\/p>\n\n\n\n<p>S\u00e3o direitos dos usu\u00e1rios do LMBA\/UFPB: I. Serem comunicados pela Equipe t\u00e9cnica do Laborat\u00f3rio, com 24 horas de anteced\u00eancia, sobre cancelamento(s) de agendamento de an\u00e1lise(s); II. Receberem os resultados provenientes da(s) an\u00e1lise(s) solicitada(s); III. Serem informados de qualquer modifica\u00e7\u00e3o na metodologia de an\u00e1lise escolhida pelo usu\u00e1rio ou sobre qualquer tratamento da amostra que tenha sido necess\u00e1rio.<\/p>\n\n\n\n<p>S\u00e3o obriga\u00e7\u00f5es dos usu\u00e1rios do LMBA\/UFPB: I. O uso dos Equipamentos de Prote\u00e7\u00e3o Individual (EPI) e equipamentos de seguran\u00e7a coletivo durante todo tempo de perman\u00eancia no ambiente do Laborat\u00f3rio; II. O atendimento integral \u00e0s normas de seguran\u00e7a do Laborat\u00f3rio; III. Comparecer na data e hor\u00e1rio agendados para as an\u00e1lises. O n\u00e3o comparecimento deve ser avisado com 24 horas de anteced\u00eancia.; IV) N\u00e3o haver\u00e1 a obrigatoriedade de se incluir coautoria dos membros do comit\u00ea gestor ou t\u00e9cnicos nas publica\u00e7\u00f5es cient\u00edficas das quais os resultados foram obtidos por meio da utiliza\u00e7\u00e3o dos equipamentos do Laborat\u00f3rio. Entende-se por publica\u00e7\u00e3o qualquer meio de divulga\u00e7\u00e3o cient\u00edfica, como artigo cient\u00edfico, trabalho enviado para congresso, monografia, trabalho de conclus\u00e3o de curso, disserta\u00e7\u00e3o, tese etc.<\/p>\n<\/details>\n\n\n\n<details class=\"wp-block-details is-layout-flow wp-block-details-is-layout-flow\"><summary>Equipamentos existentes no Laborat\u00f3rio de Microbiologia e Bioqu\u00edmica de Alimentos (LMBA\/UFPB) cadastrados na PNIPE.<\/summary>\n<p><a href=\"https:\/\/pnipe.mcti.gov.br\/laboratory\/19169\" target=\"_blank\" rel=\"noreferrer noopener\">https:\/\/pnipe.mcti.gov.br\/laboratory\/19169<\/a><\/p>\n\n\n\n<details class=\"wp-block-details is-layout-flow wp-block-details-is-layout-flow\"><summary>Normas de uso multiusu\u00e1rio do LMBA <\/summary>\n<p>As normas est\u00e3o descritas em arquivo disponibilizado no menu &#8220;documentos&#8221;<\/p>\n<\/details>\n<\/details>\n\n\n\n<details class=\"wp-block-details is-layout-flow wp-block-details-is-layout-flow\"><summary>Normas de uso multiusu\u00e1rio\/LMBA<\/summary>\n<p>As normas de uso multiusu\u00e1rio do LMBA est\u00e3o dispon\u00edveis em arquivo localizados no menu &#8220;Documentos&#8221;.<\/p>\n<\/details>\n","protected":false},"excerpt":{"rendered":"<p>O Laborat\u00f3rio de Microbiologia e Bioqu\u00edmica de Alimentos\/Departamento de Nutri\u00e7\u00e3o\/UFPB (LMBA\/UFPB), cadastrado e publicizado na [&hellip;]<\/p>\n","protected":false},"author":47,"featured_media":0,"parent":0,"menu_order":0,"comment_status":"closed","ping_status":"closed","template":"","meta":{"footnotes":""},"class_list":["post-34","page","type-page","status-publish","hentry"],"_links":{"self":[{"href":"https:\/\/www.ccs.ufpb.br\/lmba\/wp-json\/wp\/v2\/pages\/34","targetHints":{"allow":["GET"]}}],"collection":[{"href":"https:\/\/www.ccs.ufpb.br\/lmba\/wp-json\/wp\/v2\/pages"}],"about":[{"href":"https:\/\/www.ccs.ufpb.br\/lmba\/wp-json\/wp\/v2\/types\/page"}],"author":[{"embeddable":true,"href":"https:\/\/www.ccs.ufpb.br\/lmba\/wp-json\/wp\/v2\/users\/47"}],"replies":[{"embeddable":true,"href":"https:\/\/www.ccs.ufpb.br\/lmba\/wp-json\/wp\/v2\/comments?post=34"}],"version-history":[{"count":7,"href":"https:\/\/www.ccs.ufpb.br\/lmba\/wp-json\/wp\/v2\/pages\/34\/revisions"}],"predecessor-version":[{"id":183,"href":"https:\/\/www.ccs.ufpb.br\/lmba\/wp-json\/wp\/v2\/pages\/34\/revisions\/183"}],"wp:attachment":[{"href":"https:\/\/www.ccs.ufpb.br\/lmba\/wp-json\/wp\/v2\/media?parent=34"}],"curies":[{"name":"wp","href":"https:\/\/api.w.org\/{rel}","templated":true}]}}