{"id":267,"date":"2024-03-27T13:27:41","date_gmt":"2024-03-27T16:27:41","guid":{"rendered":"https:\/\/www.ccs.ufpb.br\/lmba\/?page_id=267"},"modified":"2024-11-25T11:14:56","modified_gmt":"2024-11-25T14:14:56","slug":"alunos-ativos","status":"publish","type":"page","link":"https:\/\/www.ccs.ufpb.br\/lmba\/alunos-ativos\/","title":{"rendered":"Alunos Ativos"},"content":{"rendered":"\n<div class=\"wp-block-columns is-layout-flex wp-container-core-columns-is-layout-9d6595d7 wp-block-columns-is-layout-flex\">\n<div class=\"wp-block-column is-layout-flow wp-block-column-is-layout-flow\" style=\"flex-basis:33.33%\">\n<figure class=\"wp-block-image size-full is-resized\"><img loading=\"lazy\" decoding=\"async\" width=\"414\" height=\"384\" src=\"http:\/\/www.ccs.ufpb.br\/lmba\/wp-content\/uploads\/sites\/21\/sites\/157\/2024\/04\/sabr-e1712065536911.png\" alt=\"\" class=\"wp-image-313\" style=\"width:163px;height:auto\" srcset=\"https:\/\/www.ccs.ufpb.br\/lmba\/wp-content\/uploads\/sites\/21\/sites\/157\/2024\/04\/sabr-e1712065536911.png 414w, https:\/\/www.ccs.ufpb.br\/lmba\/wp-content\/uploads\/sites\/21\/sites\/157\/2024\/04\/sabr-e1712065536911-300x278.png 300w\" sizes=\"auto, (max-width: 414px) 100vw, 414px\" \/><\/figure>\n<\/div>\n\n\n\n<div class=\"wp-block-column is-layout-flow wp-block-column-is-layout-flow\" style=\"flex-basis:66.66%\">\n<p>Sabrina Radames Ferreira da Silva &#8211;&nbsp; Doutoranda<\/p>\n\n\n\n<p><a href=\"http:\/\/lattes.cnpq.br\/2849409223505340\" target=\"_blank\" rel=\"noreferrer noopener\">http:\/\/lattes.cnpq.br\/2849409223505340<\/a><\/p>\n<\/div>\n<\/div>\n\n\n\n<div class=\"wp-block-columns is-layout-flex wp-container-core-columns-is-layout-9d6595d7 wp-block-columns-is-layout-flex\">\n<div class=\"wp-block-column is-layout-flow wp-block-column-is-layout-flow\" style=\"flex-basis:33.33%\">\n<figure class=\"wp-block-image size-full is-resized\"><img loading=\"lazy\" decoding=\"async\" width=\"264\" height=\"227\" src=\"http:\/\/www.ccs.ufpb.br\/lmba\/wp-content\/uploads\/sites\/21\/sites\/157\/2024\/04\/jord-e1712065557818.jpg\" alt=\"\" class=\"wp-image-312\" style=\"width:161px;height:auto\" \/><\/figure>\n<\/div>\n\n\n\n<div class=\"wp-block-column is-layout-flow wp-block-column-is-layout-flow\" style=\"flex-basis:66.66%\">\n<p>Jordana Nunes de Oliveira &#8211; Doutoranda<\/p>\n\n\n\n<p><a href=\"http:\/\/lattes.cnpq.br\/1715165826145877\" target=\"_blank\" rel=\"noreferrer noopener\">http:\/\/lattes.cnpq.br\/1715165826145877<\/a><\/p>\n<\/div>\n<\/div>\n\n\n\n<div class=\"wp-block-columns is-layout-flex wp-container-core-columns-is-layout-9d6595d7 wp-block-columns-is-layout-flex\">\n<div class=\"wp-block-column is-layout-flow wp-block-column-is-layout-flow\" style=\"flex-basis:33.33%\">\n<figure class=\"wp-block-image size-full is-resized\"><img loading=\"lazy\" decoding=\"async\" width=\"473\" height=\"626\" src=\"http:\/\/www.ccs.ufpb.br\/lmba\/wp-content\/uploads\/sites\/21\/sites\/157\/2024\/04\/jai-e1712065626697.jpg\" alt=\"\" class=\"wp-image-309\" style=\"width:145px;height:auto\" srcset=\"https:\/\/www.ccs.ufpb.br\/lmba\/wp-content\/uploads\/sites\/21\/sites\/157\/2024\/04\/jai-e1712065626697.jpg 473w, https:\/\/www.ccs.ufpb.br\/lmba\/wp-content\/uploads\/sites\/21\/sites\/157\/2024\/04\/jai-e1712065626697-227x300.jpg 227w\" sizes=\"auto, (max-width: 473px) 100vw, 473px\" \/><\/figure>\n<\/div>\n\n\n\n<div class=\"wp-block-column is-layout-flow wp-block-column-is-layout-flow\" style=\"flex-basis:66.66%\">\n<p>Jaielison Yandro Pereira da Silva &#8211;\u00a0 Doutorando<\/p>\n\n\n\n<p><a href=\"http:\/\/lattes.cnpq.br\/8522558900388320\" target=\"_blank\" rel=\"noreferrer noopener\">http:\/\/lattes.cnpq.br\/8522558900388320 <\/a><\/p>\n<\/div>\n<\/div>\n\n\n\n<div class=\"wp-block-columns is-layout-flex wp-container-core-columns-is-layout-9d6595d7 wp-block-columns-is-layout-flex\">\n<div class=\"wp-block-column is-layout-flow wp-block-column-is-layout-flow\" style=\"flex-basis:33.33%\">\n<figure class=\"wp-block-image size-full is-resized\"><img loading=\"lazy\" decoding=\"async\" width=\"407\" height=\"523\" src=\"http:\/\/www.ccs.ufpb.br\/lmba\/wp-content\/uploads\/sites\/21\/sites\/157\/2024\/04\/adol-e1712065592690.jpg\" alt=\"\" class=\"wp-image-311\" style=\"width:135px;height:auto\" srcset=\"https:\/\/www.ccs.ufpb.br\/lmba\/wp-content\/uploads\/sites\/21\/sites\/157\/2024\/04\/adol-e1712065592690.jpg 407w, https:\/\/www.ccs.ufpb.br\/lmba\/wp-content\/uploads\/sites\/21\/sites\/157\/2024\/04\/adol-e1712065592690-233x300.jpg 233w\" sizes=\"auto, (max-width: 407px) 100vw, 407px\" \/><\/figure>\n<\/div>\n\n\n\n<div class=\"wp-block-column is-layout-flow wp-block-column-is-layout-flow\" style=\"flex-basis:66.66%\">\n<p>Adolfo Pinheiro de Oliveira &#8211;&nbsp; Doutorando<\/p>\n\n\n\n<p><a href=\"http:\/\/lattes.cnpq.br\/2133049452964233\" target=\"_blank\" rel=\"noreferrer noopener\">http:\/\/lattes.cnpq.br\/2133049452964233<\/a><\/p>\n<\/div>\n<\/div>\n\n\n\n<div class=\"wp-block-columns is-layout-flex wp-container-core-columns-is-layout-9d6595d7 wp-block-columns-is-layout-flex\">\n<div class=\"wp-block-column is-layout-flow wp-block-column-is-layout-flow\" style=\"flex-basis:33.33%\">\n<figure class=\"wp-block-image size-full is-resized\"><img loading=\"lazy\" decoding=\"async\" width=\"409\" height=\"505\" src=\"http:\/\/www.ccs.ufpb.br\/lmba\/wp-content\/uploads\/sites\/21\/sites\/157\/2024\/04\/kar-e1712065609768.jpg\" alt=\"\" class=\"wp-image-310\" style=\"width:134px;height:auto\" srcset=\"https:\/\/www.ccs.ufpb.br\/lmba\/wp-content\/uploads\/sites\/21\/sites\/157\/2024\/04\/kar-e1712065609768.jpg 409w, https:\/\/www.ccs.ufpb.br\/lmba\/wp-content\/uploads\/sites\/21\/sites\/157\/2024\/04\/kar-e1712065609768-243x300.jpg 243w\" sizes=\"auto, (max-width: 409px) 100vw, 409px\" \/><\/figure>\n<\/div>\n\n\n\n<div class=\"wp-block-column is-layout-flow wp-block-column-is-layout-flow\" style=\"flex-basis:66.66%\">\n<p>Karina Felix Dias Fernandes &#8211;&nbsp; Doutoranda<\/p>\n\n\n\n<p><a href=\"http:\/\/lattes.cnpq.br\/5411669159560697\" target=\"_blank\" rel=\"noreferrer noopener\">http:\/\/lattes.cnpq.br\/5411669159560697<\/a><\/p>\n<\/div>\n<\/div>\n\n\n\n<div class=\"wp-block-columns is-layout-flex wp-container-core-columns-is-layout-9d6595d7 wp-block-columns-is-layout-flex\">\n<div class=\"wp-block-column is-layout-flow wp-block-column-is-layout-flow\" style=\"flex-basis:33.33%\">\n<figure class=\"wp-block-image size-full is-resized\"><img loading=\"lazy\" decoding=\"async\" width=\"393\" height=\"395\" src=\"http:\/\/www.ccs.ufpb.br\/lmba\/wp-content\/uploads\/sites\/21\/sites\/157\/2024\/03\/helo.jpg\" alt=\"\" class=\"wp-image-81\" style=\"width:151px;height:auto\" srcset=\"https:\/\/www.ccs.ufpb.br\/lmba\/wp-content\/uploads\/sites\/21\/sites\/157\/2024\/03\/helo.jpg 393w, https:\/\/www.ccs.ufpb.br\/lmba\/wp-content\/uploads\/sites\/21\/sites\/157\/2024\/03\/helo-298x300.jpg 298w, https:\/\/www.ccs.ufpb.br\/lmba\/wp-content\/uploads\/sites\/21\/sites\/157\/2024\/03\/helo-150x150.jpg 150w\" sizes=\"auto, (max-width: 393px) 100vw, 393px\" \/><\/figure>\n<\/div>\n\n\n\n<div class=\"wp-block-column is-layout-flow wp-block-column-is-layout-flow\" style=\"flex-basis:66.66%\">\n<p>Heloisa Maria Almeida do nascimento &#8211;&nbsp; Doutoranda<\/p>\n\n\n\n<p><a href=\"http:\/\/lattes.cnpq.br\/4193122697902621\" target=\"_blank\" rel=\"noreferrer noopener\">http:\/\/lattes.cnpq.br\/4193122697902621<\/a><\/p>\n<\/div>\n<\/div>\n\n\n\n<div class=\"wp-block-columns is-layout-flex wp-container-core-columns-is-layout-9d6595d7 wp-block-columns-is-layout-flex\">\n<div class=\"wp-block-column is-layout-flow wp-block-column-is-layout-flow\" style=\"flex-basis:33.33%\">\n<figure class=\"wp-block-image size-full is-resized\"><img loading=\"lazy\" decoding=\"async\" width=\"450\" height=\"637\" src=\"http:\/\/www.ccs.ufpb.br\/lmba\/wp-content\/uploads\/sites\/21\/sites\/157\/2024\/04\/andr-e1712065645153.jpg\" alt=\"\" class=\"wp-image-308\" style=\"width:135px;height:auto\" srcset=\"https:\/\/www.ccs.ufpb.br\/lmba\/wp-content\/uploads\/sites\/21\/sites\/157\/2024\/04\/andr-e1712065645153.jpg 450w, https:\/\/www.ccs.ufpb.br\/lmba\/wp-content\/uploads\/sites\/21\/sites\/157\/2024\/04\/andr-e1712065645153-212x300.jpg 212w\" sizes=\"auto, (max-width: 450px) 100vw, 450px\" \/><\/figure>\n<\/div>\n\n\n\n<div class=\"wp-block-column is-layout-flow wp-block-column-is-layout-flow\" style=\"flex-basis:66.66%\">\n<p>Andressa Cavalcante do Nascimento &#8211;&nbsp; Mestranda<\/p>\n\n\n\n<p><a href=\"http:\/\/lattes.cnpq.br\/7434805351919856\" target=\"_blank\" rel=\"noreferrer noopener\">http:\/\/lattes.cnpq.br\/7434805351919856<\/a><\/p>\n<\/div>\n<\/div>\n\n\n\n<div class=\"wp-block-columns is-layout-flex wp-container-core-columns-is-layout-9d6595d7 wp-block-columns-is-layout-flex\">\n<div class=\"wp-block-column is-layout-flow wp-block-column-is-layout-flow\" style=\"flex-basis:33.33%\">\n<figure class=\"wp-block-image size-full is-resized\"><img loading=\"lazy\" decoding=\"async\" width=\"409\" height=\"596\" src=\"http:\/\/www.ccs.ufpb.br\/lmba\/wp-content\/uploads\/sites\/21\/sites\/157\/2024\/04\/talli-e1712065667333.jpg\" alt=\"\" class=\"wp-image-307\" style=\"width:133px;height:auto\" srcset=\"https:\/\/www.ccs.ufpb.br\/lmba\/wp-content\/uploads\/sites\/21\/sites\/157\/2024\/04\/talli-e1712065667333.jpg 409w, https:\/\/www.ccs.ufpb.br\/lmba\/wp-content\/uploads\/sites\/21\/sites\/157\/2024\/04\/talli-e1712065667333-206x300.jpg 206w\" sizes=\"auto, (max-width: 409px) 100vw, 409px\" \/><\/figure>\n<\/div>\n\n\n\n<div class=\"wp-block-column is-layout-flow wp-block-column-is-layout-flow\" style=\"flex-basis:66.66%\">\n<p>Talita Silveira Queiroga &#8211;&nbsp; Mestranda<\/p>\n\n\n\n<p><a href=\"http:\/\/lattes.cnpq.br\/1132518557007199\">http:\/\/lattes.cnpq.br\/1132518557007199<\/a><\/p>\n<\/div>\n<\/div>\n\n\n\n<div class=\"wp-block-columns is-layout-flex wp-container-core-columns-is-layout-9d6595d7 wp-block-columns-is-layout-flex\">\n<div class=\"wp-block-column is-layout-flow wp-block-column-is-layout-flow\" style=\"flex-basis:33.33%\">\n<figure class=\"wp-block-image size-full is-resized\"><img loading=\"lazy\" decoding=\"async\" width=\"750\" height=\"767\" src=\"https:\/\/www.ccs.ufpb.br\/lmba\/wp-content\/uploads\/sites\/21\/sites\/157\/2024\/11\/Natalia-1.png\" alt=\"\" class=\"wp-image-401\" style=\"width:145px;height:auto\" srcset=\"https:\/\/www.ccs.ufpb.br\/lmba\/wp-content\/uploads\/sites\/21\/sites\/157\/2024\/11\/Natalia-1.png 750w, https:\/\/www.ccs.ufpb.br\/lmba\/wp-content\/uploads\/sites\/21\/sites\/157\/2024\/11\/Natalia-1-293x300.png 293w\" sizes=\"auto, (max-width: 750px) 100vw, 750px\" \/><\/figure>\n<\/div>\n\n\n\n<div class=\"wp-block-column is-layout-flow wp-block-column-is-layout-flow\" style=\"flex-basis:66.66%\">\n<p>Natalia de Souza Bento &#8211; Mestranda<\/p>\n\n\n\n<p><a href=\"http:\/\/lattes.cnpq.br\/3692109001680306\">http:\/\/lattes.cnpq.br\/3692109001680306<\/a><\/p>\n<\/div>\n<\/div>\n\n\n\n<div class=\"wp-block-columns is-layout-flex wp-container-core-columns-is-layout-9d6595d7 wp-block-columns-is-layout-flex\">\n<div class=\"wp-block-column is-layout-flow wp-block-column-is-layout-flow\" style=\"flex-basis:33.33%\">\n<figure class=\"wp-block-image size-full is-resized\"><img loading=\"lazy\" decoding=\"async\" width=\"715\" height=\"790\" src=\"https:\/\/www.ccs.ufpb.br\/lmba\/wp-content\/uploads\/sites\/21\/sites\/157\/2024\/11\/anny-2-3.png\" alt=\"\" class=\"wp-image-399\" style=\"width:145px;height:auto\" srcset=\"https:\/\/www.ccs.ufpb.br\/lmba\/wp-content\/uploads\/sites\/21\/sites\/157\/2024\/11\/anny-2-3.png 715w, https:\/\/www.ccs.ufpb.br\/lmba\/wp-content\/uploads\/sites\/21\/sites\/157\/2024\/11\/anny-2-3-272x300.png 272w\" sizes=\"auto, (max-width: 715px) 100vw, 715px\" \/><\/figure>\n<\/div>\n\n\n\n<div class=\"wp-block-column is-layout-flow wp-block-column-is-layout-flow\" style=\"flex-basis:66.66%\">\n<p>Anny Elizabeth Maia Machado &#8211; Mestranda<\/p>\n\n\n\n<p><a href=\"http:\/\/lattes.cnpq.br\/4095843846895630\">http:\/\/lattes.cnpq.br\/4095843846895630<\/a><\/p>\n<\/div>\n<\/div>\n\n\n\n<div class=\"wp-block-columns is-layout-flex wp-container-core-columns-is-layout-9d6595d7 wp-block-columns-is-layout-flex\">\n<div class=\"wp-block-column is-layout-flow wp-block-column-is-layout-flow\" style=\"flex-basis:33.33%\">\n<figure class=\"wp-block-image size-full is-resized\"><img loading=\"lazy\" decoding=\"async\" width=\"720\" height=\"998\" src=\"https:\/\/www.ccs.ufpb.br\/lmba\/wp-content\/uploads\/sites\/21\/sites\/157\/2024\/11\/Deborah.jpg\" alt=\"\" class=\"wp-image-438\" style=\"width:144px;height:auto\" srcset=\"https:\/\/www.ccs.ufpb.br\/lmba\/wp-content\/uploads\/sites\/21\/sites\/157\/2024\/11\/Deborah.jpg 720w, https:\/\/www.ccs.ufpb.br\/lmba\/wp-content\/uploads\/sites\/21\/sites\/157\/2024\/11\/Deborah-216x300.jpg 216w\" sizes=\"auto, (max-width: 720px) 100vw, 720px\" \/><\/figure>\n<\/div>\n\n\n\n<div class=\"wp-block-column is-layout-flow wp-block-column-is-layout-flow\" style=\"flex-basis:66.66%\">\n<p>D\u00e9borah Gomes de Oliveira &#8211; Inicia\u00e7\u00e3o cient\u00edfica<\/p>\n\n\n\n<p><a href=\"http:\/\/lattes.cnpq.br\/8981646404126407\">http:\/\/lattes.cnpq.br\/8981646404126407<\/a><\/p>\n<\/div>\n<\/div>\n\n\n\n<div class=\"wp-block-columns is-layout-flex wp-container-core-columns-is-layout-9d6595d7 wp-block-columns-is-layout-flex\">\n<div class=\"wp-block-column is-layout-flow wp-block-column-is-layout-flow\" style=\"flex-basis:33.33%\">\n<figure class=\"wp-block-image size-large is-resized\"><img loading=\"lazy\" decoding=\"async\" width=\"1024\" height=\"1024\" src=\"https:\/\/www.ccs.ufpb.br\/lmba\/wp-content\/uploads\/sites\/21\/sites\/157\/2024\/11\/Iris-1024x1024.webp\" alt=\"\" class=\"wp-image-439\" style=\"width:150px;height:auto\" srcset=\"https:\/\/www.ccs.ufpb.br\/lmba\/wp-content\/uploads\/sites\/21\/sites\/157\/2024\/11\/Iris-1024x1024.webp 1024w, https:\/\/www.ccs.ufpb.br\/lmba\/wp-content\/uploads\/sites\/21\/sites\/157\/2024\/11\/Iris-300x300.webp 300w, https:\/\/www.ccs.ufpb.br\/lmba\/wp-content\/uploads\/sites\/21\/sites\/157\/2024\/11\/Iris-150x150.webp 150w, https:\/\/www.ccs.ufpb.br\/lmba\/wp-content\/uploads\/sites\/21\/sites\/157\/2024\/11\/Iris-768x768.webp 768w, https:\/\/www.ccs.ufpb.br\/lmba\/wp-content\/uploads\/sites\/21\/sites\/157\/2024\/11\/Iris.webp 1469w\" sizes=\"auto, (max-width: 1024px) 100vw, 1024px\" \/><\/figure>\n<\/div>\n\n\n\n<div class=\"wp-block-column is-layout-flow wp-block-column-is-layout-flow\" style=\"flex-basis:66.66%\">\n<p>Iris Caline Fran\u00e7a de Sales &#8211; Inicia\u00e7\u00e3o cient\u00edfica<\/p>\n\n\n\n<p><a href=\"http:\/\/lattes.cnpq.br\/3641557493483947\">http:\/\/lattes.cnpq.br\/3641557493483947<\/a><\/p>\n<\/div>\n<\/div>\n\n\n\n<div class=\"wp-block-columns is-layout-flex wp-container-core-columns-is-layout-9d6595d7 wp-block-columns-is-layout-flex\">\n<div class=\"wp-block-column is-layout-flow wp-block-column-is-layout-flow\" style=\"flex-basis:33.33%\">\n<figure class=\"wp-block-image size-full is-resized\"><img loading=\"lazy\" decoding=\"async\" width=\"718\" height=\"718\" src=\"https:\/\/www.ccs.ufpb.br\/lmba\/wp-content\/uploads\/sites\/21\/sites\/157\/2024\/11\/Italo.jpg\" alt=\"\" class=\"wp-image-440\" style=\"width:156px;height:auto\" srcset=\"https:\/\/www.ccs.ufpb.br\/lmba\/wp-content\/uploads\/sites\/21\/sites\/157\/2024\/11\/Italo.jpg 718w, https:\/\/www.ccs.ufpb.br\/lmba\/wp-content\/uploads\/sites\/21\/sites\/157\/2024\/11\/Italo-300x300.jpg 300w, https:\/\/www.ccs.ufpb.br\/lmba\/wp-content\/uploads\/sites\/21\/sites\/157\/2024\/11\/Italo-150x150.jpg 150w\" sizes=\"auto, (max-width: 718px) 100vw, 718px\" \/><\/figure>\n<\/div>\n\n\n\n<div class=\"wp-block-column is-layout-flow wp-block-column-is-layout-flow\" style=\"flex-basis:66.66%\">\n<p>Itallo Fernandes Cirilo &#8211; Inicia\u00e7\u00e3o cient\u00edfica<\/p>\n\n\n\n<p><a href=\"http:\/\/lattes.cnpq.br\/4273497370681175\">http:\/\/lattes.cnpq.br\/4273497370681175<\/a><\/p>\n<\/div>\n<\/div>\n\n\n\n<div class=\"wp-block-columns is-layout-flex wp-container-core-columns-is-layout-9d6595d7 wp-block-columns-is-layout-flex\">\n<div class=\"wp-block-column is-layout-flow wp-block-column-is-layout-flow\" style=\"flex-basis:33.33%\">\n<figure class=\"wp-block-image size-full is-resized\"><img loading=\"lazy\" decoding=\"async\" width=\"709\" height=\"709\" src=\"https:\/\/www.ccs.ufpb.br\/lmba\/wp-content\/uploads\/sites\/21\/sites\/157\/2024\/11\/Bruna.png\" alt=\"\" class=\"wp-image-441\" style=\"width:164px;height:auto\" srcset=\"https:\/\/www.ccs.ufpb.br\/lmba\/wp-content\/uploads\/sites\/21\/sites\/157\/2024\/11\/Bruna.png 709w, https:\/\/www.ccs.ufpb.br\/lmba\/wp-content\/uploads\/sites\/21\/sites\/157\/2024\/11\/Bruna-300x300.png 300w, https:\/\/www.ccs.ufpb.br\/lmba\/wp-content\/uploads\/sites\/21\/sites\/157\/2024\/11\/Bruna-150x150.png 150w\" sizes=\"auto, (max-width: 709px) 100vw, 709px\" \/><\/figure>\n<\/div>\n\n\n\n<div class=\"wp-block-column is-layout-flow wp-block-column-is-layout-flow\" style=\"flex-basis:66.66%\">\n<p>Bruna Rafaelle Rodrigues Pontes &#8211; Inicia\u00e7\u00e3o cient\u00edfica<\/p>\n\n\n\n<p><a href=\"https:\/\/lattes.cnpq.br\/5436092326176008\">https:\/\/lattes.cnpq.br\/5436092326176008<\/a><\/p>\n<\/div>\n<\/div>\n\n\n\n<div class=\"wp-block-columns is-layout-flex wp-container-core-columns-is-layout-9d6595d7 wp-block-columns-is-layout-flex\">\n<div class=\"wp-block-column is-layout-flow wp-block-column-is-layout-flow\" style=\"flex-basis:33.33%\">\n<figure class=\"wp-block-image size-large is-resized\"><img loading=\"lazy\" decoding=\"async\" width=\"892\" height=\"1024\" src=\"https:\/\/www.ccs.ufpb.br\/lmba\/wp-content\/uploads\/sites\/21\/sites\/157\/2024\/11\/WhatsApp-Image-2024-11-25-at-11.08.04-892x1024.jpeg\" alt=\"\" class=\"wp-image-443\" style=\"width:165px;height:auto\" srcset=\"https:\/\/www.ccs.ufpb.br\/lmba\/wp-content\/uploads\/sites\/21\/sites\/157\/2024\/11\/WhatsApp-Image-2024-11-25-at-11.08.04-892x1024.jpeg 892w, https:\/\/www.ccs.ufpb.br\/lmba\/wp-content\/uploads\/sites\/21\/sites\/157\/2024\/11\/WhatsApp-Image-2024-11-25-at-11.08.04-261x300.jpeg 261w, https:\/\/www.ccs.ufpb.br\/lmba\/wp-content\/uploads\/sites\/21\/sites\/157\/2024\/11\/WhatsApp-Image-2024-11-25-at-11.08.04-768x882.jpeg 768w, https:\/\/www.ccs.ufpb.br\/lmba\/wp-content\/uploads\/sites\/21\/sites\/157\/2024\/11\/WhatsApp-Image-2024-11-25-at-11.08.04.jpeg 1080w\" sizes=\"auto, (max-width: 892px) 100vw, 892px\" \/><\/figure>\n<\/div>\n\n\n\n<div class=\"wp-block-column is-layout-flow wp-block-column-is-layout-flow\" style=\"flex-basis:66.66%\">\n<p>Andressa Estefany da Silva Nogueira &#8211; Inicia\u00e7\u00e3o cient\u00edfica<\/p>\n\n\n\n<p><a href=\"https:\/\/lattes.cnpq.br\/4210675813973549\">https:\/\/lattes.cnpq.br\/4210675813973549<\/a><\/p>\n<\/div>\n<\/div>\n\n\n\n<div class=\"wp-block-columns is-layout-flex wp-container-core-columns-is-layout-9d6595d7 wp-block-columns-is-layout-flex\">\n<div class=\"wp-block-column is-layout-flow wp-block-column-is-layout-flow\" style=\"flex-basis:33.33%\">\n<figure class=\"wp-block-image size-large is-resized\"><img loading=\"lazy\" decoding=\"async\" width=\"1024\" height=\"1024\" src=\"https:\/\/www.ccs.ufpb.br\/lmba\/wp-content\/uploads\/sites\/21\/sites\/157\/2024\/11\/Rafaela-1024x1024.jpg\" alt=\"\" class=\"wp-image-444\" style=\"width:164px;height:auto\" srcset=\"https:\/\/www.ccs.ufpb.br\/lmba\/wp-content\/uploads\/sites\/21\/sites\/157\/2024\/11\/Rafaela-1024x1024.jpg 1024w, https:\/\/www.ccs.ufpb.br\/lmba\/wp-content\/uploads\/sites\/21\/sites\/157\/2024\/11\/Rafaela-300x300.jpg 300w, https:\/\/www.ccs.ufpb.br\/lmba\/wp-content\/uploads\/sites\/21\/sites\/157\/2024\/11\/Rafaela-150x150.jpg 150w, https:\/\/www.ccs.ufpb.br\/lmba\/wp-content\/uploads\/sites\/21\/sites\/157\/2024\/11\/Rafaela-768x768.jpg 768w, https:\/\/www.ccs.ufpb.br\/lmba\/wp-content\/uploads\/sites\/21\/sites\/157\/2024\/11\/Rafaela.jpg 1080w\" sizes=\"auto, (max-width: 1024px) 100vw, 1024px\" \/><\/figure>\n<\/div>\n\n\n\n<div class=\"wp-block-column is-layout-flow wp-block-column-is-layout-flow\" style=\"flex-basis:66.66%\">\n<p>Rafaela Shayani Lima Pereira &#8211; Inicia\u00e7\u00e3o cient\u00edfica<\/p>\n\n\n\n<p><a href=\"http:\/\/lattes.cnpq.br\/6518353262883789\">http:\/\/lattes.cnpq.br\/6518353262883789<\/a><\/p>\n<\/div>\n<\/div>\n","protected":false},"excerpt":{"rendered":"<p>Sabrina Radames Ferreira da Silva &#8211;&nbsp; Doutoranda http:\/\/lattes.cnpq.br\/2849409223505340 Jordana Nunes de Oliveira &#8211; Doutoranda http:\/\/lattes.cnpq.br\/1715165826145877 [&hellip;]<\/p>\n","protected":false},"author":47,"featured_media":0,"parent":0,"menu_order":0,"comment_status":"closed","ping_status":"closed","template":"","meta":{"footnotes":"[]"},"class_list":["post-267","page","type-page","status-publish","hentry"],"_links":{"self":[{"href":"https:\/\/www.ccs.ufpb.br\/lmba\/wp-json\/wp\/v2\/pages\/267","targetHints":{"allow":["GET"]}}],"collection":[{"href":"https:\/\/www.ccs.ufpb.br\/lmba\/wp-json\/wp\/v2\/pages"}],"about":[{"href":"https:\/\/www.ccs.ufpb.br\/lmba\/wp-json\/wp\/v2\/types\/page"}],"author":[{"embeddable":true,"href":"https:\/\/www.ccs.ufpb.br\/lmba\/wp-json\/wp\/v2\/users\/47"}],"replies":[{"embeddable":true,"href":"https:\/\/www.ccs.ufpb.br\/lmba\/wp-json\/wp\/v2\/comments?post=267"}],"version-history":[{"count":12,"href":"https:\/\/www.ccs.ufpb.br\/lmba\/wp-json\/wp\/v2\/pages\/267\/revisions"}],"predecessor-version":[{"id":445,"href":"https:\/\/www.ccs.ufpb.br\/lmba\/wp-json\/wp\/v2\/pages\/267\/revisions\/445"}],"wp:attachment":[{"href":"https:\/\/www.ccs.ufpb.br\/lmba\/wp-json\/wp\/v2\/media?parent=267"}],"curies":[{"name":"wp","href":"https:\/\/api.w.org\/{rel}","templated":true}]}}