{"id":24,"date":"2024-03-13T11:03:27","date_gmt":"2024-03-13T14:03:27","guid":{"rendered":"https:\/\/www.ccs.ufpb.br\/lmba\/?page_id=24"},"modified":"2024-07-09T09:01:50","modified_gmt":"2024-07-09T12:01:50","slug":"equipe","status":"publish","type":"page","link":"https:\/\/www.ccs.ufpb.br\/lmba\/equipe\/","title":{"rendered":"Equipe"},"content":{"rendered":"\n<div class=\"wp-block-columns is-layout-flex wp-container-core-columns-is-layout-9d6595d7 wp-block-columns-is-layout-flex\">\n<div class=\"wp-block-column is-layout-flow wp-block-column-is-layout-flow\">\n<p><strong>Evandro Leite de Souza (Professor Respons\u00e1vel)<\/strong><\/p>\n\n\n\n<p><a href=\"http:\/\/lattes.cnpq.br\/9103355732367822\" target=\"_blank\" rel=\"noreferrer noopener\"><strong><em>http:\/\/lattes.cnpq.br\/9103355732367822<\/em><\/strong><\/a><\/p>\n<\/div>\n\n\n\n<div class=\"wp-block-column is-layout-flow wp-block-column-is-layout-flow\">\n<figure class=\"wp-block-image size-full is-resized\"><img loading=\"lazy\" decoding=\"async\" width=\"233\" height=\"291\" src=\"http:\/\/www.ccs.ufpb.br\/lmba\/wp-content\/uploads\/sites\/21\/sites\/157\/2024\/03\/ev.png\" alt=\"\" class=\"wp-image-79\" style=\"width:159px;height:auto\" \/><\/figure>\n<\/div>\n\n\n\n<div class=\"wp-block-column is-layout-flow wp-block-column-is-layout-flow\">\n<p>Professor Titular, vinculado ao Departamento de Nutri\u00e7\u00e3o\/Centro de Ci\u00eancias da Sa\u00fade\/UFPB &#8211; Campus I. Possui experi\u00eancia em Microbiologia dos Alimentos, atuando principalmente nos seguintes temas: seguran\u00e7a de alimentos, bact\u00e9rias probi\u00f3ticas, ingredientes prebi\u00f3ticos, microbioma intestinal e controle do crescimento e sobreviv\u00eancia de microrganismos patog\u00eanicos e deteriorantes em alimentos. ORCID: 0000-0003-4927-9383; ResearcherID: E-8851-2017; Scopus ID: 9332736200.<\/p>\n<\/div>\n<\/div>\n\n\n\n<div class=\"wp-block-columns is-layout-flex wp-container-core-columns-is-layout-9d6595d7 wp-block-columns-is-layout-flex\">\n<div class=\"wp-block-column is-layout-flow wp-block-column-is-layout-flow\">\n<p><strong>Maria L\u00facia da Concei\u00e7\u00e3o (Coordenadora)<\/strong> <strong><em><u>http:\/\/lattes.cnpq.br\/8392717118650259<\/u><\/em><\/strong><\/p>\n<\/div>\n\n\n\n<div class=\"wp-block-column is-layout-flow wp-block-column-is-layout-flow\">\n<figure class=\"wp-block-image size-full is-resized\"><img loading=\"lazy\" decoding=\"async\" width=\"100\" height=\"125\" src=\"http:\/\/www.ccs.ufpb.br\/lmba\/wp-content\/uploads\/sites\/21\/sites\/157\/2024\/03\/mlc.png\" alt=\"\" class=\"wp-image-80\" style=\"width:138px;height:auto\" \/><\/figure>\n<\/div>\n\n\n\n<div class=\"wp-block-column is-layout-flow wp-block-column-is-layout-flow\">\n<p>Possui gradua\u00e7\u00e3o em Engenharia de Alimentos pela Universidade Federal da Para\u00edba (1984), mestrado em Engenharia de Produ\u00e7\u00e3o pela Universidade Federal da Para\u00edba (1996) e doutorado em Ci\u00eancias da Sa\u00fade pela Universidade Federal da Para\u00edba (2005). Tem experi\u00eancia na \u00e1rea de Ci\u00eancia e Tecnologia de Alimentos, com \u00eanfase em Avalia\u00e7\u00e3o e Controle de Qualidade de Alimentos, atuando principalmente nos seguintes temas: f\u00edsico-qu\u00edmica, \u00e1gua, restaurante, microbiologia e escola.<\/p>\n<\/div>\n<\/div>\n\n\n\n<div class=\"wp-block-columns is-layout-flex wp-container-core-columns-is-layout-9d6595d7 wp-block-columns-is-layout-flex\">\n<div class=\"wp-block-column is-layout-flow wp-block-column-is-layout-flow\">\n<p><strong>S\u00f4nia Paula Alexandrino de Oliveira <\/strong><\/p>\n\n\n\n<p><strong>(T\u00e9cnico de Laborat\u00f3rio \u00c1rea\/Alimentos)<\/strong><\/p>\n\n\n\n<p><a href=\"http:\/\/lattes.cnpq.br\/8831321815766942\">http:\/\/lattes.cnpq.br\/8831321815766942<\/a><\/p>\n<\/div>\n\n\n\n<div class=\"wp-block-column is-layout-flow wp-block-column-is-layout-flow\">\n<figure class=\"wp-block-image size-full is-resized\"><img loading=\"lazy\" decoding=\"async\" width=\"217\" height=\"313\" src=\"http:\/\/www.ccs.ufpb.br\/lmba\/wp-content\/uploads\/sites\/21\/sites\/157\/2024\/03\/sp.jpg\" alt=\"\" class=\"wp-image-82\" style=\"width:141px;height:auto\" srcset=\"https:\/\/www.ccs.ufpb.br\/lmba\/wp-content\/uploads\/sites\/21\/sites\/157\/2024\/03\/sp.jpg 217w, https:\/\/www.ccs.ufpb.br\/lmba\/wp-content\/uploads\/sites\/21\/sites\/157\/2024\/03\/sp-208x300.jpg 208w\" sizes=\"auto, (max-width: 217px) 100vw, 217px\" \/><\/figure>\n<\/div>\n\n\n\n<div class=\"wp-block-column is-layout-flow wp-block-column-is-layout-flow\">\n<p>Doutora em Ci\u00eancias da Nutri\u00e7\u00e3o pela Universidade Federal da Para\u00edba (2023), com pesquisa na linha de seguran\u00e7a, qualidade e funcionalidade de alimentos. Possui mestrado em Ci\u00eancia e Tecnologia de Alimentos pela Universidade Federal Rural de Pernambuco (2012) e gradua\u00e7\u00e3o em Tecnologia de Alimentos pela Faculdade de Tecnologia Centec Limoeiro do Norte (2008). Atualmente \u00e9 t\u00e9cnico de laborat\u00f3rio \u00e1rea\/ alimentos do laborat\u00f3rio de microbiologia e Bioqu\u00edmica dos Alimentos do Departamento de Nutri\u00e7\u00e3o da Universidade Federal da Para\u00edba. Tem experi\u00eancia na \u00e1rea de Ci\u00eancia e Tecnologia de Alimentos, com \u00eanfase em microbiologia e bioqu\u00edmica de Alimentos, atuando principalmente nos seguintes temas: caracteriza\u00e7\u00e3o qu\u00edmica, processamento de alimentos e ensaios microbiol\u00f3gicos e biomoleculares.<\/p>\n<\/div>\n<\/div>\n\n\n\n<div class=\"wp-block-columns is-layout-flex wp-container-core-columns-is-layout-9d6595d7 wp-block-columns-is-layout-flex\">\n<div class=\"wp-block-column is-layout-flow wp-block-column-is-layout-flow\">\n<p><strong>Heloisa Maria Almeida do nascimento <\/strong><\/p>\n\n\n\n<p><strong>(T\u00e9cnico de Laborat\u00f3rio \u00c1rea\/Alimentos)<\/strong> <a href=\"http:\/\/lattes.cnpq.br\/4193122697902621\">http:\/\/lattes.cnpq.br\/4193122697902621<\/a>&nbsp;<\/p>\n<\/div>\n\n\n\n<div class=\"wp-block-column is-layout-flow wp-block-column-is-layout-flow\">\n<figure class=\"wp-block-image size-full is-resized\"><img loading=\"lazy\" decoding=\"async\" width=\"393\" height=\"395\" src=\"http:\/\/www.ccs.ufpb.br\/lmba\/wp-content\/uploads\/sites\/21\/sites\/157\/2024\/03\/helo.jpg\" alt=\"\" class=\"wp-image-81\" style=\"width:171px;height:auto\" srcset=\"https:\/\/www.ccs.ufpb.br\/lmba\/wp-content\/uploads\/sites\/21\/sites\/157\/2024\/03\/helo.jpg 393w, https:\/\/www.ccs.ufpb.br\/lmba\/wp-content\/uploads\/sites\/21\/sites\/157\/2024\/03\/helo-298x300.jpg 298w, https:\/\/www.ccs.ufpb.br\/lmba\/wp-content\/uploads\/sites\/21\/sites\/157\/2024\/03\/helo-150x150.jpg 150w\" sizes=\"auto, (max-width: 393px) 100vw, 393px\" \/><\/figure>\n<\/div>\n\n\n\n<div class=\"wp-block-column is-layout-flow wp-block-column-is-layout-flow\">\n<p>Doutorado em andamento em Ci\u00eancias da Nutri\u00e7\u00e3o pela Universidade Federal da Para\u00edba (2024), com pesquisa na linha de nutrac\u00eauticos, seguran\u00e7a, qualidade e funcionalidade de alimentos. Mestre em Ci\u00eancia e Tecnologia de Alimentos (2013) pela Universidade Federal da Para\u00edba (UFPB), possui gradua\u00e7\u00e3o em Nutri\u00e7\u00e3o pela Universidade Federal da Para\u00edba (2010). Atualmente \u00e9 t\u00e9cnico de laborat\u00f3rio \u00e1rea\/ alimentos do Laborat\u00f3rio de Microbiologia e Bioqu\u00edmica dos Alimentos do Departamento de Nutri\u00e7\u00e3o da Universidade Federal da Para\u00edba. Tem experi\u00eancia na \u00e1rea de Ci\u00eancia e Tecnologia de Alimentos, com \u00eanfase em microbiologia e bioqu\u00edmica de Alimentos, atuando principalmente nos seguintes temas: caracteriza\u00e7\u00e3o qu\u00edmica, processamento de alimentos e ensaios microbiol\u00f3gicos e biomoleculares.<\/p>\n<\/div>\n<\/div>\n\n\n\n<p><\/p>\n","protected":false},"excerpt":{"rendered":"<p>Evandro Leite de Souza (Professor Respons\u00e1vel) http:\/\/lattes.cnpq.br\/9103355732367822 Professor Titular, vinculado ao Departamento de Nutri\u00e7\u00e3o\/Centro de [&hellip;]<\/p>\n","protected":false},"author":47,"featured_media":0,"parent":0,"menu_order":0,"comment_status":"closed","ping_status":"closed","template":"","meta":{"footnotes":""},"class_list":["post-24","page","type-page","status-publish","hentry"],"_links":{"self":[{"href":"https:\/\/www.ccs.ufpb.br\/lmba\/wp-json\/wp\/v2\/pages\/24","targetHints":{"allow":["GET"]}}],"collection":[{"href":"https:\/\/www.ccs.ufpb.br\/lmba\/wp-json\/wp\/v2\/pages"}],"about":[{"href":"https:\/\/www.ccs.ufpb.br\/lmba\/wp-json\/wp\/v2\/types\/page"}],"author":[{"embeddable":true,"href":"https:\/\/www.ccs.ufpb.br\/lmba\/wp-json\/wp\/v2\/users\/47"}],"replies":[{"embeddable":true,"href":"https:\/\/www.ccs.ufpb.br\/lmba\/wp-json\/wp\/v2\/comments?post=24"}],"version-history":[{"count":9,"href":"https:\/\/www.ccs.ufpb.br\/lmba\/wp-json\/wp\/v2\/pages\/24\/revisions"}],"predecessor-version":[{"id":340,"href":"https:\/\/www.ccs.ufpb.br\/lmba\/wp-json\/wp\/v2\/pages\/24\/revisions\/340"}],"wp:attachment":[{"href":"https:\/\/www.ccs.ufpb.br\/lmba\/wp-json\/wp\/v2\/media?parent=24"}],"curies":[{"name":"wp","href":"https:\/\/api.w.org\/{rel}","templated":true}]}}