{"id":75,"date":"2024-03-02T08:11:24","date_gmt":"2024-03-02T11:11:24","guid":{"rendered":"https:\/\/www.ccs.ufpb.br\/liev\/?page_id=75"},"modified":"2026-04-11T09:39:30","modified_gmt":"2026-04-11T12:39:30","slug":"laboratorio-multiusuario","status":"publish","type":"page","link":"https:\/\/www.ccs.ufpb.br\/liev\/pesquisa\/laboratorio-multiusuario\/","title":{"rendered":"Laborat\u00f3rio Multiusu\u00e1rio"},"content":{"rendered":"\n<p>O LIEV atua como uma infraestrutura de pesquisa multiusu\u00e1ria de excel\u00eancia vinculada \u00e0 Universidade Federal da Para\u00edba (UFPB), dedicada ao avan\u00e7o cient\u00edfico interdisciplinar nas \u00e1reas de Fonoaudiologia, Lingu\u00edstica, Neuroci\u00eancias, Engenharia e Ci\u00eancias da Sa\u00fade. Nossa miss\u00e3o \u00e9 fomentar a produ\u00e7\u00e3o de conhecimento de alto impacto, oferecendo suporte tecnol\u00f3gico avan\u00e7ado a pesquisadores internos e externos, al\u00e9m de atender \u00e0s demandas de diversos Programas de P\u00f3s-Gradua\u00e7\u00e3o parceiros.<\/p>\n\n\n\n<p><strong>Capacidade Instalada e Alta Complexidade<\/strong><\/p>\n\n\n\n<p>O LIEV disponibiliza um parque de equipamentos de \u00faltima gera\u00e7\u00e3o para investiga\u00e7\u00f5es rigorosas sobre a comunica\u00e7\u00e3o humana e suas interfaces cognitivas e fisiol\u00f3gicas. Nossa estrutura multiusu\u00e1ria conta com tecnologias de alta complexidade, incluindo:<\/p>\n\n\n\n<p>\u2022 <strong>Neuromodula\u00e7\u00e3o e Neurofisiologia:<\/strong> Dispomos do sistema <strong>Neuro-MS de Estimula\u00e7\u00e3o Magn\u00e9tica Transcraniana (EMT)<\/strong> monof\u00e1sica integrado ao <strong>Eletroneuromi\u00f3grafo Neuro-EMG-Micro-2<\/strong>. <span style=\"margin: 0px;padding: 0px\">Esta plataforma permite realizar estudos avan\u00e7ados de\u00a0<strong>excitabilidade cortical<\/strong>\u00a0e\u00a0<strong>de potencial evocado motor<\/strong>, operando com bobinas espec\u00edficas (circular e duplo cone) e sincroniza\u00e7\u00e3o precisa, via software Neuro-MEP.NET, para o gerenciamento dos par\u00e2metros de estimula\u00e7\u00e3o.<\/span> Diferente dos sistemas terap\u00eauticos convencionais, este equipamento \u00e9 considerado o &#8220;padr\u00e3o-ouro&#8221; para a investiga\u00e7\u00e3o da excitabilidade cortical e do mapeamento funcional, gerando pulsos de alta precis\u00e3o que permitem avaliar a integridade das vias motoras, desde o c\u00f3rtex cerebral at\u00e9 a musculatura efetor. Dessa forma, permite a defini\u00e7\u00e3o do Limiar Motor (MT) e a localiza\u00e7\u00e3o da representa\u00e7\u00e3o motora da laringe; a avalia\u00e7\u00e3o dos mecanismos de inibi\u00e7\u00e3o e facilita\u00e7\u00e3o intracorticais, essenciais para compreender o controle motor fino da voz; e o exame da integridade dos nervos cranianos, com foco no Nervo Vago e nas vias c\u00f3rtico-bulbares. No LIEV, esse equipamento atua no diagn\u00f3stico diferencial e na investiga\u00e7\u00e3o fisiopatol\u00f3gica de condi\u00e7\u00f5es como\u00a0disfonia espasm\u00f3dica, tremor vocal essencial, doen\u00e7a de Parkinson e esclerose lateral amiotr\u00f3fica (ELA). O equipamento permite identificar altera\u00e7\u00f5es sutis na condu\u00e7\u00e3o nervosa central e perif\u00e9rica antes mesmo da manifesta\u00e7\u00e3o de sintomas cl\u00ednicos graves. Para cantores e profissionais da voz falada, o sistema permite distinguir a fadiga muscular perif\u00e9rica da fadiga central (neurol\u00f3gica). Investigamos marcadores de efici\u00eancia neuromotora e de resili\u00eancia, auxiliando no desenvolvimento de estrat\u00e9gias de treinamento e de preven\u00e7\u00e3o de les\u00f5es em sujeitos de alta demanda vocal. Mesmo em quadros n\u00e3o neurol\u00f3gicos (como disfonias por tens\u00e3o muscular), o Neuro-MS pode ser utilizado para investigar adapta\u00e7\u00f5es corticais e mecanismos de compensa\u00e7\u00e3o cerebral, ao monitorar a <strong>neuroplasticidade<\/strong> induzida pela terapia vocal.<\/p>\n\n\n\n<p><span style=\"margin: 0px;padding: 0px\">\u2022&nbsp;<strong>Sistemas de Neuroimagem e Comportamento:<\/strong>&nbsp;Equipamentos integrados de&nbsp;<strong>fNIRS<\/strong>&nbsp;(Espectroscopia no Infravermelho Pr\u00f3ximo) e&nbsp;<strong>EEG<\/strong>&nbsp;(Eletroencefalografia) para monitoramento da atividade cerebral, associados a sistemas de&nbsp;<strong>rastreamento ocular (Eye Tracker)<\/strong>&nbsp;para an\u00e1lise do processamento visual e cognitivo.<\/span><\/p>\n\n\n\n<p>\u2022 <strong>Avalia\u00e7\u00e3o Fisiol\u00f3gica e Auditiva:<\/strong> O laborat\u00f3rio disp\u00f5e de uma plataforma completa para diagn\u00f3sticos avan\u00e7ados e pesquisa em eletrofisiologia, composta pelo <strong>Sistema IHS Duet de 2 canais<\/strong>. <span style=\"margin: 0px;padding: 0px\">Este equipamento permite a realiza\u00e7\u00e3o de potenciais evocados auditivos de curta, m\u00e9dia e longa lat\u00eancia (BERA, MLR, LLR), incluindo potenciais cognitivos (<strong>P300, MMN<\/strong>) e complexos (<strong>cABR<\/strong>), al\u00e9m de estado est\u00e1vel (ASSR), eletrococleografia e emiss\u00f5es otoac\u00fasticas (DP e TE).<\/span> <span style=\"margin: 0px;padding: 0px\">A infraestrutura inclui ainda o&nbsp;<strong>Audi\u00f4metro Diagn\u00f3stico GSI Pello Plus<\/strong>, habilitado para audiometria de alta frequ\u00eancia (at\u00e9 20.000 Hz) e para testes de fala no ru\u00eddo (QuickSIN, BKB-SIN), associado ao&nbsp;<strong>Impedanci\u00f4metro TympStar Pro<\/strong>&nbsp;com m\u00faltiplas frequ\u00eancias de sonda (226, 678 e 1000 Hz) e ao sistema de Campo Livre com refor\u00e7o visua<\/span>l (VRA).<\/p>\n\n\n\n<p><span style=\"margin: 0px;padding: 0px\">\u2022&nbsp;<strong>An\u00e1lise Vocal e Lar\u00edngea Avan\u00e7ada:<\/strong>&nbsp;Infraestrutura completa para a captura e an\u00e1lise de dados vocais, composta por&nbsp;<strong>fotografia ultrarr\u00e1pida da laringe<\/strong>, videoestroboscopia, eletroglotografia, aerodin\u00e2mica e pletismografia digital, al\u00e9m de softwares de an\u00e1lise ac\u00fastica e de modelagem computacional baseada em intelig\u00eancia artificial.<\/span><\/p>\n\n\n\n<p><strong>Governan\u00e7a e Acesso<\/strong><\/p>\n\n\n\n<p><span style=\"margin: 0px;padding: 0px\">Para garantir a transpar\u00eancia, a equidade e a organiza\u00e7\u00e3o no uso compartilhado desta infraestrutura, o LIEV \u00e9 regido por um&nbsp;<strong>Comit\u00ea Gestor<\/strong>&nbsp;(respons\u00e1vel pelas pol\u00edticas de acesso) e um&nbsp;<strong>Comit\u00ea de Usu\u00e1rios<\/strong>&nbsp;(respons\u00e1vel pelo acompanhamento das demandas), ambos institu\u00eddos formalmente no \u00e2m<\/span>bito da UFPB. Na aba &#8220;documentos&#8221; podem ser encontradas as portarias dos referidos comit\u00eas.<\/p>\n\n\n\n<p>O acesso aos equipamentos segue crit\u00e9rios objetivos de agendamento, priorizando a viabilidade t\u00e9cnica e o m\u00e9rito cient\u00edfico das propostas. Pesquisadores interessados devem consultar as normas de uso e verificar a disponibilidade de hor\u00e1rios clicando no <a href=\"https:\/\/calendar.app.google\/gMGRovXC6fuiN9xh9\" data-type=\"link\" data-id=\"https:\/\/calendar.app.google\/gMGRovXC6fuiN9xh9\">link<\/a>.<\/p>\n\n\n\n<p><\/p>\n","protected":false},"excerpt":{"rendered":"<p>O LIEV atua como uma infraestrutura de pesquisa multiusu\u00e1ria de excel\u00eancia vinculada \u00e0 Universidade Federal [&hellip;]<\/p>\n","protected":false},"author":87,"featured_media":0,"parent":118,"menu_order":1,"comment_status":"closed","ping_status":"closed","template":"","meta":{"footnotes":""},"class_list":["post-75","page","type-page","status-publish","hentry"],"_links":{"self":[{"href":"https:\/\/www.ccs.ufpb.br\/liev\/wp-json\/wp\/v2\/pages\/75","targetHints":{"allow":["GET"]}}],"collection":[{"href":"https:\/\/www.ccs.ufpb.br\/liev\/wp-json\/wp\/v2\/pages"}],"about":[{"href":"https:\/\/www.ccs.ufpb.br\/liev\/wp-json\/wp\/v2\/types\/page"}],"author":[{"embeddable":true,"href":"https:\/\/www.ccs.ufpb.br\/liev\/wp-json\/wp\/v2\/users\/87"}],"replies":[{"embeddable":true,"href":"https:\/\/www.ccs.ufpb.br\/liev\/wp-json\/wp\/v2\/comments?post=75"}],"version-history":[{"count":8,"href":"https:\/\/www.ccs.ufpb.br\/liev\/wp-json\/wp\/v2\/pages\/75\/revisions"}],"predecessor-version":[{"id":421,"href":"https:\/\/www.ccs.ufpb.br\/liev\/wp-json\/wp\/v2\/pages\/75\/revisions\/421"}],"up":[{"embeddable":true,"href":"https:\/\/www.ccs.ufpb.br\/liev\/wp-json\/wp\/v2\/pages\/118"}],"wp:attachment":[{"href":"https:\/\/www.ccs.ufpb.br\/liev\/wp-json\/wp\/v2\/media?parent=75"}],"curies":[{"name":"wp","href":"https:\/\/api.w.org\/{rel}","templated":true}]}}