{"id":19,"date":"2024-02-08T08:13:29","date_gmt":"2024-02-08T11:13:29","guid":{"rendered":"https:\/\/www.ccs.ufpb.br\/liev\/?page_id=19"},"modified":"2024-05-15T11:27:14","modified_gmt":"2024-05-15T14:27:14","slug":"noticias","status":"publish","type":"page","link":"https:\/\/www.ccs.ufpb.br\/liev\/noticias\/","title":{"rendered":"Eleito o comit\u00ea gestor do LIEV\/UFPB"},"content":{"rendered":"\n<p>Em fevereiro de 2024 foi publicada a <\/p>\n\n\n\n<p>PORTARIA N\u00ba 004\/2024 \u2013 DEPFONO\/UFPB que disp\u00f5e sobre a nomea\u00e7\u00e3o do Comit\u00ea Gestor para utiliza\u00e7\u00e3o multiusu\u00e1ria da infraestrutura de pesquisa do Laborat\u00f3rio Integrado de Estudos da Voz &#8211;<br>LIEV\/UFPB. <\/p>\n\n\n\n<p>Consulte em &#8220;DOCUMENTOS&#8221;<\/p>\n\n\n\n<figure class=\"wp-block-image size-large\"><img loading=\"lazy\" decoding=\"async\" width=\"768\" height=\"1024\" src=\"http:\/\/www.ccs.ufpb.br\/liev\/wp-content\/uploads\/sites\/21\/sites\/151\/2024\/03\/IMG-20240320-WA0137-768x1024.jpg\" alt=\"Prof. Dr. Leonardo Wanderley Lopes,\nDiretor de Pesquisa do LIEV; Profa. Dra. Anna Alice Figueiredo de Almeida, Vice-Diretora de Pesquisa do LIEV; Profa Dra Priscila Oliveira Costa Silva, Diretora Executiva do LIEV.\" class=\"wp-image-106\" srcset=\"https:\/\/www.ccs.ufpb.br\/liev\/wp-content\/uploads\/sites\/21\/sites\/151\/2024\/03\/IMG-20240320-WA0137-768x1024.jpg 768w, https:\/\/www.ccs.ufpb.br\/liev\/wp-content\/uploads\/sites\/21\/sites\/151\/2024\/03\/IMG-20240320-WA0137-225x300.jpg 225w, https:\/\/www.ccs.ufpb.br\/liev\/wp-content\/uploads\/sites\/21\/sites\/151\/2024\/03\/IMG-20240320-WA0137.jpg 960w\" sizes=\"auto, (max-width: 768px) 100vw, 768px\" \/><figcaption class=\"wp-element-caption\">Comit\u00ea gestor &#8211; Diretores<\/figcaption><\/figure>\n","protected":false},"excerpt":{"rendered":"<p>Em fevereiro de 2024 foi publicada a PORTARIA N\u00ba 004\/2024 \u2013 DEPFONO\/UFPB que disp\u00f5e sobre [&hellip;]<\/p>\n","protected":false},"author":89,"featured_media":106,"parent":0,"menu_order":0,"comment_status":"closed","ping_status":"closed","template":"","meta":{"footnotes":""},"class_list":["post-19","page","type-page","status-publish","has-post-thumbnail","hentry"],"_links":{"self":[{"href":"https:\/\/www.ccs.ufpb.br\/liev\/wp-json\/wp\/v2\/pages\/19","targetHints":{"allow":["GET"]}}],"collection":[{"href":"https:\/\/www.ccs.ufpb.br\/liev\/wp-json\/wp\/v2\/pages"}],"about":[{"href":"https:\/\/www.ccs.ufpb.br\/liev\/wp-json\/wp\/v2\/types\/page"}],"author":[{"embeddable":true,"href":"https:\/\/www.ccs.ufpb.br\/liev\/wp-json\/wp\/v2\/users\/89"}],"replies":[{"embeddable":true,"href":"https:\/\/www.ccs.ufpb.br\/liev\/wp-json\/wp\/v2\/comments?post=19"}],"version-history":[{"count":2,"href":"https:\/\/www.ccs.ufpb.br\/liev\/wp-json\/wp\/v2\/pages\/19\/revisions"}],"predecessor-version":[{"id":114,"href":"https:\/\/www.ccs.ufpb.br\/liev\/wp-json\/wp\/v2\/pages\/19\/revisions\/114"}],"wp:featuredmedia":[{"embeddable":true,"href":"https:\/\/www.ccs.ufpb.br\/liev\/wp-json\/wp\/v2\/media\/106"}],"wp:attachment":[{"href":"https:\/\/www.ccs.ufpb.br\/liev\/wp-json\/wp\/v2\/media?parent=19"}],"curies":[{"name":"wp","href":"https:\/\/api.w.org\/{rel}","templated":true}]}}