{"id":27,"date":"2026-03-07T15:37:03","date_gmt":"2026-03-07T18:37:03","guid":{"rendered":"https:\/\/www.ccs.ufpb.br\/coremu\/?page_id=27"},"modified":"2026-03-07T15:37:03","modified_gmt":"2026-03-07T18:37:03","slug":"programa-de-residencia-em-clinica-e-cirurgia-animal","status":"publish","type":"page","link":"https:\/\/www.ccs.ufpb.br\/coremu\/programa-de-residencia-em-clinica-e-cirurgia-animal\/","title":{"rendered":"Programa de Resid\u00eancia em Cl\u00ednica e Cirurgia Animal"},"content":{"rendered":"\n<p>A \u00e1rea de Cl\u00ednica e Cirurgia Animal \u00e9 a especialidade que tem como objetivo diagnosticar, tratar, prevenir e controlar doen\u00e7as que acometem os animais dom\u00e9sticos, algumas das quais com import\u00e2ncia em sa\u00fade p\u00fablica. A Resid\u00eancia em \u00c1rea Profissional de Sa\u00fade: Cl\u00ednica e Cirurgia Animal do Centro de Ci\u00eancias Agr\u00e1rias (CCA)\/UFPB \u00e9 vinculada ao Hospital Veterin\u00e1rio e ao Departamento de Ci\u00eancias Veterin\u00e1rias (DCV) do CCA\/UFPB<\/p>\n\n\n\n<h2 class=\"wp-block-heading\"><div class=\"linha-header\"><strong>Equipe<\/strong><\/div><\/h2>\n\n\n\n<p class=\" \">&nbsp;Ivia Carmem Talieri&nbsp; &#8211; Coordenadora<\/p>\n\n\n\n<p class=\" \">Natalia Matos Souza Azevedo &#8211; Vice-coordenadora<\/p>\n\n\n\n<h2 class=\"wp-block-heading\"><div class=\"linha-header\"><strong>Contato<\/strong><\/div><\/h2>\n\n\n\n<p class=\" \">&nbsp;<\/p>\n\n\n\n<h2 class=\"wp-block-heading\"><div class=\"linha-header\"><strong>Documentos<\/strong><\/div><\/h2>\n\n\n\n<ul class=\"wp-block-list\">\n<li><a href=\"https:\/\/sig-arq.ufpb.br\/arquivos\/201601001866cb2247999efc8f88bbbc\/Rsep04_2016.pdf\" target=\"_blank\" rel=\"noreferrer noopener\">Resolu\u00e7\u00e3o N\u00ba 04\/2016 CONSEPE\/UFPB<\/a>\u00a0&#8211;\u00a0Aprova a modalidade de curso de p\u00f3s-gradua\u00e7\u00e3o lato sensu, denominado Programa de Resid\u00eancia em Cl\u00ednica e Cirurgia Animal, sob a responsabilidade do Centro de Ci\u00eancias Agr\u00e1rias, Campus II.<\/li>\n\n\n\n<li><a href=\"https:\/\/www.ccs.ufpb.br\/coremu\/contents\/documentos\/autorizacoes-e-recadastramento\/prcca-e-prdmv.pdf\">Parecer de Aprova\u00e7\u00e3o do PRCCA pela CNRMS.<\/a><\/li>\n\n\n\n<li><a href=\"https:\/\/www.ccs.ufpb.br\/coremu\/contents\/documentos\/autorizacoes-e-recadastramento\/recadastramento-clinica-cirurgia-animal-e-diagnostico-veterinario.pdf\">Parecer de Recadastramento do PRCCA no SINAR.<\/a><\/li>\n<\/ul>\n","protected":false},"excerpt":{"rendered":"<p>A \u00e1rea de Cl\u00ednica e Cirurgia Animal \u00e9 a especialidade que tem como objetivo diagnosticar, [&hellip;]<\/p>\n","protected":false},"author":47,"featured_media":0,"parent":0,"menu_order":0,"comment_status":"closed","ping_status":"closed","template":"","meta":{"footnotes":""},"class_list":["post-27","page","type-page","status-publish","hentry"],"_links":{"self":[{"href":"https:\/\/www.ccs.ufpb.br\/coremu\/wp-json\/wp\/v2\/pages\/27","targetHints":{"allow":["GET"]}}],"collection":[{"href":"https:\/\/www.ccs.ufpb.br\/coremu\/wp-json\/wp\/v2\/pages"}],"about":[{"href":"https:\/\/www.ccs.ufpb.br\/coremu\/wp-json\/wp\/v2\/types\/page"}],"author":[{"embeddable":true,"href":"https:\/\/www.ccs.ufpb.br\/coremu\/wp-json\/wp\/v2\/users\/47"}],"replies":[{"embeddable":true,"href":"https:\/\/www.ccs.ufpb.br\/coremu\/wp-json\/wp\/v2\/comments?post=27"}],"version-history":[{"count":1,"href":"https:\/\/www.ccs.ufpb.br\/coremu\/wp-json\/wp\/v2\/pages\/27\/revisions"}],"predecessor-version":[{"id":28,"href":"https:\/\/www.ccs.ufpb.br\/coremu\/wp-json\/wp\/v2\/pages\/27\/revisions\/28"}],"wp:attachment":[{"href":"https:\/\/www.ccs.ufpb.br\/coremu\/wp-json\/wp\/v2\/media?parent=27"}],"curies":[{"name":"wp","href":"https:\/\/api.w.org\/{rel}","templated":true}]}}