{"id":25,"date":"2026-03-07T15:36:27","date_gmt":"2026-03-07T18:36:27","guid":{"rendered":"https:\/\/www.ccs.ufpb.br\/coremu\/?page_id=25"},"modified":"2026-03-07T15:36:27","modified_gmt":"2026-03-07T18:36:27","slug":"programa-de-residencia-em-cirurgia-e-traumatologia-bucomaxilofaciais","status":"publish","type":"page","link":"https:\/\/www.ccs.ufpb.br\/coremu\/programa-de-residencia-em-cirurgia-e-traumatologia-bucomaxilofaciais\/","title":{"rendered":"Programa de Resid\u00eancia em Cirurgia e Traumatologia Bucomaxilofaciais"},"content":{"rendered":"\n<p>O Curso de Resid\u00eancia em \u00c1rea Profissional de Sa\u00fade: Cirurgia e Traumatologia Buco-Maxilo-Faciais CCS\/UFPB, p\u00f3s-gradua\u00e7\u00e3o Lato sensu, \u00e9 destinado a cirurgi\u00f5es-dentistas, brasileiros formados em escolas oficiais em Curso de Gradua\u00e7\u00e3o em Odontologia reconhecido pelo Minist\u00e9rio de Educa\u00e7\u00e3o (MEC) e a cirurgi\u00f5es-dentistas com diploma estrangeiro devidamente revalidado no Brasil.<\/p>\n\n\n\n<h2 class=\"wp-block-heading\"><div class=\"linha-header\"><strong>Equipe<\/strong><\/div><\/h2>\n\n\n\n<p class=\" \">Prof. Dr. Marcos Ant\u00f4nio Farias de Paiva &#8211; Coordenador<br>Prof. Dr. An\u00edbal Henrique Barbosa Luna &#8211;&nbsp;Vice-coordenador<\/p>\n\n\n\n<p class=\" \">Victor Amorim de Carvalho &#8211; Secret\u00e1rio<\/p>\n\n\n\n<p class=\" \">&nbsp;<\/p>\n\n\n\n<h2 class=\"wp-block-heading\"><div class=\"linha-header\"><strong>Contato<\/strong><\/div><\/h2>\n\n\n\n<p class=\" \">E-mail:&nbsp;<a href=\"mailto:rctbmf@ccs.ufpb.br\" rel=\"noreferrer noopener\" target=\"_blank\">rctbmf@ccs.ufpb.br<\/a><\/p>\n\n\n\n<p class=\" \">Site:&nbsp;<a href=\"http:\/\/www.ccs.ufpb.br\/rctbmf\" target=\"_blank\" rel=\"noreferrer noopener\">http:\/\/plone.ufpb.br\/rctbmf<\/a><\/p>\n\n\n\n<p class=\" \">Ramal : 3206-0612<\/p>\n\n\n\n<p class=\" \">&nbsp;<\/p>\n\n\n\n<h2 class=\"wp-block-heading\"><div class=\"linha-header\"><strong>Documentos<\/strong><\/div><\/h2>\n\n\n\n<ul class=\"wp-block-list\">\n<li><a href=\"http:\/\/www.ccs.ufpb.br\/pesqccs\/contents\/documentos\/rsep03_2013.pdf\" target=\"_blank\" rel=\"noreferrer noopener\">Resolu\u00e7\u00e3o N\u00ba 03\/2013 CONSEPE\/UFPB<\/a>\u00a0&#8211; Aprova a cria\u00e7\u00e3o, regulamenta\u00e7\u00e3o e\u00a0 estrutura acad\u00eamica do Programa de Resid\u00eancia em \u00c1rea\u00a0Profissional de Sa\u00fade: Cirurgia e Traumatologia Buco-maxilo-faciais.<\/li>\n\n\n\n<li><a href=\"https:\/\/www.ccs.ufpb.br\/coremu\/contents\/documentos\/autorizacoes-e-recadastramento\/bucomaxilo.pdf\">Parecer de Aprova\u00e7\u00e3o do PRCBMF pela CNRMS.<\/a><\/li>\n\n\n\n<li><a href=\"https:\/\/www.ccs.ufpb.br\/coremu\/contents\/documentos\/autorizacoes-e-recadastramento\/recadastramento-buco-rimush-resmen.pdf\" target=\"_blank\" rel=\"noreferrer noopener\">Parecer de Recadastramento do PRCBMF no SINAR.<\/a><\/li>\n<\/ul>\n","protected":false},"excerpt":{"rendered":"<p>O Curso de Resid\u00eancia em \u00c1rea Profissional de Sa\u00fade: Cirurgia e Traumatologia Buco-Maxilo-Faciais CCS\/UFPB, p\u00f3s-gradua\u00e7\u00e3o [&hellip;]<\/p>\n","protected":false},"author":47,"featured_media":0,"parent":0,"menu_order":0,"comment_status":"closed","ping_status":"closed","template":"","meta":{"footnotes":""},"class_list":["post-25","page","type-page","status-publish","hentry"],"_links":{"self":[{"href":"https:\/\/www.ccs.ufpb.br\/coremu\/wp-json\/wp\/v2\/pages\/25","targetHints":{"allow":["GET"]}}],"collection":[{"href":"https:\/\/www.ccs.ufpb.br\/coremu\/wp-json\/wp\/v2\/pages"}],"about":[{"href":"https:\/\/www.ccs.ufpb.br\/coremu\/wp-json\/wp\/v2\/types\/page"}],"author":[{"embeddable":true,"href":"https:\/\/www.ccs.ufpb.br\/coremu\/wp-json\/wp\/v2\/users\/47"}],"replies":[{"embeddable":true,"href":"https:\/\/www.ccs.ufpb.br\/coremu\/wp-json\/wp\/v2\/comments?post=25"}],"version-history":[{"count":1,"href":"https:\/\/www.ccs.ufpb.br\/coremu\/wp-json\/wp\/v2\/pages\/25\/revisions"}],"predecessor-version":[{"id":26,"href":"https:\/\/www.ccs.ufpb.br\/coremu\/wp-json\/wp\/v2\/pages\/25\/revisions\/26"}],"wp:attachment":[{"href":"https:\/\/www.ccs.ufpb.br\/coremu\/wp-json\/wp\/v2\/media?parent=25"}],"curies":[{"name":"wp","href":"https:\/\/api.w.org\/{rel}","templated":true}]}}