{"id":23,"date":"2026-03-07T15:35:31","date_gmt":"2026-03-07T18:35:31","guid":{"rendered":"https:\/\/www.ccs.ufpb.br\/coremu\/?page_id=23"},"modified":"2026-03-07T15:35:32","modified_gmt":"2026-03-07T18:35:32","slug":"programa-de-residencia-multiprofissional-em-saude-mental-resmen","status":"publish","type":"page","link":"https:\/\/www.ccs.ufpb.br\/coremu\/programa-de-residencia-multiprofissional-em-saude-mental-resmen\/","title":{"rendered":"Programa de Resid\u00eancia Multiprofissional em Sa\u00fade Mental (RESMEN)"},"content":{"rendered":"\n<p>A RESMEN, modalidade resid\u00eancia, tem como objetivo geral formar especialistas na aten\u00e7\u00e3o Multiprofissional \u00e0 Sa\u00fade Mental, com base na perspectiva da Educa\u00e7\u00e3o Permanente em Sa\u00fade e a no\u00e7\u00e3o de integralidade.<\/p>\n\n\n\n<h2 class=\"wp-block-heading\"><div class=\"linha-header\"><strong>Equipe<\/strong><\/div><\/h2>\n\n\n\n<p>LENILMA BENTO DE ARA\u00daJO MENEZES &#8211; Coordenadora<\/p>\n\n\n\n<h2 class=\"wp-block-heading\"><div class=\"linha-header\"><strong>Contato<\/strong><\/div><\/h2>\n\n\n\n<p>E-mail: resmen@ccs.ufpb.br<\/p>\n\n\n\n<p>Site:&nbsp;<a href=\"http:\/\/www.ccs.ufpb.br\/nesc\/\" target=\"_blank\" rel=\"noreferrer noopener\">http:\/\/www.ccs.ufpb.br\/nesc\/<\/a><\/p>\n\n\n\n<h2 class=\"wp-block-heading\"><div class=\"linha-header\"><strong>Documentos<\/strong><\/div><\/h2>\n\n\n\n<ul class=\"wp-block-list\">\n<li><a href=\"http:\/\/www.ccs.ufpb.br\/pesqccs\/contents\/documentos\/rsep15_2015.pdf\" target=\"_blank\" rel=\"noreferrer noopener\">Resolu\u00e7\u00e3o N\u00ba 15\/2015 CONSEPE\/UFPB\u00a0<\/a>&#8211; Aprova a cria\u00e7\u00e3o, regulamenta\u00e7\u00e3o e\u00a0 estrutura acad\u00eamica do Programa de Resid\u00eancia Multiprofissional em Sa\u00fade Mental.<\/li>\n\n\n\n<li><a href=\"https:\/\/www.ccs.ufpb.br\/coremu\/contents\/documentos\/autorizacoes-e-recadastramento\/resmen.pdf\" target=\"_blank\" rel=\"noreferrer noopener\">Parecer de Aprova\u00e7\u00e3o da RESMEN pela CNRMS.<\/a><\/li>\n\n\n\n<li><a href=\"https:\/\/www.ccs.ufpb.br\/coremu\/contents\/documentos\/autorizacoes-e-recadastramento\/recadastramento-buco-rimush-resmen.pdf\">Parecer de Recadastramento da RESMEN no SINAR.<\/a><\/li>\n<\/ul>\n","protected":false},"excerpt":{"rendered":"<p>A RESMEN, modalidade resid\u00eancia, tem como objetivo geral formar especialistas na aten\u00e7\u00e3o Multiprofissional \u00e0 Sa\u00fade [&hellip;]<\/p>\n","protected":false},"author":47,"featured_media":0,"parent":0,"menu_order":0,"comment_status":"closed","ping_status":"closed","template":"","meta":{"footnotes":""},"class_list":["post-23","page","type-page","status-publish","hentry"],"_links":{"self":[{"href":"https:\/\/www.ccs.ufpb.br\/coremu\/wp-json\/wp\/v2\/pages\/23","targetHints":{"allow":["GET"]}}],"collection":[{"href":"https:\/\/www.ccs.ufpb.br\/coremu\/wp-json\/wp\/v2\/pages"}],"about":[{"href":"https:\/\/www.ccs.ufpb.br\/coremu\/wp-json\/wp\/v2\/types\/page"}],"author":[{"embeddable":true,"href":"https:\/\/www.ccs.ufpb.br\/coremu\/wp-json\/wp\/v2\/users\/47"}],"replies":[{"embeddable":true,"href":"https:\/\/www.ccs.ufpb.br\/coremu\/wp-json\/wp\/v2\/comments?post=23"}],"version-history":[{"count":1,"href":"https:\/\/www.ccs.ufpb.br\/coremu\/wp-json\/wp\/v2\/pages\/23\/revisions"}],"predecessor-version":[{"id":24,"href":"https:\/\/www.ccs.ufpb.br\/coremu\/wp-json\/wp\/v2\/pages\/23\/revisions\/24"}],"wp:attachment":[{"href":"https:\/\/www.ccs.ufpb.br\/coremu\/wp-json\/wp\/v2\/media?parent=23"}],"curies":[{"name":"wp","href":"https:\/\/api.w.org\/{rel}","templated":true}]}}