{"id":21,"date":"2026-03-07T15:34:40","date_gmt":"2026-03-07T18:34:40","guid":{"rendered":"https:\/\/www.ccs.ufpb.br\/coremu\/?page_id=21"},"modified":"2026-03-07T15:34:41","modified_gmt":"2026-03-07T18:34:41","slug":"programa-de-residencia-integrada-multiprofissional-em-saude-hospitalar-rimush","status":"publish","type":"page","link":"https:\/\/www.ccs.ufpb.br\/coremu\/programa-de-residencia-integrada-multiprofissional-em-saude-hospitalar-rimush\/","title":{"rendered":"Programa de Resid\u00eancia Integrada Multiprofissional em Sa\u00fade Hospitalar (RIMUSH)"},"content":{"rendered":"\n<p>RIMUSH \u00e9 uma modalidade de p\u00f3s-gradua\u00e7\u00e3o Lato Sensu, em n\u00edvel de especializa\u00e7\u00e3o, de car\u00e1ter multiprofissional, realizada em servi\u00e7os de alta, m\u00e9dia e baixa complexidade<\/p>\n\n\n\n<h2 class=\"wp-block-heading\"><div class=\"linha-header\"><strong>Equipe<\/strong><\/div><\/h2>\n\n\n\n<p class=\" \">MANUELA LEIT\u00c3O DE VASCONCELOS- Coordenadora<\/p>\n\n\n\n<p class=\" \">KAREN LUCIA DE ARA\u00daJO FREITAS MOREIRA &#8211; Vice-coordenadora<\/p>\n\n\n\n<p class=\" \">FRANCILENE JANE RODRIGUES PEREIRA &#8211; Coordena\u00e7\u00e3o Pedag\u00f3gica<\/p>\n\n\n\n<p class=\" \">LUCIANA MARIA MARTINEZ VAZ&nbsp;&#8211; Coordena\u00e7\u00e3o de Cen\u00e1rio Externo<\/p>\n\n\n\n<p class=\" \">&nbsp;<\/p>\n\n\n\n<h2 class=\"wp-block-heading\"><div class=\"linha-header\"><strong>Coordenadores de \u00canfase<\/strong><\/div><\/h2>\n\n\n\n<p class=\" \">ISABELLE RAYANNE ALVES PIMENTEL&nbsp;&#8211; \u00canfase de Aten\u00e7\u00e3o \u00e0 Sa\u00fade da Crian\u00e7a e do Adolescente<\/p>\n\n\n\n<p>MAYRLA LIMA PINTO- \u00canfase de Aten\u00e7\u00e3o \u00e0 Sa\u00fade do Idoso<\/p>\n\n\n\n<p class=\" \">ADRIANA GOMES CESAR CARVALHO&nbsp;&#8211; \u00canfase de Aten\u00e7\u00e3o ao Paciente Cr\u00edtico<\/p>\n\n\n\n<p class=\" \">&nbsp;<\/p>\n\n\n\n<h2 class=\"wp-block-heading\"><div class=\"linha-header\"><strong>Contato<\/strong><\/div><\/h2>\n\n\n\n<p class=\" \">E-mail: rimushhulw@gmail.com<\/p>\n\n\n\n<p class=\" \">Site:&nbsp;<a href=\"http:\/\/www.ccs.ufpb.br\/rimush\" target=\"_blank\" rel=\"noreferrer noopener\">http:\/\/www.ccs.ufpb.br\/rimush<\/a><\/p>\n\n\n\n<p class=\" \">Ramal: 30488541<\/p>\n\n\n\n<p class=\" \">&nbsp;<\/p>\n\n\n\n<h2 class=\"wp-block-heading\"><div class=\"linha-header\"><strong>Documentos<\/strong><\/div><\/h2>\n\n\n\n<ul class=\"wp-block-list\">\n<li><a href=\"https:\/\/www.ccs.ufpb.br\/coremu\/contents\/documentos\/resolucao-rimush_28-2022_consepe.pdf\">Resolu\u00e7\u00e3o N\u00ba 28\/2022 CONSEPE\/UFPB<\/a>\u00a0&#8211;\u00a0Revoga as Resolu\u00e7\u00f5es 19\/2013 e 58\/2014 do Consepe, aprova e d\u00e1 nova reda\u00e7\u00e3o ao Regulamento e \u00e0 Estrutura Acad\u00eamica do programa de p\u00f3s-gradua\u00e7\u00e3o lato sensu, na modalidade resid\u00eancia, denominado Programa de Resid\u00eancia Integrada Multiprofissional em Sa\u00fade Hospitalar.<\/li>\n\n\n\n<li><a href=\"https:\/\/www.ccs.ufpb.br\/coremu\/contents\/documentos\/autorizacoes-e-recadastramento\/rimush.pdf\" target=\"_blank\" rel=\"noreferrer noopener\">Parecer de Aprova\u00e7\u00e3o da RIMSUH pela CNRMS.<\/a><\/li>\n\n\n\n<li><a href=\"https:\/\/www.ccs.ufpb.br\/coremu\/contents\/documentos\/autorizacoes-e-recadastramento\/recadastramento-buco-rimush-resmen.pdf\">Parecer de Recadastramento da RIMUSH no SINAR.<\/a><\/li>\n<\/ul>\n","protected":false},"excerpt":{"rendered":"<p>RIMUSH \u00e9 uma modalidade de p\u00f3s-gradua\u00e7\u00e3o Lato Sensu, em n\u00edvel de especializa\u00e7\u00e3o, de car\u00e1ter multiprofissional, [&hellip;]<\/p>\n","protected":false},"author":47,"featured_media":0,"parent":0,"menu_order":0,"comment_status":"closed","ping_status":"closed","template":"","meta":{"footnotes":""},"class_list":["post-21","page","type-page","status-publish","hentry"],"_links":{"self":[{"href":"https:\/\/www.ccs.ufpb.br\/coremu\/wp-json\/wp\/v2\/pages\/21","targetHints":{"allow":["GET"]}}],"collection":[{"href":"https:\/\/www.ccs.ufpb.br\/coremu\/wp-json\/wp\/v2\/pages"}],"about":[{"href":"https:\/\/www.ccs.ufpb.br\/coremu\/wp-json\/wp\/v2\/types\/page"}],"author":[{"embeddable":true,"href":"https:\/\/www.ccs.ufpb.br\/coremu\/wp-json\/wp\/v2\/users\/47"}],"replies":[{"embeddable":true,"href":"https:\/\/www.ccs.ufpb.br\/coremu\/wp-json\/wp\/v2\/comments?post=21"}],"version-history":[{"count":1,"href":"https:\/\/www.ccs.ufpb.br\/coremu\/wp-json\/wp\/v2\/pages\/21\/revisions"}],"predecessor-version":[{"id":22,"href":"https:\/\/www.ccs.ufpb.br\/coremu\/wp-json\/wp\/v2\/pages\/21\/revisions\/22"}],"wp:attachment":[{"href":"https:\/\/www.ccs.ufpb.br\/coremu\/wp-json\/wp\/v2\/media?parent=21"}],"curies":[{"name":"wp","href":"https:\/\/api.w.org\/{rel}","templated":true}]}}