{"id":18,"date":"2026-03-07T15:05:22","date_gmt":"2026-03-07T18:05:22","guid":{"rendered":"https:\/\/www.ccs.ufpb.br\/coremu\/?page_id=18"},"modified":"2026-03-07T15:05:22","modified_gmt":"2026-03-07T18:05:22","slug":"documentos","status":"publish","type":"page","link":"https:\/\/www.ccs.ufpb.br\/coremu\/documentos\/","title":{"rendered":"Documentos"},"content":{"rendered":"\n<p><a href=\"https:\/\/sig-arq.ufpb.br\/arquivos\/2015068131484c099982cf4f88ab768a\/Rsep77_2011.pdf\" target=\"_blank\" rel=\"noreferrer noopener\">Resolu\u00e7\u00e3o 77\/2011 CONSEPE\/UFPB&nbsp;<\/a>&#8211;&nbsp;Aprova a cria\u00e7\u00e3o da Comiss\u00e3o de Resid\u00eancia Multiprofissional da UFPB e o Regulamento Geral das Resid\u00eancias Multiprofissionais em Sa\u00fade e das Resid\u00eancias em \u00c1rea Profissional da Sa\u00fade da Universidade Federal da Para\u00edba.<\/p>\n\n\n\n<p><a href=\"https:\/\/sig-arq.ufpb.br\/arquivos\/202111313268332807610bcfaa709253d\/Res._Consepe_04.2021.docx.pdf\" target=\"_blank\" rel=\"noreferrer noopener\">Resolu\u00e7\u00e3o 04\/2021 CONSEPE\/UFPB<\/a>&nbsp;&#8211;&nbsp;Aprova o Regulamento Geral das Resid\u00eancias Acad\u00eamicas profissionais e multiprofissionais, como modalidade de ensino de p\u00f3s-gradua\u00e7\u00e3o destinada \u00e0 forma\u00e7\u00e3o de profissionais nas diversas \u00e1reas de conhecimento, sob a forma de curso de especializa\u00e7\u00e3o, na Universidade Federal da Para\u00edba.<\/p>\n","protected":false},"excerpt":{"rendered":"<p>Resolu\u00e7\u00e3o 77\/2011 CONSEPE\/UFPB&nbsp;&#8211;&nbsp;Aprova a cria\u00e7\u00e3o da Comiss\u00e3o de Resid\u00eancia Multiprofissional da UFPB e o Regulamento [&hellip;]<\/p>\n","protected":false},"author":47,"featured_media":0,"parent":0,"menu_order":0,"comment_status":"closed","ping_status":"closed","template":"","meta":{"footnotes":""},"class_list":["post-18","page","type-page","status-publish","hentry"],"_links":{"self":[{"href":"https:\/\/www.ccs.ufpb.br\/coremu\/wp-json\/wp\/v2\/pages\/18","targetHints":{"allow":["GET"]}}],"collection":[{"href":"https:\/\/www.ccs.ufpb.br\/coremu\/wp-json\/wp\/v2\/pages"}],"about":[{"href":"https:\/\/www.ccs.ufpb.br\/coremu\/wp-json\/wp\/v2\/types\/page"}],"author":[{"embeddable":true,"href":"https:\/\/www.ccs.ufpb.br\/coremu\/wp-json\/wp\/v2\/users\/47"}],"replies":[{"embeddable":true,"href":"https:\/\/www.ccs.ufpb.br\/coremu\/wp-json\/wp\/v2\/comments?post=18"}],"version-history":[{"count":1,"href":"https:\/\/www.ccs.ufpb.br\/coremu\/wp-json\/wp\/v2\/pages\/18\/revisions"}],"predecessor-version":[{"id":19,"href":"https:\/\/www.ccs.ufpb.br\/coremu\/wp-json\/wp\/v2\/pages\/18\/revisions\/19"}],"wp:attachment":[{"href":"https:\/\/www.ccs.ufpb.br\/coremu\/wp-json\/wp\/v2\/media?parent=18"}],"curies":[{"name":"wp","href":"https:\/\/api.w.org\/{rel}","templated":true}]}}