{"id":12,"date":"2026-03-07T15:03:40","date_gmt":"2026-03-07T18:03:40","guid":{"rendered":"https:\/\/www.ccs.ufpb.br\/coremu\/?page_id=12"},"modified":"2026-03-07T15:03:40","modified_gmt":"2026-03-07T18:03:40","slug":"apresentacao","status":"publish","type":"page","link":"https:\/\/www.ccs.ufpb.br\/coremu\/apresentacao\/","title":{"rendered":"Apresenta\u00e7\u00e3o"},"content":{"rendered":"\n<p>A Resid\u00eancia Multiprofissional em Sa\u00fade e a Resid\u00eancia em \u00c1rea Profissional da Sa\u00fade constituem modalidades de ensino de p\u00f3s-gradua\u00e7\u00e3o lato sensu destinado \u00e0s profiss\u00f5es da sa\u00fade, sob a forma de curso de especializa\u00e7\u00e3o caracterizado por ensino em servi\u00e7o, com carga hor\u00e1ria de 60 (sessenta) horas semanais e dura\u00e7\u00e3o m\u00ednima de 2 (dois) anos.<\/p>\n\n\n\n<p><strong>S\u00e3o atribui\u00e7\u00f5es da COREMU\/UFPB:<\/strong><\/p>\n\n\n\n<p>I &#8211; aprovar os projetos da Resid\u00eancia Multiprofissional ou em \u00c1rea Profissional da Sa\u00fade e encaminh\u00e1-los ao CCS;<\/p>\n\n\n\n<p>II &#8211; coordenar, organizar, articular, supervisionar todos os Programas de Resid\u00eancia Multiprofissional ou em \u00c1rea Profissional da Sa\u00fade da UFPB;<\/p>\n\n\n\n<p>III &#8211; avaliar e acompanhar todos os Programas de Resid\u00eancia Multiprofissional ou em \u00c1rea Profissional da Sa\u00fade da UFPB e aprovar altera\u00e7\u00f5es necess\u00e1rias de modo a adequ\u00e1-las \u00e0 legisla\u00e7\u00e3o vigente;<\/p>\n\n\n\n<p>IV \u2013 aprovar as inclus\u00f5es de profiss\u00f5es e\/ou eixos tem\u00e1ticos nas Resid\u00eancias Multiprofissionais ou em \u00c1rea Profissional da Sa\u00fade da UFPB;<\/p>\n\n\n\n<p>V \u2013 solicitar credenciamento e recredenciamento das Resid\u00eancias Multiprofissionais ou em \u00c1rea Profissional da Sa\u00fade da UFPB junto \u00e0 Comiss\u00e3o Nacional de Resid\u00eancia Multiprofissional em Sa\u00fade (CNRMS);<\/p>\n\n\n\n<p>VI \u2013 ser respons\u00e1vel por toda a comunica\u00e7\u00e3o e tramita\u00e7\u00e3o de processos junto \u00e0 CNRMS;<\/p>\n\n\n\n<p>VII &#8211; acompanhar e avaliar o desempenho dos discentes das Resid\u00eancias Multiprofissionais ou em \u00c1rea Profissional da Sa\u00fade da UFPB;<\/p>\n\n\n\n<p>VIII &#8211; aprovar as transfer\u00eancias de residentes, nos termos do art. 22 deste regulamento e encaminhar para aprova\u00e7\u00e3o da CNRMS;<\/p>\n\n\n\n<p>IX \u2013 aprovar as licen\u00e7as, trancamentos de matr\u00edcula e afastamentos de residentes, nos termos dos art. 26-30 deste regulamento e encaminhar, quando for o caso, para aprova\u00e7\u00e3o da CNRMS;<\/p>\n\n\n\n<p>X \u2013 homologar desist\u00eancias, desligamentos e abandonos e, quando for o caso, a substitui\u00e7\u00e3o do residente das Resid\u00eancias Multiprofissionais ou em \u00c1rea Profissional da Sa\u00fade da UFPB, nos termos dos arts. 23-25 deste regulamento;<\/p>\n\n\n\n<p>XI &#8211; definir diretrizes, elaborar editais e acompanhar o processo seletivo de candidatos \u00e0s resid\u00eancias;<\/p>\n\n\n\n<p>XII &#8211; aprovar os relat\u00f3rios dos processos seletivos para ingresso nas Resid\u00eancias Multiprofissionais ou em \u00c1rea Profissional da Sa\u00fade da UFPB;<\/p>\n\n\n\n<p>XIII \u2013 aprovar o plano de atividades e o relat\u00f3rio anual dos todos os Programas de Resid\u00eancia Multiprofissional ou em \u00c1rea Profissional da Sa\u00fade da UFPB;<\/p>\n\n\n\n<p>XIV &#8211; aprovar os relat\u00f3rios semestrais de todos os Programas de Resid\u00eancia Multiprofissional ou em \u00c1rea Profissional da Sa\u00fade da UFPB e encaminh\u00e1-los \u00e0 PRPG;<\/p>\n\n\n\n<p>XV \u2013 elaborar e aprovar os editais para elei\u00e7\u00e3o dos representantes, junto a seu Plen\u00e1rio, dos docentes, residentes e servidores t\u00e9cnico-administrativos envolvidos e\/ou em atividades de preceptoria e\/ou tutoria de cada Resid\u00eancia Multiprofissional ou em \u00c1rea Profissional da Sa\u00fade da UFPB em atividade;<\/p>\n\n\n\n<p>XVI \u2013 acompanhar a aplica\u00e7\u00e3o dos recursos atribu\u00eddos ao curso;<\/p>\n\n\n\n<p>XVII \u2013 realizar reuni\u00f5es ordin\u00e1rias mensais e extraordin\u00e1rias quando convocadas pelo coordenador.<\/p>\n","protected":false},"excerpt":{"rendered":"<p>A Resid\u00eancia Multiprofissional em Sa\u00fade e a Resid\u00eancia em \u00c1rea Profissional da Sa\u00fade constituem modalidades [&hellip;]<\/p>\n","protected":false},"author":47,"featured_media":0,"parent":0,"menu_order":0,"comment_status":"closed","ping_status":"closed","template":"","meta":{"footnotes":""},"class_list":["post-12","page","type-page","status-publish","hentry"],"_links":{"self":[{"href":"https:\/\/www.ccs.ufpb.br\/coremu\/wp-json\/wp\/v2\/pages\/12","targetHints":{"allow":["GET"]}}],"collection":[{"href":"https:\/\/www.ccs.ufpb.br\/coremu\/wp-json\/wp\/v2\/pages"}],"about":[{"href":"https:\/\/www.ccs.ufpb.br\/coremu\/wp-json\/wp\/v2\/types\/page"}],"author":[{"embeddable":true,"href":"https:\/\/www.ccs.ufpb.br\/coremu\/wp-json\/wp\/v2\/users\/47"}],"replies":[{"embeddable":true,"href":"https:\/\/www.ccs.ufpb.br\/coremu\/wp-json\/wp\/v2\/comments?post=12"}],"version-history":[{"count":1,"href":"https:\/\/www.ccs.ufpb.br\/coremu\/wp-json\/wp\/v2\/pages\/12\/revisions"}],"predecessor-version":[{"id":13,"href":"https:\/\/www.ccs.ufpb.br\/coremu\/wp-json\/wp\/v2\/pages\/12\/revisions\/13"}],"wp:attachment":[{"href":"https:\/\/www.ccs.ufpb.br\/coremu\/wp-json\/wp\/v2\/media?parent=12"}],"curies":[{"name":"wp","href":"https:\/\/api.w.org\/{rel}","templated":true}]}}