{"id":38,"date":"2026-03-04T22:08:51","date_gmt":"2026-03-05T01:08:51","guid":{"rendered":"https:\/\/www.ccs.ufpb.br\/coordfarm\/?page_id=38"},"modified":"2026-03-04T22:23:57","modified_gmt":"2026-03-05T01:23:57","slug":"ingressantes","status":"publish","type":"page","link":"https:\/\/www.ccs.ufpb.br\/coordfarm\/ingressantes\/","title":{"rendered":"Ingressantes"},"content":{"rendered":"\n<p>COMUNICADO<\/p>\n\n\n\n<p>Os Ingressantes de Farm\u00e1cia que possuem componentes curriculares de gradua\u00e7\u00e3o (3\u00b0 grau) cursados e aprovados na UFPB ou em outra institui\u00e7\u00e3o, que desejam solicitar aproveitamento\/dispensa de estudos, devem encaminhar a&nbsp;<a href=\"http:\/\/plone.ufpb.br\/coordfarm\/contents\/menu\/formularios\">solicita\u00e7\u00e3o<\/a>&nbsp;a Coordena\u00e7\u00e3o de Curso&nbsp;at\u00e9 10\/09\/2024, por email, para iniciar com os componentes j\u00e1 aproveitados no hist\u00f3rico acad\u00eamico&nbsp;&nbsp;(as demais permanecem como fluxo cont\u00ednuo, conforme a Res. 29\/2020)<\/p>\n\n\n\n<h2 class=\"wp-block-heading\"><div class=\"linha-header\"><p class=\"callout\" style=\"margin: 0px 0px 1em; padding: 1em; list-style: none; vertical-align: baseline; line-height: 1.8em; font-size: 13.728px; background: rgb(238, 238, 238); border-left: 1em solid rgb(204, 204, 204); clear: both; color: rgb(0, 0, 0); font-family: open_sansregular, Arial, Helvetica, sans-serif; font-style: normal; font-variant-ligatures: normal; font-variant-caps: normal; font-weight: 400; letter-spacing: normal; orphans: 2; text-align: start; text-indent: 0px; text-transform: none; widows: 2; word-spacing: 0px; -webkit-text-stroke-width: 0px; white-space: normal; text-decoration-thickness: initial; text-decoration-style: initial; text-decoration-color: initial;\">TUTORIAIS AOS INGRESSANTES<\/p><p style=\"margin: 0px 0px 1em; padding: 0px; list-style: none; vertical-align: baseline; line-height: 1.8em; font-size: 13.728px; color: rgb(0, 0, 0); font-family: open_sansregular, Arial, Helvetica, sans-serif; font-style: normal; font-variant-ligatures: normal; font-variant-caps: normal; font-weight: 400; letter-spacing: normal; orphans: 2; text-align: start; text-indent: 0px; text-transform: none; widows: 2; word-spacing: 0px; -webkit-text-stroke-width: 0px; white-space: normal; background-color: rgb(255, 255, 255); text-decoration-thickness: initial; text-decoration-style: initial; text-decoration-color: initial;\">V\u00eddeo Tutorial para primeiro acesso ao SIGAA<span>\u00a0<\/span><a tabindex=\"0\" data-token-index=\"1\" style=\"margin: 0px; padding: 0px; list-style: none; vertical-align: baseline; outline: none; text-decoration: none; color: rgb(44, 103, 205); border-bottom: none;\" href=\"https:\/\/www.youtube.com\/watch?v=2UA6l6E3L1U\" target=\"_blank\" rel=\"noopener noreferrer\" class=\"notion-link-token notion-focusable-token notion-enable-hover\"><span class=\"link-annotation-unknown-block-id-1715696490\" style=\"margin: 0px; padding: 0px; list-style: none; vertical-align: baseline;\">https:\/\/www.youtube.com\/watch?v=2UA6l6E3L1U<\/span><\/a><\/p><p style=\"margin: 0px 0px 1em; padding: 0px; list-style: none; vertical-align: baseline; line-height: 1.8em; font-size: 13.728px; color: rgb(0, 0, 0); font-family: open_sansregular, Arial, Helvetica, sans-serif; font-style: normal; font-variant-ligatures: normal; font-variant-caps: normal; font-weight: 400; letter-spacing: normal; orphans: 2; text-align: start; text-indent: 0px; text-transform: none; widows: 2; word-spacing: 0px; -webkit-text-stroke-width: 0px; white-space: normal; background-color: rgb(255, 255, 255); text-decoration-thickness: initial; text-decoration-style: initial; text-decoration-color: initial;\">Manual de Acesso ao SIGAA &#8211; Discente:<span>\u00a0<\/span><a tabindex=\"0\" data-token-index=\"3\" style=\"margin: 0px; padding: 0px; list-style: none; vertical-align: baseline; outline: none; text-decoration: none; color: rgb(44, 103, 205); border-bottom: none;\" href=\"https:\/\/conhecimento.sti.ufpb.br\/books\/acesso-aos-sistemas-sig-manual\/page\/manual-de-acesso-ao-sigaa-discente\" target=\"_blank\" rel=\"noopener noreferrer\" class=\"notion-link-token notion-focusable-token notion-enable-hover\"><span class=\"link-annotation-unknown-block-id--2066577242\" style=\"margin: 0px; padding: 0px; list-style: none; vertical-align: baseline;\">https:\/\/conhecimento.sti.ufpb.br\/books\/acesso-aos-sistemas-sig-manual\/page\/manual-de-acesso-ao-sigaa-discente<\/span><\/a><\/p><p style=\"margin: 0px 0px 1em; padding: 0px; list-style: none; vertical-align: baseline; line-height: 1.8em; font-size: 13.728px; color: rgb(0, 0, 0); font-family: open_sansregular, Arial, Helvetica, sans-serif; font-style: normal; font-variant-ligatures: normal; font-variant-caps: normal; font-weight: 400; letter-spacing: normal; orphans: 2; text-align: start; text-indent: 0px; text-transform: none; widows: 2; word-spacing: 0px; -webkit-text-stroke-width: 0px; white-space: normal; background-color: rgb(255, 255, 255); text-decoration-thickness: initial; text-decoration-style: initial; text-decoration-color: initial;\">Tutoriais de acesso aos Sistemas da Universidade<span>\u00a0<\/span><a tabindex=\"0\" data-token-index=\"5\" style=\"margin: 0px; padding: 0px; list-style: none; vertical-align: baseline; outline: none; text-decoration: none; color: rgb(44, 103, 205); border-bottom: none;\" href=\"https:\/\/conhecimento.sti.ufpb.br\/books\" target=\"_blank\" rel=\"noopener noreferrer\" class=\"notion-link-token notion-focusable-token notion-enable-hover\"><span class=\"link-annotation-unknown-block-id--2063920995\" style=\"margin: 0px; padding: 0px; list-style: none; vertical-align: baseline;\">https:\/\/conhecimento.sti.ufpb.br\/books<\/span><\/a><\/p><\/div><\/h2>\n","protected":false},"excerpt":{"rendered":"<p>COMUNICADO Os Ingressantes de Farm\u00e1cia que possuem componentes curriculares de gradua\u00e7\u00e3o (3\u00b0 grau) cursados e [&hellip;]<\/p>\n","protected":false},"author":47,"featured_media":0,"parent":0,"menu_order":0,"comment_status":"closed","ping_status":"closed","template":"","meta":{"footnotes":""},"class_list":["post-38","page","type-page","status-publish","hentry"],"_links":{"self":[{"href":"https:\/\/www.ccs.ufpb.br\/coordfarm\/wp-json\/wp\/v2\/pages\/38","targetHints":{"allow":["GET"]}}],"collection":[{"href":"https:\/\/www.ccs.ufpb.br\/coordfarm\/wp-json\/wp\/v2\/pages"}],"about":[{"href":"https:\/\/www.ccs.ufpb.br\/coordfarm\/wp-json\/wp\/v2\/types\/page"}],"author":[{"embeddable":true,"href":"https:\/\/www.ccs.ufpb.br\/coordfarm\/wp-json\/wp\/v2\/users\/47"}],"replies":[{"embeddable":true,"href":"https:\/\/www.ccs.ufpb.br\/coordfarm\/wp-json\/wp\/v2\/comments?post=38"}],"version-history":[{"count":2,"href":"https:\/\/www.ccs.ufpb.br\/coordfarm\/wp-json\/wp\/v2\/pages\/38\/revisions"}],"predecessor-version":[{"id":41,"href":"https:\/\/www.ccs.ufpb.br\/coordfarm\/wp-json\/wp\/v2\/pages\/38\/revisions\/41"}],"wp:attachment":[{"href":"https:\/\/www.ccs.ufpb.br\/coordfarm\/wp-json\/wp\/v2\/media?parent=38"}],"curies":[{"name":"wp","href":"https:\/\/api.w.org\/{rel}","templated":true}]}}