{"id":33,"date":"2026-03-04T22:03:31","date_gmt":"2026-03-05T01:03:31","guid":{"rendered":"https:\/\/www.ccs.ufpb.br\/coordfarm\/?page_id=33"},"modified":"2026-03-24T13:49:34","modified_gmt":"2026-03-24T16:49:34","slug":"tcc","status":"publish","type":"page","link":"https:\/\/www.ccs.ufpb.br\/coordfarm\/tcc\/","title":{"rendered":"TCC"},"content":{"rendered":"\n<p style=\"font-size:24px\"><strong>Trabalhos de Conclus\u00e3o do Curso de Gradua\u00e7\u00e3o em Farm\u00e1cia<\/strong><\/p>\n\n\n\n<h2 class=\"wp-block-heading\" style=\"font-size:22px\"><div class=\"linha-header\"><strong><strong><strong><strong>Jornada 2025.2 de TCC do Curso de Gradua\u00e7\u00e3o em Farm\u00e1cia <\/strong><\/strong><\/strong><\/strong><\/div><\/h2>\n\n\n\n<p><a href=\"https:\/\/www.ccs.ufpb.br\/coordfarm\/wp-content\/uploads\/sites\/21\/sites\/454\/2026\/03\/2025-2-edital-x-jornada-de-tcc-do-curso-de-graduacao-em-farmacia_assinado.pdf\" data-type=\"link\" data-id=\"https:\/\/www.ccs.ufpb.br\/coordfarm\/wp-content\/uploads\/sites\/21\/sites\/454\/2026\/03\/2025-1-edital-x-jornada-de-tcc-do-curso-de-graduacao-em-farmacia.pdf\">Edital<\/a><\/p>\n\n\n\n<p style=\"font-size:22px\"><strong><strong><strong><strong>Jornada 2025.1 de TCC do Curso de Gradua\u00e7\u00e3o em Farm\u00e1cia <\/strong><\/strong><\/strong><\/strong><\/p>\n\n\n\n<p><a href=\"https:\/\/www.ccs.ufpb.br\/coordfarm\/wp-content\/uploads\/sites\/21\/sites\/454\/2026\/03\/2025-1-edital-x-jornada-de-tcc-do-curso-de-graduacao-em-farmacia.pdf\" data-type=\"link\" data-id=\"https:\/\/www.ccs.ufpb.br\/coordfarm\/wp-content\/uploads\/sites\/21\/sites\/454\/2026\/03\/2025-1-edital-x-jornada-de-tcc-do-curso-de-graduacao-em-farmacia.pdf\">Edital<\/a><\/p>\n\n\n\n<p class=\"has-text-align-left\" style=\"font-size:22px\"><strong><strong>Jornada 2024.2 de TCC do Curso de Gradua\u00e7\u00e3o em Farm\u00e1cia <\/strong><\/strong><\/p>\n\n\n\n<p><a href=\"https:\/\/www.ccs.ufpb.br\/coordfarm\/wp-content\/uploads\/sites\/21\/sites\/454\/2026\/03\/2024-2-edital-x-jornada-de-tcc-do-curso-de-graduacao-em-farmacia.docx.pdf\" data-type=\"link\" data-id=\"https:\/\/www.ccs.ufpb.br\/coordfarm\/wp-content\/uploads\/sites\/21\/sites\/454\/2026\/03\/2024-2-edital-x-jornada-de-tcc-do-curso-de-graduacao-em-farmacia.docx.pdf\">Edital<\/a><\/p>\n\n\n\n<p class=\"has-text-align-left\" style=\"font-size:22px\"><strong>Jornada 2024.1 de TCC do Curso de Gradua\u00e7\u00e3o em Farm\u00e1cia <\/strong><\/p>\n\n\n\n<p class=\" \"><a href=\"https:\/\/www.ccs.ufpb.br\/coordfarm\/wp-content\/uploads\/sites\/21\/sites\/454\/2026\/03\/2024-1-edital-x-jornada-de-tcc-do-curso-de-graduacao-em-farmacia.pdf\">Edital<\/a><\/p>\n\n\n\n<p style=\"font-size:22px\"><strong>Cronograma de Defesas dos TCC em Farm\u00e1cia (2025.2)<\/strong><\/p>\n\n\n\n<p class=\" \"><a href=\"http:\/\/www.ccs.ufpb.br\/coordfarm\/wp-content\/uploads\/sites\/21\/sites\/454\/2026\/03\/Cronograma-TCC-20252.pdf\">Cronograma<\/a><\/p>\n\n\n\n<h2 class=\"wp-block-heading\" style=\"font-size:24px\"><div class=\"linha-header\"><strong>Procedimento p\u00f3s-defesa<\/strong><\/div><\/h2>\n\n\n\n<p class=\"has-text-align-left\" style=\"font-size:18px\"><strong>Passo 1:<\/strong><em>&nbsp;<\/em>Entregar a Folha de Aprova\u00e7\u00e3o (Elemento obrigat\u00f3rio do TCC padr\u00e3o ABNT) impressa para a assinatura presencial dos membros da Banca Examinadora \u2013 contendo a data de apresenta\u00e7\u00e3o (defesa) do referido TCC devidamente preenchida na Folha de Aprova\u00e7\u00e3o \u2013 logo ap\u00f3s a comunica\u00e7\u00e3o do parecer da Banca examinadora do TCC;<\/p>\n\n\n\n<p style=\"font-size:18px\"><strong>Passo 2:<\/strong> Acrescentar a Folha de Aprova\u00e7\u00e3o, devidamente datada e assinada, a vers\u00e3o final do TCC que ser\u00e1 adicionado, como documento, quando da solicita\u00e7\u00e3o da Ficha catalogr\u00e1fica, via SIGAA, pelo caminho: SIGAA&gt;Biblioteca&gt; Ficha Catalogr\u00e1fica&gt;Solicitar Ficha Catalogr\u00e1fica.<\/p>\n\n\n\n<p style=\"font-size:18px\"><strong>Passo 3:<\/strong>&nbsp;Insira a ficha catalogr\u00e1fica no TCC (A ficha catalogr\u00e1fica dever\u00e1 ser inserida imediatamente ap\u00f3s \u00e0 folha de rosto)<\/p>\n\n\n\n<p style=\"font-size:18px\"><strong>Passo 4:<\/strong> Encaminhe para o e-mail da Coordena\u00e7\u00e3o do Curso os seguintes documentos:<\/p>\n\n\n\n<p style=\"font-size:18px\">4.1 &#8211; A vers\u00e3o final do TCC corrigido, com ficha catalogr\u00e1fica, folha de rosto assinado pelos membros da banca;<\/p>\n\n\n\n<p style=\"font-size:18px\">4.2 &#8211; Ata assinado pelos membros da banca;<\/p>\n\n\n\n<p style=\"font-size:18px\">4.3 &#8211; Termo de Autoriza\u00e7\u00e3o de Publica\u00e7\u00e3o do TCC;<\/p>\n\n\n\n<h2 class=\"wp-block-heading\" style=\"font-size:24px\"><div class=\"linha-header\"><strong>Documentos<\/strong><\/div><\/h2>\n\n\n\n<p><a href=\"http:\/\/www.ccs.ufpb.br\/coordfarm\/wp-content\/uploads\/sites\/21\/sites\/454\/2026\/03\/ABNT_NBR_14724_2024-1.pdf\">01 &#8211; Norma para elabora\u00e7\u00e3o do TCC &#8211; NBR 14724:2024<\/a><\/p>\n\n\n\n<p class=\" \"><a href=\"https:\/\/www.ccs.ufpb.br\/coordfarm\/wp-content\/uploads\/sites\/21\/sites\/454\/2026\/03\/Justificativa-para-Mudanca-de-Orientador-de-TCC-1.docx\" target=\"_blank\" rel=\"noreferrer noopener\">02 &#8211; Justificativa para mudan\u00e7a de Orientador(a);<\/a><\/p>\n\n\n\n<p class=\" \"><a href=\"https:\/\/www.ccs.ufpb.br\/coordfarm\/wp-content\/uploads\/sites\/21\/sites\/454\/2026\/03\/Ficha-de-avaliacao-de-TCC-1.docx\">03 &#8211; Ficha de Avalia\u00e7\u00e3o Escrita e Oral para os membros da banca;<\/a><\/p>\n\n\n\n<p class=\" \"><a href=\"https:\/\/www.ccs.ufpb.br\/coordfarm\/wp-content\/uploads\/sites\/21\/sites\/454\/2026\/03\/Modelo-de-Ata-de-defesa-1.doc\">04 &#8211; Modelo da ATA de defesa.<\/a><\/p>\n\n\n\n<p><\/p>\n","protected":false},"excerpt":{"rendered":"<p>Trabalhos de Conclus\u00e3o do Curso de Gradua\u00e7\u00e3o em Farm\u00e1cia Jornada 2025.2 de TCC do Curso [&hellip;]<\/p>\n","protected":false},"author":47,"featured_media":0,"parent":0,"menu_order":0,"comment_status":"closed","ping_status":"closed","template":"","meta":{"footnotes":""},"class_list":["post-33","page","type-page","status-publish","hentry"],"_links":{"self":[{"href":"https:\/\/www.ccs.ufpb.br\/coordfarm\/wp-json\/wp\/v2\/pages\/33","targetHints":{"allow":["GET"]}}],"collection":[{"href":"https:\/\/www.ccs.ufpb.br\/coordfarm\/wp-json\/wp\/v2\/pages"}],"about":[{"href":"https:\/\/www.ccs.ufpb.br\/coordfarm\/wp-json\/wp\/v2\/types\/page"}],"author":[{"embeddable":true,"href":"https:\/\/www.ccs.ufpb.br\/coordfarm\/wp-json\/wp\/v2\/users\/47"}],"replies":[{"embeddable":true,"href":"https:\/\/www.ccs.ufpb.br\/coordfarm\/wp-json\/wp\/v2\/comments?post=33"}],"version-history":[{"count":7,"href":"https:\/\/www.ccs.ufpb.br\/coordfarm\/wp-json\/wp\/v2\/pages\/33\/revisions"}],"predecessor-version":[{"id":98,"href":"https:\/\/www.ccs.ufpb.br\/coordfarm\/wp-json\/wp\/v2\/pages\/33\/revisions\/98"}],"wp:attachment":[{"href":"https:\/\/www.ccs.ufpb.br\/coordfarm\/wp-json\/wp\/v2\/media?parent=33"}],"curies":[{"name":"wp","href":"https:\/\/api.w.org\/{rel}","templated":true}]}}