{"id":829,"date":"2025-10-16T10:35:22","date_gmt":"2025-10-16T13:35:22","guid":{"rendered":"https:\/\/www.ccs.ufpb.br\/bsccs\/?page_id=829"},"modified":"2026-04-22T08:43:24","modified_gmt":"2026-04-22T11:43:24","slug":"achados-e-perdidos","status":"publish","type":"page","link":"https:\/\/www.ccs.ufpb.br\/bsccs\/achados-e-perdidos\/","title":{"rendered":"Achados e Perdidos"},"content":{"rendered":"\n<p>O Servi\u00e7o \u201cAchados e Perdidos\u201d da BS\/CCS\/UFPB, criado por aprova\u00e7\u00e3o un\u00e2nime do Conselho de Centro do CCS (COC), na 720\u00aa Reuni\u00e3o do COC, de 07 de abril e 2022, orienta as normas para a entrega de itens perdidos e achados nas depend\u00eancias da BS\/CCS<\/p>\n\n\n\n<p>A Biblioteca Setorial do CCS\/UFPB a <strong>orienta <\/strong>os procedimentos para a entrega de itens perdidos&nbsp;(documentos, valores, materiais ou objetos) e encontrados nas depend\u00eancias da <strong>Biblioteca Setorial do CCS\/UFPB<\/strong>:<\/p>\n\n\n\n<p><strong>Orienta\u00e7\u00f5es:<\/strong> Os documentos, valores, materiais e objetos ficar\u00e3o \u00e0 disposi\u00e7\u00e3o para retirada por no m\u00e1ximo <strong>30 dias<\/strong>. Ap\u00f3s esse per\u00edodo, os valores, materiais ou objetos ser\u00e3o doados a alguma entidade filantr\u00f3pica ou de reciclagem de materiais e os documentos encaminhados aos \u00f3rg\u00e3os respons\u00e1veis pela emiss\u00e3o ou descartados.<\/p>\n\n\n\n<p><strong>Como proceder Entregar\/Retirar:<\/strong> documentos, valores, materiais ou objetos deixados e encontrados nas depend\u00eancias da BS\/CCS dever\u00e3o ser entregues na Se\u00e7\u00e3o de Circula\u00e7\u00e3o\/Balc\u00e3o de recep\u00e7\u00e3o, no hor\u00e1rio das 7h \u00e0s 19h, de segunda a sexta-feira, dias \u00fateis, ou conforme funcionamento do setor. No ato de recebimento, o\/a servidora da Se\u00e7\u00e3o de Circula\u00e7\u00e3o\/Balc\u00e3o de recep\u00e7\u00e3o dever\u00e1 registrar a especifica\u00e7\u00e3o do item, o estado e a data em que o mesmo foi encontrado. Ap\u00f3s recep\u00e7\u00e3o do material, a Se\u00e7\u00e3o de Circula\u00e7\u00e3o\/Balc\u00e3o de recep\u00e7\u00e3o o colocar\u00e1 em exposi\u00e7\u00e3o em local definido na unidade, at\u00e9 a identifica\u00e7\u00e3o e devolu\u00e7\u00e3o ao propriet\u00e1rio ou cumprimento do prazo estipulado para retirada.<\/p>\n\n\n\n<p>A pessoa tem at\u00e9 <strong>30 dias<\/strong> para retirar os seus pertences, mediante identifica\u00e7\u00e3o, o que dever\u00e1 ser feito no balc\u00e3o de atendimento da <strong>Circula\u00e7\u00e3o\/Recep\u00e7\u00e3o<\/strong> da unidade, de segunda a sexta-feira, dias \u00fateis, das 7h \u00e0s 19h, ou conforme funcionamento do setor.<\/p>\n\n\n\n<h1 class=\"wp-block-heading\"><strong>Aten\u00e7\u00e3o!<\/strong><\/h1>\n\n\n\n<ol class=\"wp-block-list\">\n<li>A Biblioteca Setorial do CCS\/UFPB n\u00e3o se responsabilizar\u00e1 por documentos, valores, materiais ou objetos deixados nos mobili\u00e1rios ou depend\u00eancias de seu pr\u00e9dio;<\/li>\n\n\n\n<li>A Biblioteca Setorial do CCS\/UFPB n\u00e3o receber\u00e1 documentos, valores, material ou objeto achados fora das depend\u00eancias de seu pr\u00e9dio.<\/li>\n<\/ol>\n\n\n\n<p><\/p>\n","protected":false},"excerpt":{"rendered":"<p>O Servi\u00e7o \u201cAchados e Perdidos\u201d da BS\/CCS\/UFPB, criado por aprova\u00e7\u00e3o un\u00e2nime do Conselho de Centro [&hellip;]<\/p>\n","protected":false},"author":248,"featured_media":0,"parent":0,"menu_order":0,"comment_status":"closed","ping_status":"closed","template":"","meta":{"footnotes":""},"class_list":["post-829","page","type-page","status-publish","hentry"],"_links":{"self":[{"href":"https:\/\/www.ccs.ufpb.br\/bsccs\/wp-json\/wp\/v2\/pages\/829","targetHints":{"allow":["GET"]}}],"collection":[{"href":"https:\/\/www.ccs.ufpb.br\/bsccs\/wp-json\/wp\/v2\/pages"}],"about":[{"href":"https:\/\/www.ccs.ufpb.br\/bsccs\/wp-json\/wp\/v2\/types\/page"}],"author":[{"embeddable":true,"href":"https:\/\/www.ccs.ufpb.br\/bsccs\/wp-json\/wp\/v2\/users\/248"}],"replies":[{"embeddable":true,"href":"https:\/\/www.ccs.ufpb.br\/bsccs\/wp-json\/wp\/v2\/comments?post=829"}],"version-history":[{"count":8,"href":"https:\/\/www.ccs.ufpb.br\/bsccs\/wp-json\/wp\/v2\/pages\/829\/revisions"}],"predecessor-version":[{"id":1052,"href":"https:\/\/www.ccs.ufpb.br\/bsccs\/wp-json\/wp\/v2\/pages\/829\/revisions\/1052"}],"wp:attachment":[{"href":"https:\/\/www.ccs.ufpb.br\/bsccs\/wp-json\/wp\/v2\/media?parent=829"}],"curies":[{"name":"wp","href":"https:\/\/api.w.org\/{rel}","templated":true}]}}