{"id":757,"date":"2025-10-10T10:55:14","date_gmt":"2025-10-10T13:55:14","guid":{"rendered":"https:\/\/www.ccs.ufpb.br\/bsccs\/?page_id=757"},"modified":"2025-11-26T11:40:29","modified_gmt":"2025-11-26T14:40:29","slug":"repositorio-institucional-cadastro-de-materiais","status":"publish","type":"page","link":"https:\/\/www.ccs.ufpb.br\/bsccs\/repositorio-institucional-cadastro-de-materiais\/","title":{"rendered":"Reposit\u00f3rio Institucional &#8211; Cadastro de materiais"},"content":{"rendered":"\n<p>A Biblioteca Setorial do CCS\/UFPB cadastra materiais bibliogr\u00e1ficos digitais , tais como TCCs de Gradua\u00e7\u00e3o, Monografias de Especializa\u00e7\u00e3o e <strong>Produ\u00e7\u00f5es Textuais com car\u00e1ter T\u00e9cnico-Cient\u00edfico<\/strong> (Livros ou Folhetos) produzidos exclusivamente pela Comunidade Acad\u00eamica do<strong><strong> Centro de Ci\u00eancias da Sa\u00fad<\/strong>e\/UFPB<\/strong>, no <a href=\"https:\/\/repositorio.ufpb.br\/jspui\/handle\/123456789\/401\">Reposit\u00f3rio Institucional.<\/a> Para solicita\u00e7\u00e3o de cadastro \u00e9 necess\u00e1rio seguir as orienta\u00e7\u00f5es conforme a tipologia de material bibliogr\u00e1fico:<\/p>\n\n\n\n<p><strong>1) Trabalhos de Conclus\u00e3o de Cursos (TCCs) de Gradua\u00e7\u00e3o e Monografias de Especializa\u00e7\u00e3o:<\/strong><\/p>\n\n\n\n<p>A Coordena\u00e7\u00e3o ou Departamento (se couber) do Curso de Gradua\u00e7\u00e3o ou Especializa\u00e7\u00e3o do CCS dever\u00e1 reunir todos os TCCs ou Monografias depositados no semestre e encaminhar a biblioteca, conforme as orienta\u00e7\u00f5es dispon\u00edveis em <a href=\"https:\/\/www.ccs.ufpb.br\/bsccs\/deposito-de-tcc\/\">&#8220;Dep\u00f3sito de TCC&#8221;<\/a>.<\/p>\n\n\n\n<p>Os TCCs ou Monografias devem ser em arquivo PDF, em formato digital, e apresentar o <a href=\"http:\/\/www.ccs.ufpb.br\/bsccs\/wp-content\/uploads\/sites\/21\/sites\/221\/2025\/04\/Termo-de-Autorizacao-CCS-TCC-Graduacao-ou-Especializacao-2025.pdf\">Termo de Autoriza\u00e7\u00e3o \u2013 CCS \u2013 TCC \u2013 Gradua\u00e7\u00e3o ou Especializa\u00e7\u00e3o \u2013 2025 <\/a>vigente, devidamente preenchido e assinado pela pessoa discente autora, com anu\u00eancia de Orientador (a), para amplitude de acesso total ou parcial (situa\u00e7\u00e3o de amplitude de publica\u00e7\u00e3o parcial mantida por um ano, a partir da data de defesa ou apresenta\u00e7\u00e3o do TCC, mais informa\u00e7\u00f5es no Termo).<\/p>\n\n\n\n<p>Os TCCs ou Monografias s\u00e3o disponibilizados no fim ou in\u00edcio de cada per\u00edodo,\u00a0 na Comunidade CCS &#8211; Trabalhos de Conclus\u00e3o de Cursos no <a href=\"https:\/\/repositorio.ufpb.br\/jspui\/handle\/123456789\/2373\">RI <\/a>(Reposit\u00f3rio Institucional da institui\u00e7\u00e3o), conforme a demanda, por ordem de data de recebimento.<\/p>\n\n\n\n<p><strong>2) <strong>Produ\u00e7\u00f5es Textuais com car\u00e1ter T\u00e9cnico-Cient\u00edfico <\/strong><\/strong><\/p>\n\n\n\n<p>As <strong>Produ\u00e7\u00f5es Textuais com car\u00e1ter T\u00e9cnico-Cient\u00edfico<\/strong>, ou seja, Livros ou Folhetos <strong>em formato digital<\/strong> (Atlas, Cartilhas, Folders, Guias, Manuais, etc.),&nbsp;frutos de Projetos de Pesquisa, Monitoria, Extens\u00e3o e demais atividades acad\u00eamicas oriundas de Componentes Curriculares de Cursos do Centro produzidas no \u00e2mbito Institucional do Centro de Ci\u00eancias da Sa\u00fade da Universidade Federal da Para\u00edba, e com autorias com vincula\u00e7\u00e3o ativa no SIGAA, poder\u00e3o ser disponibilizadas nas&nbsp; Comunidades do CCS (<strong>Departamento de Ci\u00eancias Biom\u00e9dicas <\/strong>ou <strong><em>PesqSa\u00fade<\/em><\/strong>) <a href=\"https:\/\/repositorio.ufpb.br\/jspui\/handle\/123456789\/24418\">no Reposit\u00f3rio Institucional<\/a>.<\/p>\n\n\n\n<p>Para tanto autores ou representante de responsabilidade autoral coletiva interessado(a)s em disponibilizar suas produ\u00e7\u00f5es textuais na Comunidade do CCS do Reposit\u00f3rio Institucional dever\u00e3o enviar solicita\u00e7\u00e3o de cadastro para <a href=\"mailto:blioteca@ccs.ufpb.br\">biblioteca@ccs.ufpb.br<\/a>, sob o <strong>Assunto &#8220;Solicita\u00e7\u00e3o de cadastro no RI &#8211; Produ\u00e7\u00e3o do<\/strong> <strong>CCS\/<\/strong>UFPB&#8221;, com uma a c\u00f3pia da produ\u00e7\u00e3o textual (na \u00edntegra)&nbsp;e o <a href=\"http:\/\/www.ccs.ufpb.br\/bsccs\/wp-content\/uploads\/sites\/21\/sites\/221\/2025\/04\/Termo-de-Autorizacao-CCS-Producoes-Academicos-ou-Cientificas-do-CCS.pdf\">Termo de Autoriza\u00e7\u00e3o para Publica\u00e7\u00e3o &#8211; Produ\u00e7\u00f5es Acad\u00eamicos\/Cient\u00edficas<\/a>, devidamente preenchido e assinado.<\/p>\n\n\n\n<p>As produ\u00e7\u00f5es ser\u00e3o disponibilizadas <strong> <\/strong>na <strong>Comunidade correspondente<\/strong> no Reposit\u00f3rio Institucional, conforme ordem de demanda.<\/p>\n\n\n\n<p><strong>Sugest\u00e3o!<\/strong><\/p>\n\n\n\n<p>Disponibilizamos modelos para elabora\u00e7\u00e3o de livros ou folheto, conforme a&nbsp; <strong>ABNT NBR6029:2023 &#8211; Informa\u00e7\u00e3o e Documenta\u00e7\u00e3o &#8211; Livros e Folhetos &#8211; Apresenta\u00e7\u00e3o: <\/strong><a href=\"http:\/\/www.ccs.ufpb.br\/biblioteca\/contents\/documentos\/ccs-bs-template-livro-ou-folheto-versao-impressa-2023.docx\/view\"><em>Template<\/em> &#8211; Livro ou Folheto &#8211; Vers\u00e3o impressa<\/a> e <a href=\"http:\/\/www.ccs.ufpb.br\/biblioteca\/contents\/documentos\/ccs-bs-template-livro-ou-folheto-versao-digital-2023.docx\/view\"><em>Template<\/em> &#8211; Livro ou Folheto \u2013 Vers\u00e3o Digital<\/a>.<\/p>\n","protected":false},"excerpt":{"rendered":"<p>A Biblioteca Setorial do CCS\/UFPB cadastra materiais bibliogr\u00e1ficos digitais , tais como TCCs de Gradua\u00e7\u00e3o, [&hellip;]<\/p>\n","protected":false},"author":248,"featured_media":0,"parent":0,"menu_order":0,"comment_status":"closed","ping_status":"closed","template":"","meta":{"footnotes":""},"class_list":["post-757","page","type-page","status-publish","hentry"],"_links":{"self":[{"href":"https:\/\/www.ccs.ufpb.br\/bsccs\/wp-json\/wp\/v2\/pages\/757","targetHints":{"allow":["GET"]}}],"collection":[{"href":"https:\/\/www.ccs.ufpb.br\/bsccs\/wp-json\/wp\/v2\/pages"}],"about":[{"href":"https:\/\/www.ccs.ufpb.br\/bsccs\/wp-json\/wp\/v2\/types\/page"}],"author":[{"embeddable":true,"href":"https:\/\/www.ccs.ufpb.br\/bsccs\/wp-json\/wp\/v2\/users\/248"}],"replies":[{"embeddable":true,"href":"https:\/\/www.ccs.ufpb.br\/bsccs\/wp-json\/wp\/v2\/comments?post=757"}],"version-history":[{"count":21,"href":"https:\/\/www.ccs.ufpb.br\/bsccs\/wp-json\/wp\/v2\/pages\/757\/revisions"}],"predecessor-version":[{"id":940,"href":"https:\/\/www.ccs.ufpb.br\/bsccs\/wp-json\/wp\/v2\/pages\/757\/revisions\/940"}],"wp:attachment":[{"href":"https:\/\/www.ccs.ufpb.br\/bsccs\/wp-json\/wp\/v2\/media?parent=757"}],"curies":[{"name":"wp","href":"https:\/\/api.w.org\/{rel}","templated":true}]}}