{"id":64,"date":"2025-03-13T10:19:40","date_gmt":"2025-03-13T13:19:40","guid":{"rendered":"https:\/\/www.ccs.ufpb.br\/bsccs2\/?page_id=64"},"modified":"2026-04-22T08:31:34","modified_gmt":"2026-04-22T11:31:34","slug":"apresentacao","status":"publish","type":"page","link":"https:\/\/www.ccs.ufpb.br\/bsccs\/apresentacao\/","title":{"rendered":"Apresenta\u00e7\u00e3o"},"content":{"rendered":"\n<p><strong>MISS\u00c3O<\/strong><\/p>\n\n\n\n<p>Promover suporte informacional \u00e0s atividades de ensino, pesquisa e extens\u00e3o na \u00e1rea de sa\u00fade desenvolvidas no \u00e2mbito do Centro de Ci\u00eancias da Sa\u00fade da Universidade Federal da Para\u00edba (CCS\/UFPB).<\/p>\n\n\n\n<p><strong>OBJETIVO<\/strong><\/p>\n\n\n\n<p>Oferecer servi\u00e7os informacionais e materiais bibliogr\u00e1ficos a comunidade acad\u00eamica e externa (pesquisa no local) na \u00e1rea de Sa\u00fade, no \u00e2mbito do CCS\/UFPB.<\/p>\n\n\n\n<p><strong>FUNCIONAMENTO<\/strong><\/p>\n\n\n\n<p><strong><strong>7h \u00e0s 19h<\/strong><\/strong>, <strong>de segunda a sexta, dias \u00fateis.<\/strong><\/p>\n\n\n\n<p><strong>ORIENTA\u00c7\u00d5ES PARA ACESSO E USO DOS AMBIENTES<\/strong><\/p>\n\n\n\n<p class=\"has-medium-font-size\">Para acessar e utilizar os ambientes da Biblioteca Setorial do CCS\/UFPB \u00e9 necess\u00e1rio seguir regras:<\/p>\n\n\n\n<ol class=\"wp-block-list\">\n<li>Tratar a equipe da unidade com respeito e com a mesma gentileza que estas (es) apresentam no atendimento;<\/li>\n\n\n\n<li>N\u00e3o trajar\/portar\/utilizar jaleco;<\/li>\n\n\n\n<li>Manter sil\u00eancio;<\/li>\n\n\n\n<li>Manter conversa\u00e7\u00e3o acad\u00eamica com volume moderado;<\/li>\n\n\n\n<li>Evitar ru\u00eddos, que comprometam a concentra\u00e7\u00e3o do outro;<\/li>\n\n\n\n<li>Manter celular no modo silencioso;<\/li>\n\n\n\n<li>Utilizar o guarda-volumes para deixar pastas, bolsas, sacolas [e similares] enquanto estiver no \u00e2mbito da biblioteca;<\/li>\n\n\n\n<li>Solicitar e seguir as orienta\u00e7\u00f5es de membros da equipe da unidade a respeito dos servi\u00e7os informacionais do setor;<\/li>\n\n\n\n<li>N\u00e3o realizar reuni\u00f5es de car\u00e1ter estranho \u00e0s finalidades da biblioteca;<\/li>\n\n\n\n<li>Manter o ambiente limpo e organizado;<\/li>\n\n\n\n<li>N\u00e3o consumir alimentos s\u00f3lidos ou l\u00edquidos (exceto \u00e1gua) junto ao acervo e espa\u00e7os de estudo e consulta;<\/li>\n\n\n\n<li>N\u00e3o fumar;<\/li>\n\n\n\n<li>N\u00e3o alterar a organiza\u00e7\u00e3o de  mobili\u00e1rios ou ambientes;<\/li>\n\n\n\n<li>Utilizar o (s) terminal (is) de computador (es), localizado(s) no&nbsp; t\u00e9rreo da Biblioteca, para fins acad\u00eamicos, prioritariamente para&nbsp; acesso ao SIGAA, as Bases de livros digitais e aos Portais de pesquisa&nbsp; (CAPES, entre outros.);<\/li>\n\n\n\n<li>Efetuar <a href=\"https:\/\/www.ccs.ufpb.br\/bsccs\/agendamentos\/\">o agendamento pr\u00e9vio para uso das salas de estudos em&nbsp; grupo <\/a>(uso prioritariamente para discentes do CCS), veja mais informa\u00e7\u00f5es na p\u00e1gina 30 da <a href=\"https:\/\/www.ccs.ufpb.br\/bsccs2\/wp-content\/uploads\/sites\/21\/sites\/221\/2025\/04\/Carta-de-Servicos-Biblioteca-Setorial-do-CCS.pdf\">Carta de Servi\u00e7os ao Usu\u00e1rio<\/a>;<\/li>\n\n\n\n<li>Ap\u00f3s fazer uso de material bibliogr\u00e1fico&nbsp; (livro\/peri\u00f3dico\/monografia), deix\u00e1-lo no arm\u00e1rio pr\u00f3ximo a escada ou carrinho no&nbsp; t\u00e9rreo ou entregar  a pessoa membro da equipe do setor. N\u00e3o o colocar nas&nbsp; estantes;<\/li>\n\n\n\n<li> Apresentar \u00e0 sa\u00edda da biblioteca todo material que levar consigo, submetendo-o a revista.<\/li>\n<\/ol>\n\n\n\n<hr class=\"wp-block-separator has-alpha-channel-opacity\" \/>\n\n\n\n<p><strong>ESPA\u00c7O F\u00cdSICO E INFRAESTRUTURA<\/strong><\/p>\n\n\n\n<p>A BS\/CCS\/UFPB ocupa uma \u00e1rea de aproximadamente 535m2, distribu\u00eddos em dois pavimentos. O <strong>pavimento<\/strong> <strong>t\u00e9rreo<\/strong> compreende os ambientes de: Sala de Coordena\u00e7\u00e3o; Guarda-volumes; Setor de Recep\u00e7\u00e3o\/Circula\u00e7\u00e3o; Espa\u00e7o para estudos; Espa\u00e7o do Acervo impresso (f\u00edsico) do setor; e a Sala para processamento t\u00e9cnico de materiais bibliogr\u00e1ficos; e o <strong>pavimento superior<\/strong> (1\u00b0 andar) consiste em amplo espa\u00e7o para estudo, com duas Salas para Estudo em grupo\u00a0 e\/ou reuni\u00f5es (para este fim, uso interno do setor).<\/p>\n\n\n\n<ol class=\"wp-block-list\">\n<li><strong>Ilumina\u00e7\u00e3o:<\/strong> a BS\/CCS\/UFPB possui 68 janelas de vidro, distribui\u00e7\u00e3o igualmente por pavimento, garantindo a ilumina\u00e7\u00e3o natural do setor; Possui 56 l\u00e2mpadas (conjunto duplo, com duas l\u00e2mpadas cada) sendo 32 l\u00e2mpadas no t\u00e9rreo e 24 l\u00e2mpadas no 1\u00ba anda, oferecendo satisfat\u00f3ria ilumina\u00e7\u00e3o artificial.<\/li>\n\n\n\n<li><strong>Climatiza\u00e7\u00e3o: <\/strong>O pr\u00e9dio da BS\/CCS\/UFPB,  possui 11 (onze) aparelhos de ar-condicionado (com capacidades variadas) e 07 aparelhos ventiladores instalados. No momento apenas 04 aparelhos est\u00e3o em funcionamento; Mas a Unidade tamb\u00e9m disponibiliza aparelhos ventiladores em ambos os pavimentos.<\/li>\n\n\n\n<li><strong>Mobili\u00e1rio, assentos, equipamentos tecnol\u00f3gicos:<\/strong><\/li>\n\n\n\n<li><strong>Mobili\u00e1rio <\/strong>(estantes): 32 (trinta e duas) estantes (dupla face) para acomoda\u00e7\u00e3o de seu acervo, distribu\u00eddas em 22 (vinte e duas) estantes para livros e\/ou monografias (TCCs, Disserta\u00e7\u00f5es e Teses) e 10 (dez) estantes para peri\u00f3dicos, acondicionados em caixas de polionda; 04 (quatro) arm\u00e1rios guarda-volumes, com 16 (dezesseis) portas cada, com chaves ou cadeados, somando 64 (sessenta e quatro) arm\u00e1rios no todo, sendo que 48 (quarenta e oito) arm\u00e1rios acomodam um ou mais volumes.<\/li>\n\n\n\n<li><strong>N\u00famero de assentos:<\/strong>&nbsp;75 (setenta e cinco) assentos,&nbsp;distribu\u00eddos entre os pavimentos; conforme o quantitativo de mesas para estudo individual, cabines com e sem lumin\u00e1rias; e mesas circulares para estudos em grupo.<\/li>\n\n\n\n<li><strong>Equipamentos tecnol\u00f3gicos:<\/strong> Dois terminais de computador para uso da comunidade usu\u00e1ria, localizados no t\u00e9rreo da biblioteca, para fins acad\u00eamicos, prioritariamente para acesso ao <a href=\"https:\/\/sigaa.ufpb.br\/sigaa\/#biblioteca\">SIGAA<\/a>, as <a href=\"https:\/\/www.ufpb.br\/biblioteca\/contents\/menu\/copy_of_servicos\/copy_of_portais-de-pesquisa-e-bases-de-dados\">Bases de livros digitais e aos Portais de pesquisa (CAPES, etc.)<\/a>.<\/li>\n<\/ol>\n\n\n\n<p><\/p>\n\n\n\n<p><a href=\"http:\/\/plone.ufpb.br\/bsccs\/contents\/menu\/institucional-1\/institucional\/espaco-e-infraestrutura#_ftnref1\">[1]<\/a>Salas dispon\u00edveis atrav\u00e9s de agendamento no setor de Recep\u00e7\u00e3o\/Circula\u00e7\u00e3o\/Guarda-volumes.<\/p>\n","protected":false},"excerpt":{"rendered":"<p>Localizada no Centro de Ci\u00eancias da Sa\u00fade da UFPB, Campus I, a Biblioteca Setorial do CCS\/UFPB come\u00e7ou a desenvolver suas atividades de processamento t\u00e9cnico de materiais bibliogr\u00e1ficos a partir de outubro de 2008, sendo inaugurada em 12 de mar\u00e7o de 2009, dia do Bibliotec\u00e1rio, ano em que passou a integrar o Sistema de Bibliotecas da UFPB. A BS-CCS\/UFPB oferece servi\u00e7os informacionais de segunda a sexta (dias \u00fateis), das 7h \u00e0s 19h, tendo as Ci\u00eancias da Sa\u00fade como foco principal de abrang\u00eancia de seu acervo, formado por livros, peri\u00f3dicos e monografias.<\/p>\n","protected":false},"author":47,"featured_media":273,"parent":0,"menu_order":0,"comment_status":"closed","ping_status":"closed","template":"","meta":{"footnotes":""},"class_list":["post-64","page","type-page","status-publish","has-post-thumbnail","hentry"],"_links":{"self":[{"href":"https:\/\/www.ccs.ufpb.br\/bsccs\/wp-json\/wp\/v2\/pages\/64","targetHints":{"allow":["GET"]}}],"collection":[{"href":"https:\/\/www.ccs.ufpb.br\/bsccs\/wp-json\/wp\/v2\/pages"}],"about":[{"href":"https:\/\/www.ccs.ufpb.br\/bsccs\/wp-json\/wp\/v2\/types\/page"}],"author":[{"embeddable":true,"href":"https:\/\/www.ccs.ufpb.br\/bsccs\/wp-json\/wp\/v2\/users\/47"}],"replies":[{"embeddable":true,"href":"https:\/\/www.ccs.ufpb.br\/bsccs\/wp-json\/wp\/v2\/comments?post=64"}],"version-history":[{"count":30,"href":"https:\/\/www.ccs.ufpb.br\/bsccs\/wp-json\/wp\/v2\/pages\/64\/revisions"}],"predecessor-version":[{"id":995,"href":"https:\/\/www.ccs.ufpb.br\/bsccs\/wp-json\/wp\/v2\/pages\/64\/revisions\/995"}],"wp:featuredmedia":[{"embeddable":true,"href":"https:\/\/www.ccs.ufpb.br\/bsccs\/wp-json\/wp\/v2\/media\/273"}],"wp:attachment":[{"href":"https:\/\/www.ccs.ufpb.br\/bsccs\/wp-json\/wp\/v2\/media?parent=64"}],"curies":[{"name":"wp","href":"https:\/\/api.w.org\/{rel}","templated":true}]}}