{"id":47,"date":"2024-10-15T14:25:38","date_gmt":"2024-10-15T17:25:38","guid":{"rendered":"https:\/\/www.ccs.ufpb.br\/bsccs2\/?page_id=47"},"modified":"2026-04-28T13:37:46","modified_gmt":"2026-04-28T16:37:46","slug":"documentos","status":"publish","type":"page","link":"https:\/\/www.ccs.ufpb.br\/bsccs\/documentos\/","title":{"rendered":"Documentos"},"content":{"rendered":"\n<div class=\"wp-block-file\"><a id=\"wp-block-file--media-4f94f86a-c948-4da3-b136-76d5beaac6e0\" href=\"http:\/\/www.ccs.ufpb.br\/bsccs2\/wp-content\/uploads\/sites\/21\/sites\/221\/2024\/10\/reg_res.pdf\">Regimento SISTEMOTECA<\/a><a href=\"http:\/\/www.ccs.ufpb.br\/bsccs2\/wp-content\/uploads\/sites\/21\/sites\/221\/2024\/10\/reg_res.pdf\" class=\"wp-block-file__button wp-element-button\" download aria-describedby=\"wp-block-file--media-4f94f86a-c948-4da3-b136-76d5beaac6e0\">Baixar<\/a><\/div>\n\n\n\n<div data-wp-interactive=\"core\/file\" class=\"wp-block-file\"><object data-wp-bind--hidden=\"!state.hasPdfPreview\" hidden class=\"wp-block-file__embed\" data=\"http:\/\/www.ccs.ufpb.br\/bsccs\/wp-content\/uploads\/sites\/21\/sites\/221\/2026\/04\/Termo-de-Autorizacao-CCS-TCC-Graduacao-ou-Especializacao.pdf\" type=\"application\/pdf\" style=\"width:100%;height:200px\" aria-label=\"Incorporado de Termo de Autoriza\u00e7\u00e3o - CCS - TCC - Gradua\u00e7\u00e3o ou Especializa\u00e7\u00e3o.\"><\/object><a id=\"wp-block-file--media-1d968464-fb95-4b0b-a397-95cf0283dcd1\" href=\"http:\/\/www.ccs.ufpb.br\/bsccs\/wp-content\/uploads\/sites\/21\/sites\/221\/2026\/04\/Termo-de-Autorizacao-CCS-TCC-Graduacao-ou-Especializacao.pdf\">Termo de Autoriza\u00e7\u00e3o &#8211; CCS &#8211; TCC &#8211; Gradua\u00e7\u00e3o ou Especializa\u00e7\u00e3o<\/a><a href=\"http:\/\/www.ccs.ufpb.br\/bsccs\/wp-content\/uploads\/sites\/21\/sites\/221\/2026\/04\/Termo-de-Autorizacao-CCS-TCC-Graduacao-ou-Especializacao.pdf\" class=\"wp-block-file__button wp-element-button\" download aria-describedby=\"wp-block-file--media-1d968464-fb95-4b0b-a397-95cf0283dcd1\">Baixar<\/a><\/div>\n\n\n\n<div data-wp-interactive=\"core\/file\" class=\"wp-block-file\"><object data-wp-bind--hidden=\"!state.hasPdfPreview\" hidden class=\"wp-block-file__embed\" data=\"http:\/\/www.ccs.ufpb.br\/bsccs\/wp-content\/uploads\/sites\/21\/sites\/221\/2025\/04\/Termo-de-Autorizacao-CCS-Producoes-Academicos-ou-Cientificas-do-CCS.pdf\" type=\"application\/pdf\" style=\"width:100%;height:200px\" aria-label=\"Incorporado de Termo de Autoriza\u00e7\u00e3o - CCS - Produ\u00e7\u00f5es Acad\u00eamicos ou Cient\u00edficas do CCS.\"><\/object><a id=\"wp-block-file--media-8f4dfc8e-1d75-462e-a57b-aa66b33eae00\" href=\"http:\/\/www.ccs.ufpb.br\/bsccs\/wp-content\/uploads\/sites\/21\/sites\/221\/2025\/04\/Termo-de-Autorizacao-CCS-Producoes-Academicos-ou-Cientificas-do-CCS.pdf\">Termo de Autoriza\u00e7\u00e3o &#8211; CCS &#8211; Produ\u00e7\u00f5es Acad\u00eamicos ou Cient\u00edficas do CCS<\/a><a href=\"http:\/\/www.ccs.ufpb.br\/bsccs\/wp-content\/uploads\/sites\/21\/sites\/221\/2025\/04\/Termo-de-Autorizacao-CCS-Producoes-Academicos-ou-Cientificas-do-CCS.pdf\" class=\"wp-block-file__button wp-element-button\" download aria-describedby=\"wp-block-file--media-8f4dfc8e-1d75-462e-a57b-aa66b33eae00\">Baixar<\/a><\/div>\n\n\n\n<div data-wp-interactive=\"core\/file\" class=\"wp-block-file\"><object data-wp-bind--hidden=\"!state.hasPdfPreview\" hidden class=\"wp-block-file__embed\" data=\"http:\/\/www.ccs.ufpb.br\/bsccs2\/wp-content\/uploads\/sites\/21\/sites\/221\/2025\/04\/Formulario-doacao-de-materiais-bibliograficos.pdf\" type=\"application\/pdf\" style=\"width:100%;height:200px\" aria-label=\"Incorporado de Formul\u00e1rio - doa\u00e7\u00e3o de materiais bibliogr\u00e1ficos.\"><\/object><a id=\"wp-block-file--media-4fd24cfc-6703-40e8-a909-27f0647713f1\" href=\"http:\/\/www.ccs.ufpb.br\/bsccs2\/wp-content\/uploads\/sites\/21\/sites\/221\/2025\/04\/Formulario-doacao-de-materiais-bibliograficos.pdf\">Formul\u00e1rio &#8211; doa\u00e7\u00e3o de materiais bibliogr\u00e1ficos<\/a><a href=\"http:\/\/www.ccs.ufpb.br\/bsccs2\/wp-content\/uploads\/sites\/21\/sites\/221\/2025\/04\/Formulario-doacao-de-materiais-bibliograficos.pdf\" class=\"wp-block-file__button wp-element-button\" download aria-describedby=\"wp-block-file--media-4fd24cfc-6703-40e8-a909-27f0647713f1\">Baixar<\/a><\/div>\n\n\n\n<p>Saiba quais os procedimentos para doa\u00e7\u00e3o de materiais bibliogr\u00e1ficos (livros) para esta Biblioteca, em: <a href=\"https:\/\/www.ccs.ufpb.br\/bsccs2\/wp-admin\/post.php?post=117&amp;action=edit\">https:\/\/www.ccs.ufpb.br\/bsccs2\/wp-admin\/post.php?post=117&amp;action=edit<\/a><\/p>\n\n\n\n<div data-wp-interactive=\"core\/file\" class=\"wp-block-file\"><object data-wp-bind--hidden=\"!state.hasPdfPreview\" hidden class=\"wp-block-file__embed\" data=\"http:\/\/www.ccs.ufpb.br\/bsccs2\/wp-content\/uploads\/sites\/21\/sites\/221\/2025\/06\/CCS-BS-Estilo-Vancouver-para-referencias.pdf\" type=\"application\/pdf\" style=\"width:100%;height:200px\" aria-label=\"Incorporado de CCS -BS - Estilo Vancouver para refer\u00eancias.\"><\/object><a id=\"wp-block-file--media-a75d279e-adbd-456d-8630-3c6507ea962c\" href=\"http:\/\/www.ccs.ufpb.br\/bsccs2\/wp-content\/uploads\/sites\/21\/sites\/221\/2025\/06\/CCS-BS-Estilo-Vancouver-para-referencias.pdf\">CCS -BS &#8211; Estilo Vancouver para refer\u00eancias<\/a><a href=\"http:\/\/www.ccs.ufpb.br\/bsccs2\/wp-content\/uploads\/sites\/21\/sites\/221\/2025\/06\/CCS-BS-Estilo-Vancouver-para-referencias.pdf\" class=\"wp-block-file__button wp-element-button\" download aria-describedby=\"wp-block-file--media-a75d279e-adbd-456d-8630-3c6507ea962c\">Baixar<\/a><\/div>\n\n\n\n<p>Documento adaptado de material elaborado pelo Comit\u00ea Internacional de Editores de Revistas M\u00e9dicas (ICMJE).<\/p>\n\n\n\n<div data-wp-interactive=\"core\/file\" class=\"wp-block-file\"><object data-wp-bind--hidden=\"!state.hasPdfPreview\" hidden class=\"wp-block-file__embed\" data=\"http:\/\/www.ccs.ufpb.br\/bsccs\/wp-content\/uploads\/sites\/21\/sites\/221\/2025\/11\/Inauguracao-da-Biblioteca-Setorial-do-CCS-Ata-542-12-03-2009.pdf\" type=\"application\/pdf\" style=\"width:100%;height:600px\" aria-label=\"Incorporado de Inaugura\u00e7\u00e3o da Biblioteca Setorial do CCS - Ata 542 - 12-03-2009.\"><\/object><a id=\"wp-block-file--media-2a3ade45-aa39-4534-b1e3-a4fc1101303b\" href=\"http:\/\/www.ccs.ufpb.br\/bsccs\/wp-content\/uploads\/sites\/21\/sites\/221\/2025\/11\/Inauguracao-da-Biblioteca-Setorial-do-CCS-Ata-542-12-03-2009.pdf\">Inaugura\u00e7\u00e3o da Biblioteca Setorial do CCS &#8211; Ata 542 &#8211; 12-03-2009<\/a><a href=\"http:\/\/www.ccs.ufpb.br\/bsccs\/wp-content\/uploads\/sites\/21\/sites\/221\/2025\/11\/Inauguracao-da-Biblioteca-Setorial-do-CCS-Ata-542-12-03-2009.pdf\" class=\"wp-block-file__button wp-element-button\" download aria-describedby=\"wp-block-file--media-2a3ade45-aa39-4534-b1e3-a4fc1101303b\">Baixar<\/a><\/div>\n","protected":false},"excerpt":{"rendered":"<p>Saiba quais os procedimentos para doa\u00e7\u00e3o de materiais bibliogr\u00e1ficos (livros) para esta Biblioteca, em: https:\/\/www.ccs.ufpb.br\/bsccs2\/wp-admin\/post.php?post=117&amp;action=edit [&hellip;]<\/p>\n","protected":false},"author":47,"featured_media":0,"parent":0,"menu_order":0,"comment_status":"closed","ping_status":"closed","template":"","meta":{"footnotes":""},"class_list":["post-47","page","type-page","status-publish","hentry"],"_links":{"self":[{"href":"https:\/\/www.ccs.ufpb.br\/bsccs\/wp-json\/wp\/v2\/pages\/47","targetHints":{"allow":["GET"]}}],"collection":[{"href":"https:\/\/www.ccs.ufpb.br\/bsccs\/wp-json\/wp\/v2\/pages"}],"about":[{"href":"https:\/\/www.ccs.ufpb.br\/bsccs\/wp-json\/wp\/v2\/types\/page"}],"author":[{"embeddable":true,"href":"https:\/\/www.ccs.ufpb.br\/bsccs\/wp-json\/wp\/v2\/users\/47"}],"replies":[{"embeddable":true,"href":"https:\/\/www.ccs.ufpb.br\/bsccs\/wp-json\/wp\/v2\/comments?post=47"}],"version-history":[{"count":29,"href":"https:\/\/www.ccs.ufpb.br\/bsccs\/wp-json\/wp\/v2\/pages\/47\/revisions"}],"predecessor-version":[{"id":1067,"href":"https:\/\/www.ccs.ufpb.br\/bsccs\/wp-json\/wp\/v2\/pages\/47\/revisions\/1067"}],"wp:attachment":[{"href":"https:\/\/www.ccs.ufpb.br\/bsccs\/wp-json\/wp\/v2\/media?parent=47"}],"curies":[{"name":"wp","href":"https:\/\/api.w.org\/{rel}","templated":true}]}}