{"id":39,"date":"2024-10-15T11:43:46","date_gmt":"2024-10-15T14:43:46","guid":{"rendered":"https:\/\/www.ccs.ufpb.br\/bsccs2\/?page_id=39"},"modified":"2026-04-22T08:28:11","modified_gmt":"2026-04-22T11:28:11","slug":"acervo","status":"publish","type":"page","link":"https:\/\/www.ccs.ufpb.br\/bsccs\/acervo\/","title":{"rendered":"Acervo"},"content":{"rendered":"\n<div class=\"wp-block-media-text is-stacked-on-mobile\" style=\"grid-template-columns:32% auto\"><figure class=\"wp-block-media-text__media\"><img loading=\"lazy\" decoding=\"async\" width=\"577\" height=\"1024\" src=\"http:\/\/www.ccs.ufpb.br\/bsccs2\/wp-content\/uploads\/sites\/21\/sites\/221\/2025\/06\/BSCCS-acervo-577x1024.jpg\" alt=\"\" class=\"wp-image-274 size-full\" srcset=\"https:\/\/www.ccs.ufpb.br\/bsccs\/wp-content\/uploads\/sites\/21\/sites\/221\/2025\/06\/BSCCS-acervo-577x1024.jpg 577w, https:\/\/www.ccs.ufpb.br\/bsccs\/wp-content\/uploads\/sites\/21\/sites\/221\/2025\/06\/BSCCS-acervo-169x300.jpg 169w, https:\/\/www.ccs.ufpb.br\/bsccs\/wp-content\/uploads\/sites\/21\/sites\/221\/2025\/06\/BSCCS-acervo-768x1362.jpg 768w, https:\/\/www.ccs.ufpb.br\/bsccs\/wp-content\/uploads\/sites\/21\/sites\/221\/2025\/06\/BSCCS-acervo-866x1536.jpg 866w, https:\/\/www.ccs.ufpb.br\/bsccs\/wp-content\/uploads\/sites\/21\/sites\/221\/2025\/06\/BSCCS-acervo-1155x2048.jpg 1155w, https:\/\/www.ccs.ufpb.br\/bsccs\/wp-content\/uploads\/sites\/21\/sites\/221\/2025\/06\/BSCCS-acervo-scaled.jpg 1443w\" sizes=\"auto, (max-width: 577px) 100vw, 577px\" \/><\/figure><div class=\"wp-block-media-text__content\">\n<p>O acervo da Biblioteca Setorial do Centro de Ci\u00eancias da Sa\u00fade da Universidade Federal da Para\u00edba (BS\/CCS\/UFPB) \u00e9 composto por materiais bibliogr\u00e1ficos impressos, compreendendo Livros, Peri\u00f3dicos, Trabalhos de Conclus\u00e3o de Cursos (TCCs), Monografias de Especializa\u00e7\u00e3o e algumas poucas Disserta\u00e7\u00f5es e Teses (oriundas do acervo da Biblioteca da P\u00f3s-gradua\u00e7\u00e3o de Odontologia ou recebidos por doa\u00e7\u00e3o de P\u00f3s-gradua\u00e7\u00e3o de Enfermagem).<\/p>\n<\/div><\/div>\n\n\n\n<p>A organiza\u00e7\u00e3o f\u00edsica do acervo se dar de forma facetada por assunto e o arquivamento por n\u00famero seguindo as orienta\u00e7\u00f5es da Classifica\u00e7\u00e3o Decimal Universal (<strong><a href=\"https:\/\/cdu.ibict.br\/\">CDU<\/a><\/strong>).<\/p>\n\n\n\n<p>A atualiza\u00e7\u00e3o do acervo f\u00edsico da&nbsp;BS\/CCS\/UFPB&nbsp;\u00e9 realizada <strong>por Compra<\/strong>, a\u00e7\u00e3o que compete \u00e0 Biblioteca Central (Dire\u00e7\u00e3o do Sistema de Bibliotecas\/UFPB) que, com o apoio das Unidades Setoriais, comunica aos Centros quais os procedimentos para solicita\u00e7\u00e3o de aquisi\u00e7\u00e3o de Materiais Bibliogr\u00e1ficos, que em s\u00edntese, deve priorizar as Bibliografias B\u00e1sicas e Complementares dos Componentes curriculares do Projeto Pol\u00edtico Pedag\u00f3gico (PPP) dos Cursos de Gradua\u00e7\u00e3o, conforme cadastro no <em><strong>e-Mec<\/strong><\/em>, e conforme o or\u00e7amento dispon\u00edvel;&nbsp;e <strong>por Doa\u00e7\u00e3o <\/strong>(recebido por iniciativa de terceiros), que devem seguir as <strong><a href=\"https:\/\/www.ccs.ufpb.br\/bsccs\/doacao-de-livros\/\">orienta\u00e7\u00f5es de doa\u00e7\u00e3o<\/a><\/strong>.<\/p>\n\n\n\n<p>O acervo f\u00edsico (impresso) da&nbsp;BS\/CCS\/UFPB \u00e9 constitu\u00eddo pelas seguintes cole\u00e7\u00f5es:<\/p>\n\n\n\n<p>1 <strong>Cole\u00e7\u00e3o Regular:<\/strong>&nbsp;livros t\u00e9cnico-cient\u00edficos, em sua maioria da \u00e1rea de Ci\u00eancias da sa\u00fade, que possuem disponibilidade para empr\u00e9stimo domiciliar e local;<\/p>\n\n\n\n<p>2 <strong>Cole\u00e7\u00e3o Se\u00e7\u00e3o de Reserva,<\/strong> sigla&nbsp;<strong>SR<\/strong>: livros t\u00e9cnico-cient\u00edficos para empr\u00e9stimo local, permiss\u00e3o de empr\u00e9stimo por um per\u00edodo de at\u00e9 04 horas (respeitando o hor\u00e1rio de funcionamento da unidade);<\/p>\n\n\n\n<p>3<strong> Cole\u00e7\u00e3o de Refer\u00eancia<\/strong>, sigla&nbsp;<strong>R<\/strong>: publica\u00e7\u00f5es de consulta r\u00e1pida e pontual, como Dicion\u00e1rios; Anais de eventos; Cat\u00e1logos, dentre outros;<\/p>\n\n\n\n<p>4 <strong>Cole\u00e7\u00e3o de Peri\u00f3dicos <\/strong>com identifica\u00e7\u00e3o&nbsp;<strong>N\u00e3o Circula<\/strong>: trata-se de publica\u00e7\u00f5es produzidas em intervalos determinados (periodicidade), publicadas em fasc\u00edculos e com designa\u00e7\u00e3o num\u00e9rica e\/ou cronol\u00f3gica;<\/p>\n\n\n\n<p>5 <strong>Cole\u00e7\u00e3o de Monografias<\/strong>: composta por TCCs de Gradua\u00e7\u00e3o e Monografias (Especializa\u00e7\u00e3o, Disserta\u00e7\u00f5es e Teses);<\/p>\n\n\n\n<p>6.<strong>Cole\u00e7\u00e3o de Materiais eletr\u00f4nicos (CD e\/ou DVD) <\/strong>exclusivo para consulta local, sob identifica\u00e7\u00e3o de pessoa usu\u00e1ria.<\/p>\n\n\n\n<p>Desde 2011 a BS\/CCS\/UFPB n\u00e3o recebe mais TCCs nem Monografias impressas. O acervo digital de TCCs de Gradua\u00e7\u00e3o e Monografias de Especializa\u00e7\u00e3o da unidade est\u00e3o disponibilizados no&nbsp;<a href=\"https:\/\/repositorio.ufpb.br\/\">Reposit\u00f3rio Institucional<\/a>.<\/p>\n\n\n\n<p>O acervo impresso da BS-CCS\/UFPB pode ser consultado (dados bibliogr\u00e1ficos e localiza\u00e7\u00e3o) atrav\u00e9s do <a href=\"https:\/\/sigaa.ufpb.br\/sigaa\/public\/biblioteca\/buscaPublicaAcervo.jsf\">Cat\u00e1logo SIGAA<\/a> ou pela <a href=\"https:\/\/widgets.ebscohost.com\/prod\/customerspecific\/ns016829\/searchbox\/\">&#8220;Pesquisa Integrada&#8221;<\/a> (que recupera informa\u00e7\u00f5es quanto ao acervo impresso e acervo eletr\u00f4nico disponibilizado no Sistema de Bibliotecas).<\/p>\n\n\n\n<p>O Sistema de Bibliotecas\/UFPB, por meio da Reitoria, mant\u00e9m contrato de assinaturas com Bases de dados e de Livros digitais, que comp\u00f5e o\u00a0<a href=\"https:\/\/www.ufpb.br\/biblioteca\/contents\/menu\/copy_of_servicos\/copy_of_portais-de-pesquisa-e-bases-de-dados\"><strong>Acervo digital<\/strong>\u00a0<\/a>(materiais ou livros eletr\u00f4nicos).<\/p>\n\n\n\n<hr class=\"wp-block-separator has-alpha-channel-opacity\" \/>\n\n\n\n<p><\/p>\n","protected":false},"excerpt":{"rendered":"<p>O acervo da Biblioteca Setorial do Centro de Ci\u00eancias da Sa\u00fade da Universidade Federal da [&hellip;]<\/p>\n","protected":false},"author":47,"featured_media":0,"parent":0,"menu_order":0,"comment_status":"closed","ping_status":"closed","template":"","meta":{"footnotes":""},"class_list":["post-39","page","type-page","status-publish","hentry"],"_links":{"self":[{"href":"https:\/\/www.ccs.ufpb.br\/bsccs\/wp-json\/wp\/v2\/pages\/39","targetHints":{"allow":["GET"]}}],"collection":[{"href":"https:\/\/www.ccs.ufpb.br\/bsccs\/wp-json\/wp\/v2\/pages"}],"about":[{"href":"https:\/\/www.ccs.ufpb.br\/bsccs\/wp-json\/wp\/v2\/types\/page"}],"author":[{"embeddable":true,"href":"https:\/\/www.ccs.ufpb.br\/bsccs\/wp-json\/wp\/v2\/users\/47"}],"replies":[{"embeddable":true,"href":"https:\/\/www.ccs.ufpb.br\/bsccs\/wp-json\/wp\/v2\/comments?post=39"}],"version-history":[{"count":33,"href":"https:\/\/www.ccs.ufpb.br\/bsccs\/wp-json\/wp\/v2\/pages\/39\/revisions"}],"predecessor-version":[{"id":1042,"href":"https:\/\/www.ccs.ufpb.br\/bsccs\/wp-json\/wp\/v2\/pages\/39\/revisions\/1042"}],"wp:attachment":[{"href":"https:\/\/www.ccs.ufpb.br\/bsccs\/wp-json\/wp\/v2\/media?parent=39"}],"curies":[{"name":"wp","href":"https:\/\/api.w.org\/{rel}","templated":true}]}}