{"id":229,"date":"2025-06-02T18:27:02","date_gmt":"2025-06-02T21:27:02","guid":{"rendered":"https:\/\/www.ccs.ufpb.br\/bsccs2\/?page_id=229"},"modified":"2026-04-22T08:34:06","modified_gmt":"2026-04-22T11:34:06","slug":"como-acessar-as-bases-de-dados-2","status":"publish","type":"page","link":"https:\/\/www.ccs.ufpb.br\/bsccs\/como-acessar-as-bases-de-dados-2\/","title":{"rendered":"P\u00e1ginas e Conte\u00fados Digitais"},"content":{"rendered":"\n<p>Produ\u00e7\u00f5es de acesso na rede<em> <\/em>da unidade ou relacionados com a BS\/CCS\/UFPB<\/p>\n\n\n\n<p>1 ) <strong>Produ\u00e7\u00f5es da Biblioteca Setorial do CCS\/UFPB<\/strong><\/p>\n\n\n\n<p>Trabalhos completos, p\u00f4steres ou Resumos expandidos produzidos e apresentados por membros da Equipe do setor sobre experi\u00eancias vivenciadas na BS\/CCS\/UFPB:<\/p>\n\n\n\n<p><a href=\"https:\/\/portal.febab.org.br\/snbu2023\/article\/view\/2743\">Enquetes do Instagram para identifica\u00e7\u00e3o de necessidades informacionais<\/a><\/p>\n\n\n\n<p><a href=\"http:\/\/repositorio.febab.org.br\/items\/show\/6680\">Automa\u00e7\u00e3o da Cole\u00e7\u00e3o de Peri\u00f3dicos da BS\/CCS\/UFPB- organizando, representando e disponibilizando informa\u00e7\u00e3o: relato de experi\u00eancia<\/a><\/p>\n\n\n\n<p><a href=\"http:\/\/repositorio.febab.org.br\/items\/show\/5699\">Relato da reestrutura\u00e7\u00e3o da Biblioteca Setorial do Centro de Ci\u00eancias da Sa\u00fade da UFPB. (P\u00f4ster)<\/a><\/p>\n\n\n\n<p>2 ) <strong>TCCs sobre a Biblioteca Setorial do CCS\/UFPB<\/strong><\/p>\n\n\n\n<p>Trabalhos de Conclus\u00e3o de Cursos de Gradua\u00e7\u00e3o de discentes do CCS que analisam como um todo ou algum servi\u00e7o da BS\/CCS\/UFPB ou mesmo trazem algum enfoque sobre a Unidade como membro do Sistema de Bibliotecas da UFPB:<\/p>\n\n\n\n<p><a href=\"https:\/\/repositorio.ufpb.br\/jspui\/handle\/123456789\/13616\">A\u00e7\u00e3o Cultural Em Bibliotecas Universit\u00e1rias: uma proposta para a Biblioteca Setorial do CCS\/UFPB<\/a><\/p>\n\n\n\n<p><a href=\"https:\/\/repositorio.ufpb.br\/jspui\/handle\/123456789\/2269\">Proposta de implanta\u00e7\u00e3o do blog da biblioteca setorial do Centro de Ci\u00eancias da Sa\u00fade da Universidade Federal da Para\u00edba<\/a><\/p>\n\n\n\n<p><a href=\"https:\/\/repositorio.ufpb.br\/jspui\/handle\/123456789\/22135\">Onde est\u00e1 a estrat\u00e9gia digital das bibliotecas?: marketing em m\u00eddias sociais na UFPB<\/a><\/p>\n\n\n\n<p><a href=\"https:\/\/repositorio.ufpb.br\/jspui\/handle\/123456789\/14728\">Mapeamento na se\u00e7\u00e3o de peri\u00f3dicos das bibliotecas setoriais do Campus I da UFPB<\/a><\/p>\n\n\n\n<p>3) <strong>Demais produ\u00e7\u00f5es sobre a Biblioteca Setorial do CCS\/UFPB<\/strong><\/p>\n\n\n\n<p>Artigos e Trabalhos completos produzidos e\/ou apresentados sobre a BS\/CCS\/UFPB como integrante do Sistema de Bibliotecas da UFPB<\/p>\n\n\n\n<p><a href=\"https:\/\/periodicos.sbu.unicamp.br\/ojs\/index.php\/rdbci\/article\/view\/1643\">Sistema Integrado de Gest\u00e3o de Atividades Acad\u00eamicas SIGAA \u2013 M\u00f3dulo Biblioteca: uma oportunidade de retomar a credibilidade da comunidade acad\u00eamica com a efetiva\u00e7\u00e3o da gest\u00e3o do Sistema de Bibliotecas da Universidade Federal da Para\u00edba<\/a><\/p>\n\n\n\n<p><a href=\"https:\/\/www.bu.ufmg.br\/snbu2014\/wp-content\/uploads\/trabalhos\/88-2079.pd\">Usando o blog para promover servi\u00e7os na biblioteca universit\u00e1ria<\/a><\/p>\n\n\n\n<p><strong>REPOSIT\u00d3RIO INSTITUCIONAL &#8211; UFPB &#8211; Campus I &#8211; Centro de Ci\u00eancias da Sa\u00fade (CCS)<\/strong><\/p>\n\n\n\n<p>Compreende a Comunidade do CCS no Reposit\u00f3rio Institucional cadastrada e administrada pela equipe bibliotec\u00e1ria da Unidade. Trata-se de TCCs, Monografias de Especializa\u00e7\u00e3o, e outras produ\u00e7\u00f5es textuais ligadas aos Cursos do CCS.<\/p>\n\n\n\n<p>Para acesso<em>, clique<\/em> <a href=\"https:\/\/repositorio.ufpb.br\/jspui\/handle\/123456789\/401\">aqui<\/a><\/p>\n\n\n\n<p><\/p>\n","protected":false},"excerpt":{"rendered":"<p>Produ\u00e7\u00f5es de acesso na rede da unidade ou relacionados com a BS\/CCS\/UFPB 1 ) Produ\u00e7\u00f5es [&hellip;]<\/p>\n","protected":false},"author":47,"featured_media":0,"parent":0,"menu_order":0,"comment_status":"closed","ping_status":"closed","template":"","meta":{"footnotes":""},"class_list":["post-229","page","type-page","status-publish","hentry"],"_links":{"self":[{"href":"https:\/\/www.ccs.ufpb.br\/bsccs\/wp-json\/wp\/v2\/pages\/229","targetHints":{"allow":["GET"]}}],"collection":[{"href":"https:\/\/www.ccs.ufpb.br\/bsccs\/wp-json\/wp\/v2\/pages"}],"about":[{"href":"https:\/\/www.ccs.ufpb.br\/bsccs\/wp-json\/wp\/v2\/types\/page"}],"author":[{"embeddable":true,"href":"https:\/\/www.ccs.ufpb.br\/bsccs\/wp-json\/wp\/v2\/users\/47"}],"replies":[{"embeddable":true,"href":"https:\/\/www.ccs.ufpb.br\/bsccs\/wp-json\/wp\/v2\/comments?post=229"}],"version-history":[{"count":12,"href":"https:\/\/www.ccs.ufpb.br\/bsccs\/wp-json\/wp\/v2\/pages\/229\/revisions"}],"predecessor-version":[{"id":1047,"href":"https:\/\/www.ccs.ufpb.br\/bsccs\/wp-json\/wp\/v2\/pages\/229\/revisions\/1047"}],"wp:attachment":[{"href":"https:\/\/www.ccs.ufpb.br\/bsccs\/wp-json\/wp\/v2\/media?parent=229"}],"curies":[{"name":"wp","href":"https:\/\/api.w.org\/{rel}","templated":true}]}}