{"id":219,"date":"2025-06-02T18:20:43","date_gmt":"2025-06-02T21:20:43","guid":{"rendered":"https:\/\/www.ccs.ufpb.br\/bsccs2\/?page_id=219"},"modified":"2025-11-26T08:58:14","modified_gmt":"2025-11-26T11:58:14","slug":"plano-de-contigencia","status":"publish","type":"page","link":"https:\/\/www.ccs.ufpb.br\/bsccs\/plano-de-contigencia\/","title":{"rendered":"Plano de Conting\u00eancia"},"content":{"rendered":"\n<p>Apresenta os procedimentos e os fatores m\u00ednimos de conting\u00eancia para garantir o funcionamento das pr\u00e1ticas cotidianas da Biblioteca Setorial do Centro de Ci\u00eancias da Sa\u00fade da Universidade Federal da Para\u00edba, priorizando assegurar a oferta de servi\u00e7os informacionais \u00e0 comunidade acad\u00eamica e externa.<\/p>\n\n\n\n<div data-wp-interactive=\"core\/file\" class=\"wp-block-file\"><object data-wp-bind--hidden=\"!state.hasPdfPreview\" hidden class=\"wp-block-file__embed\" data=\"http:\/\/www.ccs.ufpb.br\/bsccs\/wp-content\/uploads\/sites\/21\/sites\/221\/2025\/11\/CCS-BS-Plano-de-Contingencia.pdf\" type=\"application\/pdf\" style=\"width:100%;height:200px\" aria-label=\"Incorporado de CCS - BS - Plano de Conting\u00eancia.\"><\/object><a id=\"wp-block-file--media-7c4f0b01-2b7a-49b1-9514-81296d3bdb67\" href=\"http:\/\/www.ccs.ufpb.br\/bsccs\/wp-content\/uploads\/sites\/21\/sites\/221\/2025\/11\/CCS-BS-Plano-de-Contingencia.pdf\">CCS &#8211; BS &#8211; Plano de Conting\u00eancia<\/a><a href=\"http:\/\/www.ccs.ufpb.br\/bsccs\/wp-content\/uploads\/sites\/21\/sites\/221\/2025\/11\/CCS-BS-Plano-de-Contingencia.pdf\" class=\"wp-block-file__button wp-element-button\" download aria-describedby=\"wp-block-file--media-7c4f0b01-2b7a-49b1-9514-81296d3bdb67\">Baixar<\/a><\/div>\n\n\n\n<div data-wp-interactive=\"core\/file\" class=\"wp-block-file\"><object data-wp-bind--hidden=\"!state.hasPdfPreview\" hidden class=\"wp-block-file__embed\" data=\"http:\/\/www.ccs.ufpb.br\/bsccs2\/wp-content\/uploads\/sites\/21\/sites\/221\/2025\/04\/CCS-BS-Plano-de-Contigencia-2021.pdf\" type=\"application\/pdf\" style=\"width:100%;height:200px\" aria-label=\"Incorporado de CCS - BS - Plano de Conting\u00eancia - vers\u00e3o - 2021.\"><\/object><a id=\"wp-block-file--media-708833d2-e397-456b-b47b-73045041d724\" href=\"http:\/\/www.ccs.ufpb.br\/bsccs2\/wp-content\/uploads\/sites\/21\/sites\/221\/2025\/04\/CCS-BS-Plano-de-Contigencia-2021.pdf\">CCS &#8211; BS &#8211; Plano de Conting\u00eancia &#8211; vers\u00e3o &#8211; 2021<\/a><a href=\"http:\/\/www.ccs.ufpb.br\/bsccs2\/wp-content\/uploads\/sites\/21\/sites\/221\/2025\/04\/CCS-BS-Plano-de-Contigencia-2021.pdf\" class=\"wp-block-file__button wp-element-button\" download aria-describedby=\"wp-block-file--media-708833d2-e397-456b-b47b-73045041d724\">Baixar<\/a><\/div>\n\n\n\n<p><\/p>\n","protected":false},"excerpt":{"rendered":"<p>Apresenta os procedimentos e os fatores m\u00ednimos de conting\u00eancia para garantir o funcionamento das pr\u00e1ticas [&hellip;]<\/p>\n","protected":false},"author":47,"featured_media":0,"parent":0,"menu_order":0,"comment_status":"closed","ping_status":"closed","template":"","meta":{"footnotes":""},"class_list":["post-219","page","type-page","status-publish","hentry"],"_links":{"self":[{"href":"https:\/\/www.ccs.ufpb.br\/bsccs\/wp-json\/wp\/v2\/pages\/219","targetHints":{"allow":["GET"]}}],"collection":[{"href":"https:\/\/www.ccs.ufpb.br\/bsccs\/wp-json\/wp\/v2\/pages"}],"about":[{"href":"https:\/\/www.ccs.ufpb.br\/bsccs\/wp-json\/wp\/v2\/types\/page"}],"author":[{"embeddable":true,"href":"https:\/\/www.ccs.ufpb.br\/bsccs\/wp-json\/wp\/v2\/users\/47"}],"replies":[{"embeddable":true,"href":"https:\/\/www.ccs.ufpb.br\/bsccs\/wp-json\/wp\/v2\/comments?post=219"}],"version-history":[{"count":8,"href":"https:\/\/www.ccs.ufpb.br\/bsccs\/wp-json\/wp\/v2\/pages\/219\/revisions"}],"predecessor-version":[{"id":887,"href":"https:\/\/www.ccs.ufpb.br\/bsccs\/wp-json\/wp\/v2\/pages\/219\/revisions\/887"}],"wp:attachment":[{"href":"https:\/\/www.ccs.ufpb.br\/bsccs\/wp-json\/wp\/v2\/media?parent=219"}],"curies":[{"name":"wp","href":"https:\/\/api.w.org\/{rel}","templated":true}]}}