{"id":16,"date":"2024-10-15T11:27:54","date_gmt":"2024-10-15T14:27:54","guid":{"rendered":"https:\/\/www.ccs.ufpb.br\/bsccs2\/?page_id=16"},"modified":"2026-04-22T08:19:58","modified_gmt":"2026-04-22T11:19:58","slug":"guia-do-usuario","status":"publish","type":"page","link":"https:\/\/www.ccs.ufpb.br\/bsccs\/guia-do-usuario\/","title":{"rendered":"Guia da Pessoa Usu\u00e1ria"},"content":{"rendered":"\n<p>Para consulta ao acervo impresso e uso de ambientes da Biblioteca Setorial do CCS\/UFPB siga as <a href=\"https:\/\/www.ccs.ufpb.br\/bsccs\/apresentacao\/\">Orienta\u00e7\u00f5es de Acesso ao acervo e Usos dos ambientes.<\/a> <\/p>\n\n\n\n<p><strong>Para empr\u00e9stimo de livros \u00e9 Obrigat\u00f3rio:<\/strong><\/p>\n\n\n\n<ol class=\"wp-block-list\">\n<li>Ter v\u00ednculo ativo no SIGAA;<\/li>\n\n\n\n<li>Apresentar documento oficial com foto ou ter foto (atual) no perfil do SIGAA.<\/li>\n\n\n\n<li>Ter  cadastro para &#8220;Utilizar os Servi\u00e7os da Biblioteca&#8221;.<\/li>\n<\/ol>\n\n\n\n<h2 class=\"wp-block-heading\"><div class=\"linha-header\"><strong>CADASTRO NO SISTEMA<\/strong><\/div><\/h2>\n\n\n\n<p>Acesse: <strong>SIGAA<\/strong>&lt;&nbsp;<strong>Biblioteca<\/strong>&nbsp;&lt; <strong>Cadastrar para utilizar os servi\u00e7os da Biblioteca<\/strong>, conforme imagem a seguir:<\/p>\n\n\n\n<figure class=\"wp-block-image size-large is-resized\"><img loading=\"lazy\" decoding=\"async\" width=\"1024\" height=\"545\" src=\"https:\/\/www.ccs.ufpb.br\/bsccs2\/wp-content\/uploads\/sites\/21\/sites\/221\/2025\/06\/eNCERRAR-VINCULO-3-1024x545.png\" alt=\"\" class=\"wp-image-180\" style=\"width:728px;height:auto\" srcset=\"https:\/\/www.ccs.ufpb.br\/bsccs\/wp-content\/uploads\/sites\/21\/sites\/221\/2025\/06\/eNCERRAR-VINCULO-3-1024x545.png 1024w, https:\/\/www.ccs.ufpb.br\/bsccs\/wp-content\/uploads\/sites\/21\/sites\/221\/2025\/06\/eNCERRAR-VINCULO-3-300x160.png 300w, https:\/\/www.ccs.ufpb.br\/bsccs\/wp-content\/uploads\/sites\/21\/sites\/221\/2025\/06\/eNCERRAR-VINCULO-3-768x409.png 768w, https:\/\/www.ccs.ufpb.br\/bsccs\/wp-content\/uploads\/sites\/21\/sites\/221\/2025\/06\/eNCERRAR-VINCULO-3-1536x818.png 1536w, https:\/\/www.ccs.ufpb.br\/bsccs\/wp-content\/uploads\/sites\/21\/sites\/221\/2025\/06\/eNCERRAR-VINCULO-3.png 1920w\" sizes=\"auto, (max-width: 1024px) 100vw, 1024px\" \/><\/figure>\n\n\n\n<p>Selecione seu v\u00ednculo ativo no SIGAA; depois crie uma senha entre 06 a 08 n\u00fameros; Repita a senha criada; e, por fim digite sua senha do SIGAA, e clique em cadastrar para confirmar a opera\u00e7\u00e3o:<\/p>\n\n\n\n<figure class=\"wp-block-image size-large\"><img loading=\"lazy\" decoding=\"async\" width=\"1024\" height=\"545\" src=\"https:\/\/www.ccs.ufpb.br\/bsccs2\/wp-content\/uploads\/sites\/21\/sites\/221\/2025\/06\/eNCERRAR-VINCULO-4-1024x545.png\" alt=\"\" class=\"wp-image-185\" srcset=\"https:\/\/www.ccs.ufpb.br\/bsccs\/wp-content\/uploads\/sites\/21\/sites\/221\/2025\/06\/eNCERRAR-VINCULO-4-1024x545.png 1024w, https:\/\/www.ccs.ufpb.br\/bsccs\/wp-content\/uploads\/sites\/21\/sites\/221\/2025\/06\/eNCERRAR-VINCULO-4-300x160.png 300w, https:\/\/www.ccs.ufpb.br\/bsccs\/wp-content\/uploads\/sites\/21\/sites\/221\/2025\/06\/eNCERRAR-VINCULO-4-768x409.png 768w, https:\/\/www.ccs.ufpb.br\/bsccs\/wp-content\/uploads\/sites\/21\/sites\/221\/2025\/06\/eNCERRAR-VINCULO-4-1536x818.png 1536w, https:\/\/www.ccs.ufpb.br\/bsccs\/wp-content\/uploads\/sites\/21\/sites\/221\/2025\/06\/eNCERRAR-VINCULO-4.png 1920w\" sizes=\"auto, (max-width: 1024px) 100vw, 1024px\" \/><\/figure>\n\n\n\n<p>Pronto. Voc\u00ea poder\u00e1 realizar empr\u00e9stimos de livros das Bibliotecas da UFPB e solicitar a Ficha Catalogr\u00e1fica (TCC, Monografia de Especializa\u00e7\u00e3o, Disserta\u00e7\u00e3o ou Tese).<\/p>\n\n\n\n<h2 class=\"wp-block-heading\"><div class=\"linha-header\">MODALIDADE DE <strong>EMPR\u00c9STIMO: DOMICILIAR<\/strong><\/div><\/h2>\n\n\n\n<p>&nbsp;O empr\u00e9stimo domiciliar \u00e9 realizado para livros identificados com status de&nbsp;<strong>REGULAR<\/strong>.<\/p>\n\n\n\n<p><strong>Prazos e Quantidade de Livros por Categoria de pessoas usu\u00e1rias<\/strong><\/p>\n\n\n\n<figure class=\"wp-block-table\"><table class=\"has-fixed-layout\"><tbody><tr><th><strong>CATEGORIA<\/strong><\/th><th class=\"has-text-align-center\" data-align=\"center\"><strong>PRAZO<\/strong><\/th><th><strong>QUANTIDADE<\/strong><\/th><\/tr><tr><td>Discentes (N\u00edvel m\u00e9dio ou T\u00e9cnico\/Gradua\u00e7\u00e3o\/P\u00f3s-Gradua\u00e7\u00e3o)<\/td><td class=\"has-text-align-center\" data-align=\"center\">20 dias (dias corridos)<\/td><td>06 materiais<\/td><\/tr><tr><td>Servidores T\u00e9cnico-Administrativos<\/td><td class=\"has-text-align-center\" data-align=\"center\">20 dias (dias corridos)<\/td><td>06 materiais<\/td><\/tr><tr><td>Servidores Docentes<\/td><td class=\"has-text-align-center\" data-align=\"center\">20 dias (dias corridos)<\/td><td>10 materiais<\/td><\/tr><\/tbody><\/table><\/figure>\n\n\n\n<p><strong>O prazo de empr\u00e9stimo compreende dias corridos, ou seja, cont\u00ednuos, considerando dias \u00fateis e finais de semanas.<\/strong><\/p>\n\n\n\n<h2 class=\"wp-block-heading\"><div class=\"linha-header\">MODALIDADE DE <strong>EMPR\u00c9STIMO: LOCAL<\/strong><\/div><\/h2>\n\n\n\n<p>Trata-se do empr\u00e9stimo de materiais que possuem na etiqueta a identifica\u00e7\u00e3o&nbsp;<strong>SR<\/strong>&nbsp;(<strong>Se\u00e7\u00e3o de Reserva<\/strong>).<\/p>\n\n\n\n<p><strong>Prazos e Quantidade de Livros por Categoria de pessoas usu\u00e1rias<\/strong><\/p>\n\n\n\n<figure class=\"wp-block-table\"><table class=\"has-fixed-layout\"><tbody><tr><th><strong>CATEGORIA<\/strong><\/th><th><strong>PRAZO<\/strong><\/th><th><strong>QUANTIDADE<\/strong><\/th><\/tr><tr><td>Discentes (N\u00edvel m\u00e9dio ou T\u00e9cnico\/Gradua\u00e7\u00e3o\/P\u00f3s-Gradua\u00e7\u00e3o)<\/td><td>04 horas (n\u00e3o pode renovar)<\/td><td>03 materiais<\/td><\/tr><tr><td>Servidores T\u00e9cnico-Administrativos<\/td><td>04 horas (n\u00e3o pode renovar)<\/td><td>03 materiais<\/td><\/tr><tr><td>Servidores Docente<\/td><td>04 horas (n\u00e3o pode renovar)<\/td><td>05 materiais<\/td><\/tr><\/tbody><\/table><\/figure>\n\n\n\n<p><strong>O prazo de devolu\u00e7\u00e3o do livro deve estar em conformidade com o hor\u00e1rio de encerramento das atividades da Biblioteca.<\/strong><\/p>\n\n\n\n<p><strong>ATEN\u00c7\u00c3O: <\/strong>N\u00e3o \u00e9 permitido o empr\u00e9stimo em conta de terceiros.<\/p>\n\n\n\n<p><strong>OBSERVA\u00c7\u00c3O: <\/strong>materiais com identifica\u00e7\u00e3o <strong>N\u00e3o Circula <\/strong>(Peri\u00f3dicos, Monografias, obras de Refer\u00eancias como Dicion\u00e1rios) n\u00e3o s\u00e3o emprestados. Por\u00e9m, em situa\u00e7\u00f5es pontuais, poder\u00e1 ocorrer a libera\u00e7\u00e3o de <strong>Empr\u00e9stimo Especial<\/strong> desses materiais, como uso de Dicion\u00e1rio bil\u00edngue para realiza\u00e7\u00e3o de atividade acad\u00eamica ou processo seletivo em P\u00f3s-Gradua\u00e7\u00e3o, contudo, por tempo limitado e havendo mais de um exemplar do t\u00edtulo no acervo.<\/p>\n\n\n\n<h2 class=\"wp-block-heading\"><div class=\"linha-header\"><strong>RENOVA\u00c7\u00c3O<\/strong><\/div><\/h2>\n\n\n\n<p>Voc\u00ea pode renovar o material emprestado <strong>uma \u00fanica vez<\/strong>, prorrogando o prazo de empr\u00e9stimo para mais 20 (vinte) dias corridos<\/p>\n\n\n\n<p><strong>A Renova\u00e7\u00e3o dever\u00e1 preceder a data final do prazo de devolu\u00e7\u00e3o original<\/strong>.<\/p>\n\n\n\n<p>A Renova\u00e7\u00e3o poder\u00e1 ser feita de modo presencial ou remota direito de sua conta no SIGAA.<\/p>\n\n\n\n<p>No modo presencial voc\u00ea vai \u00e0 Biblioteca, at\u00e9 a data final do prazo do empr\u00e9stimo, e solicita a renova\u00e7\u00e3o.<\/p>\n\n\n\n<p>Para renova\u00e7\u00e3o remota (direto de seu dispositivo eletr\u00f4nico) acesse: <strong>SIGAA&lt;Biblioteca&lt;Empr\u00e9stimos&lt;Renovar meu empr\u00e9stimos<\/strong>, conforme a imagem a seguir:<\/p>\n\n\n\n<figure class=\"wp-block-image size-large\"><img loading=\"lazy\" decoding=\"async\" width=\"1024\" height=\"545\" src=\"https:\/\/www.ccs.ufpb.br\/bsccs2\/wp-content\/uploads\/sites\/21\/sites\/221\/2025\/06\/eNCERRAR-VINCULO-5-1024x545.png\" alt=\"\" class=\"wp-image-188\" srcset=\"https:\/\/www.ccs.ufpb.br\/bsccs\/wp-content\/uploads\/sites\/21\/sites\/221\/2025\/06\/eNCERRAR-VINCULO-5-1024x545.png 1024w, https:\/\/www.ccs.ufpb.br\/bsccs\/wp-content\/uploads\/sites\/21\/sites\/221\/2025\/06\/eNCERRAR-VINCULO-5-300x160.png 300w, https:\/\/www.ccs.ufpb.br\/bsccs\/wp-content\/uploads\/sites\/21\/sites\/221\/2025\/06\/eNCERRAR-VINCULO-5-768x409.png 768w, https:\/\/www.ccs.ufpb.br\/bsccs\/wp-content\/uploads\/sites\/21\/sites\/221\/2025\/06\/eNCERRAR-VINCULO-5-1536x818.png 1536w, https:\/\/www.ccs.ufpb.br\/bsccs\/wp-content\/uploads\/sites\/21\/sites\/221\/2025\/06\/eNCERRAR-VINCULO-5.png 1920w\" sizes=\"auto, (max-width: 1024px) 100vw, 1024px\" \/><\/figure>\n\n\n\n<p>Na p\u00e1gina seguinte selecione o livro que deseja renovar e depois <em>cli<\/em>que em &#8220;Renovar empr\u00e9stimos selecionados&#8221;. <strong>Aten\u00e7\u00e3o para o prazo final para devolver o livro.<\/strong><\/p>\n\n\n\n<figure class=\"wp-block-image size-large\"><img loading=\"lazy\" decoding=\"async\" width=\"1024\" height=\"545\" src=\"https:\/\/www.ccs.ufpb.br\/bsccs2\/wp-content\/uploads\/sites\/21\/sites\/221\/2025\/06\/eNCERRAR-VINCULO-8-1024x545.png\" alt=\"\" class=\"wp-image-195\" srcset=\"https:\/\/www.ccs.ufpb.br\/bsccs\/wp-content\/uploads\/sites\/21\/sites\/221\/2025\/06\/eNCERRAR-VINCULO-8-1024x545.png 1024w, https:\/\/www.ccs.ufpb.br\/bsccs\/wp-content\/uploads\/sites\/21\/sites\/221\/2025\/06\/eNCERRAR-VINCULO-8-300x160.png 300w, https:\/\/www.ccs.ufpb.br\/bsccs\/wp-content\/uploads\/sites\/21\/sites\/221\/2025\/06\/eNCERRAR-VINCULO-8-768x409.png 768w, https:\/\/www.ccs.ufpb.br\/bsccs\/wp-content\/uploads\/sites\/21\/sites\/221\/2025\/06\/eNCERRAR-VINCULO-8-1536x818.png 1536w, https:\/\/www.ccs.ufpb.br\/bsccs\/wp-content\/uploads\/sites\/21\/sites\/221\/2025\/06\/eNCERRAR-VINCULO-8.png 1920w\" sizes=\"auto, (max-width: 1024px) 100vw, 1024px\" \/><\/figure>\n\n\n\n<h1 class=\"wp-block-heading\">S\u00f3 \u00e9 permitido a renova\u00e7\u00e3o do empr\u00e9stimo uma \u00fanica vez.<\/h1>\n\n\n\n<h2 class=\"wp-block-heading\"><div class=\"linha-header\"><strong>DEVOLU\u00c7\u00c3O<\/strong><\/div><\/h2>\n\n\n\n<ol class=\"wp-block-list\">\n<li>A devolu\u00e7\u00e3o do livro em empr\u00e9stimo dever\u00e1 ser feita atendendo aos prazos estabelecidos pelo Sistema (demonstrados nos 02 quadros acima).<\/li>\n\n\n\n<li>A devolu\u00e7\u00e3o poder\u00e1 ser realizada por qualquer pessoa.<\/li>\n\n\n\n<li>O mesmo Livro (c\u00f3digo) devolvido s\u00f3 poder\u00e1 ser retirado pela mesma pessoa usu\u00e1ria para um novo empr\u00e9stimo ap\u00f3s um per\u00edodo de 24 horas, se ainda estiver dispon\u00edvel no acervo.<\/li>\n\n\n\n<li><strong>Cabe a voc\u00ea, no ato da devolu\u00e7\u00e3o, aguardar a confirma\u00e7\u00e3o do registro da opera\u00e7\u00e3o<\/strong>;<\/li>\n\n\n\n<li>A equipe da BS-CCS\/UFPB <strong>n\u00e3<\/strong>o receber\u00e1 livros que apresentem carimbos ou etiquetas de outras Institui\u00e7\u00f5es ou Unidades.<\/li>\n<\/ol>\n\n\n\n<h2 class=\"wp-block-heading\"><div class=\"linha-header\">ATRASO NA DEVOLU\u00c7\u00c3O DE LIVROS<\/div><\/h2>\n\n\n\n<h2 class=\"wp-block-heading\"><div class=\"linha-header\"><strong>PENALIDADES<\/strong><\/div><\/h2>\n\n\n\n<p>O <strong>N\u00e3o<\/strong> cumprimento dos prazos estabelecidos para devolu\u00e7\u00e3o de livros implica em multa a ser paga conforme consta no <a href=\"https:\/\/www.ccs.ufpb.br\/bsccs2\/wp-content\/uploads\/sites\/21\/sites\/221\/2024\/10\/reg_res.pdf\">Regiment<\/a>o do Sistema de Biblioteca da UFPB de 2009 e no documento <a href=\"https:\/\/www.ufpb.br\/biblioteca\/contents\/documentos\/tutoriais\/manuais\/projeto-de-manual-bc-2018-1-1.ppsm\/view\">Manual do Usu\u00e1rio, (2022), <\/a>da Biblioteca Central, Dire\u00e7\u00e3o do Sistema de Biblioteca\/UFPB.<\/p>\n\n\n\n<p>O valor total da multa s\u00f3 ser\u00e1 conhecido ap\u00f3s a devolu\u00e7\u00e3o do livro (s) emprestado (s).<\/p>\n\n\n\n<p>Havendo mais de um livro em atraso, voc\u00ea tem a op\u00e7\u00e3o de imprimir apenas um documento para a quita\u00e7\u00e3o referente ao valor total dos d\u00e9bitos.<\/p>\n\n\n\n<p>Para consulta, impress\u00e3o ou <em>baixar os dados<\/em> de multas por atraso em devolu\u00e7\u00e3o de livros, acesse <strong>SIGAA&lt;Biblioteca&lt;Empr\u00e9stimos&lt;Imprimir <a href=\"https:\/\/www.gov.br\/tesouronacional\/pt-br\/gru-e-pag-tesouro\/contribuinte\/orientacoes-sobre-pagamento-de-gru\">GUIA DE RECOLHIMENTO A UNI\u00c3O (GRU)<\/a> para pagamentos de Multas<\/strong> :<\/p>\n\n\n\n<figure class=\"wp-block-image size-large is-resized\"><img loading=\"lazy\" decoding=\"async\" width=\"1024\" height=\"545\" src=\"https:\/\/www.ccs.ufpb.br\/bsccs2\/wp-content\/uploads\/sites\/21\/sites\/221\/2025\/06\/eNCERRAR-VINCULO-9-1024x545.png\" alt=\"\" class=\"wp-image-200\" style=\"width:682px;height:auto\" srcset=\"https:\/\/www.ccs.ufpb.br\/bsccs\/wp-content\/uploads\/sites\/21\/sites\/221\/2025\/06\/eNCERRAR-VINCULO-9-1024x545.png 1024w, https:\/\/www.ccs.ufpb.br\/bsccs\/wp-content\/uploads\/sites\/21\/sites\/221\/2025\/06\/eNCERRAR-VINCULO-9-300x160.png 300w, https:\/\/www.ccs.ufpb.br\/bsccs\/wp-content\/uploads\/sites\/21\/sites\/221\/2025\/06\/eNCERRAR-VINCULO-9-768x409.png 768w, https:\/\/www.ccs.ufpb.br\/bsccs\/wp-content\/uploads\/sites\/21\/sites\/221\/2025\/06\/eNCERRAR-VINCULO-9-1536x818.png 1536w, https:\/\/www.ccs.ufpb.br\/bsccs\/wp-content\/uploads\/sites\/21\/sites\/221\/2025\/06\/eNCERRAR-VINCULO-9.png 1920w\" sizes=\"auto, (max-width: 1024px) 100vw, 1024px\" \/><\/figure>\n\n\n\n<p>Ap\u00f3s o pagamento da(s) multa(s), preserve o(s) recibo(s) de pagamento at\u00e9 que ocorra a autoconfirma\u00e7\u00e3o de quita\u00e7\u00e3o no SIGAA; e, se ap\u00f3s 48 horas (dias \u00fateis), a autoconfirma\u00e7\u00e3o no SIGAA n\u00e3o ocorrer, comunique a Biblioteca da qual pertence o livro e solicite informa\u00e7\u00f5es de como proceder.<\/p>\n\n\n\n<p>Na Biblioteca Setorial do CCS\/UFPB voc\u00ea poder\u00e1 solicitar a confirma\u00e7\u00e3o manual do pagamento da multa seguindo as regras abaixo:<\/p>\n\n\n\n<ol class=\"wp-block-list\">\n<li>Ocorr\u00eancia de N\u00e3o Autoconfirma\u00e7\u00e3o de pagamento no SIGAA, ap\u00f3s o prazo de 48 horas, dias \u00fateis, do pagamento efetuado;<\/li>\n\n\n\n<li>Confirma\u00e7\u00e3o de pagamento de multas geradas por atraso na devolu\u00e7\u00e3o de livros do acervo CCS ou para possibilitar empr\u00e9stimo de livros do acervo CCS.<\/li>\n<\/ol>\n\n\n\n<p><strong>Aten\u00e7\u00e3o!<\/strong> \u00c9 obrigat\u00f3rio a apresenta\u00e7\u00e3o de c\u00f3pia digital de recibo v\u00e1lido (comprova\u00e7\u00e3o, com n\u00famero de autentica\u00e7\u00e3o do pagamento) por envio ao <em>endere\u00e7o eletr\u00f4nic<\/em>o <strong>biblioteca@ccs.ufpb.br<\/strong> e informando os dados da pessoa solicitante.<\/p>\n\n\n\n<h2 class=\"wp-block-heading\"><div class=\"linha-header\"><strong>Fique atento(a)!<\/strong><\/div><\/h2>\n\n\n\n<ol class=\"wp-block-list\">\n<li><strong>N\u00e3o realizamos confirma\u00e7\u00e3o manual de pagamento de multas com c\u00f3pias digitais de recibos de &#8220;pagamentos agendados&#8221;.<\/strong><\/li>\n\n\n\n<li><a href=\"https:\/\/www.gov.br\/tesouronacional\/pt-br\/gru-e-pag-tesouro\/contribuinte\/orientacoes-sobre-pagamento-de-gru\">A GRU dever\u00e1 ser paga no Banco do Brasil<\/a>. Logo, N\u00e3o realizamos confirma\u00e7\u00e3o manual de pagamento de multas com c\u00f3pias digitais de recibos de pagamentos realizados em Bancos ou Aplicativos diversos do Banco do Brasil.<\/li>\n<\/ol>\n\n\n\n<h2 class=\"wp-block-heading\"><div class=\"linha-header\"><strong>ATEN\u00c7\u00c3O!<\/strong><\/div><\/h2>\n\n\n\n<p><strong>Cabe a voc\u00ea manter seus dados atualizados junto ao SIGAA. Em caso de mudan\u00e7a de dados (<\/strong><strong>endere\u00e7o eletr\u00f4nico ou residencial, n\u00famero de telefone, etc.) pedimos que atualize devidamente seu cadastro.<\/strong><\/p>\n\n\n\n<h2 class=\"wp-block-heading\"><div class=\"linha-header\"><strong>PERDAS DE MATERIAL<\/strong><\/div><\/h2>\n\n\n\n<p>Em caso de perda ou extravio de material (livros), a pessoa usu\u00e1ria dever\u00e1 se dirigir \u00e0 Biblioteca, munido do <a href=\"https:\/\/delegaciaonline.pc.pb.gov.br\/\">Boletim de ocorr\u00eancia<\/a>, para comunicar o ocorrido. A pessoa servidora da equipe ir\u00e1 fazer a comunica\u00e7\u00e3o da situa\u00e7\u00e3o junto ao Sistema.<\/p>\n\n\n\n<p>Ser\u00e1 definido prazo para que voc\u00ea adquira o livro perdido. A obra deve ser de mesmo t\u00edtulo e edi\u00e7\u00e3o (ou edi\u00e7\u00e3o mais atual) do que foi perdido.<\/p>\n\n\n\n<p>Em caso de livro de tiragem esgotada ou fora de cat\u00e1logo voc\u00ea deve adquirir livro de conte\u00fado e valor equivalente ao que foi perdido.<\/p>\n\n\n\n<h2 class=\"wp-block-heading\"><div class=\"linha-header\"><strong>DANIFICA\u00c7\u00c3O DE MATERIAL<\/strong><\/div><\/h2>\n\n\n\n<p>\u00c9 de responsabilidade da pessoa usu\u00e1ria manter o livro em boas condi\u00e7\u00f5es de uso quando em empr\u00e9stimo.<\/p>\n\n\n\n<p>Se voc\u00ea, ao retirar livro na estante para empr\u00e9stimo, identificar alguma danifica\u00e7\u00e3o na obra (rasuras, rabiscos, folhas soltas ou rasgadas, etc.), dever\u00e1 informar prontamente a pessoa da equipe no balc\u00e3o de Recep\u00e7\u00e3o\/Circula\u00e7\u00e3o.<\/p>\n\n\n\n<h2 class=\"wp-block-heading\"><div class=\"linha-header\"><strong>ENCERRAMENTO DE V\u00cdNCULO (QUITA\u00c7\u00c3O\/NADA CONSTA)<\/strong><\/div><\/h2>\n\n\n\n<p>A comprova\u00e7\u00e3o de <strong>Encerramento de v\u00ednculo<\/strong> (Declara\u00e7\u00e3o de quita\u00e7\u00e3o ou Emiss\u00e3o de Nada consta) com a Biblioteca \u00e9 um documento de <strong>car\u00e1ter obrigat\u00f3rio<\/strong> para fins de trancamento de matr\u00edcula, Cola\u00e7\u00e3o de grau e solicita\u00e7\u00e3o de diploma de conclus\u00e3o de curso ou altera\u00e7\u00e3o de v\u00ednculo.<\/p>\n\n\n\n<p>Este documento s\u00f3 \u00e9 concedido para pessoa usu\u00e1ria que n\u00e3o estiver com alguma pend\u00eancia no Sistema de Bibliotecas (livro(s) a devolver; d\u00e9bitos n\u00e3o pagos ou a aus\u00eancia de confirma\u00e7\u00e3o pagamento).<\/p>\n\n\n\n<p>Para Encerrar o v\u00ednculo com o Sistema de Bibliotecas siga os passos abaixo:<\/p>\n\n\n\n<p><strong>SIGAA&lt; Biblioteca&lt;Verificar Minha Situa\u00e7\u00e3o \/ Encerrar V\u00ednculo<\/strong><\/p>\n\n\n\n<figure class=\"wp-block-image size-large\"><img loading=\"lazy\" decoding=\"async\" width=\"1024\" height=\"545\" src=\"https:\/\/www.ccs.ufpb.br\/bsccs2\/wp-content\/uploads\/sites\/21\/sites\/221\/2025\/06\/eNCERRAR-VINCULO-1-1024x545.png\" alt=\"\" class=\"wp-image-178\" srcset=\"https:\/\/www.ccs.ufpb.br\/bsccs\/wp-content\/uploads\/sites\/21\/sites\/221\/2025\/06\/eNCERRAR-VINCULO-1-1024x545.png 1024w, https:\/\/www.ccs.ufpb.br\/bsccs\/wp-content\/uploads\/sites\/21\/sites\/221\/2025\/06\/eNCERRAR-VINCULO-1-300x160.png 300w, https:\/\/www.ccs.ufpb.br\/bsccs\/wp-content\/uploads\/sites\/21\/sites\/221\/2025\/06\/eNCERRAR-VINCULO-1-768x409.png 768w, https:\/\/www.ccs.ufpb.br\/bsccs\/wp-content\/uploads\/sites\/21\/sites\/221\/2025\/06\/eNCERRAR-VINCULO-1-1536x818.png 1536w, https:\/\/www.ccs.ufpb.br\/bsccs\/wp-content\/uploads\/sites\/21\/sites\/221\/2025\/06\/eNCERRAR-VINCULO-1.png 1920w\" sizes=\"auto, (max-width: 1024px) 100vw, 1024px\" \/><\/figure>\n\n\n\n<p>Na p\u00e1gina seguinte voc\u00ea poder\u00e1 encerrar seu v\u00ednculo com a Biblioteca, bastar\u00e1 dar um <em>clique<\/em> em &#8220;Encerrar v\u00ednculo ativo com a confirma\u00e7\u00e3o&#8221;, e pronto!<\/p>\n\n\n\n<figure class=\"wp-block-image size-large\"><img loading=\"lazy\" decoding=\"async\" width=\"1024\" height=\"545\" src=\"https:\/\/www.ccs.ufpb.br\/bsccs2\/wp-content\/uploads\/sites\/21\/sites\/221\/2025\/06\/eNCERRAR-VINCULO-2-1024x545.png\" alt=\"\" class=\"wp-image-179\" srcset=\"https:\/\/www.ccs.ufpb.br\/bsccs\/wp-content\/uploads\/sites\/21\/sites\/221\/2025\/06\/eNCERRAR-VINCULO-2-1024x545.png 1024w, https:\/\/www.ccs.ufpb.br\/bsccs\/wp-content\/uploads\/sites\/21\/sites\/221\/2025\/06\/eNCERRAR-VINCULO-2-300x160.png 300w, https:\/\/www.ccs.ufpb.br\/bsccs\/wp-content\/uploads\/sites\/21\/sites\/221\/2025\/06\/eNCERRAR-VINCULO-2-768x409.png 768w, https:\/\/www.ccs.ufpb.br\/bsccs\/wp-content\/uploads\/sites\/21\/sites\/221\/2025\/06\/eNCERRAR-VINCULO-2-1536x818.png 1536w, https:\/\/www.ccs.ufpb.br\/bsccs\/wp-content\/uploads\/sites\/21\/sites\/221\/2025\/06\/eNCERRAR-VINCULO-2.png 1920w\" sizes=\"auto, (max-width: 1024px) 100vw, 1024px\" \/><\/figure>\n\n\n\n<p><strong>O documento j\u00e1 vem com autentica\u00e7\u00e3o eletr\u00f4nica. Dispensando assinatura de pessoa servidora ou carimbo de setor.<\/strong><\/p>\n","protected":false},"excerpt":{"rendered":"<p>Para consulta ao acervo impresso e uso de ambientes da Biblioteca Setorial do CCS\/UFPB siga [&hellip;]<\/p>\n","protected":false},"author":47,"featured_media":0,"parent":0,"menu_order":0,"comment_status":"closed","ping_status":"closed","template":"","meta":{"footnotes":""},"class_list":["post-16","page","type-page","status-publish","hentry"],"_links":{"self":[{"href":"https:\/\/www.ccs.ufpb.br\/bsccs\/wp-json\/wp\/v2\/pages\/16","targetHints":{"allow":["GET"]}}],"collection":[{"href":"https:\/\/www.ccs.ufpb.br\/bsccs\/wp-json\/wp\/v2\/pages"}],"about":[{"href":"https:\/\/www.ccs.ufpb.br\/bsccs\/wp-json\/wp\/v2\/types\/page"}],"author":[{"embeddable":true,"href":"https:\/\/www.ccs.ufpb.br\/bsccs\/wp-json\/wp\/v2\/users\/47"}],"replies":[{"embeddable":true,"href":"https:\/\/www.ccs.ufpb.br\/bsccs\/wp-json\/wp\/v2\/comments?post=16"}],"version-history":[{"count":69,"href":"https:\/\/www.ccs.ufpb.br\/bsccs\/wp-json\/wp\/v2\/pages\/16\/revisions"}],"predecessor-version":[{"id":1038,"href":"https:\/\/www.ccs.ufpb.br\/bsccs\/wp-json\/wp\/v2\/pages\/16\/revisions\/1038"}],"wp:attachment":[{"href":"https:\/\/www.ccs.ufpb.br\/bsccs\/wp-json\/wp\/v2\/media?parent=16"}],"curies":[{"name":"wp","href":"https:\/\/api.w.org\/{rel}","templated":true}]}}