{"id":130,"date":"2025-04-22T11:18:27","date_gmt":"2025-04-22T14:18:27","guid":{"rendered":"https:\/\/www.ccs.ufpb.br\/bsccs2\/?page_id=130"},"modified":"2025-09-16T07:35:14","modified_gmt":"2025-09-16T10:35:14","slug":"deposito-de-tcc","status":"publish","type":"page","link":"https:\/\/www.ccs.ufpb.br\/bsccs\/deposito-de-tcc\/","title":{"rendered":"Trabalhos de Conclus\u00e3o de Curso (TCCs) e Dep\u00f3sito de TCC"},"content":{"rendered":"\n<p><strong>TRABALHO DE CONCLUS\u00c3O DE CURSO &#8211; TCC<\/strong><\/p>\n\n\n\n<div class=\"wp-block-media-text is-stacked-on-mobile\" style=\"grid-template-columns:29% auto\"><figure class=\"wp-block-media-text__media\"><img loading=\"lazy\" decoding=\"async\" width=\"577\" height=\"1024\" src=\"https:\/\/www.ccs.ufpb.br\/bsccs2\/wp-content\/uploads\/sites\/21\/sites\/221\/2025\/06\/BSCCS-Monografias-577x1024.jpg\" alt=\"\" class=\"wp-image-276 size-full\" srcset=\"https:\/\/www.ccs.ufpb.br\/bsccs\/wp-content\/uploads\/sites\/21\/sites\/221\/2025\/06\/BSCCS-Monografias-577x1024.jpg 577w, https:\/\/www.ccs.ufpb.br\/bsccs\/wp-content\/uploads\/sites\/21\/sites\/221\/2025\/06\/BSCCS-Monografias-169x300.jpg 169w, https:\/\/www.ccs.ufpb.br\/bsccs\/wp-content\/uploads\/sites\/21\/sites\/221\/2025\/06\/BSCCS-Monografias-768x1362.jpg 768w, https:\/\/www.ccs.ufpb.br\/bsccs\/wp-content\/uploads\/sites\/21\/sites\/221\/2025\/06\/BSCCS-Monografias-866x1536.jpg 866w, https:\/\/www.ccs.ufpb.br\/bsccs\/wp-content\/uploads\/sites\/21\/sites\/221\/2025\/06\/BSCCS-Monografias-1155x2048.jpg 1155w, https:\/\/www.ccs.ufpb.br\/bsccs\/wp-content\/uploads\/sites\/21\/sites\/221\/2025\/06\/BSCCS-Monografias-scaled.jpg 1443w\" sizes=\"auto, (max-width: 577px) 100vw, 577px\" \/><\/figure><div class=\"wp-block-media-text__content\">\n<p>O Trabalho de Conclus\u00e3o de Curso (TCC) \u00e9 uma produ\u00e7\u00e3o acad\u00eamica geralmente apresentada para obten\u00e7\u00e3o parcial de conclus\u00e3o do <a href=\"https:\/\/sigaa.ufpb.br\/sigaa\/public\/curso\/lista.jsf?nivel=G&amp;aba=p-graduacao\">Curso<\/a> e poder\u00e1 ser em formato de Monografia ou Artigo Acad\u00eamico ou Cient\u00edfico (ou similares, como Ensaios, por exemplo); e utilizar padroniza\u00e7\u00e3o de acordo com as Normas T\u00e9cnicas da Associa\u00e7\u00e3o Brasileira de Normas T\u00e9cnicas (ABNT) ou utilizar o <a href=\"https:\/\/www.ccs.ufpb.br\/bsccs2\/wp-content\/uploads\/sites\/21\/sites\/221\/2025\/06\/CCS-BS-Estilo-Vancouver-para-referencias.pdf\">Estilo de Refer\u00eancias Vancouver<\/a> (exclusivamente para o <strong>formato de Artigo Acad\u00eamico ou Cient\u00edfico<\/strong>) ou o padr\u00e3o da APA (<em>American Psychological Association<\/em> &#8211; Associa\u00e7\u00e3o de Psicologia Americana), ou outros padr\u00f5es espec\u00edficos para submiss\u00e3o em algum Peri\u00f3dico (Revista Cient\u00edfica).<\/p>\n<\/div><\/div>\n\n\n\n<p>O TCC dever\u00e1 seguir as orienta\u00e7\u00f5es contidas na <strong>Resolu\u00e7\u00e3o ou Regimento de cada Curso<\/strong>.<\/p>\n\n\n\n<p>Caso o padr\u00e3o recomendado para elabora\u00e7\u00e3o de TCC seja o das normas vigentes da Associa\u00e7\u00e3o Brasileira de Normas T\u00e9cnicas \u2013 ABNT, o mesmo dever\u00e1 ser elaborado, se <strong>em formato de Monografia,<\/strong> conforme o padr\u00e3o da <strong>ABNT NBR 14724:2024 &#8211; Informa\u00e7\u00e3o e Documenta\u00e7\u00e3o &#8211; Trabalhos Acad\u00eamicos &#8211; Apresenta\u00e7\u00e3o<\/strong>; Ou, se <strong>em formato de Artigo Acad\u00eamico ou Cient\u00edfico<\/strong>, conforme a <strong>ABNT NBR 6022:2018<\/strong> <strong>&#8211; Informa\u00e7\u00e3o e Documenta\u00e7\u00e3o &#8211; Artigo em Publica\u00e7\u00e3o Peri\u00f3dica T\u00e9cnica e\/ou Cient\u00edfica &#8211; Apresenta\u00e7\u00e3o.<\/strong><\/p>\n\n\n\n<p><strong>ATEN\u00c7\u00c3O!<\/strong><\/p>\n\n\n\n<p>Para acesso as Normas da <strong>ABNT<\/strong>: <strong>SIGAA&lt;Biblioteca&lt;Pesquisar livros e bases digitais&lt;Target &#8211; Normas T\u00e9cnicas<\/strong> (recomendamos que valide seu acesso inserindo o <em>e-mail<\/em> cadastrado no SIGAA e esteja navegando no <a href=\"http:\/\/www.nti.ufpb.br\/proxyufpb\/firefox_ufpb.html\"><em>FireFox<\/em> UFPB<\/a>).<\/p>\n\n\n\n<p><strong>Anota A\u00ed!<\/strong><\/p>\n\n\n\n<p>A BS-CCS\/UFPB disponibiliza, modelos para a elabora\u00e7\u00e3o do TCC: <a href=\"http:\/\/www.ccs.ufpb.br\/bsccs\/wp-content\/uploads\/sites\/21\/sites\/221\/2025\/04\/CCS-BS-Template-TCC-Monografia.doc\"><em>Template <\/em>&#8211; TCC &#8211; Monografia<\/a>, padr\u00e3o<strong> ABNT&nbsp;NBR 14724:2024&nbsp; <\/strong>e o <a href=\"http:\/\/www.ccs.ufpb.br\/bsccs\/wp-content\/uploads\/sites\/21\/sites\/221\/2025\/04\/CCS-BS-Template-Artigo.docx\"><em>Template<\/em> &#8211; Artigo <\/a>no padr\u00e3o<strong> ABNT NBR 6022:2018,<\/strong><\/p>\n\n\n\n<p>E, caso seu TCC tenha um produto textual (Manuais, Cartilhas, Atlas, Guias, etc.) tamb\u00e9m disponibilizamos modelos: <a href=\"http:\/\/www.ccs.ufpb.br\/bsccs\/wp-content\/uploads\/sites\/21\/sites\/221\/2025\/05\/CCS-BS-Template-Livro-ou-Folheto-Versao-Impressa.docx\"><em>Template<\/em> &#8211; Livros e folhetos- formato impresso<\/a>&nbsp; e o <a href=\"http:\/\/www.ccs.ufpb.br\/bsccs\/wp-content\/uploads\/sites\/21\/sites\/221\/2025\/04\/CCS-BS-Template-Livro-ou-Folheto-versao-digital.docx\"><em>Template<\/em> &#8211; Livros e folhetos &#8211; vers\u00e3o digital<\/a>. Ambos no padr\u00e3o <strong>ABNT NBR 6029:2023 &#8211; Informa\u00e7\u00e3o e Documenta\u00e7\u00e3o &#8211; Livros e Folhetos &#8211; Apresenta\u00e7\u00e3o<\/strong>.<\/p>\n\n\n\n<p><strong>DEP\u00d3SITO DE TCC<\/strong><\/p>\n\n\n\n<p><strong>Para dep\u00f3sito (entrega) de TCC na BS-CCS\/UFPB, s\u00e3o necess\u00e1rios os seguintes procedimentos:<\/strong><\/p>\n\n\n\n<ol class=\"wp-block-list\">\n<li>A pessoa discente\u00a0dever\u00e1 depositar (entregar) o seu TCC \u00e0 Coordena\u00e7\u00e3o ou Departamento (se couber) de seu Curso,\u00a0em formato digital, arquivo \u00fanico (formato PDF), juntamente ao<a href=\"http:\/\/www.ccen.ufpb.br\/bsccen\/contents\/documentos\/termo-de-autorizacao-para-publicacao-de-tcc-em-repositorio-institucional-da-ufpb.pdf\">\u00a0<\/a><a href=\"http:\/\/www.ccs.ufpb.br\/bsccs\/wp-content\/uploads\/sites\/21\/sites\/221\/2025\/04\/Termo-de-Autorizacao-CCS-TCC-Graduacao-ou-Especializacao-2025.pdf\">Termo de Autoriza\u00e7\u00e3o<\/a> para disponibiliza\u00e7\u00e3o <em>on-line<\/em> do TCC no Reposit\u00f3rio Institucional (RI),\u00a0assinado pelo (a) discente e Orientador (a).<\/li>\n\n\n\n<li>A Coordena\u00e7\u00e3o ou Departamento (se couber) do Curso dever\u00e1 reunir todos os TCCs depositados no semestre e encaminhar a Coordena\u00e7\u00e3o da Biblioteca Setorial do CCS\/UFPB Of\u00edcio Eletr\u00f4nico, via SIPAC, anexando todos os TCCs, em arquivos individualizados (ou em pasta compactada) e termos de autoriza\u00e7\u00e3o informando o envio dos TCCs referentes ao Per\u00edodo concluso.<\/li>\n<\/ol>\n","protected":false},"excerpt":{"rendered":"<p>TRABALHO DE CONCLUS\u00c3O DE CURSO &#8211; TCC O Trabalho de Conclus\u00e3o de Curso (TCC) \u00e9 [&hellip;]<\/p>\n","protected":false},"author":47,"featured_media":0,"parent":0,"menu_order":0,"comment_status":"closed","ping_status":"closed","template":"","meta":{"footnotes":""},"class_list":["post-130","page","type-page","status-publish","hentry"],"_links":{"self":[{"href":"https:\/\/www.ccs.ufpb.br\/bsccs\/wp-json\/wp\/v2\/pages\/130","targetHints":{"allow":["GET"]}}],"collection":[{"href":"https:\/\/www.ccs.ufpb.br\/bsccs\/wp-json\/wp\/v2\/pages"}],"about":[{"href":"https:\/\/www.ccs.ufpb.br\/bsccs\/wp-json\/wp\/v2\/types\/page"}],"author":[{"embeddable":true,"href":"https:\/\/www.ccs.ufpb.br\/bsccs\/wp-json\/wp\/v2\/users\/47"}],"replies":[{"embeddable":true,"href":"https:\/\/www.ccs.ufpb.br\/bsccs\/wp-json\/wp\/v2\/comments?post=130"}],"version-history":[{"count":20,"href":"https:\/\/www.ccs.ufpb.br\/bsccs\/wp-json\/wp\/v2\/pages\/130\/revisions"}],"predecessor-version":[{"id":728,"href":"https:\/\/www.ccs.ufpb.br\/bsccs\/wp-json\/wp\/v2\/pages\/130\/revisions\/728"}],"wp:attachment":[{"href":"https:\/\/www.ccs.ufpb.br\/bsccs\/wp-json\/wp\/v2\/media?parent=130"}],"curies":[{"name":"wp","href":"https:\/\/api.w.org\/{rel}","templated":true}]}}