{"id":128,"date":"2025-04-22T11:16:28","date_gmt":"2025-04-22T14:16:28","guid":{"rendered":"https:\/\/www.ccs.ufpb.br\/bsccs2\/?page_id=128"},"modified":"2026-04-26T16:48:38","modified_gmt":"2026-04-26T19:48:38","slug":"como-acessar-as-bases-de-dados","status":"publish","type":"page","link":"https:\/\/www.ccs.ufpb.br\/bsccs\/como-acessar-as-bases-de-dados\/","title":{"rendered":"Como acessar as bases de dados"},"content":{"rendered":"\n<h1 class=\"wp-block-heading\"><strong><strong>Bases de Livros Digitais e Normas da ABNT pelo SIGAA<\/strong><\/strong><\/h1>\n\n\n\n<p>Siga os seguintes passos para ter acesso as Bases de Livros eletr\u00f4nicos e de Normas, direto de sua Conta do SIGAA:<\/p>\n\n\n\n<p>1) Entre no <a href=\"https:\/\/sigaa.ufpb.br\/sigaa\/logon.jsf\">SIGAA<\/a> &gt;<\/p>\n\n\n\n<p>2) <em>Clique <\/em>em BIBLIOTECA &gt;<\/p>\n\n\n\n<p>3) Selecione a aba PESQUISAR LIVROS E BASES DIGITAIS &gt;<\/p>\n\n\n\n<p>4) Escolha a BASE que deseja pesquisar:<\/p>\n\n\n\n<p><strong><a href=\"https:\/\/www.biblioteca.ufpb.br\/biblioteca\/contents\/documentos\/tutoriais\/tutoriais\/tutorial-minha-biblioteca.pdf\">Minha Biblioteca<\/a><\/strong><\/p>\n\n\n\n<p><a href=\"https:\/\/www.biblioteca.ufpb.br\/biblioteca\/contents\/documentos\/tutoriais\/manuais\/manual-de-acesso-ec-lectio.pdf\">DotLIB \u2013 Atheneu<\/a> (<strong>em processo de migra\u00e7\u00e3o de s\u00edtio<\/strong>)<\/p>\n\n\n\n<p><strong><a href=\"https:\/\/www.biblioteca.ufpb.br\/biblioteca\/contents\/documentos\/tutoriais\/manuais\/manual_gedweb_usuario_pt-br.pdf\">Target \u2013 Normas T\u00e9cnicas<\/a><\/strong><\/p>\n\n\n\n<p><strong><a href=\"https:\/\/plataforma.bvirtual.com.br\/Manual\">Biblioteca Virtual Pearson<\/a><\/strong><\/p>\n\n\n\n<p><a href=\"https:\/\/www.editora.ufpb.br\/press5\/index.php\/UFPB\/catalog\/category\/cienciasdasaude\">Cat\u00e1logo da Editora UFPB<\/a><\/p>\n\n\n\n<p><strong>Aten\u00e7\u00e3o<\/strong>: Para acesso a <strong>Base Target &#8211; Normas T\u00e9cnica<\/strong>s (Normas da ABNT) voc\u00ea dever\u00e1 tamb\u00e9m estar navegando no <a href=\"http:\/\/www.nti.ufpb.br\/proxyufpb\/index.html\"><em>FireFox <\/em>UFPB,<\/a> saiba como baixar o navegador em &#8220;<a href=\"https:\/\/www.biblioteca.ufpb.br\/biblioteca\/contents\/menu\/copy_of_servicos\/copy_of_portais-de-pesquisa-e-bases-de-dados\">Portais de Pesquisa e Bases de dados<\/a>&#8221; na p\u00e1gina da Biblioteca Central<\/p>\n\n\n\n<p><strong><strong>Acesso ao Portal de Peri\u00f3dicos da CAPES <\/strong><\/strong><\/p>\n\n\n\n<p>1) Acesse <a href=\"https:\/\/www-periodicos-capes-gov-br.ez15.periodicos.capes.gov.br\/\">Portal de Peri\u00f3dicos da CAPES<\/a><\/p>\n\n\n\n<p>2) Clique em acesso <a href=\"https:\/\/www-periodicos-capes-gov-br.ez15.periodicos.capes.gov.br\/index.php\/acesso-cafe.html\">CAFe<\/a>, na parte superior da p\u00e1gina, escolha UFPB, no campo de autentica\u00e7\u00e3o digite sua credencial de uso do SIGAA para ter acesso ao conte\u00fado do portal na \u00edntegra.<\/p>\n\n\n\n<p>3) E para participar dos &nbsp;Treinamentos oferecidos pelo Portal e salvar suas pesquisas &nbsp;realize o cadastro <a href=\"https:\/\/www-periodicos-capes-gov-br.ez15.periodicos.capes.gov.br\/index.php\/meu-espa%C3%A7o\/registre-se.html\">aqui<\/a><\/p>\n\n\n\n<p><strong>Aten\u00e7\u00e3o<\/strong>: Voc\u00ea tamb\u00e9m poder\u00e1 acessar o Portal de Peri\u00f3dicos da CAPES com suas credenciais de pessoa usu\u00e1ria (<em>nome de pessoa usu\u00e1ria e senha do SIGAA<\/em>) pelo acesso remoto no <a href=\"http:\/\/www.nti.ufpb.br\/proxyufpb\/index.html\"><em>FireFox <\/em>UFPB<\/a><\/p>\n\n\n\n<p>D\u00favidas? Mande uma mensagem para <a href=\"http:\/\/biblioteca@ccs.ufpb.br\">biblioteca@ccs.ufpb.br<\/a><\/p>\n\n\n\n<p><\/p>\n","protected":false},"excerpt":{"rendered":"<p>Bases de Livros Digitais e Normas da ABNT pelo SIGAA Siga os seguintes passos para [&hellip;]<\/p>\n","protected":false},"author":47,"featured_media":0,"parent":0,"menu_order":0,"comment_status":"closed","ping_status":"closed","template":"","meta":{"footnotes":""},"class_list":["post-128","page","type-page","status-publish","hentry"],"_links":{"self":[{"href":"https:\/\/www.ccs.ufpb.br\/bsccs\/wp-json\/wp\/v2\/pages\/128","targetHints":{"allow":["GET"]}}],"collection":[{"href":"https:\/\/www.ccs.ufpb.br\/bsccs\/wp-json\/wp\/v2\/pages"}],"about":[{"href":"https:\/\/www.ccs.ufpb.br\/bsccs\/wp-json\/wp\/v2\/types\/page"}],"author":[{"embeddable":true,"href":"https:\/\/www.ccs.ufpb.br\/bsccs\/wp-json\/wp\/v2\/users\/47"}],"replies":[{"embeddable":true,"href":"https:\/\/www.ccs.ufpb.br\/bsccs\/wp-json\/wp\/v2\/comments?post=128"}],"version-history":[{"count":14,"href":"https:\/\/www.ccs.ufpb.br\/bsccs\/wp-json\/wp\/v2\/pages\/128\/revisions"}],"predecessor-version":[{"id":1054,"href":"https:\/\/www.ccs.ufpb.br\/bsccs\/wp-json\/wp\/v2\/pages\/128\/revisions\/1054"}],"wp:attachment":[{"href":"https:\/\/www.ccs.ufpb.br\/bsccs\/wp-json\/wp\/v2\/media?parent=128"}],"curies":[{"name":"wp","href":"https:\/\/api.w.org\/{rel}","templated":true}]}}