{"id":81,"date":"2025-11-15T09:19:09","date_gmt":"2025-11-15T12:19:09","guid":{"rendered":"https:\/\/www.ccs.ufpb.br\/assadm\/?page_id=81"},"modified":"2025-11-15T09:19:23","modified_gmt":"2025-11-15T12:19:23","slug":"atas-de-reunioes-2","status":"publish","type":"page","link":"https:\/\/www.ccs.ufpb.br\/assadm\/atas-de-reunioes-2\/","title":{"rendered":"Atas de Reuni\u00f5es"},"content":{"rendered":"\n<h2 class=\"wp-block-heading\"><div class=\"linha-header\"><strong>Reuni\u00f5es realizadas com a Ger\u00eancia de Projetos e Edifica\u00e7\u00f5es (GPE\/SINFRA)<\/strong><\/div><\/h2>\n\n\n\n<p>Em mar\u00e7o de 2022 a Dire\u00e7\u00e3o do Centro de Ci\u00eancias da Sa\u00fade definiu em conjunto com a Ger\u00eancia de Projetos e Edifica\u00e7\u00f5es da SINFRA, a realiza\u00e7\u00e3o de reuni\u00f5es mensais, a fim de definir prioridades para elabora\u00e7\u00e3o de projetos arquitet\u00f4nicos e or\u00e7amentos de obras e reformas do CCS.<br><br>A partir de Julho as Atas das reuni\u00f5es passaram a ser realizadas no SIPAC para melhor acompanhamento.<\/p>\n\n\n\n<h2 class=\"wp-block-heading\"><div class=\"linha-header\">2022<\/div><\/h2>\n\n\n\n<p><strong>06\/04\/2022<\/strong>&nbsp;&#8211;&nbsp;<a href=\"http:\/\/plone.ufpb.br\/assadm\/contents\/documentos\/atas-de-reunioes\/ata-reuniao-gpe-06-04-2022.pdf\" target=\"_blank\" rel=\"noreferrer noopener\">ATA DA REUNI\u00c3O<\/a><br><strong>20\/04\/2022<\/strong>&nbsp;&#8211;&nbsp;<a href=\"http:\/\/plone.ufpb.br\/assadm\/contents\/documentos\/atas-de-reunioes\/ata-reuniao-gpe-20-04-2022.pdf\" target=\"_blank\" rel=\"noreferrer noopener\">ATA DA REUNI\u00c3O<\/a><br><strong>18\/05\/2022<\/strong>&nbsp;&#8211;&nbsp;<a href=\"http:\/\/plone.ufpb.br\/assadm\/contents\/documentos\/atas-de-reunioes\/ata-reuniao-gpe-18-05-2022.pdf\" target=\"_blank\" rel=\"noreferrer noopener\">ATA DA REUNI\u00c3O<\/a><br><strong>20\/07\/2022<\/strong>&nbsp;&#8211;&nbsp;<a href=\"http:\/\/plone.ufpb.br\/assadm\/contents\/documentos\/atas-de-reunioes\/ata-reuniao-gpe-20-07-2022.pdf\" target=\"_blank\" rel=\"noreferrer noopener\">ATA DA REUNI\u00c3O<\/a><br><strong>23\/08\/2022<\/strong>&nbsp;&#8211;&nbsp;<a href=\"http:\/\/plone.ufpb.br\/assadm\/contents\/documentos\/atas-de-reunioes\/ata-reuniao-gpe-23-08-2022.pdf\" target=\"_blank\" rel=\"noreferrer noopener\">ATA DA REUNI\u00c3O<br><\/a><strong>27\/09\/2022<\/strong>&nbsp;&#8211;&nbsp;<a href=\"http:\/\/plone.ufpb.br\/assadm\/contents\/documentos\/atas-de-reunioes\/ata-reuniao-gpe-27-09-2022.pdf\" target=\"_blank\" rel=\"noreferrer noopener\">ATA DA REUNI\u00c3O<br><\/a><strong>17\/11\/2022<\/strong>&nbsp;&#8211;&nbsp;<a href=\"http:\/\/plone.ufpb.br\/assadm\/contents\/documentos\/atas-de-reunioes\/7-ata-reuniao-gpe-17-11-2022.pdf\" target=\"_blank\" rel=\"noreferrer noopener\">ATA DA REUNI\u00c3O<br><\/a><strong>12\/12\/2022<\/strong>&nbsp;&#8211;&nbsp;<a href=\"http:\/\/plone.ufpb.br\/assadm\/contents\/documentos\/atas-de-reunioes\/8-ata-reuniao-gpe-12-12-2022.pdf\" target=\"_blank\" rel=\"noreferrer noopener\">ATA DA REUNI\u00c3O<\/a><\/p>\n\n\n\n<h2 class=\"wp-block-heading\"><div class=\"linha-header\">2023<\/div><\/h2>\n\n\n\n<p><strong>23\/01\/2023&nbsp;<\/strong>&#8211;&nbsp;<a href=\"http:\/\/plone.ufpb.br\/assadm\/contents\/documentos\/atas-de-reunioes\/9.ATAREUNIOGPE23.01.2023.pdf\" target=\"_blank\" rel=\"noreferrer noopener\">ATA DA REUNI\u00c3O<\/a><br><strong>07\/03\/2023&nbsp;<\/strong>&#8211;&nbsp;<a href=\"http:\/\/plone.ufpb.br\/assadm\/contents\/documentos\/atas-de-reunioes\/10.ATAREUNIOGPE07.03.2023.pdf\" target=\"_blank\" rel=\"noreferrer noopener\">ATA DA REUNI\u00c3O<\/a><br><strong>05\/04\/2023&nbsp;<\/strong>&#8211;&nbsp;<a href=\"http:\/\/plone.ufpb.br\/assadm\/contents\/documentos\/atas-de-reunioes\/11.ATAREUNIOGPE05.04.2023.pdf\" target=\"_blank\" rel=\"noreferrer noopener\">ATA DA REUNI\u00c3O<\/a><br><strong>04\/05\/2023&nbsp;<\/strong>&#8211;&nbsp;<a href=\"http:\/\/plone.ufpb.br\/assadm\/contents\/documentos\/atas-de-reunioes\/12.ATAREUNIOGPE04.05.2023.pdf\" target=\"_blank\" rel=\"noreferrer noopener\">ATA DA REUNI\u00c3O<\/a><\/p>\n\n\n\n<h2 class=\"wp-block-heading\"><div class=\"linha-header\"><br><strong>Reuni\u00f5es realizadas com a Divis\u00e3o de Seguran\u00e7a do Trabalho (DIST\/PROGEP)<\/strong><\/div><\/h2>\n\n\n\n<p>Em&nbsp;agosto de 2022 a Dire\u00e7\u00e3o de Centro de Ci\u00eancias da Sa\u00fade buscou junto \u00e0 Divis\u00e3o de Seguran\u00e7a do Trabalho (DIST\/PROGEP) orienta\u00e7\u00f5es para forma\u00e7\u00e3o de uma brigada de emerg\u00eancia e combate a inc\u00eandios no CCS.<br><br>Com a finalidade de organizar e dar andamento na forma\u00e7\u00e3o dos brigadistas foram realizadas tr\u00eas reuni\u00f5es presenciais entre a Dire\u00e7\u00e3o, a Assessoria Administrativa e membros da DIST durante os meses de agosto a outubro de 2022.<\/p>\n\n\n\n<p><br><strong>24\/08\/2022<\/strong>&nbsp;&#8211;&nbsp;<a href=\"http:\/\/plone.ufpb.br\/assadm\/contents\/documentos\/atas-de-reunioes\/1-reuniao-dist-24-08-2022.pdf\" target=\"_blank\" rel=\"noreferrer noopener\">ATA DA REUNI\u00c3O<\/a><br><strong>28\/09\/2022<\/strong>&nbsp;&#8211;&nbsp;<a href=\"http:\/\/plone.ufpb.br\/assadm\/contents\/documentos\/atas-de-reunioes\/2-reuniao-dist-28-09-2022.pdf\" target=\"_blank\" rel=\"noreferrer noopener\">ATA DA REUNI\u00c3O<\/a><br><strong>19\/10\/2022<\/strong>&nbsp;&#8211;&nbsp;<a href=\"http:\/\/plone.ufpb.br\/assadm\/contents\/documentos\/atas-de-reunioes\/3-reuniao-dist-19-10-2022.pdf\" target=\"_blank\" rel=\"noreferrer noopener\">ATA DA REUNI\u00c3O<\/a><\/p>\n","protected":false},"excerpt":{"rendered":"<p>Reuni\u00f5es realizadas com a Ger\u00eancia de Projetos e Edifica\u00e7\u00f5es (GPE\/SINFRA) Em mar\u00e7o de 2022 a [&hellip;]<\/p>\n","protected":false},"author":47,"featured_media":0,"parent":0,"menu_order":0,"comment_status":"closed","ping_status":"closed","template":"","meta":{"footnotes":""},"class_list":["post-81","page","type-page","status-publish","hentry"],"_links":{"self":[{"href":"https:\/\/www.ccs.ufpb.br\/assadm\/wp-json\/wp\/v2\/pages\/81","targetHints":{"allow":["GET"]}}],"collection":[{"href":"https:\/\/www.ccs.ufpb.br\/assadm\/wp-json\/wp\/v2\/pages"}],"about":[{"href":"https:\/\/www.ccs.ufpb.br\/assadm\/wp-json\/wp\/v2\/types\/page"}],"author":[{"embeddable":true,"href":"https:\/\/www.ccs.ufpb.br\/assadm\/wp-json\/wp\/v2\/users\/47"}],"replies":[{"embeddable":true,"href":"https:\/\/www.ccs.ufpb.br\/assadm\/wp-json\/wp\/v2\/comments?post=81"}],"version-history":[{"count":1,"href":"https:\/\/www.ccs.ufpb.br\/assadm\/wp-json\/wp\/v2\/pages\/81\/revisions"}],"predecessor-version":[{"id":82,"href":"https:\/\/www.ccs.ufpb.br\/assadm\/wp-json\/wp\/v2\/pages\/81\/revisions\/82"}],"wp:attachment":[{"href":"https:\/\/www.ccs.ufpb.br\/assadm\/wp-json\/wp\/v2\/media?parent=81"}],"curies":[{"name":"wp","href":"https:\/\/api.w.org\/{rel}","templated":true}]}}