{"id":75,"date":"2025-11-15T09:16:56","date_gmt":"2025-11-15T12:16:56","guid":{"rendered":"https:\/\/www.ccs.ufpb.br\/assadm\/?page_id=75"},"modified":"2025-11-15T09:16:56","modified_gmt":"2025-11-15T12:16:56","slug":"funcionarios-terceirizados","status":"publish","type":"page","link":"https:\/\/www.ccs.ufpb.br\/assadm\/funcionarios-terceirizados\/","title":{"rendered":"Funcion\u00e1rios terceirizados"},"content":{"rendered":"\n<h2 class=\"wp-block-heading\"><div class=\"linha-header\">Presta\u00e7\u00e3o de Servi\u00e7os de Limpeza<\/div><\/h2>\n\n\n\n<p>Os funcion\u00e1rios terceirizados que prestam servi\u00e7os de limpeza s\u00e3o provenientes do contrato da UFPB com a empresa prestadora de servi\u00e7os SERVEBEM CONSERVA\u00c7\u00c3O E LIMPEZA DE PR\u00c9DIOS EIRELI &#8211; Contrato&nbsp;<strong>UFPB\/SOF N\u00ba 001\/2023<\/strong>&nbsp;(vig\u00eancia de 23\/02\/2023 a 23\/02\/2024).<\/p>\n\n\n\n<p>No Centro de Ci\u00eancias da Sa\u00fade atualmente existem por volta de&nbsp;<strong>57 faxineiros(as)<\/strong>&nbsp;coordenados por 02 encarregados.<\/p>\n\n\n\n<p>O&nbsp;<strong>contrato<\/strong>&nbsp;encontra-se dispon\u00edvel para consulta a seguir:<br><strong><a href=\"http:\/\/plone.ufpb.br\/assadm\/contents\/documentos\/Contrato0012023ServebemEIRELILimpezaCampusI.pdf\" target=\"_blank\" rel=\"noreferrer noopener\">CONTRATO UFPB\/SOF N\u00ba 001\/2023<\/a><\/strong><\/p>\n\n\n\n<h2 class=\"wp-block-heading\"><div class=\"linha-header\"><\/div><\/h2>\n\n\n\n<h2 class=\"wp-block-heading\"><div class=\"linha-header\">Presta\u00e7\u00e3o de Servi\u00e7os de Apoio Administrativo e Operacional<\/div><\/h2>\n\n\n\n<p>Os funcion\u00e1rios terceirizados de apoio administrativo e operacional s\u00e3o provenientes do contrato da UFPB com a empresa prestadora de servi\u00e7os JMT&nbsp;SERVI\u00c7OS DE LOCA\u00c7\u00c3O DE M\u00c3O DE OBRA LTDA &#8211; Contrato&nbsp;<strong>UFPB\/SOF N\u00ba 002\/2023&nbsp;<\/strong>(vig\u00eancia de 03\/03\/2023 a 03\/03\/2024).<\/p>\n\n\n\n<p>No Centro de Ci\u00eancias da Sa\u00fade atualmente existem&nbsp;<strong>14 postos de trabalho fixos<\/strong>&nbsp;e&nbsp;<strong>1 posto de trabalho provis\u00f3rio,<\/strong>&nbsp;provenientes desse contrato com a JMT, localizados nos seguintes locais:<\/p>\n\n\n\n<figure class=\"wp-block-table\"><table class=\"has-fixed-layout\"><tbody><tr><td><strong>LOCAL<\/strong><\/td><td><strong>CARGO<\/strong><\/td><td><strong>QUANTIDADE<\/strong><\/td><\/tr><tr><td>ASSESSORIA ADMINISTRATIVA<\/td><td>ZELADOR<\/td><td>01<\/td><\/tr><tr><td>ASSESSORIA DE GEST\u00c3O DE PATRIM\u00d4NIO<\/td><td>ALMOXARIFE<\/td><td>01<\/td><\/tr><tr><td>ASSESSORIA DE GEST\u00c3O DE PATRIM\u00d4NIO<\/td><td>AUXILIAR DE CARREGO E DESCARREGO<\/td><td>01<\/td><\/tr><tr><td>DEPARTAMENTO DE CL\u00cdNICA E ODONTOLOGIA SOCIAL (DCOS)<\/td><td>ALMOXARIFE<\/td><td>01<\/td><\/tr><tr><td>GIN\u00c1SIO DE ESPORTES DE EDUCA\u00c7\u00c3O F\u00cdSICA<\/td><td>RECEPCIONISTA<\/td><td>01<\/td><\/tr><tr><td>GIN\u00c1SIO DE ESPORTES DE EDUCA\u00c7\u00c3O F\u00cdSICA<\/td><td>PORTEIRO (PROVIS\u00d3RIO)<\/td><td>01<\/td><\/tr><tr><td>CL\u00cdNICA ESCOLA DE FISIOTERAPIA ADULTO<\/td><td>RECEPCIONISTA<\/td><td>01<\/td><\/tr><tr><td>SERVI\u00c7O DE FISIOTERAPIA INFANTIL<\/td><td>RECEPCIONISTA<\/td><td>01<\/td><\/tr><tr><td>DEPARTAMENTO DE FONOAUDIOLOGIA<\/td><td>PORTEIRO<\/td><td>01<\/td><\/tr><tr><td>LABORAT\u00d3RIO DE NUTRI\u00c7\u00c3O EXPERIMENTAL (LANEX)<\/td><td>TRATADOR DE ANIMAIS<\/td><td>01<\/td><\/tr><tr><td>DIRE\u00c7\u00c3O DO CENTRO<\/td><td>PORTEIRO<\/td><td>02<\/td><\/tr><tr><td>PARQUE AQU\u00c1TICO DE EDUCA\u00c7\u00c3O F\u00cdSICA E PISCINA T\u00c9RMICA DE FISIOTERAPIA<\/td><td>PISCINEIRO<\/td><td>01<\/td><\/tr><tr><td>PR\u00c9DIO DA P\u00d3S-GRADUA\u00c7\u00c3O DE NUTRI\u00c7\u00c3O E ENFERMAGEM<\/td><td>RECEPCIONISTA<\/td><td>01<\/td><\/tr><tr><td>GABINETE DA DIRE\u00c7\u00c3O DE CENTRO<\/td><td>RECEPCIONISTA<\/td><td>01<\/td><\/tr><tr><td colspan=\"2\"><strong>TOTAL<\/strong><\/td><td><strong>15<\/strong><\/td><\/tr><\/tbody><\/table><\/figure>\n\n\n\n<p>O&nbsp;<strong>contrato<\/strong>&nbsp;e a&nbsp;<strong>Classifica\u00e7\u00e3o Brasileira de Ocupa\u00e7\u00f5es (CBO)<\/strong>&nbsp;dos cargos encontram-se dispon\u00edveis a seguir:<br><strong><a href=\"http:\/\/plone.ufpb.br\/assadm\/contents\/documentos\/2023_Contrato_0022023__JMT_LTDA_Apoio_Administrativo.pdf\" target=\"_blank\" rel=\"noreferrer noopener\">CONTRATO&nbsp;UFPB\/SOF N\u00ba 002\/2023<br><\/a><\/strong><strong><a href=\"http:\/\/plone.ufpb.br\/assadm\/contents\/documentos\/CBOAPOIOADMINISTRATIVOEOPERACIONAL.pdf\" target=\"_blank\" rel=\"noreferrer noopener\">CBO DOS CARGOS DE APOIO ADMINISTRATIVO E OPERACIONAL<\/a><\/strong><\/p>\n","protected":false},"excerpt":{"rendered":"<p>Presta\u00e7\u00e3o de Servi\u00e7os de Limpeza Os funcion\u00e1rios terceirizados que prestam servi\u00e7os de limpeza s\u00e3o provenientes [&hellip;]<\/p>\n","protected":false},"author":47,"featured_media":0,"parent":0,"menu_order":0,"comment_status":"closed","ping_status":"closed","template":"","meta":{"footnotes":""},"class_list":["post-75","page","type-page","status-publish","hentry"],"_links":{"self":[{"href":"https:\/\/www.ccs.ufpb.br\/assadm\/wp-json\/wp\/v2\/pages\/75","targetHints":{"allow":["GET"]}}],"collection":[{"href":"https:\/\/www.ccs.ufpb.br\/assadm\/wp-json\/wp\/v2\/pages"}],"about":[{"href":"https:\/\/www.ccs.ufpb.br\/assadm\/wp-json\/wp\/v2\/types\/page"}],"author":[{"embeddable":true,"href":"https:\/\/www.ccs.ufpb.br\/assadm\/wp-json\/wp\/v2\/users\/47"}],"replies":[{"embeddable":true,"href":"https:\/\/www.ccs.ufpb.br\/assadm\/wp-json\/wp\/v2\/comments?post=75"}],"version-history":[{"count":1,"href":"https:\/\/www.ccs.ufpb.br\/assadm\/wp-json\/wp\/v2\/pages\/75\/revisions"}],"predecessor-version":[{"id":76,"href":"https:\/\/www.ccs.ufpb.br\/assadm\/wp-json\/wp\/v2\/pages\/75\/revisions\/76"}],"wp:attachment":[{"href":"https:\/\/www.ccs.ufpb.br\/assadm\/wp-json\/wp\/v2\/media?parent=75"}],"curies":[{"name":"wp","href":"https:\/\/api.w.org\/{rel}","templated":true}]}}