{"id":73,"date":"2025-11-15T09:15:58","date_gmt":"2025-11-15T12:15:58","guid":{"rendered":"https:\/\/www.ccs.ufpb.br\/assadm\/?page_id=73"},"modified":"2025-11-15T09:15:59","modified_gmt":"2025-11-15T12:15:59","slug":"processos-eletronicos","status":"publish","type":"page","link":"https:\/\/www.ccs.ufpb.br\/assadm\/processos-eletronicos\/","title":{"rendered":"Processos Eletr\u00f4nicos"},"content":{"rendered":"\n<p>As solicita\u00e7\u00f5es de servi\u00e7os de manuten\u00e7\u00f5es, obras ou reformas enviadas por Processos eletr\u00f4nicos no SIPAC s\u00e3o registradas no controle interno da Assessoria Administrativa e encontram-se dispon\u00edveis para consulta pelos solicitantes no&nbsp;<strong>Relat\u00f3rio de Processos Eletr\u00f4nicos<\/strong>&nbsp;a seguir:<\/p>\n\n\n\n<p><a href=\"https:\/\/docs.google.com\/spreadsheets\/d\/e\/2PACX-1vRjofMlncDGVUlL3TiFCZkfcZNDusJhA9_Nx58XIJjWKd5sHxUIB8jazbo49mMcSp651NWoq_lZ09uf\/pubhtml\" target=\"_blank\" rel=\"noreferrer noopener\">RELAT\u00d3RIO DE PROCESSOS ELETR\u00d4NICOS DE SERVI\u00c7OS (CCS)<\/a><\/p>\n\n\n\n<p><\/p>\n","protected":false},"excerpt":{"rendered":"<p>As solicita\u00e7\u00f5es de servi\u00e7os de manuten\u00e7\u00f5es, obras ou reformas enviadas por Processos eletr\u00f4nicos no SIPAC [&hellip;]<\/p>\n","protected":false},"author":47,"featured_media":0,"parent":0,"menu_order":0,"comment_status":"closed","ping_status":"closed","template":"","meta":{"footnotes":""},"class_list":["post-73","page","type-page","status-publish","hentry"],"_links":{"self":[{"href":"https:\/\/www.ccs.ufpb.br\/assadm\/wp-json\/wp\/v2\/pages\/73","targetHints":{"allow":["GET"]}}],"collection":[{"href":"https:\/\/www.ccs.ufpb.br\/assadm\/wp-json\/wp\/v2\/pages"}],"about":[{"href":"https:\/\/www.ccs.ufpb.br\/assadm\/wp-json\/wp\/v2\/types\/page"}],"author":[{"embeddable":true,"href":"https:\/\/www.ccs.ufpb.br\/assadm\/wp-json\/wp\/v2\/users\/47"}],"replies":[{"embeddable":true,"href":"https:\/\/www.ccs.ufpb.br\/assadm\/wp-json\/wp\/v2\/comments?post=73"}],"version-history":[{"count":1,"href":"https:\/\/www.ccs.ufpb.br\/assadm\/wp-json\/wp\/v2\/pages\/73\/revisions"}],"predecessor-version":[{"id":74,"href":"https:\/\/www.ccs.ufpb.br\/assadm\/wp-json\/wp\/v2\/pages\/73\/revisions\/74"}],"wp:attachment":[{"href":"https:\/\/www.ccs.ufpb.br\/assadm\/wp-json\/wp\/v2\/media?parent=73"}],"curies":[{"name":"wp","href":"https:\/\/api.w.org\/{rel}","templated":true}]}}