{"id":71,"date":"2025-11-15T09:15:29","date_gmt":"2025-11-15T12:15:29","guid":{"rendered":"https:\/\/www.ccs.ufpb.br\/assadm\/?page_id=71"},"modified":"2025-11-15T09:15:29","modified_gmt":"2025-11-15T12:15:29","slug":"requisicoes-de-servicos","status":"publish","type":"page","link":"https:\/\/www.ccs.ufpb.br\/assadm\/requisicoes-de-servicos\/","title":{"rendered":"Requisi\u00e7\u00f5es de Servi\u00e7os"},"content":{"rendered":"\n<p>O relat\u00f3rio de manuten\u00e7\u00f5es permite que os solicitantes de servi\u00e7os do Centro de Ci\u00eancias da Sa\u00fade possam acompanhar todas as requisi\u00e7\u00f5es de servi\u00e7os que foram feitas pela sua unidade e saber quais est\u00e3o pendentes e j\u00e1 foram finalizadas.&nbsp;<\/p>\n\n\n\n<p>Para conferir estas informa\u00e7\u00f5es basta abrir o relat\u00f3rio de manuten\u00e7\u00f5es clicando abaixo.<\/p>\n\n\n\n<p><a href=\"http:\/\/app.powerbi.com\/view?r=eyJrIjoiNGViYmVmZTgtNjUxOS00MzdlLWI3YTMtZWFmNWNjZmU1ZGM2IiwidCI6ImQ3NmIxODAyLWYzOGItNDE3Zi05NzkyLTgzNTA3MjA3N2RiMSJ9&amp;pageName=ReportSectiondfd871e7b3bfc6ab9558\" target=\"_blank\" rel=\"noreferrer noopener\">RELAT\u00d3RIO DE REQUISI\u00c7\u00d5ES DE SERVI\u00c7OS (CCS)<\/a><\/p>\n\n\n\n<p>&nbsp;O relat\u00f3rio \u00e9&nbsp;<strong>din\u00e2mico<\/strong>&nbsp;e&nbsp;<strong>interativo<\/strong>. Basta clicar nas informa\u00e7\u00f5es que deseja visualizar para os filtros serem aplicados. Seus dados s\u00e3o atualizados todos os dias. A informa\u00e7\u00e3o da \u00faltima atualiza\u00e7\u00e3o est\u00e1 no canto inferior direito dos pain\u00e9is.<\/p>\n","protected":false},"excerpt":{"rendered":"<p>O relat\u00f3rio de manuten\u00e7\u00f5es permite que os solicitantes de servi\u00e7os do Centro de Ci\u00eancias da [&hellip;]<\/p>\n","protected":false},"author":47,"featured_media":0,"parent":0,"menu_order":0,"comment_status":"closed","ping_status":"closed","template":"","meta":{"footnotes":""},"class_list":["post-71","page","type-page","status-publish","hentry"],"_links":{"self":[{"href":"https:\/\/www.ccs.ufpb.br\/assadm\/wp-json\/wp\/v2\/pages\/71","targetHints":{"allow":["GET"]}}],"collection":[{"href":"https:\/\/www.ccs.ufpb.br\/assadm\/wp-json\/wp\/v2\/pages"}],"about":[{"href":"https:\/\/www.ccs.ufpb.br\/assadm\/wp-json\/wp\/v2\/types\/page"}],"author":[{"embeddable":true,"href":"https:\/\/www.ccs.ufpb.br\/assadm\/wp-json\/wp\/v2\/users\/47"}],"replies":[{"embeddable":true,"href":"https:\/\/www.ccs.ufpb.br\/assadm\/wp-json\/wp\/v2\/comments?post=71"}],"version-history":[{"count":1,"href":"https:\/\/www.ccs.ufpb.br\/assadm\/wp-json\/wp\/v2\/pages\/71\/revisions"}],"predecessor-version":[{"id":72,"href":"https:\/\/www.ccs.ufpb.br\/assadm\/wp-json\/wp\/v2\/pages\/71\/revisions\/72"}],"wp:attachment":[{"href":"https:\/\/www.ccs.ufpb.br\/assadm\/wp-json\/wp\/v2\/media?parent=71"}],"curies":[{"name":"wp","href":"https:\/\/api.w.org\/{rel}","templated":true}]}}