{"id":58,"date":"2025-11-15T09:12:36","date_gmt":"2025-11-15T12:12:36","guid":{"rendered":"https:\/\/www.ccs.ufpb.br\/assadm\/?page_id=58"},"modified":"2025-11-15T09:12:36","modified_gmt":"2025-11-15T12:12:36","slug":"seguranca-institucional","status":"publish","type":"page","link":"https:\/\/www.ccs.ufpb.br\/assadm\/seguranca-institucional\/","title":{"rendered":"Seguran\u00e7a Institucional"},"content":{"rendered":"\n<h3 class=\"wp-block-heading\">Notifica\u00e7\u00e3o de Ocorr\u00eancia \u00e0 Seguran\u00e7a Institucional<\/h3>\n\n\n\n<p>Situa\u00e7\u00f5es relacionadas a ocorr\u00eancias criminosas devem ser relatadas e notificadas \u00e0&nbsp;<strong>Superintend\u00eancia de Seguran\u00e7a Institucional (SSI\/UFPB)<\/strong>, para fins de conhecimento e provid\u00eancias cab\u00edveis do setor de seguran\u00e7a institucional da Universidade.<\/p>\n\n\n\n<p>Os casos mais comuns de ocorr\u00eancias criminosas relacionadas \u00e0 Seguran\u00e7a Institucional referem-se a:<\/p>\n\n\n\n<ol class=\"wp-block-list\">\n<li>Furtos de bens patrimoniais da Universidade;<\/li>\n\n\n\n<li>Arrombamentos ou tentativas de arrombamentos em ambientes da Universidade;<\/li>\n\n\n\n<li>Vandalismo, tais como: picha\u00e7\u00f5es ou depreda\u00e7\u00e3o de espa\u00e7os p\u00fablicos da Universidade;<\/li>\n\n\n\n<li>Assaltos e roubos<\/li>\n<\/ol>\n\n\n\n<h3 class=\"wp-block-heading\">Solicita\u00e7\u00e3o de Refor\u00e7o de Seguran\u00e7a<\/h3>\n\n\n\n<p>Casos de solicita\u00e7\u00e3o de&nbsp;<strong>Refor\u00e7o de Seguran\u00e7a<\/strong>&nbsp;em Eventos ou Ambientes Espec\u00edficos tamb\u00e9m devem ser comunicados de forma pr\u00e9via \u00e0 Superintend\u00eancia de Seguran\u00e7a Institucional para planejamento e organiza\u00e7\u00e3o dos seguran\u00e7as<\/p>\n\n\n\n<h3 class=\"wp-block-heading\">Forma de Notifica\u00e7\u00e3o e Solicita\u00e7\u00e3o de Refor\u00e7o de Seguran\u00e7a<\/h3>\n\n\n\n<p>Notifica\u00e7\u00f5es de ocorr\u00eancias ou de solicita\u00e7\u00e3o de Refor\u00e7o de Seguran\u00e7a devem ser realizadas por&nbsp;<strong>Processo Eletr\u00f4nico (SIPAC)<\/strong>&nbsp;com movimenta\u00e7\u00e3o inicial para a unidade CCS &#8211; DIRE\u00c7\u00c3O DE CENTRO (11.01.37.06).<\/p>\n\n\n\n<h3 class=\"wp-block-heading\">Dados Necess\u00e1rios<\/h3>\n\n\n\n<p>O processo de notifica\u00e7\u00e3o deve conter o&nbsp;<strong>relato da ocorr\u00eancia criminosa<\/strong>&nbsp;e demais informa\u00e7\u00f5es que ajudem a Seguran\u00e7a Institucional a compreenderem o ocorrido, tais como:&nbsp;<strong>local<\/strong>,&nbsp;<strong>data,<\/strong>&nbsp;<strong>hor\u00e1rio<\/strong>&nbsp;e&nbsp;<strong>fotos&nbsp;<\/strong>(se for o caso) da ocorr\u00eancia, bem como demais informa\u00e7\u00f5es que possam ser relevantes ao caso e que talvez possam auxiliar em medidas futuras para prevenir e evitar que algo parecido aconte\u00e7a novamente no futuro.<\/p>\n\n\n\n<p>Nos casos de solicita\u00e7\u00f5es de&nbsp;<strong>Refor\u00e7o de Seguran\u00e7a<\/strong>, a solicita\u00e7\u00e3o deve conter os dados sobre a&nbsp;<strong>data<\/strong>,&nbsp;<strong>hor\u00e1rio<\/strong>&nbsp;e&nbsp;<strong>local<\/strong>&nbsp;da realiza\u00e7\u00e3o do evento e uma&nbsp;<strong>justificativa plaus\u00edvel<\/strong>&nbsp;de refor\u00e7o da seguran\u00e7a naquele local.<\/p>\n\n\n\n<h3 class=\"wp-block-heading\">Flagrantes Delitos<\/h3>\n\n\n\n<p>No caso de situa\u00e7\u00f5es urgentes e de flagrantes delitos que possam estar acontecendo naquele momento, a orienta\u00e7\u00e3o \u00e9 entrar em contato imediatamente com a Seguran\u00e7a Institucional da Universidade nos canais de comunica\u00e7\u00e3o oficial a seguir:<\/p>\n\n\n\n<p><strong>(83) 3216-7120<\/strong>&nbsp;&#8211; GER\u00caNCIA DE OPERA\u00c7\u00d5ES (SSI\/UFPB)<\/p>\n\n\n\n<p><a href=\"http:\/\/plone.ufpb.br\/ssi\/contents\/menu\/a-ssi\" target=\"_blank\" rel=\"noreferrer noopener\">P\u00e1gina da SSI\/UFPB com mais informa\u00e7\u00f5es<\/a><\/p>\n\n\n\n<h3 class=\"wp-block-heading\">Apresenta\u00e7\u00e3o de Documento de Autoriza\u00e7\u00e3o para Servi\u00e7os de Manuten\u00e7\u00e3o Contratados com Recursos Pr\u00f3prios no CCS<\/h3>\n\n\n\n<p>Considerando que a Universidade possui limita\u00e7\u00f5es na execu\u00e7\u00e3o de alguns tipos de servi\u00e7os de manuten\u00e7\u00f5es, \u00e9 comum que algumas Unidades realizem contrata\u00e7\u00f5es de servi\u00e7os de manuten\u00e7\u00e3o externos com recursos pr\u00f3prios para serem realizadas na Universidade, como por exemplo: manuten\u00e7\u00e3o de ares-condicionados.<\/p>\n\n\n\n<p>Diante disso, conforme orienta\u00e7\u00f5es do\u00a0<a href=\"http:\/\/www.ccs.ufpb.br\/assadm\/wp-content\/uploads\/sites\/21\/sites\/418\/2025\/11\/32022APRESENTAODEDOCUMENTOSEGURANANOCASODESERVIOSFORADOHORRIODEEXPEDIENTEDEPARTAMENTOSECOORDENAES.pdf\">OF\u00cdCIO ELETR\u00d4NICO N\u00ba 3\/2022 &#8211; CCS ADM,<\/a> a Superintend\u00eancia de Seguran\u00e7a Institucional (SSI\/UFPB) solicita que funcion\u00e1rios contratados, com recursos particulares, para realizarem servi\u00e7os de manuten\u00e7\u00e3o na Universidade, devem apresentar um\u00a0<strong>documento de autoriza\u00e7\u00e3o<\/strong>, emitido pelo servidor ou docente respons\u00e1vel pela contrata\u00e7\u00e3o, e que neste documento contenha as seguintes informa\u00e7\u00f5es:<\/p>\n\n\n\n<ol class=\"wp-block-list\">\n<li>Nome completo dos funcion\u00e1rios;<\/li>\n\n\n\n<li>N\u00famero de suas identidades ou CPF;<\/li>\n\n\n\n<li>Nome da empresa contratada;<\/li>\n\n\n\n<li>Local que o servi\u00e7o ser\u00e1 realizado;<\/li>\n\n\n\n<li>Descri\u00e7\u00e3o do servi\u00e7o que ser\u00e1 realizado;<\/li>\n\n\n\n<li>Assinatura do servidor ou docente respons\u00e1vel pela contrata\u00e7\u00e3o;<\/li>\n<\/ol>\n\n\n\n<p>Abaixo est\u00e1 dispon\u00edvel um&nbsp;<strong>modelo do Documento de Autoriza\u00e7\u00e3o<\/strong>&nbsp;que dever\u00e1 ser preenchido pela unidade solicitante do servi\u00e7o e&nbsp;<strong>apresentado na guarita<\/strong>&nbsp;pelos funcion\u00e1rios da empresa contratada.<\/p>\n\n\n\n<p><a href=\"http:\/\/www.ccs.ufpb.br\/assadm\/wp-content\/uploads\/sites\/21\/sites\/418\/2025\/11\/MODELODEAUTORIZAOPARAPRESTAODESERVIOSNOCCS.docx\" target=\"_blank\" rel=\"noreferrer noopener\">Modelo de Documento de Autoriza\u00e7\u00e3o para realiza\u00e7\u00e3o de Servi\u00e7o de Manuten\u00e7\u00e3o por empresa externa<\/a><\/p>\n\n\n\n<p><strong>ATEN\u00c7\u00c3O:<\/strong>&nbsp;A Seguran\u00e7a Institucional ir\u00e1 abordar todos os funcion\u00e1rios externos que forem flagrados realizando servi\u00e7os na Universidade sem pr\u00e9via comunica\u00e7\u00e3o.<\/p>\n","protected":false},"excerpt":{"rendered":"<p>Notifica\u00e7\u00e3o de Ocorr\u00eancia \u00e0 Seguran\u00e7a Institucional Situa\u00e7\u00f5es relacionadas a ocorr\u00eancias criminosas devem ser relatadas e [&hellip;]<\/p>\n","protected":false},"author":47,"featured_media":0,"parent":0,"menu_order":0,"comment_status":"closed","ping_status":"closed","template":"","meta":{"footnotes":""},"class_list":["post-58","page","type-page","status-publish","hentry"],"_links":{"self":[{"href":"https:\/\/www.ccs.ufpb.br\/assadm\/wp-json\/wp\/v2\/pages\/58","targetHints":{"allow":["GET"]}}],"collection":[{"href":"https:\/\/www.ccs.ufpb.br\/assadm\/wp-json\/wp\/v2\/pages"}],"about":[{"href":"https:\/\/www.ccs.ufpb.br\/assadm\/wp-json\/wp\/v2\/types\/page"}],"author":[{"embeddable":true,"href":"https:\/\/www.ccs.ufpb.br\/assadm\/wp-json\/wp\/v2\/users\/47"}],"replies":[{"embeddable":true,"href":"https:\/\/www.ccs.ufpb.br\/assadm\/wp-json\/wp\/v2\/comments?post=58"}],"version-history":[{"count":1,"href":"https:\/\/www.ccs.ufpb.br\/assadm\/wp-json\/wp\/v2\/pages\/58\/revisions"}],"predecessor-version":[{"id":61,"href":"https:\/\/www.ccs.ufpb.br\/assadm\/wp-json\/wp\/v2\/pages\/58\/revisions\/61"}],"wp:attachment":[{"href":"https:\/\/www.ccs.ufpb.br\/assadm\/wp-json\/wp\/v2\/media?parent=58"}],"curies":[{"name":"wp","href":"https:\/\/api.w.org\/{rel}","templated":true}]}}