{"id":53,"date":"2025-11-15T09:08:33","date_gmt":"2025-11-15T12:08:33","guid":{"rendered":"https:\/\/www.ccs.ufpb.br\/assadm\/?page_id=53"},"modified":"2025-11-15T09:08:34","modified_gmt":"2025-11-15T12:08:34","slug":"servicos-de-meio-ambiente","status":"publish","type":"page","link":"https:\/\/www.ccs.ufpb.br\/assadm\/servicos-de-meio-ambiente\/","title":{"rendered":"Servi\u00e7os de Meio Ambiente"},"content":{"rendered":"\n<p>Servi\u00e7os de meio ambiente envolvem:<\/p>\n\n\n\n<ul class=\"wp-block-list\">\n<li>Capinagem<\/li>\n\n\n\n<li>Jardinagem<\/li>\n\n\n\n<li>Poda de \u00e1rvores<\/li>\n\n\n\n<li>Ro\u00e7agem<\/li>\n\n\n\n<li>Limpeza de calhas<\/li>\n\n\n\n<li>Manuten\u00e7\u00e3o de cerca<\/li>\n\n\n\n<li>Carga e Descarga<\/li>\n\n\n\n<li>Dedetiza\u00e7\u00e3o<\/li>\n<\/ul>\n\n\n\n<p>A solicita\u00e7\u00e3o de servi\u00e7os dessa natureza devem ser realizadas pelo&nbsp;<strong><a href=\"http:\/\/forms.gle\/jp9USR6yve7N5tqM9\" target=\"_blank\" rel=\"noreferrer noopener\">Formul\u00e1rio de Solicita\u00e7\u00e3o de Servi\u00e7os<\/a>.<\/strong><\/p>\n\n\n\n<p>As solicita\u00e7\u00f5es ser\u00e3o cadastradas no SIPAC pela Assessoria Administrativa e enviadas para a&nbsp;<strong>Superintend\u00eancia de Servi\u00e7os Gerais (SSG\/UFPB)<\/strong>&nbsp;para atendimento por meio dos contratos da UFPB com empresas terceirizadas.<\/p>\n\n\n\n<p><\/p>\n","protected":false},"excerpt":{"rendered":"<p>Servi\u00e7os de meio ambiente envolvem: A solicita\u00e7\u00e3o de servi\u00e7os dessa natureza devem ser realizadas pelo&nbsp;Formul\u00e1rio [&hellip;]<\/p>\n","protected":false},"author":47,"featured_media":0,"parent":0,"menu_order":0,"comment_status":"closed","ping_status":"closed","template":"","meta":{"footnotes":""},"class_list":["post-53","page","type-page","status-publish","hentry"],"_links":{"self":[{"href":"https:\/\/www.ccs.ufpb.br\/assadm\/wp-json\/wp\/v2\/pages\/53","targetHints":{"allow":["GET"]}}],"collection":[{"href":"https:\/\/www.ccs.ufpb.br\/assadm\/wp-json\/wp\/v2\/pages"}],"about":[{"href":"https:\/\/www.ccs.ufpb.br\/assadm\/wp-json\/wp\/v2\/types\/page"}],"author":[{"embeddable":true,"href":"https:\/\/www.ccs.ufpb.br\/assadm\/wp-json\/wp\/v2\/users\/47"}],"replies":[{"embeddable":true,"href":"https:\/\/www.ccs.ufpb.br\/assadm\/wp-json\/wp\/v2\/comments?post=53"}],"version-history":[{"count":1,"href":"https:\/\/www.ccs.ufpb.br\/assadm\/wp-json\/wp\/v2\/pages\/53\/revisions"}],"predecessor-version":[{"id":54,"href":"https:\/\/www.ccs.ufpb.br\/assadm\/wp-json\/wp\/v2\/pages\/53\/revisions\/54"}],"wp:attachment":[{"href":"https:\/\/www.ccs.ufpb.br\/assadm\/wp-json\/wp\/v2\/media?parent=53"}],"curies":[{"name":"wp","href":"https:\/\/api.w.org\/{rel}","templated":true}]}}