{"id":50,"date":"2025-11-15T09:07:43","date_gmt":"2025-11-15T12:07:43","guid":{"rendered":"https:\/\/www.ccs.ufpb.br\/assadm\/?page_id=50"},"modified":"2025-11-15T09:07:43","modified_gmt":"2025-11-15T12:07:43","slug":"manutencoes-em-equipamentos","status":"publish","type":"page","link":"https:\/\/www.ccs.ufpb.br\/assadm\/manutencoes-em-equipamentos\/","title":{"rendered":"Manuten\u00e7\u00f5es em Equipamentos"},"content":{"rendered":"\n<p>A forma de solicita\u00e7\u00e3o de equipamentos depende do tipo de equipamento que necessita de manuten\u00e7\u00e3o.<\/p>\n\n\n\n<h2 class=\"wp-block-heading\"><div class=\"linha-header\">Equipamentos Gerais<\/div><\/h2>\n\n\n\n<p>Deve ser solicitado pelo&nbsp;<a href=\"http:\/\/forms.gle\/jp9USR6yve7N5tqM9\" target=\"_blank\" rel=\"noreferrer noopener\">Formul\u00e1rio de Solicita\u00e7\u00e3o de Manuten\u00e7\u00f5es<\/a>&nbsp;servi\u00e7os em equipamentos como:<\/p>\n\n\n\n<ul class=\"wp-block-list\">\n<li><strong>Ares-condicionados<\/strong>\u00a0(manuten\u00e7\u00f5es corretivas e preventivas);<\/li>\n<\/ul>\n\n\n\n<p><strong>ATEN\u00c7\u00c3O<\/strong>: Instala\u00e7\u00f5es e desinstala\u00e7\u00f5es de ares-condicionados devem ser feitas via&nbsp;<a href=\"http:\/\/plone.ufpb.br\/assadm\/contents\/menu\/orientacoes\/manutencoes-por-processos-eletronicos\" target=\"_blank\" rel=\"noreferrer noopener\">Processo Eletr\u00f4nico<\/a><\/p>\n\n\n\n<ul class=\"wp-block-list\">\n<li><strong>Geladeiras<\/strong>\u00a0(manuten\u00e7\u00f5es corretivas e preventivas);<\/li>\n\n\n\n<li><strong>Bebedouros<\/strong>\u00a0(manuten\u00e7\u00f5es corretivas e preventivas).<\/li>\n<\/ul>\n\n\n\n<p>Ao solicitar manuten\u00e7\u00e3o em equipamentos desse tipo \u00e9 importante observar as seguintes orienta\u00e7\u00f5es:<\/p>\n\n\n\n<h3 class=\"wp-block-heading\">1. Identifica\u00e7\u00e3o do&nbsp;<strong>n\u00famero de registro patrimonial<\/strong>&nbsp;(tombamento)<\/h3>\n\n\n\n<p>S\u00f3 ser\u00e3o formalizados os pedidos de manuten\u00e7\u00f5es em equipamentos que seja informado o n\u00famero do tombamento.&nbsp;&nbsp;Caso o tombamento do equipamento&nbsp;<strong>n\u00e3o seja identificado<\/strong>, orientamos que entrem em contato com a&nbsp;<strong>Coordena\u00e7\u00e3o de Patrim\u00f4nio do CCS<\/strong>&nbsp;por meio de seus canais de comunica\u00e7\u00e3o oficiais abaixo para maiores orienta\u00e7\u00f5es:<\/p>\n\n\n\n<p><strong>Contato da Coordena\u00e7\u00e3o de Patrim\u00f4nio<\/strong><br><strong>Ramal \/ Whatsapp:<\/strong>&nbsp;(83) 3216-7740<br><strong>E-mail:<\/strong>&nbsp;coordpatrimonioccs@gmail.com<\/p>\n\n\n\n<h3 class=\"wp-block-heading\"><\/h3>\n\n\n\n<h3 class=\"wp-block-heading\">2. Um pedido por equipamento&nbsp;<\/h3>\n\n\n\n<p>Preferencialmente, para fins de organiza\u00e7\u00e3o e melhor atendimento, pedimos que enviem um pedido por cada equipamento.<\/p>\n\n\n\n<h3 class=\"wp-block-heading\">3. Informa\u00e7\u00f5es adicionais (Marca, Capacidade em BTUS)<\/h3>\n\n\n\n<p>A informa\u00e7\u00e3o da&nbsp;<strong>marca<\/strong>&nbsp;do equipamento e&nbsp;<strong>capacidade em BTUS<\/strong>&nbsp;(no caso de ares-condicionados) ajudam os funcion\u00e1rios a prestarem um atendimento mais \u00e1gil.<\/p>\n\n\n\n<h3 class=\"wp-block-heading\">4. Evitar solicita\u00e7\u00f5es duplicadas<\/h3>\n\n\n\n<p>Considerando as dificuldades de manuten\u00e7\u00f5es na UFPB, \u00e9 comum que ap\u00f3s alguns meses sem atendimento os solicitantes queiram refor\u00e7ar o pedido e com isso fazem uma nova solicita\u00e7\u00e3o.&nbsp;<\/p>\n\n\n\n<p>A Assessoria Administrativa sempre confere em nosso banco de dados se j\u00e1 existe uma requisi\u00e7\u00e3o cadastrada por meio do tombamento do equipamento. Caso j\u00e1 exista uma requisi\u00e7\u00e3o cadastrada e pendente de atendimento,&nbsp;<strong>n\u00e3o ser\u00e1 feita uma nova requisi\u00e7\u00e3o<\/strong>&nbsp;a fim de evitar duplicidade de requisi\u00e7\u00f5es.&nbsp;<\/p>\n\n\n\n<p>Na d\u00favida se j\u00e1 existe uma requisi\u00e7\u00e3o de servi\u00e7o para sua solicita\u00e7\u00e3o, sugerimos que seja feita uma Consulta ao&nbsp;<a href=\"http:\/\/plone.ufpb.br\/assadm\/contents\/menu\/consultas\/consulta-requisicoes-servicos\" target=\"_blank\" rel=\"noreferrer noopener\">Relat\u00f3rio de Requisi\u00e7\u00f5es<\/a>.<\/p>\n\n\n\n<p>Requisi\u00e7\u00f5es duplicadas dificultam ainda mais a efici\u00eancia na presta\u00e7\u00e3o dos servi\u00e7os.<\/p>\n\n\n\n<p>Caso queiram refor\u00e7ar o pedido, entrem em contato com a Ger\u00eancia de Manuten\u00e7\u00f5es e Equipamentos (GME\/SINFRA) e informem o n\u00famero da requisi\u00e7\u00e3o que j\u00e1 est\u00e1 cadastrada para receber atualiza\u00e7\u00f5es sobre o pedido.<\/p>\n\n\n\n<h2 class=\"wp-block-heading\"><div class=\"linha-header\">Equipamentos Espec\u00edficos<\/div><\/h2>\n\n\n\n<p>Equipamentos&nbsp;<strong>espec\u00edficos,&nbsp;<\/strong>como no caso&nbsp;de laborat\u00f3rios, cl\u00ednicas, parques esportivos, dentre outros, necessitam de uma contrata\u00e7\u00e3o de empresa espec\u00edfica para atendimento.&nbsp;<\/p>\n\n\n\n<p>Caso a UFPB&nbsp;<strong>n\u00e3o possua<\/strong>&nbsp;um contrato vigente com empresa especializada na manuten\u00e7\u00e3o de equipamentos espec\u00edficos deve ser solicitado uma&nbsp;<strong>Licita\u00e7\u00e3o<\/strong>&nbsp;para realiza\u00e7\u00e3o desse tipo de contrata\u00e7\u00e3o. Os documentos necess\u00e1rios e as orienta\u00e7\u00f5es para solicitar uma licita\u00e7\u00e3o de servi\u00e7os est\u00e3o dispon\u00edveis no link abaixo:<\/p>\n\n\n\n<p><a href=\"http:\/\/plone.ufpb.br\/assadm\/contents\/menu\/documentos\/licitacao-de-servicos\" target=\"_blank\" rel=\"noreferrer noopener\">Documentos e orienta\u00e7\u00f5es para solicita\u00e7\u00e3o de Licita\u00e7\u00e3o de Servi\u00e7os<\/a><\/p>\n","protected":false},"excerpt":{"rendered":"<p>A forma de solicita\u00e7\u00e3o de equipamentos depende do tipo de equipamento que necessita de manuten\u00e7\u00e3o. [&hellip;]<\/p>\n","protected":false},"author":47,"featured_media":0,"parent":0,"menu_order":0,"comment_status":"closed","ping_status":"closed","template":"","meta":{"footnotes":""},"class_list":["post-50","page","type-page","status-publish","hentry"],"_links":{"self":[{"href":"https:\/\/www.ccs.ufpb.br\/assadm\/wp-json\/wp\/v2\/pages\/50","targetHints":{"allow":["GET"]}}],"collection":[{"href":"https:\/\/www.ccs.ufpb.br\/assadm\/wp-json\/wp\/v2\/pages"}],"about":[{"href":"https:\/\/www.ccs.ufpb.br\/assadm\/wp-json\/wp\/v2\/types\/page"}],"author":[{"embeddable":true,"href":"https:\/\/www.ccs.ufpb.br\/assadm\/wp-json\/wp\/v2\/users\/47"}],"replies":[{"embeddable":true,"href":"https:\/\/www.ccs.ufpb.br\/assadm\/wp-json\/wp\/v2\/comments?post=50"}],"version-history":[{"count":1,"href":"https:\/\/www.ccs.ufpb.br\/assadm\/wp-json\/wp\/v2\/pages\/50\/revisions"}],"predecessor-version":[{"id":51,"href":"https:\/\/www.ccs.ufpb.br\/assadm\/wp-json\/wp\/v2\/pages\/50\/revisions\/51"}],"wp:attachment":[{"href":"https:\/\/www.ccs.ufpb.br\/assadm\/wp-json\/wp\/v2\/media?parent=50"}],"curies":[{"name":"wp","href":"https:\/\/api.w.org\/{rel}","templated":true}]}}