{"id":36,"date":"2025-11-15T09:03:37","date_gmt":"2025-11-15T12:03:37","guid":{"rendered":"https:\/\/www.ccs.ufpb.br\/assadm\/?page_id=36"},"modified":"2025-11-15T09:05:25","modified_gmt":"2025-11-15T12:05:25","slug":"manutencoes-por-processos-eletronicos","status":"publish","type":"page","link":"https:\/\/www.ccs.ufpb.br\/assadm\/manutencoes-por-processos-eletronicos\/","title":{"rendered":"Manuten\u00e7\u00f5es por Processos Eletr\u00f4nicos"},"content":{"rendered":"\n<p class=\" \">Atualmente servi\u00e7os de manuten\u00e7\u00f5es na UFPB s\u00e3o atendidos de duas formas:<\/p>\n\n\n\n<p><strong>1. REQUISI\u00c7\u00d5ES DE SERVI\u00c7OS:<\/strong>&nbsp;adequados para servi\u00e7os emergenciais de pequeno volume e para servi\u00e7os gerais;<br><strong>2. PROCESSOS ELETR\u00d4NICOS:<\/strong>&nbsp;adequados para servi\u00e7os volumosos ou que requerem materiais que n\u00e3o s\u00e3o fornecidos pela UFPB.<\/p>\n\n\n\n<p>Na d\u00favida sobre qual forma de solicita\u00e7\u00e3o se enquadra a sua demanda, entrar em contato com a Assessoria Administrativa para orienta\u00e7\u00f5es.<\/p>\n\n\n\n<p>Nesta p\u00e1gina encontram-se orienta\u00e7\u00f5es para solicitar manuten\u00e7\u00f5es por&nbsp;<strong>Processos Eletr\u00f4nicos<\/strong>.<\/p>\n\n\n\n<h2 class=\"wp-block-heading\"><div class=\"linha-header\">Solicitar Servi\u00e7os de Manuten\u00e7\u00f5es por Processos Eletr\u00f4nicos<\/div><\/h2>\n\n\n\n<p class=\" \">A unidade solicitante deve cadastrar um processo eletr\u00f4nico com&nbsp;<strong>movimenta\u00e7\u00e3o inicial<\/strong>&nbsp;para a unidade&nbsp;<strong>CCS &#8211; DIRE\u00c7\u00c3O DE CENTRO (11.01.37.06)<\/strong>.&nbsp;Caso a unidade de origem seja subordinada a algum departamento ou p\u00f3s-gradua\u00e7\u00e3o, recomenda-se que a movimenta\u00e7\u00e3o inicial seja para essa unidade superior hier\u00e1rquica com envio posterior \u00e0 Dire\u00e7\u00e3o de Centro.<\/p>\n\n\n\n<p class=\" \">O of\u00edcio de solicita\u00e7\u00e3o no processo deve acompanhar&nbsp;<strong>informa\u00e7\u00f5es detalhadas sobre o servi\u00e7o<\/strong>&nbsp;que est\u00e1 sendo solicitado e&nbsp;<strong>fotos<\/strong>.<\/p>\n\n\n\n<p class=\" \">Abaixo seguem modelos de documentos que cont\u00e9m todas os campos com as informa\u00e7\u00f5es necess\u00e1rias que devem ser informadas ao processo.<\/p>\n\n\n\n<h3 class=\"wp-block-heading\">1. Solicita\u00e7\u00f5es de Manuten\u00e7\u00e3o Civil<\/h3>\n\n\n\n<p>Para solicita\u00e7\u00f5es de Manuten\u00e7\u00e3o Civil, orientamos que:<\/p>\n\n\n\n<p>a. Efetuem o download do modelo abaixo;<br>b. Preencham as informa\u00e7\u00f5es e anexem fotos;<br>c. Salvem o documento em PDF;<br>d. Insiram o documento em PDF no Processo eletr\u00f4nico SIPAC de solicita\u00e7\u00e3o.<\/p>\n\n\n\n<p><a href=\"http:\/\/www.ccs.ufpb.br\/assadm\/wp-content\/uploads\/sites\/21\/sites\/418\/2025\/11\/MANUTENOCIVIL.docx\" target=\"_blank\" rel=\"noreferrer noopener\">Documento Modelo para Manuten\u00e7\u00e3o Civil por Processo Eletr\u00f4nico (SIPAC)<\/a>\u00a0<\/p>\n\n\n\n<h3 class=\"wp-block-heading\">2. Solicita\u00e7\u00e3o de Servi\u00e7os de Refrigera\u00e7\u00e3o<\/h3>\n\n\n\n<p>Para solicita\u00e7\u00f5es de Refrigera\u00e7\u00e3o (Instala\u00e7\u00e3o e Desinstala\u00e7\u00e3o de Ares-condicionados), orientamos que:<\/p>\n\n\n\n<p>a. Efetuem o download do modelo abaixo;<br>b. Preencham as informa\u00e7\u00f5es e anexem fotos;<br>c. Salvem o documento em PDF;<br>d. Insiram o documento em PDF no Processo eletr\u00f4nico SIPAC de solicita\u00e7\u00e3o.<\/p>\n\n\n\n<p><a href=\"http:\/\/www.ccs.ufpb.br\/assadm\/wp-content\/uploads\/sites\/21\/sites\/418\/2025\/11\/SERVIODEREFRIGERAO.docx\">Documento Modelo para Servi\u00e7os de Refrigera\u00e7\u00e3o por Processo Eletr\u00f4nico (SIPAC)\u00a0<\/a><\/p>\n\n\n\n<p class=\" \"><\/p>\n\n\n\n<h2 class=\"wp-block-heading\"><div class=\"linha-header\"><strong>ATEN\u00c7\u00c3O<\/strong><\/div><\/h2>\n\n\n\n<p><strong><br><\/strong>1. Movimenta\u00e7\u00e3o inicial:\u00a0<strong>CCS &#8211; DIRE\u00c7\u00c3O DE CENTRO (11.01.37.06).\u00a0<\/strong>Caso sua unidade seja subordinada a algum Departamento ou outra unidade superior hier\u00e1rquica, deve ser realizada movimenta\u00e7\u00e3o inicial para esta antes de ser enviado \u00e0 Dire\u00e7\u00e3o de Centro. A n\u00e3o observ\u00e2ncia desse fluxo processual ir\u00e1 acarretar em maior demora no atendimento da sua solicita\u00e7\u00e3o.<\/p>\n","protected":false},"excerpt":{"rendered":"<p>Atualmente servi\u00e7os de manuten\u00e7\u00f5es na UFPB s\u00e3o atendidos de duas formas: 1. REQUISI\u00c7\u00d5ES DE SERVI\u00c7OS:&nbsp;adequados [&hellip;]<\/p>\n","protected":false},"author":47,"featured_media":0,"parent":0,"menu_order":0,"comment_status":"closed","ping_status":"closed","template":"","meta":{"footnotes":""},"class_list":["post-36","page","type-page","status-publish","hentry"],"_links":{"self":[{"href":"https:\/\/www.ccs.ufpb.br\/assadm\/wp-json\/wp\/v2\/pages\/36","targetHints":{"allow":["GET"]}}],"collection":[{"href":"https:\/\/www.ccs.ufpb.br\/assadm\/wp-json\/wp\/v2\/pages"}],"about":[{"href":"https:\/\/www.ccs.ufpb.br\/assadm\/wp-json\/wp\/v2\/types\/page"}],"author":[{"embeddable":true,"href":"https:\/\/www.ccs.ufpb.br\/assadm\/wp-json\/wp\/v2\/users\/47"}],"replies":[{"embeddable":true,"href":"https:\/\/www.ccs.ufpb.br\/assadm\/wp-json\/wp\/v2\/comments?post=36"}],"version-history":[{"count":2,"href":"https:\/\/www.ccs.ufpb.br\/assadm\/wp-json\/wp\/v2\/pages\/36\/revisions"}],"predecessor-version":[{"id":44,"href":"https:\/\/www.ccs.ufpb.br\/assadm\/wp-json\/wp\/v2\/pages\/36\/revisions\/44"}],"wp:attachment":[{"href":"https:\/\/www.ccs.ufpb.br\/assadm\/wp-json\/wp\/v2\/media?parent=36"}],"curies":[{"name":"wp","href":"https:\/\/api.w.org\/{rel}","templated":true}]}}